{"id":1161,"date":"2017-12-07T15:48:35","date_gmt":"2017-12-07T15:48:35","guid":{"rendered":"http:\/\/100mirrors-inc.eu\/?page_id=1161"},"modified":"2018-04-02T09:55:48","modified_gmt":"2018-04-02T09:55:48","slug":"diana-ponaskova","status":"publish","type":"page","link":"https:\/\/100mirrors-inc.eu\/es\/diana-ponaskova\/","title":{"rendered":"Di\u0101na Ponaskova"},"content":{"rendered":"<p><img loading=\"lazy\" decoding=\"async\" class=\"alignleft wp-image-1776 size-thumbnail\" src=\"http:\/\/100mirrors-inc.eu\/wp-content\/uploads\/2018\/02\/Diana-Ponaskova-1_300-150x150.jpg\" alt=\"\" width=\"150\" height=\"150\" srcset=\"https:\/\/100mirrors-inc.eu\/wp-content\/uploads\/2018\/02\/Diana-Ponaskova-1_300-150x150.jpg 150w, https:\/\/100mirrors-inc.eu\/wp-content\/uploads\/2018\/02\/Diana-Ponaskova-1_300-24x24.jpg 24w, https:\/\/100mirrors-inc.eu\/wp-content\/uploads\/2018\/02\/Diana-Ponaskova-1_300-36x36.jpg 36w, https:\/\/100mirrors-inc.eu\/wp-content\/uploads\/2018\/02\/Diana-Ponaskova-1_300-48x48.jpg 48w, https:\/\/100mirrors-inc.eu\/wp-content\/uploads\/2018\/02\/Diana-Ponaskova-1_300.jpg 300w\" sizes=\"auto, (max-width: 150px) 100vw, 150px\" \/><div class=\"otw-sc-tabs ui-tabs ui-widget ui-widget-content ui-corner-all\"><ul class=\"ui-tabs-nav ui-helper-reset ui-helper-clearfix ui-widget-header ui-corner-all\"><li><span class=\"tab-title\">Di\u0101na Ponaskova<\/span><\/li><li class=\"ui-state-default ui-corner-top\"><a href=\"#tabs-1\"><i class=\"general foundicon-smiley\"> <\/i>About Me<\/a><\/li><li class=\"ui-state-default ui-corner-top\"><a href=\"#tabs-2\"><i class=\"general foundicon-star\"> <\/i>My Background<\/a><\/li><li class=\"ui-state-default ui-corner-top\"><a href=\"#tabs-3\"><i class=\"general foundicon-plus\"> <\/i>My Experience<\/a><\/li><li class=\"ui-state-default ui-corner-top\"><a href=\"#tabs-4\"><i class=\"general foundicon-tools\"> <\/i>My Skills<\/a><\/li><li class=\"ui-state-default ui-corner-top\"><a href=\"#tabs-5\"><i class=\"general foundicon-star\"> <\/i>Hints &amp; Tips<\/a><\/li><\/ul><div id=\"tabs-1\" class=\"ui-tabs-panel ui-widget-content ui-corner-bottom\"><p><b>Name Surname: <\/b>Di\u0101na Ponaskova<br \/><br \/>\n<b>Country:<\/b> Latvia<br \/><br \/>\n<b>City:<\/b> Riga<br \/><br \/>\n<b>Nationality:<\/b> Latvian<br \/><br \/>\n<b>Sector:<\/b> Non-governmental or Third; Culture sector<br \/><br \/>\n<b>Position: <\/b>Public Relations manager in Latvian Operetta Fund; artistic participant and volunteer in foundation 'Come along'!<\/p><br \/>\n<p>Despite her mobility impairment which was caused by genetic illness, and obstacles because of her disability,Di\u0101na is an exceptionally talanted, joyful and inspirational women who, with her professional and creative activities, is able to inspire and encourage others!<\/p><br \/>\n<p><\/p><\/div><div id=\"tabs-2\" class=\"ui-tabs-panel ui-widget-content ui-corner-bottom\"><p>I was born and raised in Riga. I studied in Riga's 45th secondary school. After secondary school I studied in Riga Stradins University and got a bachelors degree in communication science, graduating a program called 'Multimedia Communications'. Now I am continuing my studies in Riga Stradins University, only this time my field of study is public relations and strategic management.<\/p><br \/>\n<p><\/p><\/div><div id=\"tabs-3\" class=\"ui-tabs-panel ui-widget-content ui-corner-bottom\"><p>Since the age of six, as an artist, I take part in projects carried out by foundation 'Come Along!'. I participate by performing on stage and taking part in various creative projects that requires other forms of artistic expression. The foundation is now 20 years old, and 16 of them I have been a part of it.Thanks to the support of the fondation 'Come Along!'and 'Jubilee Sailing Trust'organization I have also had an opportunity to sail in the Atlantic ocean with an international team on a sailboat 'Tenacios'that is adjusted to the needs of people with movement disorders.<\/p><br \/>\n<p>As for everybody else in the team, it was also my duty to steer the sailboat, tighten the sails, monitor the navigation system, swipe the deck, prepare food and be on duty at nights. I was the only representative of Latvia in a wheelchair. Now with the foundations 'Come Along!' youth choir, we are planning to go on a small concert tour to London, United Kingdom.<\/p><br \/>\n<p><\/p><\/div><div id=\"tabs-4\" class=\"ui-tabs-panel ui-widget-content ui-corner-bottom\"><p>My artistic achievements and skills were implemented within the foundation 'Come along!', by having an opportunity to collaborate on stage with well-known Latvian musicians, such as Dons, Ren\u0101rs Kaupers, Gun\u0101rs Kalni\u0146\u0161, Em\u012bls Balceris, etc. I have also had an opportunity to share the biggest stages in different cities of Latvia with well known orchestras and instrumentalists. Music is an integral part of my life. But continuing about my skills, I am also fascinated with photography. I have participated in exhibitions, calendars and contests with my photo works. Also I can highlight my professional communication skills, public relations skills and multimedia communication knowledge and skills that I have acquired at the university and will continue to develop by gaining experience working actively in projects for foundation 'Come along!'and also for Latvian Operetta Theater. Two short films have also been created about me, they are available on youtube. One of them was filmed in 2011, director - Didzis Egl\u012btis. The other one was created in collaboration with students of Latvian University, it is called  'Do not fold the wings', it was released in 2017. Link -  https:\/\/www.youtube.com\/watch?v=HKuLpYACF34&amp=&feature=youtu.be<\/p><br \/>\n<p><\/p><\/div><div id=\"tabs-5\" class=\"ui-tabs-panel ui-widget-content ui-corner-bottom\"><p>For women with disabilities \u2013 I invite you to be brave, clearly stating your goals. Courage, commitment, responsibility and openness to new experiences are one of the most important factors that will help you to grow and lead you to success. Every individual has a natural set of skills and talents, but all of it has to be developed in order to be adaptive and flexible for the ever-changing labor market. But of course the most important thing is to love what you are doing and to discover your calling in life, because it will be easier to follow even when going through rough paths. Also it is very important not to compare yourself, your individual abilities and mission in life with others. We are just as valuable and important as we have been created.<\/p><br \/>\n<p>Each of us have our added value. What is obvious may not always be true and sometimes you can fulfill your intentions and make a valuable contribution to the hearts of others only with a very strong conviction about your goal, with love and the sense of freedom. Our purpose is to work with love. Even if it is a small handicraft shop, it may turn out to be an opportunity for someone to find exactly what his heart has been looking for.<\/p><\/div><\/div><\/p>","protected":false},"excerpt":{"rendered":"","protected":false},"author":2,"featured_media":1775,"parent":0,"menu_order":0,"comment_status":"closed","ping_status":"closed","template":"","meta":{"footnotes":""},"categories":[4,8],"tags":[],"class_list":["post-1161","page","type-page","status-publish","has-post-thumbnail","hentry","category-country","category-latvia"],"_links":{"self":[{"href":"https:\/\/100mirrors-inc.eu\/es\/wp-json\/wp\/v2\/pages\/1161","targetHints":{"allow":["GET"]}}],"collection":[{"href":"https:\/\/100mirrors-inc.eu\/es\/wp-json\/wp\/v2\/pages"}],"about":[{"href":"https:\/\/100mirrors-inc.eu\/es\/wp-json\/wp\/v2\/types\/page"}],"author":[{"embeddable":true,"href":"https:\/\/100mirrors-inc.eu\/es\/wp-json\/wp\/v2\/users\/2"}],"replies":[{"embeddable":true,"href":"https:\/\/100mirrors-inc.eu\/es\/wp-json\/wp\/v2\/comments?post=1161"}],"version-history":[{"count":50,"href":"https:\/\/100mirrors-inc.eu\/es\/wp-json\/wp\/v2\/pages\/1161\/revisions"}],"predecessor-version":[{"id":2291,"href":"https:\/\/100mirrors-inc.eu\/es\/wp-json\/wp\/v2\/pages\/1161\/revisions\/2291"}],"wp:featuredmedia":[{"embeddable":true,"href":"https:\/\/100mirrors-inc.eu\/es\/wp-json\/wp\/v2\/media\/1775"}],"wp:attachment":[{"href":"https:\/\/100mirrors-inc.eu\/es\/wp-json\/wp\/v2\/media?parent=1161"}],"wp:term":[{"taxonomy":"category","embeddable":true,"href":"https:\/\/100mirrors-inc.eu\/es\/wp-json\/wp\/v2\/categories?post=1161"},{"taxonomy":"post_tag","embeddable":true,"href":"https:\/\/100mirrors-inc.eu\/es\/wp-json\/wp\/v2\/tags?post=1161"}],"curies":[{"name":"wp","href":"https:\/\/api.w.org\/{rel}","templated":true}]}}