{"id":1246,"date":"2017-12-12T14:37:40","date_gmt":"2017-12-12T14:37:40","guid":{"rendered":"http:\/\/100mirrors-inc.eu\/?page_id=1246"},"modified":"2018-08-16T09:11:24","modified_gmt":"2018-08-16T09:11:24","slug":"maite-sorolla","status":"publish","type":"page","link":"https:\/\/100mirrors-inc.eu\/es\/maite-sorolla\/","title":{"rendered":"Maite Sorolla"},"content":{"rendered":"<p><img loading=\"lazy\" decoding=\"async\" class=\"alignleft wp-image-1847 size-thumbnail\" src=\"http:\/\/100mirrors-inc.eu\/wp-content\/uploads\/2018\/02\/PICTURE-MAITESOLORRA-150x150.jpg\" alt=\"\" width=\"150\" height=\"150\" srcset=\"https:\/\/100mirrors-inc.eu\/wp-content\/uploads\/2018\/02\/PICTURE-MAITESOLORRA-150x150.jpg 150w, https:\/\/100mirrors-inc.eu\/wp-content\/uploads\/2018\/02\/PICTURE-MAITESOLORRA-24x24.jpg 24w, https:\/\/100mirrors-inc.eu\/wp-content\/uploads\/2018\/02\/PICTURE-MAITESOLORRA-36x36.jpg 36w, https:\/\/100mirrors-inc.eu\/wp-content\/uploads\/2018\/02\/PICTURE-MAITESOLORRA-48x48.jpg 48w, https:\/\/100mirrors-inc.eu\/wp-content\/uploads\/2018\/02\/PICTURE-MAITESOLORRA.jpg 300w\" sizes=\"auto, (max-width: 150px) 100vw, 150px\" \/><div class=\"otw-sc-tabs ui-tabs ui-widget ui-widget-content ui-corner-all\"><ul class=\"ui-tabs-nav ui-helper-reset ui-helper-clearfix ui-widget-header ui-corner-all\"><li><span class=\"tab-title\">Maite Sorolla<\/span><\/li><li class=\"ui-state-default ui-corner-top\"><a href=\"#tabs-1\"><i class=\"general foundicon-smiley\"> <\/i>Sobre Mi<\/a><\/li><li class=\"ui-state-default ui-corner-top\"><a href=\"#tabs-2\"><i class=\"general foundicon-star\"> <\/i>Mis Conocimientos<\/a><\/li><li class=\"ui-state-default ui-corner-top\"><a href=\"#tabs-3\"><i class=\"general foundicon-plus\"> <\/i>Mi Experiencia <\/a><\/li><li class=\"ui-state-default ui-corner-top\"><a href=\"#tabs-4\"><i class=\"general foundicon-tools\"> <\/i>Mis habilidades<\/a><\/li><li class=\"ui-state-default ui-corner-top\"><a href=\"#tabs-5\"><i class=\"general foundicon-star\"> <\/i>Consejos<\/a><\/li><\/ul><div id=\"tabs-1\" class=\"ui-tabs-panel ui-widget-content ui-corner-bottom\"><p><b><strong>Nombre Apellido<\/strong>:<\/b> Maite Sorolla<br \/><br \/>\n<b><strong>Pais<\/strong>:<\/b> Spain<br \/><br \/>\n<b><strong>Ciudad<\/strong>:<\/b> Viena (Austria)<br \/><br \/>\n<b><strong>Nacionalidad<\/strong>:<\/b> Spanish<br \/><br \/>\n<b><strong>Formaci\u00f3n<\/strong>:<\/b> University<br \/><br \/>\n<b><strong>Sector<\/strong>:<\/b> Services and Education<br \/><br \/>\n<b><strong>Puesto<\/strong>:<\/b> Freelance Translator and Interpreter<\/p><br \/>\n<p>\u00a0<\/p><br \/>\n<p><\/p><\/div><div id=\"tabs-2\" class=\"ui-tabs-panel ui-widget-content ui-corner-bottom\"><p>Soy int\u00e9rprete de conferencias y traductora freelance. Eleg\u00ed esta profesi\u00f3n porque siempre he sentido curiosidad por conocer otros lugares y otras culturas. En realidad, lo que de verdad me hubiera gustado estudiar era filolog\u00eda cl\u00e1sica y antropolog\u00eda. La segunda carrera la he podido estudiar compagin\u00e1ndolo con el trabajo, la primera todav\u00eda la tengo pendiente.<br \/><br \/>\nA los 18 a\u00f1os obtuve una beca de la ONCE para estudiar en Estados Unidos durante un a\u00f1o escolar. Despu\u00e9s de aquella experiencia, solicit\u00e9 otra beca para estudiar en el extranjero. Me march\u00e9 a Eslovaquia donde permanec\u00ed 6 a\u00f1os y donde estudi\u00e9 la carrera de Traducci\u00f3n e Interpretaci\u00f3n. Me licenci\u00e9 justo el a\u00f1o en que este pa\u00eds entraba en la UE, as\u00ed que aprovech\u00e9 la posibilidad y me present\u00e9 a las pruebas de acreditaci\u00f3n para trabajar como int\u00e9rprete de ingl\u00e9s, franc\u00e9s y eslovaco en Bruselas. Aprob\u00e9 el examen y m\u00e1s tarde me present\u00e9 a unas oposiciones para consolidar la plaza. Con el tiempo pude a\u00f1adir el checo y el alem\u00e1n a mis idiomas de trabajo.<br \/><br \/>\nHe estado viviendo en Bruselas 8 a\u00f1os. En 2012, tras el nacimiento de mi primera hija, me mud\u00e9 a Viena donde llevo casi 5 a\u00f1os trabajando como aut\u00f3noma tanto para el mercado privado, como para Organizaciones Internacionales, sobre todo para la sede de Naciones Unidas en esta ciudad. Tambi\u00e9n doy clases de interpretaci\u00f3n consecutiva, simult\u00e1nea y de conferencias en la Universidad de Viena.<br \/><br \/>\nDe momento tengo planeado seguir viviendo en Viena todav\u00eda un poco m\u00e1s de tiempo, ya que esta ciudad tiene una gran calidad de vida, especialmente para familias con ni\u00f1os peque\u00f1os.<br \/><br \/>\nMe gustar\u00eda hacer un Doctorado y estudiar filolog\u00eda cl\u00e1sica, aunque creo que tendr\u00e9 que esperar a que mis hijas sean algo m\u00e1s mayores.<\/p><\/div><div id=\"tabs-3\" class=\"ui-tabs-panel ui-widget-content ui-corner-bottom\"><p>En primer lugar, soy consciente de que si no hubiera contado con la ayuda econ\u00f3mica que en su momento me proporcion\u00f3 la ONCE, no habr\u00eda sido capaz de estudiar en el extranjero. Y por lo tanto, mi carrera profesional habr\u00eda tenido que ser otra.<br \/><br \/>\nAunque cuando era m\u00e1s joven cre\u00eda que, muchos de los obst\u00e1culos con los que me encontraba se deb\u00edan a mi discapacidad, con el tiempo me he ido dando cuenta que, ser mujer sigue siendo el mayor factor de discriminaci\u00f3n a la hora de poder crecer profesionalmente. Cuando ten\u00eda 24 a\u00f1os estuve viviendo cinco meses en Nueva Delhi y comprob\u00e9 que los riesgos para la seguridad de una mujer no acompa\u00f1ada por un hombre te llevan a ser m\u00e1s prudente, y por lo tanto aprendes a no tomar decisiones que puedan acarrear riesgos. Ahora que tengo dos hijas peque\u00f1as no se espera de m\u00ed que desarrolle una carrera profesional, sino que me dedique a ellas por completo. Tampoco se esperaba de m\u00ed que fuera madre por tener una discapacidad; incluso ahora que lo soy, hay quien piensa que es mi pareja quien se ocupa de todo, ya que yo no he dejado de trabajar.<br \/><br \/>\nComo ya he mencionado, el factor econ\u00f3mico ha sido muy importante para poder desarrollar mi carrera profesional.<br \/><br \/>\nEn cuanto a mi familia, he de decir que lo que m\u00e1s me ayud\u00f3 fue que me dejasen hacer, que no me sobreprotegieran. A veces hubiese agradecido un poco de inter\u00e9s por parte de mis padres, pero me tuvieron siendo mayores y ya no les quedaban energ\u00edas, as\u00ed que me tuve que apa\u00f1ar sola. Con el tiempo lo he ido valorando; esto lo he aprendido tras equivocarme tantas veces.<br \/><br \/>\nHe tenido la suerte de conocer personas que me han orientado. En mi adolescencia y durante mis estudios universitarios hubo personas que me apoyaron y me animaron a seguir adelante. Les estoy muy agradecida.<br \/><br \/>\nLa poca experiencia que tengo en mentoring, coaching o jobshadowing ha sido dando clases a futuros int\u00e9rpretes en la Universidad. Aparte de hacer ejercicios pr\u00e1cticos, suelo hablarles de la profesi\u00f3n ya que es algo que les interesa bastante al encontrarse en los \u00faltimos cursos.<br \/><br \/>\nLas razones principales por las cuales eleg\u00ed mi profesi\u00f3n de traductora e int\u00e9rprete fueron la curiosidad, en general y en particular, por conocer otras culturas adem\u00e1s de tener inter\u00e9s por el estudio tanto de otros idiomas como de mi lengua materna.<br \/><br \/>\nAl tratarse de una profesi\u00f3n multidisciplinar, es posible responder a las necesidades del mercado. El perfil de una persona con conocimiento de idiomas se puede ir adaptando en funci\u00f3n de la oferta y la demanda, aunque para ello sea necesario realizar constantemente estudios de mercado e intentar estar al d\u00eda.<br \/><br \/>\nLa mayor amenaza, o riesgo en esta profesi\u00f3n, es la precariedad que afecta a todos los \u00e1mbitos laborales. Las empresas, o las organizaciones internacionales intentan recortar gastos, y a veces no entienden la necesidad de contar con buenos profesionales ling\u00fc\u00edsticos. Por otra parte, quienes nos dedicamos a ofrecer estos servicios, no contamos con formaci\u00f3n en marketing o en gesti\u00f3n empresarial, por lo que a veces es dif\u00edcil convencer a un cliente potencial del beneficio de contratar un buen servicio, o el porqu\u00e9 del coste del mismo.<br \/><br \/>\n<\/p><\/div><div id=\"tabs-4\" class=\"ui-tabs-panel ui-widget-content ui-corner-bottom\"><p>Procuro ser realista con el resultado de mi trabajo e intento sacar conclusiones que me sirvan para mejorar en proyectos futuros. De entre las cualidades que se mencionan (Activa, Ambiciosa, Persistente,Optimista, Creativa\u2026 entre otras) hay algunas que he ido desarrollando con el tiempo, como la organizaci\u00f3n, el an\u00e1lisis y la constancia. Aunque me gusta trabajar independientemente y prefiero hacerlo sin tener que ponerme de acuerdo con otras personas, he ido desarrollando la capacidad de trabajar en equipo y de comunicarme eficazmente con terceras personas. Adem\u00e1s, no dudo en solicitar consejo cuando lo considero necesario<br \/><br \/>\nEn cualquier caso, me gusta poder tomarme tiempo para analizar una situaci\u00f3n y as\u00ed tomar una decisi\u00f3n adecuada. Me he dado cuenta de que en el momento en que hay que actuar con rapidez, tambi\u00e9n ayuda ser capaz de calcular el tiempo con el que se cuenta y saber usarlo bien para no precipitarse. Es verdad que me adapto con facilidad a los cambios y que para m\u00ed es muy importante desarrollarme personalmente a trav\u00e9s de mi trabajo.<\/p><\/div><div id=\"tabs-5\" class=\"ui-tabs-panel ui-widget-content ui-corner-bottom\"><p>En mi adolescencia, cuando estudiaba en el Instituto, tuve un par de profesores con los que pude contar siempre para tomar decisiones sobre mis estudios.<br \/><br \/>\nDurante mis estudios universitarios tuve una profesora de interpretaci\u00f3n a la que admiraba mucho y que me orient\u00f3 a la hora de presentarme a los ex\u00e1menes de acreditaci\u00f3n en Bruselas. Ya en Bruselas fuimos colegas y siempre ha sido un ejemplo de profesional para m\u00ed.<br \/><br \/>\nMientras estudiaba, trabaj\u00e9 un par de meses en una consultora de servicios laborales para personas con discapacidad. All\u00ed tuve una jefa de la que tambi\u00e9n aprend\u00ed mucho por sus excelentes cualidades, como profesional y como persona.<br \/><br \/>\n\u00bfQu\u00e9 consejos podr\u00eda darte? Pues, s\u00e9 realista. Cuando dise\u00f1es un proyecto profesional, piensa en cu\u00e1les son tus cartas. S\u00e9 cr\u00edtica contigo misma pero sin llegar a desmotivarte.<br \/><br \/>\nTen un plan B, un plan C y un plan D, y a\u00fan as\u00ed piensa que por mucho que lo planees todo, las cosas pueden cambiar de un d\u00eda a otro.<br \/><br \/>\nS\u00e9 consciente de que tienes una doble discriminaci\u00f3n, porque eres mujer y porque adem\u00e1s tienes una discapacidad, pero act\u00faa como si no existieran. Si te proponen un proyecto para el que est\u00e1s cualificada, adelante con \u00e9l. Nadie se atreve a decirte que no si luego llegas en silla de ruedas, o se dan cuenta de que no ves bien, o eres ciega, o lo que sea. Si ofreces resultados te vuelven a llamar. A la gente le encanta sentirse bien y creer que est\u00e1 haciendo una buena obra porque te ha contratado. Eso s\u00ed, cobra lo mismo que cobrar\u00eda un hombre sin discapacidad con la misma cualificaci\u00f3n. Este consejo me lo dio un colega (sin discapacidad).<br \/><br \/>\nPara alcanzar tus retos solo te digo una cosa m\u00e1s: Qui\u00e9rete mucho y cu\u00eddate mucho. Ya se encargar\u00e1n los dem\u00e1s de tirarte mierda encima. J\u00fantate con quien te aporte y te ayude y, cuando llegues a casa por la noche, recuerda que mereces que te quieran, aunque te hayas equivocado. Te va a hacer m\u00e1s falta que el comer.<\/p><\/div><\/div><\/p>","protected":false},"excerpt":{"rendered":"","protected":false},"author":2,"featured_media":1847,"parent":0,"menu_order":0,"comment_status":"closed","ping_status":"closed","template":"","meta":{"footnotes":""},"categories":[4,7],"tags":[],"class_list":["post-1246","page","type-page","status-publish","has-post-thumbnail","hentry","category-country","category-spain"],"_links":{"self":[{"href":"https:\/\/100mirrors-inc.eu\/es\/wp-json\/wp\/v2\/pages\/1246","targetHints":{"allow":["GET"]}}],"collection":[{"href":"https:\/\/100mirrors-inc.eu\/es\/wp-json\/wp\/v2\/pages"}],"about":[{"href":"https:\/\/100mirrors-inc.eu\/es\/wp-json\/wp\/v2\/types\/page"}],"author":[{"embeddable":true,"href":"https:\/\/100mirrors-inc.eu\/es\/wp-json\/wp\/v2\/users\/2"}],"replies":[{"embeddable":true,"href":"https:\/\/100mirrors-inc.eu\/es\/wp-json\/wp\/v2\/comments?post=1246"}],"version-history":[{"count":23,"href":"https:\/\/100mirrors-inc.eu\/es\/wp-json\/wp\/v2\/pages\/1246\/revisions"}],"predecessor-version":[{"id":2624,"href":"https:\/\/100mirrors-inc.eu\/es\/wp-json\/wp\/v2\/pages\/1246\/revisions\/2624"}],"wp:featuredmedia":[{"embeddable":true,"href":"https:\/\/100mirrors-inc.eu\/es\/wp-json\/wp\/v2\/media\/1847"}],"wp:attachment":[{"href":"https:\/\/100mirrors-inc.eu\/es\/wp-json\/wp\/v2\/media?parent=1246"}],"wp:term":[{"taxonomy":"category","embeddable":true,"href":"https:\/\/100mirrors-inc.eu\/es\/wp-json\/wp\/v2\/categories?post=1246"},{"taxonomy":"post_tag","embeddable":true,"href":"https:\/\/100mirrors-inc.eu\/es\/wp-json\/wp\/v2\/tags?post=1246"}],"curies":[{"name":"wp","href":"https:\/\/api.w.org\/{rel}","templated":true}]}}