{"id":1260,"date":"2017-12-12T15:06:50","date_gmt":"2017-12-12T15:06:50","guid":{"rendered":"http:\/\/100mirrors-inc.eu\/?page_id=1260"},"modified":"2018-08-16T09:12:51","modified_gmt":"2018-08-16T09:12:51","slug":"%ce%b5%ce%bb%ce%bb%ce%b7%ce%bd%ce%b9%ce%ba%ce%ac-marta-garcia","status":"publish","type":"page","link":"https:\/\/100mirrors-inc.eu\/es\/%ce%b5%ce%bb%ce%bb%ce%b7%ce%bd%ce%b9%ce%ba%ce%ac-marta-garcia\/","title":{"rendered":"Marta Garc\u00eda"},"content":{"rendered":"<p><img loading=\"lazy\" decoding=\"async\" class=\"alignleft wp-image-1855 size-thumbnail\" src=\"http:\/\/100mirrors-inc.eu\/wp-content\/uploads\/2018\/02\/PICTURE-MARTAGARCIA-150x150.jpg\" alt=\"\" width=\"150\" height=\"150\" srcset=\"https:\/\/100mirrors-inc.eu\/wp-content\/uploads\/2018\/02\/PICTURE-MARTAGARCIA-150x150.jpg 150w, https:\/\/100mirrors-inc.eu\/wp-content\/uploads\/2018\/02\/PICTURE-MARTAGARCIA-24x24.jpg 24w, https:\/\/100mirrors-inc.eu\/wp-content\/uploads\/2018\/02\/PICTURE-MARTAGARCIA-36x36.jpg 36w, https:\/\/100mirrors-inc.eu\/wp-content\/uploads\/2018\/02\/PICTURE-MARTAGARCIA-48x48.jpg 48w, https:\/\/100mirrors-inc.eu\/wp-content\/uploads\/2018\/02\/PICTURE-MARTAGARCIA.jpg 300w\" sizes=\"auto, (max-width: 150px) 100vw, 150px\" \/><div class=\"otw-sc-tabs ui-tabs ui-widget ui-widget-content ui-corner-all\"><ul class=\"ui-tabs-nav ui-helper-reset ui-helper-clearfix ui-widget-header ui-corner-all\"><li><span class=\"tab-title\">Marta Garc\u00eda<\/span><\/li><li class=\"ui-state-default ui-corner-top\"><a href=\"#tabs-1\"><i class=\"general foundicon-smiley\"> <\/i>Sobre Mi<\/a><\/li><li class=\"ui-state-default ui-corner-top\"><a href=\"#tabs-2\"><i class=\"general foundicon-star\"> <\/i>Mis Conocimientos<\/a><\/li><li class=\"ui-state-default ui-corner-top\"><a href=\"#tabs-3\"><i class=\"general foundicon-plus\"> <\/i>Mi Experiencia<\/a><\/li><li class=\"ui-state-default ui-corner-top\"><a href=\"#tabs-4\"><i class=\"general foundicon-tools\"> <\/i>Mis habilidades<\/a><\/li><li class=\"ui-state-default ui-corner-top\"><a href=\"#tabs-5\"><i class=\"general foundicon-star\"> <\/i>Consejos<\/a><\/li><\/ul><div id=\"tabs-1\" class=\"ui-tabs-panel ui-widget-content ui-corner-bottom\"><p><b><strong>Nombre Apellido<\/strong>:<\/b> Marta Garc\u00eda<br \/><br \/>\n<b><strong>Pais<\/strong>:<\/b> Espa\u00f1a<br \/><br \/>\n<b><strong>Ciudad<\/strong>:<\/b> Zaragoza<br \/><br \/>\n<b><strong>Nacionalidad<\/strong>:<\/b> Espa\u00f1ola<br \/><br \/>\n<b><strong>Formaci\u00f3n<\/strong>:<\/b> Grado Superior de Formaci\u00f3n Profesional y Master en Marketing y Comunicaci\u00f3n Corporativa<br \/><br \/>\n<b><strong>Sector<\/strong>:<\/b> Servicios<br \/><br \/>\n<b><strong>Puesto<\/strong>:<\/b> Administradora, dise\u00f1adora y creativa<\/p><br \/>\n<p><\/p><\/div><div id=\"tabs-2\" class=\"ui-tabs-panel ui-widget-content ui-corner-bottom\"><p>Nac\u00ed el 26 de diciembre de 1977, siempre fui una ni\u00f1a inquieta y apasionada por el mundo de las artes esc\u00e9nicas y la m\u00fasica. Hija \u00fanica pero con unos padres que supieron educarme y ense\u00f1arme a valerme por m\u00ed misma; educaci\u00f3n que no se aprende en ninguna escuela y de la cual estoy y estar\u00e9 eternamente agradecida.<br \/><br \/>\nMi aspiraci\u00f3n era ser una gran periodista\u2026 pero cuestiones familiares (soy hija \u00fanica y no pude irme a estudiar fuera de Zaragoza), y otras casualidades de la vida (mi padre es profesor) termin\u00e9 por realizar un m\u00f3dulo de Especialista en Equipos Inform\u00e1ticos una vez aprobada la selectividad. All\u00ed conoc\u00ed a quien a d\u00eda de hoy es mi mejor compa\u00f1ero y amigo, adem\u00e1s de ser mi marido. Posteriormente decid\u00ed seguir form\u00e1ndome y estudiar un Grado Superior de Aplicaciones Inform\u00e1ticas, adem\u00e1s de estar en el 6\u00ba curso de la carrera de piano y de ser monta\u00f1era (afici\u00f3n que me viene de mi padre), aunque en aquella \u00e9poca mis fuerzas ya flaqueaban\u2026 Al mismo tiempo, empec\u00e9 en el mundo laboral haciendo trabajos de cajera los fines de semana en el Alcampo de Utebo. Creo que ah\u00ed empec\u00e9 a ser consciente de que el trato con la gente me hac\u00eda feliz. Es una \u00e9poca de mi vida que, a d\u00eda de hoy, recuerdo con mucho cari\u00f1o; me emociona ver como hay excompa\u00f1eras, que siguen trabajando en ese supermercado, que se acuerdan de m\u00ed y me saludan cuando paso por su caja.<br \/><br \/>\nLos a\u00f1os iban pasando, termin\u00e9 los estudios y me puse a trabajar\u2026 tareas administrativas en una subcontrata de Ibercaja, un despacho de ingenieros y arquitectos, una gestor\u00eda\u2026. Estos trabajos me hicieron aprender y sobre todo, crecer como persona. Fue en esta \u00e9poca cuando decid\u00ed independizarme. Necesitaba comprobar y demostrar que pod\u00eda hacerlo, que me val\u00eda por m\u00ed misma, y por esa raz\u00f3n alternaba, mi trabajo de d\u00eda con mi trabajo de cantante los fines de semana. Fue una etapa dura, muy dura, de la que tengo peque\u00f1os recuerdos malos pero, que a la vez, est\u00e1 llena de gente maravillosa que me ayud\u00f3 y con la que compart\u00ed grandes momentos encima de un escenario.<br \/><br \/>\nEn el 2002, despu\u00e9s de muchas visitas al m\u00e9dico, operaciones, cors\u00e9... y de tildar mi falta de fuerza como vagancia, mi familia y yo descubrimos que ten\u00eda una enfermedad rara y consiguieron diagnosticarme de Miopat\u00eda de Central Core. Con s\u00edntomas como debilidad muscular, no poder subir f\u00e1cilmente escaleras, m\u00faltiples ca\u00eddas, un 66% de discapacidad y un baremo de 8 de movilidad reducida. Seg\u00fan los \u00faltimos an\u00e1lisis gen\u00e9ticos, resulta que mi variaci\u00f3n de gen es nueva... y, como dicen el Dr. Oliveros y la Dra. Larrode, soy una 'mutante' ya que soy la primera persona en tener esta variaci\u00f3n y tal vez consiga que le pongan mi nombre.<br \/><br \/>\nCircumstances of life led me to stay out of work in a radical way. I decided that I did not want to lose everything Circunstancias de la vida me llevaron a quedarme sin trabajo de manera radical; decid\u00ed que no quer\u00eda perder todo lo que hab\u00eda conseguido, por lo que ni me apunt\u00e9 al paro y empec\u00e9 a buscar trabajo de inmediato. Despu\u00e9s de un mes consegu\u00ed el trabajo que m\u00e1s me ha hecho crecer y aprender y, del cual estar\u00e9 eternamente orgullosa y agradecida, sobre todo porque me dieron una gran oportunidad y vieron en mi cualidades que ni siquiera yo sab\u00eda que exist\u00edan. Javier Guiu, mi mentor, me ense\u00f1\u00f3 a trabajar en equipo, a ser responsable y a crecer como persona. En el 2012 quise volar y poner en pr\u00e1ctica en mi propia empresa todo lo que \u00e9l me hab\u00eda ense\u00f1ado\u2026 espero no haberle defraudado<\/p><\/div><div id=\"tabs-3\" class=\"ui-tabs-panel ui-widget-content ui-corner-bottom\"><p>Para poder llegar a donde estoy hoy, en primer lugar he tenido que superar, la inseguridad por no tener un sueldo fijo y que al principio era un tipo de empresa estacional, ten\u00edamos temporadas altas y otras muy bajas.<br \/><br \/>\nA nivel econ\u00f3mico tuvimos al principio el apoyo de familia pero s\u00ed que es verdad que al ser aut\u00f3nomos no se tienen muchas facilidades bancarias a no ser que tuvi\u00e9ramos avalistas.<br \/><br \/>\nSomos especialistas en dise\u00f1o as\u00ed que en el tema de la gesti\u00f3n de la empresa nos ha costado encontrar un gestor que realmente nos ayudara y nos solucionara nuestras dudas.<br \/><br \/>\nCreo que lo que m\u00e1s me ha ayudado es mi car\u00e1cter extrovertido y que, por lo que me dicen transmito tranquilidad, y eso ayuda a la hora de poder realizar cualquier tipo de trabajo con nosotros.<br \/><br \/>\nTambi\u00e9n todas las relaciones profesionales que hice en mis trabajos anteriores me han abierto muchas puertas a la hora de trabajar.<br \/><br \/>\nMi car\u00e1cter y mis ganas de trabajar en equipo han hecho que haya creado una red de colaboradores fuerte y profesional con los que adem\u00e1s, nos divertimos trabajando y creo que al final, eso es lo mejor de todo.<\/p><\/div><div id=\"tabs-4\" class=\"ui-tabs-panel ui-widget-content ui-corner-bottom\"><p>A la hora de definir mis competencias, soy una persona con facilidad para aprender y para aplicar los nuevos conocimientos a mi trabajo, me adapto r\u00e1pidamente a los cambios, coordino y motivo a las personas que trabajan conmigo adem\u00e1s de poner atenci\u00f3n a los problemas que puedan tener. Necesito tener objetivos en el trabajo, me gusta trabajar en equipo y cuando es necesario soy capaz de tomar decisiones r\u00e1pidamente.<br \/><br \/>\nDe entre las cualidades que poseo me considero una persona habladora, persistente, optimista e innovadora. Conf\u00edo en las personas, soy ambiciosa a la hora de marcarme objetivos, tengo visi\u00f3n de futuro y soy una persona organizada, adem\u00e1s de por supuesto ser muy creativa!<br \/><br \/>\nPese a ser hija \u00fanica, no me ha gustado que me den las cosas hechas y mi impulso ha sido siempre superarme a m\u00ed misma.<\/p><\/div><div id=\"tabs-5\" class=\"ui-tabs-panel ui-widget-content ui-corner-bottom\"><p>Los\u201cculpables\u201ddel inicio de esta aventura fueron unos amigos nuestros que tienen una empresa de catering en Valencia. Cuando nosotros ten\u00edamos vacaciones nos \u00edbamos all\u00ed a verlos y como siempre estaban trabajando, al final nos\u201cpic\u00f3 el gusanillo\u201d; a m\u00ed sobretodo me encantaba todo lo que rodeaba al mundo evento, ver feliz a la gente y disfrutar con algo que hab\u00edan creado ellos.<br \/><br \/>\nLos consejos que yo dar\u00eda a otras mujeres con discapacidad que quieren empezar un negocio es que nada es imposible; teniendo una buena base de estudios y mucha fuerza de voluntad, todo es posible. Sobre todo, que les guste y les apasione lo que vayan a emprender, sea un negocio o un nuevo camino profesional. Realmente no veo que haya diferencia con otras mujeres que no tengan discapacidad, simplemente hay que sacar provecho de las capacidades que cada uno tiene.<br \/><br \/>\nRespecto al emprendimiento inclusivo creo que queda pendiente por desarrollar una base de subvenciones y ayudas espec\u00edficas dependiendo del tipo de actividad y del tipo de discapacidad.<\/p><\/div><\/div><\/p>","protected":false},"excerpt":{"rendered":"","protected":false},"author":2,"featured_media":1855,"parent":0,"menu_order":0,"comment_status":"closed","ping_status":"closed","template":"","meta":{"footnotes":""},"categories":[4,7],"tags":[],"class_list":["post-1260","page","type-page","status-publish","has-post-thumbnail","hentry","category-country","category-spain"],"_links":{"self":[{"href":"https:\/\/100mirrors-inc.eu\/es\/wp-json\/wp\/v2\/pages\/1260","targetHints":{"allow":["GET"]}}],"collection":[{"href":"https:\/\/100mirrors-inc.eu\/es\/wp-json\/wp\/v2\/pages"}],"about":[{"href":"https:\/\/100mirrors-inc.eu\/es\/wp-json\/wp\/v2\/types\/page"}],"author":[{"embeddable":true,"href":"https:\/\/100mirrors-inc.eu\/es\/wp-json\/wp\/v2\/users\/2"}],"replies":[{"embeddable":true,"href":"https:\/\/100mirrors-inc.eu\/es\/wp-json\/wp\/v2\/comments?post=1260"}],"version-history":[{"count":30,"href":"https:\/\/100mirrors-inc.eu\/es\/wp-json\/wp\/v2\/pages\/1260\/revisions"}],"predecessor-version":[{"id":2628,"href":"https:\/\/100mirrors-inc.eu\/es\/wp-json\/wp\/v2\/pages\/1260\/revisions\/2628"}],"wp:featuredmedia":[{"embeddable":true,"href":"https:\/\/100mirrors-inc.eu\/es\/wp-json\/wp\/v2\/media\/1855"}],"wp:attachment":[{"href":"https:\/\/100mirrors-inc.eu\/es\/wp-json\/wp\/v2\/media?parent=1260"}],"wp:term":[{"taxonomy":"category","embeddable":true,"href":"https:\/\/100mirrors-inc.eu\/es\/wp-json\/wp\/v2\/categories?post=1260"},{"taxonomy":"post_tag","embeddable":true,"href":"https:\/\/100mirrors-inc.eu\/es\/wp-json\/wp\/v2\/tags?post=1260"}],"curies":[{"name":"wp","href":"https:\/\/api.w.org\/{rel}","templated":true}]}}