{"id":1410,"date":"2018-01-05T13:33:45","date_gmt":"2018-01-05T13:33:45","guid":{"rendered":"http:\/\/100mirrors-inc.eu\/?page_id=1410"},"modified":"2018-08-16T09:55:31","modified_gmt":"2018-08-16T09:55:31","slug":"silvia-mateos-gallego","status":"publish","type":"page","link":"https:\/\/100mirrors-inc.eu\/es\/silvia-mateos-gallego\/","title":{"rendered":"Silvia Mateos Gallego"},"content":{"rendered":"<p><img loading=\"lazy\" decoding=\"async\" class=\"alignleft wp-image-2360 size-thumbnail\" src=\"http:\/\/100mirrors-inc.eu\/wp-content\/uploads\/2018\/05\/Untitled-1-150x150.jpg\" alt=\"\" width=\"150\" height=\"150\" srcset=\"https:\/\/100mirrors-inc.eu\/wp-content\/uploads\/2018\/05\/Untitled-1-150x150.jpg 150w, https:\/\/100mirrors-inc.eu\/wp-content\/uploads\/2018\/05\/Untitled-1-24x24.jpg 24w, https:\/\/100mirrors-inc.eu\/wp-content\/uploads\/2018\/05\/Untitled-1-36x36.jpg 36w, https:\/\/100mirrors-inc.eu\/wp-content\/uploads\/2018\/05\/Untitled-1-48x48.jpg 48w, https:\/\/100mirrors-inc.eu\/wp-content\/uploads\/2018\/05\/Untitled-1.jpg 300w\" sizes=\"auto, (max-width: 150px) 100vw, 150px\" \/><div class=\"otw-sc-tabs ui-tabs ui-widget ui-widget-content ui-corner-all\"><ul class=\"ui-tabs-nav ui-helper-reset ui-helper-clearfix ui-widget-header ui-corner-all\"><li><span class=\"tab-title\">Silvia Mateos Gallego<\/span><\/li><li class=\"ui-state-default ui-corner-top\"><a href=\"#tabs-1\"><i class=\"general foundicon-smiley\"> <\/i>Sobre Mi<\/a><\/li><li class=\"ui-state-default ui-corner-top\"><a href=\"#tabs-2\"><i class=\"general foundicon-star\"> <\/i>Mis Conocimientos<\/a><\/li><li class=\"ui-state-default ui-corner-top\"><a href=\"#tabs-3\"><i class=\"general foundicon-plus\"> <\/i>Mi Motivacion<\/a><\/li><li class=\"ui-state-default ui-corner-top\"><a href=\"#tabs-4\"><i class=\"general foundicon-tools\"> <\/i>Mis Habilidades<\/a><\/li><li class=\"ui-state-default ui-corner-top\"><a href=\"#tabs-5\"><i class=\"general foundicon-star\"> <\/i>Consejos<\/a><\/li><\/ul><div id=\"tabs-1\" class=\"ui-tabs-panel ui-widget-content ui-corner-bottom\"><p><b><strong>Nombre Apellido:<\/strong><\/b> Silvia Mateos Gallego<br \/><br \/>\n<b><strong>Pais<\/strong>:<\/b> Espa\u00f1a<br \/><br \/>\n<b><strong>Ciudad<\/strong>:<\/b> Zaragoza<br \/><br \/>\n<b><strong>Nacionalidad<\/strong>:<\/b> Espa\u00f1ola<br \/><br \/>\n<b><strong>Formaci\u00f3n<\/strong>:<\/b> Bachillerato \/ Formaci\u00f3n Profesional<br \/><br \/>\n<b><strong>Sector<\/strong>:<\/b> Servicios<br \/><br \/>\n<b><strong>Puesto<\/strong>:<\/b> orientadora y mediadora comunicativa, desde 2017 Presidente de la Agrupaci\u00f3n de Personas Sordas de Zaragoza y Arag\u00f3n (ASZA)<\/p><br \/>\n<p><\/p><\/div><div id=\"tabs-2\" class=\"ui-tabs-panel ui-widget-content ui-corner-bottom\"><p>Nac\u00ed siendo una ni\u00f1a oyente pero debido a una enfermedad cuando contaba con 18 meses de edad, me qued\u00e9 sorda. Mis padres intentaron introducirme en una educaci\u00f3n infantil ordinaria, pero est\u00e1bamos en el \u00e1mbito rural y no dio buen resultado. As\u00ed que a la edad de 5 a\u00f1os pas\u00e9 a otro colegio, un colegio de educaci\u00f3n especial para ni\u00f1os sordos, esta vez en la ciudad de Zaragoza. En este colegio permanec\u00ed hasta los 17 a\u00f1os, en r\u00e9gimen interno y en un sistema oralista.<\/p><br \/>\n<p>Cuando tuve que dejar ese colegio decid\u00ed continuar estudiando un FP en un centro de integraci\u00f3n donde no exist\u00eda ninguna adaptaci\u00f3n para mi formaci\u00f3n; esa realidad me supuso hacer un doble esfuerzo para poder conseguir la titulaci\u00f3n.<br \/><br \/>\nCuando consegu\u00ed el titulo de formaci\u00f3n me centre b\u00e1sicamente en buscar un trabajo en Zaragoza ya que no quer\u00eda volver al pueblo; fue durante esa \u00e9poca cuando me hice socia de ASZA (Agrupaci\u00f3n de personas Sordas de Zaragoza y Arag\u00f3n). Ser socia supon\u00eda poder participar en las actividades, contactar con otras personas sordas y que la asociaci\u00f3n pudiera ayudarme a encontrar un empleo.<br \/><br \/>\nY as\u00ed fue, al poco tiempo ASZA, me encontr\u00f3 trabajo en una empresa de manipulados.<br \/><br \/>\nEstuve trabajando 15 a\u00f1os en esa empresa; durante ese periodo de tiempo, me cas\u00e9 con una persona sorda y he tenido dos hijos, uno de ellos es sordo y el otro es oyente.<br \/><br \/>\nPasados estos quince a\u00f1os, y al saber que exist\u00eda el peligro de que la empresa cerrara, decid\u00ed apuntarme a un curso de formaci\u00f3n destinado a formar parte como trabajadora del departamento de empleo de ASZA ya que la Asociaci\u00f3n estaba creando nuevos departamentos. Realice el curso encantada. Me parec\u00eda muy atractiva la idea de trabajar dentro de ese departamento, adem\u00e1s de que en los \u00faltimos a\u00f1os las adaptaciones para personas asordas hab\u00edan avanzado mucho en el \u00e1mbito de la formaci\u00f3n. Acab\u00e9 el curso y empez\u00f3 el proceso de selecci\u00f3n y finalmente, fui seleccionada como orientadora y mediadora comunicativa en el departamento de empleo de ASZA<br \/><br \/>\n.<\/p><\/div><div id=\"tabs-3\" class=\"ui-tabs-panel ui-widget-content ui-corner-bottom\"><p>Empec\u00e9 a trabajar en ASZA en mayo del 2002. Adem\u00e1s de los motivos que ya he comentado que me forzaron a dejar la empresa donde hab\u00eda estado trabajando hasta entonces, tengo que admitir que para m\u00ed, una de mis mayores motivaciones ha sido la empat\u00eda que siento hacia otras personas sordas, saber cu\u00e1les son sus limitaciones. Adem\u00e1s quer\u00eda afrontar viejos desaf\u00edos del pasado y ayudar a superar esas barreras a otros usuarios de ASZA.<\/p><br \/>\n<p>Una oportunidad muy positiva que se nos ha brindado a las personas sordas es el derribo de las barreras de comunicaci\u00f3n; ya que nosotros mismo hemos asimilado otros roles y aptitudes que antes pens\u00e1bamos que no podr\u00edamos tener.<br \/><br \/>\nSobre las amenazas que encuentro diariamente es que falta much\u00edsima sensibilizaci\u00f3n para el resto de personas y de empresas sobre lo que suponer ser una persona sorda.<\/p><\/div><div id=\"tabs-4\" class=\"ui-tabs-panel ui-widget-content ui-corner-bottom\"><p>En cuanto a las competencias que creo poseo, me gusta hacer equipo cuando trabajo; coordinar y motivar a las personas con las que me relaciono al trabajar. Para m\u00ed es importante desarrollarme personalmente a trav\u00e9s del trabajo. Adem\u00e1s de que creo fundamental el tener objetivos y alcanzar las metas que me fijo.<br \/><br \/>\nSi tengo que hablar de mis cualidades, puedo decir que soy una persona modesta y conservadora; me gusta confiar en las personas y disfrutar de buenas conversaciones. Me considero una persona flexible que se adapta con facilidad al cambio; soy pr\u00e1ctica en la vida y en el trabajo, adem\u00e1s de met\u00f3dica y dogm\u00e1tica.<\/p><\/div><div id=\"tabs-5\" class=\"ui-tabs-panel ui-widget-content ui-corner-bottom\"><p>El \u00fanico consejo que le dar\u00eda a una mujer con discapacidad ser\u00eda que buscara a otra mujer con la misma discapacidad que ella y que fuera su referente, ya que el entendimiento, la identidad y la empat\u00eda ser\u00e1n perfectos, nadie mejor le podr\u00e1 entender. Cuando entr\u00e9 a trabajar en ASZA, ten\u00edamos un director gerente que era un modelo de persona sorda y carism\u00e1tica, que ayudaba y empoderaba a las personas sordas, era un l\u00edder en la entidad. Aprend\u00ed mucho de el y sin duda fue un referente para m\u00ed, por otro lado las compa\u00f1eras que forman mi equipo tambi\u00e9n han supuesto un modelo de trabajo para m\u00ed.<br \/><br \/>\nOtra sugerencia importante para cualquier mujer con discapacidad es que inviertan tiempo en formarse y en prepararse y, que nunca pierdan la motivaci\u00f3n.<br \/><br \/>\nSobre el emprendimiento inclusivo pienso que es s\u00faper necesario, ya que las personas con discapacidad debemos tener la misma igualdad de oportunidades que una persona sin discapacidad. En esa misma l\u00ednea, considero que faltan muchas campa\u00f1as de sensibilizaci\u00f3n para la sociedad en general. Es necesario superar las barreras de comunicaci\u00f3n y, el desconocimiento de la propia discapacidad y por supuesto, la accesibilidad.<\/p><\/div><\/div><\/p>","protected":false},"excerpt":{"rendered":"","protected":false},"author":2,"featured_media":2360,"parent":0,"menu_order":0,"comment_status":"closed","ping_status":"closed","template":"","meta":{"footnotes":""},"categories":[4,7],"tags":[],"class_list":["post-1410","page","type-page","status-publish","has-post-thumbnail","hentry","category-country","category-spain"],"_links":{"self":[{"href":"https:\/\/100mirrors-inc.eu\/es\/wp-json\/wp\/v2\/pages\/1410","targetHints":{"allow":["GET"]}}],"collection":[{"href":"https:\/\/100mirrors-inc.eu\/es\/wp-json\/wp\/v2\/pages"}],"about":[{"href":"https:\/\/100mirrors-inc.eu\/es\/wp-json\/wp\/v2\/types\/page"}],"author":[{"embeddable":true,"href":"https:\/\/100mirrors-inc.eu\/es\/wp-json\/wp\/v2\/users\/2"}],"replies":[{"embeddable":true,"href":"https:\/\/100mirrors-inc.eu\/es\/wp-json\/wp\/v2\/comments?post=1410"}],"version-history":[{"count":19,"href":"https:\/\/100mirrors-inc.eu\/es\/wp-json\/wp\/v2\/pages\/1410\/revisions"}],"predecessor-version":[{"id":2644,"href":"https:\/\/100mirrors-inc.eu\/es\/wp-json\/wp\/v2\/pages\/1410\/revisions\/2644"}],"wp:featuredmedia":[{"embeddable":true,"href":"https:\/\/100mirrors-inc.eu\/es\/wp-json\/wp\/v2\/media\/2360"}],"wp:attachment":[{"href":"https:\/\/100mirrors-inc.eu\/es\/wp-json\/wp\/v2\/media?parent=1410"}],"wp:term":[{"taxonomy":"category","embeddable":true,"href":"https:\/\/100mirrors-inc.eu\/es\/wp-json\/wp\/v2\/categories?post=1410"},{"taxonomy":"post_tag","embeddable":true,"href":"https:\/\/100mirrors-inc.eu\/es\/wp-json\/wp\/v2\/tags?post=1410"}],"curies":[{"name":"wp","href":"https:\/\/api.w.org\/{rel}","templated":true}]}}