{"id":1416,"date":"2018-01-22T12:48:46","date_gmt":"2018-01-22T12:48:46","guid":{"rendered":"http:\/\/100mirrors-inc.eu\/?page_id=1416"},"modified":"2018-08-16T09:53:37","modified_gmt":"2018-08-16T09:53:37","slug":"nuria-rivas-zarazaga","status":"publish","type":"page","link":"https:\/\/100mirrors-inc.eu\/es\/nuria-rivas-zarazaga\/","title":{"rendered":"Nuria Rivas Zarazaga"},"content":{"rendered":"<p><img loading=\"lazy\" decoding=\"async\" class=\"alignleft wp-image-1880 size-thumbnail\" src=\"http:\/\/100mirrors-inc.eu\/wp-content\/uploads\/2018\/02\/PICTURE-NURIARIVAS-150x150.jpg\" alt=\"\" width=\"150\" height=\"150\" srcset=\"https:\/\/100mirrors-inc.eu\/wp-content\/uploads\/2018\/02\/PICTURE-NURIARIVAS-150x150.jpg 150w, https:\/\/100mirrors-inc.eu\/wp-content\/uploads\/2018\/02\/PICTURE-NURIARIVAS-24x24.jpg 24w, https:\/\/100mirrors-inc.eu\/wp-content\/uploads\/2018\/02\/PICTURE-NURIARIVAS-36x36.jpg 36w, https:\/\/100mirrors-inc.eu\/wp-content\/uploads\/2018\/02\/PICTURE-NURIARIVAS-48x48.jpg 48w, https:\/\/100mirrors-inc.eu\/wp-content\/uploads\/2018\/02\/PICTURE-NURIARIVAS.jpg 300w\" sizes=\"auto, (max-width: 150px) 100vw, 150px\" \/><div class=\"otw-sc-tabs ui-tabs ui-widget ui-widget-content ui-corner-all\"><ul class=\"ui-tabs-nav ui-helper-reset ui-helper-clearfix ui-widget-header ui-corner-all\"><li><span class=\"tab-title\">Nuria Rivas Zarazaga<\/span><\/li><li class=\"ui-state-default ui-corner-top\"><a href=\"#tabs-1\"><i class=\"general foundicon-smiley\"> <\/i>Sobre Mi<\/a><\/li><li class=\"ui-state-default ui-corner-top\"><a href=\"#tabs-2\"><i class=\"general foundicon-star\"> <\/i>Mis Conocimientos<\/a><\/li><li class=\"ui-state-default ui-corner-top\"><a href=\"#tabs-3\"><i class=\"general foundicon-plus\"> <\/i>Mi Motivacion<\/a><\/li><li class=\"ui-state-default ui-corner-top\"><a href=\"#tabs-4\"><i class=\"general foundicon-tools\"> <\/i>Mis Habilidades<\/a><\/li><li class=\"ui-state-default ui-corner-top\"><a href=\"#tabs-5\"><i class=\"general foundicon-star\"> <\/i>Consejos<\/a><\/li><\/ul><div id=\"tabs-1\" class=\"ui-tabs-panel ui-widget-content ui-corner-bottom\"><p><b><strong>Nombre Apellido<\/strong>:<\/b> Nuria Rivas Zarazaga<br \/><br \/>\n<b><strong>Pais<\/strong>:<\/b> Espa\u00f1a<br \/><br \/>\n<b><strong>Ciudad<\/strong>:<\/b> Zaragoza<br \/><br \/>\n<b><strong>Nacionalidad<\/strong>:<\/b> Espa\u00f1ola<br \/><br \/>\n<b><strong>Formaci\u00f3n<\/strong>:<\/b> Universidad<br \/><br \/>\n<b><strong>Sector<\/strong>:<\/b> Tercer Sector<br \/><br \/>\n<b><strong>Puesto<\/strong>:<\/b> Socia fundadora y presidenta<br \/><br \/>\n<b><strong>Empresa + Web<\/strong>:<\/b> Asociaci\u00f3n de Personas con Amputaciones y\/o Agenesias de Arag\u00f3n (ADAMPI-Arag\u00f3n) http:\/\/www.adampiaragon.org\/ <\/p><\/div><div id=\"tabs-2\" class=\"ui-tabs-panel ui-widget-content ui-corner-bottom\"><p>Podr\u00edamos decir que mi vida tuvo un antes y un despu\u00e9s tras el diagn\u00f3stico de un c\u00e1ncer de huesos en el a\u00f1o 2000. Hasta ese momento, mi d\u00eda a d\u00eda discurr\u00eda de una forma normal y relativamente feliz. Las inquietudes de mi interior me hab\u00edan permitido hacer muchas cosas hasta esa fecha, pero tambi\u00e9n me hab\u00edan generado algunos quebraderos de cabeza\u2026 muchos puede que propios de la edad, otros, estoy segura, creados por esta cabeza m\u00eda que a veces no para de cuestionarse y plantearse cosas.<\/p><br \/>\n<p>Hab\u00eda terminado la carrera de Terapia Ocupacional (carrera hermosa donde las haya) y me dispon\u00eda a empezar Magisterio de Educaci\u00f3n Especial en un a\u00f1o en el que convalidaba mis estudios con mi primer trabajo \u201cserio\u201d.<br \/><br \/>\nHasta entonces, el trabajo de monitora y entrenadora de baloncesto y las clases particulares de idiomas que hac\u00eda, no me hab\u00edan supuesto entrar en el mundo laboral propiamente dicho.<\/p><br \/>\n<p>El baloncesto era el hobby que m\u00e1s me gustaba y por el que sent\u00eda aut\u00e9ntica pasi\u00f3n. Me permit\u00eda desarrollar una serie de habilidades f\u00edsicas y me defin\u00eda a muchos niveles. Es un deporte que me permiti\u00f3 socializar y conocer a mucha gente maravillosa y tambi\u00e9n conocer, en un campus de verano, al que a\u00f1os despu\u00e9s se convertir\u00eda en mi compa\u00f1ero y esposo. Nunca llegu\u00e9 a ser deportista de \u00e9lite, s\u00f3lo roc\u00e9 esa sensaci\u00f3n en contadas ocasiones, pero mi compromiso con este deporte y mi amor por \u00e9l eran el mismo que el que cualquier profesional pudiera desarrollar.<\/p><br \/>\n<p>Basketball was the resignation harder to assume when the doctor confirmed that, suddenly and without hardly realizing it, I had to say goodbye to my passion. It was a moment in which nothing mattered anymore and the future without basketball made life something very black.<\/p><br \/>\n<p>Esa fue la renuncia que m\u00e1s me cost\u00f3 asumir cuando el m\u00e9dico me confirm\u00f3 que, de repente y sin apenas darme cuenta, ten\u00eda que decir adi\u00f3s a mi pasi\u00f3n. Hubo un instante en el que ya nada importaba y el futuro sin esa parte tan importante de mi vida se tornaba algo m\u00e1s negro de lo que yo nunca hab\u00eda vivido.<\/p><br \/>\n<p>Tras a\u00f1os de lucha con el c\u00e1ncer y una posterior infecci\u00f3n, tomamos la determinaci\u00f3n de amputar la pierna para poder abandonar esos a\u00f1os de hospital y los diferentes riesgos que a\u00fan pod\u00edan existir en mi mermada extremidad.<br \/><br \/>\nEntre intervenci\u00f3n e intervenci\u00f3n, me prepar\u00e9 unas oposiciones para T\u00e9cnica Auxiliar Sociocultural del Ayuntamiento de mi ciudad y, aunque soy interina, este es el trabajo que ejerzo desde hace m\u00e1s de diez a\u00f1os. En plena preparaci\u00f3n pusimos fecha a la intervenci\u00f3n. Tocaba echar el resto en varios \u201cfrentes\u201d.<\/p><br \/>\n<p>Al decir adi\u00f3s a mi pierna, cerr\u00e9 una puerta importante de mi vida, pero trabaj\u00e9 para abrir m\u00e1s de una ventana que me permitiera no dejar nunca de admirar la luz del sol. Una luz del sol que nunca dej\u00f3 de estar ah\u00ed. Y es en ese momento cuando tambi\u00e9n decido que, junto con otros compa\u00f1eros\/as amputados\/as, ha llegado la hora de crear una entidad que ayude a abrir ventanas y se convierta en esa luz al final del t\u00fanel para todas esas personas que vengan detr\u00e1s en el proceso.<\/p><\/div><div id=\"tabs-3\" class=\"ui-tabs-panel ui-widget-content ui-corner-bottom\"><p>Todo comenz\u00f3 cuando al experimentar todo lo positivo que me aportaba el conocer a gente amputada, decid\u00ed tratar de acercar esa sensaci\u00f3n, esos recursos, ese apoyo a las personas de nuestra CCAA que estuvieran pasando o fueran a pasar por algo similar.<\/p><br \/>\n<p>Tuve varias motivaciones:<\/p><br \/>\n<p>La principal es tratar de transmitir el mismo cambio que yo sent\u00ed cuando conoc\u00ed a m\u00e1s personas amputadas antes de mi intervenci\u00f3n. El cambiar la idea que yo ten\u00eda de lo que iba a ser mi vida y adaptarlo a una realidad que estas personas me mostraron, me permiti\u00f3 abordar el proceso de una forma m\u00e1s positiva y realista. Conocer esa realidad me permiti\u00f3 aterrizar y descubrir que, algunas cosas, las hab\u00eda imaginado mucho peor de lo que luego fueron realmente.<\/p><br \/>\n<p>Otra cuesti\u00f3n que me moviliz\u00f3 mucho fue el descubrir la injusta situaci\u00f3n que vivimos las personas con amputaciones, sobre todo las que la hemos sufrido como consecuencia de una enfermedad com\u00fan. El hecho de no tener apenas apoyo, ni que se d\u00e9 el tan necesario equipo multidisciplinar a la hora de atendernos, y que, sobre todo, el cat\u00e1logo ortoprot\u00e9sico no ofrezca las innovaciones propias del siglo en que vivimos (y haga que tu calidad de vida dependa exclusivamente de tu capacidad econ\u00f3mica) hizo que me rebelara ante todo esto y que no me conformara con quejarme desde mi casa. Es injusto, s\u00ed, pero la gente tiene que saberlo y nosotros\/as, como colectivo, tambi\u00e9n tenemos que movernos. Las cosas no se cambian solas.<\/p><br \/>\n<p>Si tengo que hablar de las oportunidades y amenazas que me he encontrado en el camino, podr\u00eda hacer la siguiente enumeraci\u00f3n:<\/p><br \/>\n<p>Oportunidades: La gente tan maravillosa que conoces en el camino; Las sinergias que creas con estas personas; Los proyectos que te ilusionan y sientes que cambian el mundo aportando un granito de arena; La sensaci\u00f3n, cuando miras atr\u00e1s, de que s\u00ed han cambiado algunas cosas y de que s\u00ed has podido contribuir a una posible mejora, por peque\u00f1a que sea; Las ganas de seguir aprendiendo. Siempre. De todo y de todos\/as; La capacidad de sentir que siempre est\u00e1 en tu mano lo que quieres hacer y c\u00f3mo hacerlo; El hecho de que quedarte sentada protestando no te sirve, que para cambiar las cosas hay que tener una actitud, ya no activa exclusivamente, sino proactiva; Lo reconfortante que es sentir que una persona lleva mejor el proceso porque le ha podido servir tu aportaci\u00f3n, apoyo, informaci\u00f3n\u2026<\/p><br \/>\n<p>Amenazas: A veces, decepci\u00f3n y ganas de abandonar cuando las cosas no salen como esperas o no recibes los apoyos que consideras necesarios; Es complicado distinguir, cuando los resultados esperados no llegan, si es porque no lo est\u00e1s haciendo bien o si es porque es cuesti\u00f3n de tiempo y \u00e9stos llegar\u00e1n. A veces no tengo muy claro si he de ser cr\u00edtica con mi manera de hacer las cosas o si no he dejar de confiar en m\u00ed, porque tal vez sea s\u00f3lo eso: cuesti\u00f3n de tiempo; El tomarte algunas negativas como algo personal (estoy aprendiendo a no hacerlo); El asumir demasiados proyectos, ideas y compromisos porque te ilusionan, pero te alejan de tu objetivo principal; El no saber contagiar siempre a la gente la importancia del proyecto y la importancia de que, lo mucho o poco que aporten, es un mundo en los temas sociales. Todo suma y todo es importante y, cuantas m\u00e1s ideas, voluntades, ganas de cambiar las cosas, etc. sumemos, m\u00e1s cerca estaremos de mejorar nuestras circunstancias; A veces, el tratar de asentar avances sobre cuestiones bien instaladas puede que, m\u00e1s que prudencia, se deba a un miedo excesivo a arriesgar y fallar o arriesgar y \u201cagotar cartuchos\u201d. Hay \u201cjugadas\u201d potentes, cosas m\u00e1s arriesgadas que reconozco que me \u201casustan\u201d de alguna manera por si, al intentarlo, no salen todo lo bien que se presupone. Esto tambi\u00e9n me hace cuestionarme mucho si es coherencia y ganas de hacer las cosas bien antes de seguir avanzando deprisa o si, efectivamente, hay m\u00e1s miedo al riesgo que otra cosa.<br \/><br \/>\nEntender que cada persona vive su proceso de una manera y que \u00e9sta no tiene por qu\u00e9 coincidir con la tuya<br \/><br \/>\n<\/p><\/div><div id=\"tabs-4\" class=\"ui-tabs-panel ui-widget-content ui-corner-bottom\"><p>Sigo trabajando por estar cada d\u00eda mejor formada, tanto a nivel de competencias profesionales (tanto para mi trabajo como para la asociaci\u00f3n), como competencias m\u00e1s personales, que me permitan llegar a ser mi mejor versi\u00f3n y, por ello, lograr crear un buen ambiente de trabajo. Siento que siempre estoy aprendiendo y que, por lo tanto, todo el mundo puede ense\u00f1arme algo. Eso me permite estar con una actitud humilde ante cualquier persona y lo que me pueda aportar, y por ello trato siempre de desarrollar una escucha activa.<br \/><br \/>\nCreo que, la mayor\u00eda del tiempo y de las veces, pienso en clave de soluci\u00f3n. Ante cualquier problema, es necesario desahogarse algo, pero no estancarse ah\u00ed. A partir de ese momento, hay que intentar salir del bucle y pensar: \u201cBien, ya conozco el problema\u2026 ahora, vayamos a por las soluciones, que seguro que las hay\u201d (el asumir que no hay soluciones o que no son las que puede que m\u00e1s nos gusten, tambi\u00e9n es una soluci\u00f3n, as\u00ed que no tiene cabida una excesiva preocupaci\u00f3n por las cosas).<br \/><br \/>\nCreo que, aunque es bueno anticiparse a ciertos problemas, creo que no debe ser esa actitud la que gu\u00ede nuestra acci\u00f3n. Una cosa es prevenir o no pasar por alto cuestiones importantes, y otra muy distinta enfocarnos desde ah\u00ed, desde el problema (hasta entonces inexistente) y ver todo bajo ese prisma, a trav\u00e9s de esos \u201ccristales\u201d.<br \/><br \/>\nHe incrementado mi grado de flexibilidad ante los diferentes puntos de vista de las cosas y, aunque a\u00fan me queda mucho, agradezco y valoro el cambio.<br \/><br \/>\nComo he comentado anteriormente, me parece importante no perder de vista tu objetivo, que sea \u00e9l desde el que te \u201cenfoques\u201d y de alguna manera construya tu actitud y tu manera de funcionar dentro del proyecto. No es lo mismo si te \u201cenfocas\u201d desde el \u201cvoy a escuchar a toda persona que venga\u201d a que lo hagas pensando \u201ccon lo liada que voy, ya viene esta persona a molestar\u201d, cuando a lo mejor uno de tus objetivos y responsabilidades es precisamente ese: acoger a la gente.<br \/><br \/>\nLe doy mucha importancia tambi\u00e9n al no rendirse y pensar que todo tiene una soluci\u00f3n.<br \/><br \/>\nCrear un equipo de trabajo motivado y hacer las cosas lo m\u00e1s f\u00e1ciles y c\u00f3modas posibles, creo que genera un buen ambiente que permite muchas veces alcanzar metas que parec\u00edan inabarcables.<\/p><\/div><div id=\"tabs-5\" class=\"ui-tabs-panel ui-widget-content ui-corner-bottom\"><p>En mi caso no pienso en la discapacidad para nada a la hora de seguir a mi coraz\u00f3n. En el caso de la asociaci\u00f3n la tengo en cuenta porque siento lo injusto que es que no se cubran nuestras necesidades como colectivo, pero a la hora de llevar a cabo proyectos, o de hacer cosas, o de emprender cualquier iniciativa, la discapacidad no suele entrar por mi cabeza.<br \/><br \/>\nEn relaci\u00f3n con lo anterior, yo les dir\u00eda que se enfocaran desde la ilusi\u00f3n, desde el coraz\u00f3n y desde la pasi\u00f3n por el proyecto. Si luego la discapacidad influye o hay que tenerla en cuenta (a veces es necesario por cuestiones pr\u00e1cticas, pero no siempre), entonces ya os pondr\u00e9is a ello, pero no antes.<br \/><br \/>\nSi la discapacidad es sobrevenida, a m\u00ed me ha servido elaborar el duelo de lo que ya no puedo hacer como antes y, una vez hecha la despedida, me he centrado en las nuevas ilusiones que han ido apareciendo y no las he comparado para nada con el pasado ni con \u201clo que podr\u00eda haber sido si\u2026\u201d Trato de no \u201cutilizar\u201d mi discapacidad. Esto es un tema sutil, delicado y dif\u00edcil de explicar, pero creo que la discapacidad no debe \u201cusarse\u201d de seg\u00fan qu\u00e9 manera.<br \/><br \/>\nLes recomendar\u00eda mucha formaci\u00f3n, a much\u00edsimos niveles (relacionado con lo que vayan a emprender, pero tambi\u00e9n abriendo miras); que probasen de vez en cuando salir de su zona de confort.<br \/><br \/>\nSeguro que se sorprenden.<br \/><br \/>\nTambi\u00e9n creo que deben tratar de crear buenos equipos, donde la gente se sienta c\u00f3moda y se trabaje a gusto. Preocuparnos de verdad por nuestra gente. Que sientan que estamos ah\u00ed tambi\u00e9n. La flexibilidad, la honestidad y la humildad creo que deben estar en nuestro ADN y en todo lo que hagamos y transmitamos. Reconocer nuestros errores cuando se produzcan y saber disculparnos por ellos. Eso genera m\u00e1s confianza y mejor ambiente.<br \/><br \/>\nEs importante tambi\u00e9n conocer todos los recursos de tu zona. Recursos relacionados con tu campo, que te puedan facilitar las cosas, que te puedan aportar formaci\u00f3n e informaci\u00f3n, que sirvan como plataforma a la hora de reivindicar cuestiones o permitan optimizar recursos cuando s\u00f3lo con tu proyecto no llegas, que ofrezcan servicios compatibles con los tuyos y pod\u00e1is generar sinergias e intercambios\u2026<br \/><br \/>\nA m\u00ed me ayuda el reconocer, cuando las cosas no salen todo lo bien que esperaba, que eso es normal, que pocas cosas (por no decir ninguna) salen bien a la primera y no por eso hay que rendirse. Hay una frase que dice algo as\u00ed como: \u201cSi al final no sale bien, es porque eso no era el final\u201d. Tambi\u00e9n me ayuda el pensar que hay otras entidades que, a d\u00eda de hoy son grandes y que el llegar hasta donde est\u00e1n les ha supuesto, entre otras cosas, dos que a m\u00ed me ayuda pensar: no llegar\u00edan all\u00ed en dos d\u00edas y seguramente no se rendir\u00edan cuando las cosas no salieran como esperaban. Es en esos momentos de m\u00e1s \u201cdesesperaci\u00f3n\u201d o frustraci\u00f3n cuando hay que echar el resto y, como decimos en mi tierra \u201cno reblar\u201d. Eso marcar\u00e1 la diferencia entre unas entidades que s\u00f3lo lo intentan y las que, adem\u00e1s, lo consiguen.<br \/><br \/>\nMe encanta la gente an\u00f3nima que hace much\u00edsimo en su d\u00eda a d\u00eda y apenas nadie lo sabe ni se le reconoce. Cada d\u00eda conozco m\u00faltiples muestras de personas que est\u00e1n ah\u00ed, dando lo mejor de s\u00ed mismos para intentar cambiar las cosas. Gente sencilla que, sin alardes, realiza grand\u00edsimos trabajos, grand\u00edsimos proyectos\u2026 Y siempre sin desfallecer, y sin sentir que nadie les deba nada, y siempre con ilusi\u00f3n. Cualquier persona, en cualquier \u00e1mbito, que trabaja con honestidad e ilusi\u00f3n me llena de alegr\u00eda el coraz\u00f3n y me hace seguir ilusionada por cada nuevo d\u00eda y por todo lo que la vida puede ofrecernos. Esa gente que cambia peque\u00f1as grandes cosas es la que realmente me conmueve y me motiva a seguir adelante.<br \/><br \/>\nNo conozco mucho acerca del Emprendimiento Inclusivo as\u00ed, con esa terminolog\u00eda tan espec\u00edfica\u2026 Quiz\u00e1s dir\u00eda que se deben generar los medios, las herramientas y los caminos para que, las personas que quieran emprender, puedan hacerlo de la forma m\u00e1s sencilla y pr\u00e1ctica posible, sin que la discapacidad sea un motivo que frene, desanime o eche para atr\u00e1s a nadie. Valorando el hacer todos estos recursos accesibles para todo el mundo, hacemos que sirva de verdad para eso: para todo el mundo (incluyendo cualquier tipo de colectivo que se puede ver discriminado o rechazado o puede tenerlo algo m\u00e1s dif\u00edcil, no s\u00f3lo el de las personas con discapacidad). Desarrollar\u00eda y no dejar\u00eda que se bajase ni el nivel ni el ritmo en todo lo relativo a logros del colectivo. Es decir, el hecho de que estemos hablando de esto es porque ya ha habido unos logros previos. Creo que esto debe ir a m\u00e1s y de una forma exponencial.<br \/><br \/>\nCreo que todav\u00eda hay algunas debilidades por superar como el hecho de pensar que, por que se tenga una discapacidad, hay cosas que no van con nosotros\/as. O pensar que nuestra diferencia, en ocasiones, de ritmos, va a suponer una menor eficacia o eficiencia en el proceso. O creer adem\u00e1s que nuestra discapacidad puede suponer un n\u00famero de bajas laborales mayor al de otras personas.<br \/><br \/>\n<\/p><\/div><\/div><\/p>","protected":false},"excerpt":{"rendered":"","protected":false},"author":2,"featured_media":1880,"parent":0,"menu_order":0,"comment_status":"closed","ping_status":"closed","template":"","meta":{"footnotes":""},"categories":[4,7],"tags":[],"class_list":["post-1416","page","type-page","status-publish","has-post-thumbnail","hentry","category-country","category-spain"],"_links":{"self":[{"href":"https:\/\/100mirrors-inc.eu\/es\/wp-json\/wp\/v2\/pages\/1416","targetHints":{"allow":["GET"]}}],"collection":[{"href":"https:\/\/100mirrors-inc.eu\/es\/wp-json\/wp\/v2\/pages"}],"about":[{"href":"https:\/\/100mirrors-inc.eu\/es\/wp-json\/wp\/v2\/types\/page"}],"author":[{"embeddable":true,"href":"https:\/\/100mirrors-inc.eu\/es\/wp-json\/wp\/v2\/users\/2"}],"replies":[{"embeddable":true,"href":"https:\/\/100mirrors-inc.eu\/es\/wp-json\/wp\/v2\/comments?post=1416"}],"version-history":[{"count":21,"href":"https:\/\/100mirrors-inc.eu\/es\/wp-json\/wp\/v2\/pages\/1416\/revisions"}],"predecessor-version":[{"id":2640,"href":"https:\/\/100mirrors-inc.eu\/es\/wp-json\/wp\/v2\/pages\/1416\/revisions\/2640"}],"wp:featuredmedia":[{"embeddable":true,"href":"https:\/\/100mirrors-inc.eu\/es\/wp-json\/wp\/v2\/media\/1880"}],"wp:attachment":[{"href":"https:\/\/100mirrors-inc.eu\/es\/wp-json\/wp\/v2\/media?parent=1416"}],"wp:term":[{"taxonomy":"category","embeddable":true,"href":"https:\/\/100mirrors-inc.eu\/es\/wp-json\/wp\/v2\/categories?post=1416"},{"taxonomy":"post_tag","embeddable":true,"href":"https:\/\/100mirrors-inc.eu\/es\/wp-json\/wp\/v2\/tags?post=1416"}],"curies":[{"name":"wp","href":"https:\/\/api.w.org\/{rel}","templated":true}]}}