{"id":1433,"date":"2018-01-22T13:49:48","date_gmt":"2018-01-22T13:49:48","guid":{"rendered":"http:\/\/100mirrors-inc.eu\/?page_id=1433"},"modified":"2018-08-16T09:08:46","modified_gmt":"2018-08-16T09:08:46","slug":"laura-guirao","status":"publish","type":"page","link":"https:\/\/100mirrors-inc.eu\/es\/laura-guirao\/","title":{"rendered":"Laura Guirao"},"content":{"rendered":"<p><img loading=\"lazy\" decoding=\"async\" class=\"alignleft wp-image-1835 size-thumbnail\" src=\"http:\/\/100mirrors-inc.eu\/wp-content\/uploads\/2018\/02\/PICTURELauraGuirao-150x150.jpg\" alt=\"\" width=\"150\" height=\"150\" srcset=\"https:\/\/100mirrors-inc.eu\/wp-content\/uploads\/2018\/02\/PICTURELauraGuirao-150x150.jpg 150w, https:\/\/100mirrors-inc.eu\/wp-content\/uploads\/2018\/02\/PICTURELauraGuirao-24x24.jpg 24w, https:\/\/100mirrors-inc.eu\/wp-content\/uploads\/2018\/02\/PICTURELauraGuirao-36x36.jpg 36w, https:\/\/100mirrors-inc.eu\/wp-content\/uploads\/2018\/02\/PICTURELauraGuirao-48x48.jpg 48w, https:\/\/100mirrors-inc.eu\/wp-content\/uploads\/2018\/02\/PICTURELauraGuirao.jpg 300w\" sizes=\"auto, (max-width: 150px) 100vw, 150px\" \/><div class=\"otw-sc-tabs ui-tabs ui-widget ui-widget-content ui-corner-all\"><ul class=\"ui-tabs-nav ui-helper-reset ui-helper-clearfix ui-widget-header ui-corner-all\"><li><span class=\"tab-title\">Laura Guirao<\/span><\/li><li class=\"ui-state-default ui-corner-top\"><a href=\"#tabs-1\"><i class=\"general foundicon-smiley\"> <\/i>Sobre Mi<\/a><\/li><li class=\"ui-state-default ui-corner-top\"><a href=\"#tabs-2\"><i class=\"general foundicon-star\"> <\/i>Mis Conocimientos<\/a><\/li><li class=\"ui-state-default ui-corner-top\"><a href=\"#tabs-3\"><i class=\"general foundicon-plus\"> <\/i>Mi Motivacion<\/a><\/li><li class=\"ui-state-default ui-corner-top\"><a href=\"#tabs-4\"><i class=\"general foundicon-tools\"> <\/i>Mis habilidades<\/a><\/li><li class=\"ui-state-default ui-corner-top\"><a href=\"#tabs-5\"><i class=\"general foundicon-star\"> <\/i>Consejos<\/a><\/li><\/ul><div id=\"tabs-1\" class=\"ui-tabs-panel ui-widget-content ui-corner-bottom\"><p><b><strong>Nombre Apellido<\/strong>:<\/b> Laura Guirao<br \/><br \/>\n<b><strong>Pais<\/strong>:<\/b> Espa\u00f1a<br \/><br \/>\n<b><strong>Ciudad<\/strong>:<\/b> Granada<br \/><br \/>\n<b><strong>Nacionalidad<\/strong>:<\/b> Espa\u00f1ola<br \/><br \/>\n<b><strong>Formaci\u00f3n<\/strong>:<\/b> Universidad<br \/><br \/>\n<b><strong>Sector<\/strong>:<\/b> Servicios<br \/><br \/>\n<b><strong>Puesto<\/strong>:<\/b> socia al 50%<br \/><br \/>\n<b><strong>Empresa + Web<\/strong>:<\/b>Nosolored SL. https:\/\/www.nosolored.com\/ <\/p><\/div><div id=\"tabs-2\" class=\"ui-tabs-panel ui-widget-content ui-corner-bottom\"><p><\/p><br \/>\n<p>Nac\u00ed en 1970, con una enfermedad hereditaria y degenerativa: distrofia muscular de cinturas. Utilizo silla de ruedas desde los 11 a\u00f1os y tambi\u00e9n tengo afectados brazos y manos. En mi infancia y adolescencia, a pesar de la gran cantidad de barreras f\u00edsicas, siempre he tenido el apoyo de familia y amigos y en general no he sentido discriminaci\u00f3n, he sido afortunada en este sentido.<\/p><br \/>\n<p>En 1993 me licenci\u00e9 en Ciencias Qu\u00edmicas por la Universidad de Granada, en la especialidad de Bioqu\u00edmica. Al terminar la carrera me apunt\u00e9 a varios cursos de formaci\u00f3n a trav\u00e9s de la Federaci\u00f3n Granadina de Personas con Discapacidad (aunque en aquella \u00e9poca a\u00fan no se llamaba as\u00ed). Hice un curso de Contabilidad y otro de Asesor\u00eda de empresas. En este \u00faltimo curso me seleccionaron para 1 mes de pr\u00e1cticas en la empresa del que fue el profesor del curso, y tras ese mes me contrataron. Era una consultora de formaci\u00f3n. Desde entonces y durante varios a\u00f1os estuve trabajando en esta y otras consultoras hasta que me plante\u00e9 independizarme y trabajar en mi propia empresa. As\u00ed fue como naci\u00f3 NOSOLORED SL, empresa de la que soy socia junto con Jose Garc\u00eda, mi marido.<\/p><br \/>\n<p><\/p><\/div><div id=\"tabs-3\" class=\"ui-tabs-panel ui-widget-content ui-corner-bottom\"><p>La idea la pusimos en marcha en 2003, aunque estaba solo Jose como aut\u00f3nomo, y yo solo ayudaba en ratos libres. En 2010 creamos la SL ya los dos como socios.Las razones que nos han llevado a crear esta empresa ha sido el trabajar en lo que nos gusta, y sobre todo ganar en calidad de vida e independencia. Trabajar para otros puede ser en ocasiones muy estresante y agotador.<br \/><br \/>\nEl mundo de Internet y las tecnolog\u00edas obviamente es el futuro, as\u00ed que tenemos la oportunidad de seguir creciendo aprovechando todo lo que esto nos ofrece. La seguridad en Internet cada vez es m\u00e1s complicada. La tecnolog\u00eda avanza muy deprisa y con ella tambi\u00e9n la capacidad de hackers y malware de acceder a informaci\u00f3n sensible.<br \/><br \/>\nNuestra principal preocupaci\u00f3n en los \u00faltimos tiempos es proteger a nuestros clientes en este sentido.<\/p><\/div><div id=\"tabs-4\" class=\"ui-tabs-panel ui-widget-content ui-corner-bottom\"><p>Creo que mis virtudes o defectos en el trabajo deber\u00edan m\u00e1s bien valorarlos mis compa\u00f1eros, la verdad. En resumen lo que puedo decir es que intento pensar las cosas y buscar soluciones a los problemas con calma, siempre me han dicho que tengo mucha paciencia. Me gusta trabajar en equipo aunque a veces he tenido equipos con los que no me ha gustado trabajar, y es que las personas son fundamentales para que la empresa funcione.<br \/><br \/>\nSi hay un concepto importante para m\u00ed es la paciencia, intento no alterarme mucho con los problemas y pensar con calma.<\/p><\/div><div id=\"tabs-5\" class=\"ui-tabs-panel ui-widget-content ui-corner-bottom\"><p>Si hay un consejo que dar\u00eda a otras mujeres es que en primer lugar, crean en sus capacidades. A partir de ah\u00ed, buscar el negocio que m\u00e1s se adapte a estas capacidades y estudiar la viabilidad del mismo (posible competencia, inversi\u00f3n a realizar, ayudas...). Nosotros intentamos tomar lo bueno que vemos en diversos negocios y aplicarlos al nuestro pero no tenemos una referencia especial de alguna empresa.<br \/><br \/>\nRespecto al emprendimiento inclusivo, hay muy pocas ayudas para el aut\u00f3nomo con discapacidad. Es m\u00e1s rentable para una empresa contratar a una persona con discapacidad que para nosotros ser aut\u00f3nomos, ya que las cuotas de la Seguridad Social solo tienen bonificaci\u00f3n durante un per\u00edodo determinado. Sigue habiendo muchas barreras, de todo tipo. Y aparte de esto, los tr\u00e1mites para crear una empresa son demasiado complejos, esto es en general para cualquier emprendedor, deber\u00edan simplificar el sistema.<\/p><\/div><\/div><\/p>","protected":false},"excerpt":{"rendered":"","protected":false},"author":2,"featured_media":1835,"parent":0,"menu_order":0,"comment_status":"closed","ping_status":"closed","template":"","meta":{"footnotes":""},"categories":[4,7],"tags":[],"class_list":["post-1433","page","type-page","status-publish","has-post-thumbnail","hentry","category-country","category-spain"],"_links":{"self":[{"href":"https:\/\/100mirrors-inc.eu\/es\/wp-json\/wp\/v2\/pages\/1433","targetHints":{"allow":["GET"]}}],"collection":[{"href":"https:\/\/100mirrors-inc.eu\/es\/wp-json\/wp\/v2\/pages"}],"about":[{"href":"https:\/\/100mirrors-inc.eu\/es\/wp-json\/wp\/v2\/types\/page"}],"author":[{"embeddable":true,"href":"https:\/\/100mirrors-inc.eu\/es\/wp-json\/wp\/v2\/users\/2"}],"replies":[{"embeddable":true,"href":"https:\/\/100mirrors-inc.eu\/es\/wp-json\/wp\/v2\/comments?post=1433"}],"version-history":[{"count":18,"href":"https:\/\/100mirrors-inc.eu\/es\/wp-json\/wp\/v2\/pages\/1433\/revisions"}],"predecessor-version":[{"id":2620,"href":"https:\/\/100mirrors-inc.eu\/es\/wp-json\/wp\/v2\/pages\/1433\/revisions\/2620"}],"wp:featuredmedia":[{"embeddable":true,"href":"https:\/\/100mirrors-inc.eu\/es\/wp-json\/wp\/v2\/media\/1835"}],"wp:attachment":[{"href":"https:\/\/100mirrors-inc.eu\/es\/wp-json\/wp\/v2\/media?parent=1433"}],"wp:term":[{"taxonomy":"category","embeddable":true,"href":"https:\/\/100mirrors-inc.eu\/es\/wp-json\/wp\/v2\/categories?post=1433"},{"taxonomy":"post_tag","embeddable":true,"href":"https:\/\/100mirrors-inc.eu\/es\/wp-json\/wp\/v2\/tags?post=1433"}],"curies":[{"name":"wp","href":"https:\/\/api.w.org\/{rel}","templated":true}]}}