{"id":1443,"date":"2018-01-22T14:36:20","date_gmt":"2018-01-22T14:36:20","guid":{"rendered":"http:\/\/100mirrors-inc.eu\/?page_id=1443"},"modified":"2018-08-16T09:10:28","modified_gmt":"2018-08-16T09:10:28","slug":"laura-soler-azorin","status":"publish","type":"page","link":"https:\/\/100mirrors-inc.eu\/es\/laura-soler-azorin\/","title":{"rendered":"Laura Soler Azorin"},"content":{"rendered":"<p><img loading=\"lazy\" decoding=\"async\" class=\"alignleft wp-image-1841 size-thumbnail\" src=\"http:\/\/100mirrors-inc.eu\/wp-content\/uploads\/2018\/02\/PICTURE-LAURA-SOLER-150x150.jpg\" alt=\"\" width=\"150\" height=\"150\" srcset=\"https:\/\/100mirrors-inc.eu\/wp-content\/uploads\/2018\/02\/PICTURE-LAURA-SOLER-150x150.jpg 150w, https:\/\/100mirrors-inc.eu\/wp-content\/uploads\/2018\/02\/PICTURE-LAURA-SOLER-24x24.jpg 24w, https:\/\/100mirrors-inc.eu\/wp-content\/uploads\/2018\/02\/PICTURE-LAURA-SOLER-36x36.jpg 36w, https:\/\/100mirrors-inc.eu\/wp-content\/uploads\/2018\/02\/PICTURE-LAURA-SOLER-48x48.jpg 48w, https:\/\/100mirrors-inc.eu\/wp-content\/uploads\/2018\/02\/PICTURE-LAURA-SOLER.jpg 300w\" sizes=\"auto, (max-width: 150px) 100vw, 150px\" \/><div class=\"otw-sc-tabs ui-tabs ui-widget ui-widget-content ui-corner-all\"><ul class=\"ui-tabs-nav ui-helper-reset ui-helper-clearfix ui-widget-header ui-corner-all\"><li><span class=\"tab-title\">Laura Soler Azorin<\/span><\/li><li class=\"ui-state-default ui-corner-top\"><a href=\"#tabs-1\"><i class=\"general foundicon-smiley\"> <\/i>Sobre Mi<\/a><\/li><li class=\"ui-state-default ui-corner-top\"><a href=\"#tabs-2\"><i class=\"general foundicon-star\"> <\/i>Mis Conocimientos<\/a><\/li><li class=\"ui-state-default ui-corner-top\"><a href=\"#tabs-3\"><i class=\"general foundicon-plus\"> <\/i>Mi Motivacion<\/a><\/li><li class=\"ui-state-default ui-corner-top\"><a href=\"#tabs-4\"><i class=\"general foundicon-tools\"> <\/i>Mis habilidades<\/a><\/li><li class=\"ui-state-default ui-corner-top\"><a href=\"#tabs-5\"><i class=\"general foundicon-star\"> <\/i>Consejos<\/a><\/li><\/ul><div id=\"tabs-1\" class=\"ui-tabs-panel ui-widget-content ui-corner-bottom\"><p><b><strong>Nombre Apellido<\/strong>:<\/b> Laura Soler Azor\u00edn<br \/><br \/>\n<b><strong>Pais<\/strong>:<\/b> Espa\u00f1a<br \/><br \/>\n<b><strong>Ciudad<\/strong>:<\/b> Alicante<br \/><br \/>\n<b><strong>Nacionalidad<\/strong>:<\/b> Espa\u00f1ola<br \/><br \/>\n<b><strong>Formaci\u00f3n<\/strong>:<\/b> Estudios universitarios<br \/><br \/>\n<b><strong>Sector<\/strong>:<\/b> Educaci\u00f3n<br \/><br \/>\n<b><strong>Puesto<\/strong>:<\/b> Docente<br \/><br \/>\n<b><strong>Empresa + Web<\/strong>:<\/b> Facultad de Educaci\u00f3n (Universidad de Alicante) https:\/\/educacio.ua.es\/ <\/p><\/div><div id=\"tabs-2\" class=\"ui-tabs-panel ui-widget-content ui-corner-bottom\"><p><\/p><br \/>\n<p>Licenciada y doctora en Filolog\u00eda Hisp\u00e1nica por la Universidad de Alicante. Representando a mi Facultad fui elegida miembro del Consejo de Gobierno y del Claustro. Fui Presidenta de APDUA, Concejala socialista en el Ayuntamiento de Alicante en la legislatura desde el a\u00f1o 2007 hasta el a\u00f1o 2011. He trabajado en la oficina de Proyectos Internacionales de la Universidad de Alicante lo que me ha llevado a impartir cursos contando mi experiencia en universidades africanas como Kenitra (Marruecos) y Alejandr\u00eda (Egipto), entre otras. Actualmente soy profesora de la Facultad de Educaci\u00f3n en la UA.<\/p><br \/>\n<p>Soy una persona so\u00f1adora, a quien la silla de ruedas no ha supuesto una barrera sino m\u00e1s bien lo contrario. Estuve en un grupo scout desde los 7 hasta los 14 a\u00f1os de manera totalmente normalizada.<\/p><br \/>\n<p>Me encanta leer, escuchar m\u00fasica y viajar y lo m\u00e1s importante disfrutar con mi familia y amigos, pues para m\u00ed lo bonito de la vida es poder compartir momentos. Una afici\u00f3n curiosa que tengo es ver telenovelas latinoamericanas, como se refleja en mi blog \u201clatelenovelaescosaseria.blogspot.com\u201c que adem\u00e1s me llev\u00f3 a realizar mi Tesis Doctoral sobre el tema llamada \u201cTeor\u00eda y cr\u00edtica de la telenovela latinoamericana\u201d<\/p><br \/>\n<p>Durante mi carrera universitaria pude realizar una estancia Erasmus de un a\u00f1o durante el curso 2005-2006 en la universidad \u201cPaul Verlaine\u201d de Metz que fue una experiencia fundamental en mi vida.Acabo de volver de una estancia de seis semanas en las universidades chilenas de Magallanes y de Vi\u00f1a del Mar como profesora visitante.<\/p><br \/>\n<p><\/p><\/div><div id=\"tabs-3\" class=\"ui-tabs-panel ui-widget-content ui-corner-bottom\"><p><\/p><br \/>\n<p>Las razones que me han llevado a desarrollar mi carrera profesional como docente en la Facultad de Educaci\u00f3n ha sido luchar porque las personas con discapacidad logren el mismo estatus que, de acuerdo con su formaci\u00f3n, les corresponda.<br \/><br \/>\nLa oportunidad que me da formar a los futuros maestros como docente en la Facultad de Educaci\u00f3n hace que pueda normalizar la discapacidad motora y hacer hincapi\u00e9 en el concepto de inclusi\u00f3n plena.<\/p><br \/>\n<p>Adem\u00e1s, el hecho de estar de docente en la Universidad me permite tener una plataforma para poder trasladar el mensaje de igualdad de oportunidades a otras latitudes. Y adem\u00e1s me permite investigar en el \u00e1mbito de la educaci\u00f3n superior, el g\u00e9nero y la discapacidad. Un g\u00e9nero poco explorado todav\u00eda<\/p><br \/>\n<p>Si tengo que pensar en las amenazas que me acompa\u00f1an d\u00eda a d\u00eda, puedo nombrar la competitividad existente en la carrera docente en la que todav\u00eda no existe un cupo reservado para las personas con discapacidad motora, motivo que complica el acceso y progreso en este \u00e1mbito laboral.<\/p><br \/>\n<p><\/p><\/div><div id=\"tabs-4\" class=\"ui-tabs-panel ui-widget-content ui-corner-bottom\"><p><\/p><br \/>\n<p>Si tengo que describir las competencias que poseo, puedo afirmar que tengo facilidad para aprender y que me adapto con facilidad a los cambios. Cuando es necesario me gusta hacer equipo cuando trabajo y justo por ese motivo, escucho y pongo atenci\u00f3n a los problemas que tienen otras personas. No tengo ning\u00fan apuro a la hora de pedir un consejo y, del mismo modo, soy capaz de utilizar mi propia experiencia para dar consejos a otras. No tengo ning\u00fan problema a la hora de gestionar todas mis actividades, tanto en el trabajo como en mi vida privada.<\/p><br \/>\n<p>Me considero una persona perseverante, optimista por naturaleza y con grande dotes de empat\u00eda hacia terceras personas. Soy cr\u00edtica conmigo misma y con la sociedad que nos ha tocado vivir, pero tengo una gran confianza en las personas que me rodean. A la hora de definirme como profesional, soy una persona activa y creativa, a quien le gusta innovar y que sabe ser pr\u00e1ctica ante las situaciones que me prepara el d\u00eda a d\u00eda.<\/p><br \/>\n<p><\/p><\/div><div id=\"tabs-5\" class=\"ui-tabs-panel ui-widget-content ui-corner-bottom\"><p><\/p><br \/>\n<p>Si tengo que dar consejos a otras mujeres con discapacidad que quieran desarrollarse profesionalmente superando las barreras de su propia discapacidad les dir\u00eda que crean en s\u00ed mismas y en lo que quieren realizar; que perseveren y no desfallezcan en el camino porque como me gusta repetir \u201cla \u00fanica lucha que se pierde es la que se abandona\u201d. Mis tres palabras m\u00e1gicas son: trabajo, perseverancia y formaci\u00f3n.<\/p><br \/>\n<p>En mi caso, a la hora de buscar inspiraci\u00f3n, la he tenido que buscar en mis padres y en una amiga m\u00e1s mayor que yo, catedr\u00e1tica de instituto que va en silla de ruedas.<br \/><br \/>\n<\/p><\/div><\/div><\/p>","protected":false},"excerpt":{"rendered":"","protected":false},"author":2,"featured_media":1841,"parent":0,"menu_order":0,"comment_status":"closed","ping_status":"closed","template":"","meta":{"footnotes":""},"categories":[4,7],"tags":[],"class_list":["post-1443","page","type-page","status-publish","has-post-thumbnail","hentry","category-country","category-spain"],"_links":{"self":[{"href":"https:\/\/100mirrors-inc.eu\/es\/wp-json\/wp\/v2\/pages\/1443","targetHints":{"allow":["GET"]}}],"collection":[{"href":"https:\/\/100mirrors-inc.eu\/es\/wp-json\/wp\/v2\/pages"}],"about":[{"href":"https:\/\/100mirrors-inc.eu\/es\/wp-json\/wp\/v2\/types\/page"}],"author":[{"embeddable":true,"href":"https:\/\/100mirrors-inc.eu\/es\/wp-json\/wp\/v2\/users\/2"}],"replies":[{"embeddable":true,"href":"https:\/\/100mirrors-inc.eu\/es\/wp-json\/wp\/v2\/comments?post=1443"}],"version-history":[{"count":13,"href":"https:\/\/100mirrors-inc.eu\/es\/wp-json\/wp\/v2\/pages\/1443\/revisions"}],"predecessor-version":[{"id":2622,"href":"https:\/\/100mirrors-inc.eu\/es\/wp-json\/wp\/v2\/pages\/1443\/revisions\/2622"}],"wp:featuredmedia":[{"embeddable":true,"href":"https:\/\/100mirrors-inc.eu\/es\/wp-json\/wp\/v2\/media\/1841"}],"wp:attachment":[{"href":"https:\/\/100mirrors-inc.eu\/es\/wp-json\/wp\/v2\/media?parent=1443"}],"wp:term":[{"taxonomy":"category","embeddable":true,"href":"https:\/\/100mirrors-inc.eu\/es\/wp-json\/wp\/v2\/categories?post=1443"},{"taxonomy":"post_tag","embeddable":true,"href":"https:\/\/100mirrors-inc.eu\/es\/wp-json\/wp\/v2\/tags?post=1443"}],"curies":[{"name":"wp","href":"https:\/\/api.w.org\/{rel}","templated":true}]}}