{"id":1450,"date":"2018-01-22T15:01:49","date_gmt":"2018-01-22T15:01:49","guid":{"rendered":"http:\/\/100mirrors-inc.eu\/?page_id=1450"},"modified":"2018-08-16T09:54:40","modified_gmt":"2018-08-16T09:54:40","slug":"raquel-dominguez-martin","status":"publish","type":"page","link":"https:\/\/100mirrors-inc.eu\/es\/raquel-dominguez-martin\/","title":{"rendered":"Raquel Dominguez Martin"},"content":{"rendered":"<p><img loading=\"lazy\" decoding=\"async\" class=\"alignleft wp-image-1900 size-thumbnail\" src=\"http:\/\/100mirrors-inc.eu\/wp-content\/uploads\/2018\/02\/raquel-dominguez-picture-150x150.jpg\" alt=\"\" width=\"150\" height=\"150\" srcset=\"https:\/\/100mirrors-inc.eu\/wp-content\/uploads\/2018\/02\/raquel-dominguez-picture-150x150.jpg 150w, https:\/\/100mirrors-inc.eu\/wp-content\/uploads\/2018\/02\/raquel-dominguez-picture-24x24.jpg 24w, https:\/\/100mirrors-inc.eu\/wp-content\/uploads\/2018\/02\/raquel-dominguez-picture-36x36.jpg 36w, https:\/\/100mirrors-inc.eu\/wp-content\/uploads\/2018\/02\/raquel-dominguez-picture-48x48.jpg 48w, https:\/\/100mirrors-inc.eu\/wp-content\/uploads\/2018\/02\/raquel-dominguez-picture.jpg 300w\" sizes=\"auto, (max-width: 150px) 100vw, 150px\" \/><div class=\"otw-sc-tabs ui-tabs ui-widget ui-widget-content ui-corner-all\"><ul class=\"ui-tabs-nav ui-helper-reset ui-helper-clearfix ui-widget-header ui-corner-all\"><li><span class=\"tab-title\">Raquel Dominguez Martin<\/span><\/li><li class=\"ui-state-default ui-corner-top\"><a href=\"#tabs-1\"><i class=\"general foundicon-smiley\"> <\/i>Sobre Mi<\/a><\/li><li class=\"ui-state-default ui-corner-top\"><a href=\"#tabs-2\"><i class=\"general foundicon-star\"> <\/i>Mis Conocimientos<\/a><\/li><li class=\"ui-state-default ui-corner-top\"><a href=\"#tabs-3\"><i class=\"general foundicon-plus\"> <\/i>Mi Experiencia<\/a><\/li><li class=\"ui-state-default ui-corner-top\"><a href=\"#tabs-4\"><i class=\"general foundicon-tools\"> <\/i>Mis Habilidades<\/a><\/li><li class=\"ui-state-default ui-corner-top\"><a href=\"#tabs-5\"><i class=\"general foundicon-star\"> <\/i>Consejos<\/a><\/li><\/ul><div id=\"tabs-1\" class=\"ui-tabs-panel ui-widget-content ui-corner-bottom\"><p><b><strong>Nombre Apellido<\/strong>:<\/b> Raquel Dominguez Martin<br \/><br \/>\n<b><strong>Pais<\/strong>:<\/b> Espa\u00f1a<br \/><br \/>\n<b><strong>Ciudad<\/strong>:<\/b> Sevilla<br \/><br \/>\n<b><strong>Nacionalidad<\/strong>:<\/b> Espa\u00f1ola<br \/><br \/>\n<b><strong>Formaci\u00f3n<\/strong>:<\/b> FP (sanitario), formaci\u00f3n continua (radio y doblaje) adem\u00e1s de auto-aprendizaje<br \/><br \/>\n<b><strong>Sector<\/strong>:<\/b> Cultura & Deporte<br \/><br \/>\n<b><strong>Puesto<\/strong>:<\/b> Embajadora \/ colaboradora<br \/><br \/>\n<b><strong>Empresa + Web:<\/strong><\/b> Fundaci\u00f3n Adecco https:\/\/fundacionadecco.org\/ <\/p><\/div><div id=\"tabs-2\" class=\"ui-tabs-panel ui-widget-content ui-corner-bottom\"><p><\/p><br \/>\n<p>Cre\u00ed que en mi vida ten\u00eda un camino, el que iba dibujando en mi mente y con las decisiones que me iba marcando, pero siempre con la sombra de una idiopatia que me acompa\u00f1aba desde los 12 a\u00f1os en el brazo derecho y que apareci\u00f3 virulentamente en el izquierdo a los 19. Y fue con ese empeoramiento de la enfermedad y las 23 operaciones a las que tuve que someterme, donde empec\u00e9 a ver con claridad, lo importante del d\u00eda a d\u00eda; todo lo que podemos hacer, o al menos intentarlo, y que dejamos para el ma\u00f1ana (o lo envolvemos en 1001 excusas) para no apostar por nosotros mismos. Y esos nuevos ojos me llevaron al deporte adaptado, primero en nataci\u00f3n (mariposa y otros estilos...nadando solo con las piernas), despu\u00e9s al atletismo (100 y 200 m lisos), a la marcha ol\u00edmpica, al marat\u00f3n, a la ultradistancia, Triatlon y medio ironman\u2026 con logros y t\u00edtulos pero sobre todo siendo consciente en la belleza del camino cuando pones toda tu pasi\u00f3n y constancia.<br \/><br \/>\nApostando en todo momento por lo que ten\u00eda y no por lo que me faltaba, o no pod\u00eda, y para lo que me hab\u00eda formado laboralmente. As\u00ed que decid\u00ed que solo ten\u00eda algo que pod\u00eda desarrollar profesionalmente, y ese algo era mi voz y la capacidad de comunicar. Y tom\u00e9 la decisi\u00f3n de formarme profesionalmente para ello, dejando atr\u00e1s el camino que comenc\u00e9 a\u00f1os anteriores como profesional sanitaria.<\/p><br \/>\n<p><\/p><\/div><div id=\"tabs-3\" class=\"ui-tabs-panel ui-widget-content ui-corner-bottom\"><p>Los problemas econ\u00f3micos fueron durante mucho tiempo un gran obst\u00e1culo, sin duda; dados por la discapacidad y por todos los estereotipos de los que hablaba antes sobre las personas con alg\u00fan tipo de discapacidad ya que parece que no se crea en ti, en tus competencias, por tener un certificado de discapacidad.<br \/><br \/>\nSoy una afortunada sin duda.... la fortuna no se tiene se siente.... Por suerte tengo a mucha gente que me quiere y a la que amo y adoro; me han dado ese calor necesario y econ\u00f3micamente tambi\u00e9n han estado a mi lado cuando peor estuve. Y bueno, si algo puse o pongo yo de mi parte, son mis ganas de Vivir, sentir y hacer sentir.<br \/><br \/>\nTengo experiencia en coaching, sin serlo, por el tipo de ponencias y charlas que doy.<\/p><\/div><div id=\"tabs-4\" class=\"ui-tabs-panel ui-widget-content ui-corner-bottom\"><p>Sobre las competencias que me caracterizan, puedo destacar que soy capaz de adaptarme con facilidad a los cambios; Coordino y motivo a mi personal e intento crear buen ambiente all\u00ed donde este, para m\u00ed es importante el desarrollo personal de las personas que trabajan conmigo. Me gusta tener objetivos y alcanzar mis metas y si es necesario, soy capaz de tomar decisiones r\u00e1pidamente. No dudo si tengo que solicitar consejo pero yo no doy consejos....solo apoyo y digo... 'puedes, no est\u00e1s sol@!'<br \/><br \/>\nSi tengo que hablar de mis cualidades\u2026 Soy!<br \/><br \/>\nModesta: es necesario para aprender; Modesta: es necesario para aprender; Ambiciosa: no me mueve la ambici\u00f3n solo me apasiono e ilusiono con facilidad; Pasiva: imposible; Activa: de latido fuerte; Conservadora: cuidadosa; Progresista: absolutamente: Habladora: escucho mejor pero soy comunicativa; T\u00edmida: aunque parezca imposible soy t\u00edmida; Dogm\u00e1tica: lo justo; Cr\u00edtica: constructiva; Independiente: puedo serlo....pero nadie hace nada solo somos peque\u00f1os eslabones de una gran cadena; Cooperativa: imprescindible; Inconstante \/ impredecible; Optimista: mi sonrisa me delata; Pesimista: jam\u00e1s; Innovadora: se intenta; Pr\u00e1ctica: casi siempre; Te\u00f3rica: lo justo; Flexible: siempre que es necesario; R\u00edgida: dif\u00edcilmente; Relajada: tambi\u00e9n dif\u00edcilmente; R\u00e1pida: depende para que; Lenta: cuidadosa m\u00e1s bien; Estrecha de miras: espero que No; De mente abierta: los ojos y coraz\u00f3n siempre abiertos; Segura: segura de que lo intentar\u00e9 al menos; Arriesgada: solo as\u00ed se gana; Prudente: me paro a pensar si repercute en otros; Sint\u00e9tica: a veces s\u00ed; Anal\u00edtica: depende; Paciente: la madre de toda ciencia; Impaciente: con ganas m\u00e1s bien; Creativa: s\u00ed; Met\u00f3dica: voy a golpe de coraz\u00f3n as\u00ed que no mucho; Con visi\u00f3n de futuro: pensando que el mejor d\u00eda es....hoy!; Espont\u00e1nea: s\u00ed; Organizada: en mi caos; Democr\u00e1tica: siempre; Autoritaria: espero que nunca hiciera sentir a nadie as\u00ed <\/p><\/div><div id=\"tabs-5\" class=\"ui-tabs-panel ui-widget-content ui-corner-bottom\"><p>Como dije antes, no doy consejos y creo que, da igual que tengas discapacidad, seas hombre, mujer, africana, musulm\u00e1n, lesbiana o la etiqueta que te pongan. Lo importante es ser t\u00fa mismo, creer en ti, en tus capacidades y dar el salto\u2026 nunca hay red, ni alfombras rojas....pero s\u00ed te tendr\u00e1s a ti mismo y a todo lo positivo que generes con esa aptitud y actitud en cada amanecer, sin importar que te salga un d\u00eda gris o llueva....La Luz saldr\u00e1 con tu constancia ilusi\u00f3n y piel!!!<br \/><br \/>\nAl hablar de emprendimiento inclusivo\u2026 Creo que habr\u00e1 emprendimiento inclusi\u00f3n, o lo que sea, cuando quitemos de la frase las palabras que ya parece que hacen la distinci\u00f3n... en este caso, inclusivo! El Emprendimiento El Talento No Tiene Etiquetas; se tiene, se es o no!!<\/p><\/div><\/div><\/p>","protected":false},"excerpt":{"rendered":"","protected":false},"author":2,"featured_media":1900,"parent":0,"menu_order":0,"comment_status":"closed","ping_status":"closed","template":"","meta":{"footnotes":""},"categories":[4,7],"tags":[],"class_list":["post-1450","page","type-page","status-publish","has-post-thumbnail","hentry","category-country","category-spain"],"_links":{"self":[{"href":"https:\/\/100mirrors-inc.eu\/es\/wp-json\/wp\/v2\/pages\/1450","targetHints":{"allow":["GET"]}}],"collection":[{"href":"https:\/\/100mirrors-inc.eu\/es\/wp-json\/wp\/v2\/pages"}],"about":[{"href":"https:\/\/100mirrors-inc.eu\/es\/wp-json\/wp\/v2\/types\/page"}],"author":[{"embeddable":true,"href":"https:\/\/100mirrors-inc.eu\/es\/wp-json\/wp\/v2\/users\/2"}],"replies":[{"embeddable":true,"href":"https:\/\/100mirrors-inc.eu\/es\/wp-json\/wp\/v2\/comments?post=1450"}],"version-history":[{"count":13,"href":"https:\/\/100mirrors-inc.eu\/es\/wp-json\/wp\/v2\/pages\/1450\/revisions"}],"predecessor-version":[{"id":2642,"href":"https:\/\/100mirrors-inc.eu\/es\/wp-json\/wp\/v2\/pages\/1450\/revisions\/2642"}],"wp:featuredmedia":[{"embeddable":true,"href":"https:\/\/100mirrors-inc.eu\/es\/wp-json\/wp\/v2\/media\/1900"}],"wp:attachment":[{"href":"https:\/\/100mirrors-inc.eu\/es\/wp-json\/wp\/v2\/media?parent=1450"}],"wp:term":[{"taxonomy":"category","embeddable":true,"href":"https:\/\/100mirrors-inc.eu\/es\/wp-json\/wp\/v2\/categories?post=1450"},{"taxonomy":"post_tag","embeddable":true,"href":"https:\/\/100mirrors-inc.eu\/es\/wp-json\/wp\/v2\/tags?post=1450"}],"curies":[{"name":"wp","href":"https:\/\/api.w.org\/{rel}","templated":true}]}}