{"id":1462,"date":"2018-01-25T12:45:55","date_gmt":"2018-01-25T12:45:55","guid":{"rendered":"http:\/\/100mirrors-inc.eu\/?page_id=1462"},"modified":"2018-08-16T07:50:35","modified_gmt":"2018-08-16T07:50:35","slug":"ana-isabel-martinez-cancio","status":"publish","type":"page","link":"https:\/\/100mirrors-inc.eu\/es\/ana-isabel-martinez-cancio\/","title":{"rendered":"Ana Isabel Mart\u00ednez Cancio"},"content":{"rendered":"<p><img loading=\"lazy\" decoding=\"async\" class=\"alignleft size-thumbnail wp-image-2162\" src=\"http:\/\/100mirrors-inc.eu\/wp-content\/uploads\/2018\/02\/Ana-Mart\u00ednez-Cancio_300-150x150.jpg\" alt=\"\" width=\"150\" height=\"150\" srcset=\"https:\/\/100mirrors-inc.eu\/wp-content\/uploads\/2018\/02\/Ana-Mart\u00ednez-Cancio_300-150x150.jpg 150w, https:\/\/100mirrors-inc.eu\/wp-content\/uploads\/2018\/02\/Ana-Mart\u00ednez-Cancio_300-24x24.jpg 24w, https:\/\/100mirrors-inc.eu\/wp-content\/uploads\/2018\/02\/Ana-Mart\u00ednez-Cancio_300-36x36.jpg 36w, https:\/\/100mirrors-inc.eu\/wp-content\/uploads\/2018\/02\/Ana-Mart\u00ednez-Cancio_300-48x48.jpg 48w, https:\/\/100mirrors-inc.eu\/wp-content\/uploads\/2018\/02\/Ana-Mart\u00ednez-Cancio_300.jpg 300w\" sizes=\"auto, (max-width: 150px) 100vw, 150px\" \/><div class=\"otw-sc-tabs ui-tabs ui-widget ui-widget-content ui-corner-all\"><ul class=\"ui-tabs-nav ui-helper-reset ui-helper-clearfix ui-widget-header ui-corner-all\"><li><span class=\"tab-title\">Ana Isabel Mart\u00ednez Cancio<\/span><\/li><li class=\"ui-state-default ui-corner-top\"><a href=\"#tabs-1\"><i class=\"general foundicon-smiley\"> <\/i>Sobre mi<\/a><\/li><li class=\"ui-state-default ui-corner-top\"><a href=\"#tabs-2\"><i class=\"general foundicon-star\"> <\/i>Mis Conocientos<\/a><\/li><li class=\"ui-state-default ui-corner-top\"><a href=\"#tabs-3\"><i class=\"social foundicon-thumb-up\"> <\/i>Mi Motivacion<\/a><\/li><li class=\"ui-state-default ui-corner-top\"><a href=\"#tabs-4\"><i class=\"general foundicon-idea\"> <\/i>Mi Idea<\/a><\/li><li class=\"ui-state-default ui-corner-top\"><a href=\"#tabs-5\"><i class=\"general foundicon-plus\"> <\/i>Mi Experiensa<\/a><\/li><li class=\"ui-state-default ui-corner-top\"><a href=\"#tabs-6\"><i class=\"general foundicon-tools\"> <\/i>Mis Habilidades<\/a><\/li><li class=\"ui-state-default ui-corner-top\"><a href=\"#tabs-7\"><i class=\"general foundicon-star\"> <\/i>Consejos<\/a><\/li><\/ul><div id=\"tabs-1\" class=\"ui-tabs-panel ui-widget-content ui-corner-bottom\"><p><strong>Nombre Apellido:<\/strong> Ana Isabel Mart\u00ednez Cancio<br \/><br \/>\n<strong>Pa\u00eds:<\/strong> Espa\u00f1a<br \/><br \/>\n<strong>Ciudad:<\/strong> Villalba (Lugo)<br \/><br \/>\n<strong>Nacionalidad:<\/strong> Espa\u00f1ol<br \/><br \/>\n<strong>Formaci\u00f3n:<\/strong> Bachillerato o Formaci\u00f3n Profesional<br \/><br \/>\n<strong>Sector:<\/strong> Agricultura y Ganader\u00eda<br \/><br \/>\n<strong>Puesto:<\/strong> Propietaria<br \/><br \/>\n<strong>Nombre de la compa\u00f1\u00eda + URL:<\/strong> A HORTA DA SANCOVEIGA https:\/\/www.facebook.com\/A-Horta-DA-Sancoveiga-353108405126556\/<\/p><\/div><div id=\"tabs-2\" class=\"ui-tabs-panel ui-widget-content ui-corner-bottom\"><p>Yo estaba trabajando en una empresa que se vio afectada por la Regulaci\u00f3n de registro de empleo. Trabaj\u00e9 all\u00ed durante a\u00f1os y despu\u00e9s de perder mi trabajo, ser una madre de 45 a\u00f1os, con discapacidad auditiva, con dependientes a mi cargo y residir en un \u00e1rea rural: mis posibilidades de empleo eran muy limitadas. En ese momento surgi\u00f3 la idea de crear mi empresa basada en la producci\u00f3n org\u00e1nica. Siempre me gust\u00f3 la agricultura org\u00e1nica porque es una actividad del futuro, se refiere al medio ambiente, protege la salud de las personas, basada en cultivos que promueven la biodiversidad, reducen la contaminaci\u00f3n ambiental, mejoran las condiciones de vida de los animales y promueven el desarrollo rural sostenible.<\/p><\/div><div id=\"tabs-3\" class=\"ui-tabs-panel ui-widget-content ui-corner-bottom\"><p>La principal motivaci\u00f3n que me llev\u00f3 a crear mi empresa, en marzo de 2015, fue principalmente el deseo de trabajar; al ser tambi\u00e9n la \u00fanica persona que apoyaba la econom\u00eda familiar, mi situaci\u00f3n era muy delicada. Por otro lado, el hecho de poder dedicarme a algo que podr\u00eda proporcionar beneficios econ\u00f3micos respetando el medio ambiente, fue algo que me atrajo mucho.<\/p><\/div><div id=\"tabs-4\" class=\"ui-tabs-panel ui-widget-content ui-corner-bottom\"><p>La parte m\u00e1s importante para comenzar mi negocio fue mi propia iniciativa; pero una vez que naci\u00f3 la idea, pude darle forma a la Horta da Sancoveiga despu\u00e9s del aprendizaje adquirido en varios cursos sobre agricultura org\u00e1nica. <\/p><\/div><div id=\"tabs-5\" class=\"ui-tabs-panel ui-widget-content ui-corner-bottom\"><p>La formaci\u00f3n que poseo como asistente administrativq me ayud\u00f3 mucho a la hora de iniciar el proyecto, pero la formaci\u00f3n recibida en el sector de Agricultura Org\u00e1nica, junto con el asesoramiento empresarial proporcionado por el Campus de Emprendedores del Ayuntamiento de Lugo, fueron aspectos b\u00e1sicos. Adem\u00e1s, una vez que se estableci\u00f3 la empresa, fue necesario trabajar en la reforma de las instalaciones de la finca para adaptar su funcionalidad (instalaci\u00f3n de invernadero, sistema de riego, cierres, etc.).<\/p><\/div><div id=\"tabs-6\" class=\"ui-tabs-panel ui-widget-content ui-corner-bottom\"><p>En el tiempo que he estado desarrollando mi actividad, he podido utilizar algunas de las competencias que forman parte de m\u00ed y otras que han surgido a medida que avanzaba en mi negocio. El hecho de ser una persona activa, paciente y organizada ha ayudado mucho a las tareas que llevo a cabo, ya que son capacidades indispensables cuando se trabaja en el campo; pero principalmente considero que soy una persona luchadora o tenaz, por lo que no me rindo f\u00e1cilmente.<\/p><\/div><div id=\"tabs-7\" class=\"ui-tabs-panel ui-widget-content ui-corner-bottom\"><p>Dir\u00eda que lo m\u00e1s importante es principalmente tener la capacitaci\u00f3n adecuada, lo que permite un correcto desarrollo de la actividad que se pretende llevar a cabo. Y tambi\u00e9n la llenar\u00e1 de animosidad y deseo de trabajar para alcanzar sus metas, a pesar de sus limitaciones o dificultades.<\/p><\/div><\/div><\/p>","protected":false},"excerpt":{"rendered":"","protected":false},"author":2,"featured_media":2162,"parent":0,"menu_order":0,"comment_status":"closed","ping_status":"closed","template":"","meta":{"footnotes":""},"categories":[4,7],"tags":[],"class_list":["post-1462","page","type-page","status-publish","has-post-thumbnail","hentry","category-country","category-spain"],"_links":{"self":[{"href":"https:\/\/100mirrors-inc.eu\/es\/wp-json\/wp\/v2\/pages\/1462","targetHints":{"allow":["GET"]}}],"collection":[{"href":"https:\/\/100mirrors-inc.eu\/es\/wp-json\/wp\/v2\/pages"}],"about":[{"href":"https:\/\/100mirrors-inc.eu\/es\/wp-json\/wp\/v2\/types\/page"}],"author":[{"embeddable":true,"href":"https:\/\/100mirrors-inc.eu\/es\/wp-json\/wp\/v2\/users\/2"}],"replies":[{"embeddable":true,"href":"https:\/\/100mirrors-inc.eu\/es\/wp-json\/wp\/v2\/comments?post=1462"}],"version-history":[{"count":18,"href":"https:\/\/100mirrors-inc.eu\/es\/wp-json\/wp\/v2\/pages\/1462\/revisions"}],"predecessor-version":[{"id":2611,"href":"https:\/\/100mirrors-inc.eu\/es\/wp-json\/wp\/v2\/pages\/1462\/revisions\/2611"}],"wp:featuredmedia":[{"embeddable":true,"href":"https:\/\/100mirrors-inc.eu\/es\/wp-json\/wp\/v2\/media\/2162"}],"wp:attachment":[{"href":"https:\/\/100mirrors-inc.eu\/es\/wp-json\/wp\/v2\/media?parent=1462"}],"wp:term":[{"taxonomy":"category","embeddable":true,"href":"https:\/\/100mirrors-inc.eu\/es\/wp-json\/wp\/v2\/categories?post=1462"},{"taxonomy":"post_tag","embeddable":true,"href":"https:\/\/100mirrors-inc.eu\/es\/wp-json\/wp\/v2\/tags?post=1462"}],"curies":[{"name":"wp","href":"https:\/\/api.w.org\/{rel}","templated":true}]}}