{"id":1574,"date":"2018-01-31T12:44:07","date_gmt":"2018-01-31T12:44:07","guid":{"rendered":"http:\/\/100mirrors-inc.eu\/?page_id=1574"},"modified":"2018-08-16T09:32:51","modified_gmt":"2018-08-16T09:32:51","slug":"latviesu-rocio-pereiro","status":"publish","type":"page","link":"https:\/\/100mirrors-inc.eu\/es\/latviesu-rocio-pereiro\/","title":{"rendered":"Roc\u00edo Pereiro"},"content":{"rendered":"<p><img loading=\"lazy\" decoding=\"async\" class=\"alignleft size-thumbnail wp-image-1912\" src=\"http:\/\/100mirrors-inc.eu\/wp-content\/uploads\/2018\/02\/Roc\u00edo-Pereiro-150x150.jpg\" alt=\"\" width=\"150\" height=\"150\" srcset=\"https:\/\/100mirrors-inc.eu\/wp-content\/uploads\/2018\/02\/Roc\u00edo-Pereiro-150x150.jpg 150w, https:\/\/100mirrors-inc.eu\/wp-content\/uploads\/2018\/02\/Roc\u00edo-Pereiro-24x24.jpg 24w, https:\/\/100mirrors-inc.eu\/wp-content\/uploads\/2018\/02\/Roc\u00edo-Pereiro-36x36.jpg 36w, https:\/\/100mirrors-inc.eu\/wp-content\/uploads\/2018\/02\/Roc\u00edo-Pereiro-48x48.jpg 48w, https:\/\/100mirrors-inc.eu\/wp-content\/uploads\/2018\/02\/Roc\u00edo-Pereiro.jpg 300w\" sizes=\"auto, (max-width: 150px) 100vw, 150px\" \/><div class=\"otw-sc-tabs ui-tabs ui-widget ui-widget-content ui-corner-all\"><ul class=\"ui-tabs-nav ui-helper-reset ui-helper-clearfix ui-widget-header ui-corner-all\"><li><span class=\"tab-title\">Roc\u00edo Pereiro<\/span><\/li><li class=\"ui-state-default ui-corner-top\"><a href=\"#tabs-1\"><i class=\"general foundicon-smiley\"> <\/i>Sobre Mi<\/a><\/li><li class=\"ui-state-default ui-corner-top\"><a href=\"#tabs-2\"><i class=\"general foundicon-star\"> <\/i>Mis Conocimientos<\/a><\/li><li class=\"ui-state-default ui-corner-top\"><a href=\"#tabs-3\"><i class=\"social foundicon-thumb-up\"> <\/i>Mi Motivacion<\/a><\/li><li class=\"ui-state-default ui-corner-top\"><a href=\"#tabs-4\"><i class=\"general foundicon-idea\"> <\/i>Mi Idea<\/a><\/li><li class=\"ui-state-default ui-corner-top\"><a href=\"#tabs-5\"><i class=\"general foundicon-plus\"> <\/i>Mi Experiencia<\/a><\/li><li class=\"ui-state-default ui-corner-top\"><a href=\"#tabs-6\"><i class=\"general foundicon-tools\"> <\/i>Mis Habilidades<\/a><\/li><li class=\"ui-state-default ui-corner-top\"><a href=\"#tabs-7\"><i class=\"general foundicon-star\"> <\/i>Consejos<\/a><\/li><\/ul><div id=\"tabs-1\" class=\"ui-tabs-panel ui-widget-content ui-corner-bottom\"><p><strong>Nombre Apellido<\/strong><strong>:<\/strong> Roc\u00edo Pereiro<br \/><br \/>\n<strong>Pais:<\/strong> Espa\u00f1a<br \/><br \/>\n<strong>Ciudad:<\/strong> Mos<br \/><br \/>\n<strong>Nacionalidad:<\/strong> Espa\u00f1ola<br \/><br \/>\n<strong>Sector:<\/strong> Comercio online<br \/><br \/>\n<strong>Puesto:<\/strong> Vendedora<br \/><br \/>\n<strong>Empresa + Web:<\/strong> Rous Shop<\/p><\/div><div id=\"tabs-2\" class=\"ui-tabs-panel ui-widget-content ui-corner-bottom\"><p>Yo he llevado a cabo un mont\u00f3n de cosas: tuve tiendas de ropa, una revista de coches de segunda mano, trabaj\u00e9 para empresas y ahora soy aut\u00f3noma y me dedico al sector textil. Mi negocio es una tienda de prendas de ropa y bisuter\u00eda de venta online y yo personalmente llevo las prendas de ropa a las casas de mis clientes\/as, es un tipo personal shopper. A mi me piden lo que quieren por internet y yo se lo llevo directamente; as\u00ed las pueden probar, les aconsejo... Tengo muchas clientas que me piden directamente cuando voy de compras que les busque tal o cual prenda. De esta manera yo no hago env\u00edos, es todo presencial. Al mismo tiempo asisto tambi\u00e9n a varios mercados y hago exposiciones en diferentes locales como peluquer\u00edas, cafeter\u00edas, etc. <\/p><\/div><div id=\"tabs-3\" class=\"ui-tabs-panel ui-widget-content ui-corner-bottom\"><p>A ra\u00edz de que me puse enferma y como siempre estaba recayendo, ten\u00eda que buscar algo que se adaptara a m\u00ed, no yo al trabajo; entonces, de esta manera, pod\u00eda organizarme yo si alg\u00fan d\u00eda estaba mal, si ten\u00eda que estar en cama o no pod\u00eda levantarme, como lo realizaba todo con citas pod\u00eda organizarme yo. Cada vez que me reincorporaba al trabajo volv\u00eda a recaer. Mi motivaci\u00f3n es esa: tirar para adelante y ver que voy creciendo. Cada vez tengo m\u00e1s clientes, a la gente le gusta lo que hago, est\u00e1 contenta conmigo\u2026 Eso es lo que me motiva a seguir.<\/p><\/div><div id=\"tabs-4\" class=\"ui-tabs-panel ui-widget-content ui-corner-bottom\"><p>Yo comenc\u00e9 con bisuter\u00eda solamente y ahora tengo tambi\u00e9n ropa y m\u00e1s cosas. Yo hago muchos mercados y show rooms, a parte de la p\u00e1gina de facebook y del trato personal.<\/p><\/div><div id=\"tabs-5\" class=\"ui-tabs-panel ui-widget-content ui-corner-bottom\"><p>Siempre estoy buscando cosas nuevas y nuevos lugares en los que poder vender. Tengo ropa en peluquer\u00edas y voy buscando puntos nuevos, les doy parte de las comisiones y siempre estoy buscando cosas nuevas que hacer. As\u00ed que nunca me aburro. Algunas cosas salen bien, otras salen mal pero van saliendo. Hago tambi\u00e9n mercados, sobre todo en verano. Esto lo fu\u00ed conociendo poco a poco y en ellos haces nuevos contactos que te comentan de m\u00e1s mercados y te vas apuntando a cada vez m\u00e1s.<\/p><\/div><div id=\"tabs-6\" class=\"ui-tabs-panel ui-widget-content ui-corner-bottom\"><p>Yo soy muy positiva y siempre estoy buscando cosas nuevas y tengo adm\u00e1s mucho tes\u00f3n.Hay que tener mucha fortaleza porque no te lo ponen nada f\u00e1cil y es complicado empezar. Adem\u00e1s el crecimiento es lento, hay meses buenos y meses malos\u2026 Y facilidades no hay muchas, ya que mayoritariamente es todo pagar pero con esfuerzo se hace. <\/p><\/div><div id=\"tabs-7\" class=\"ui-tabs-panel ui-widget-content ui-corner-bottom\"><p>Tener ganas, tener paciencia, tener ideas, no parar de darle vueltas a la cabeza buscando cosas nuevas, dar servicios que no abunden. Que lleven a cabo su idea, pero con paciencia, que lo hagan poco a poco. Trabajando las cosas salen, despacito pero haci\u00e9ndolo. <\/p><\/div><\/div><\/p>","protected":false},"excerpt":{"rendered":"","protected":false},"author":2,"featured_media":1912,"parent":0,"menu_order":0,"comment_status":"closed","ping_status":"closed","template":"","meta":{"footnotes":""},"categories":[4,7],"tags":[],"class_list":["post-1574","page","type-page","status-publish","has-post-thumbnail","hentry","category-country","category-spain"],"_links":{"self":[{"href":"https:\/\/100mirrors-inc.eu\/es\/wp-json\/wp\/v2\/pages\/1574","targetHints":{"allow":["GET"]}}],"collection":[{"href":"https:\/\/100mirrors-inc.eu\/es\/wp-json\/wp\/v2\/pages"}],"about":[{"href":"https:\/\/100mirrors-inc.eu\/es\/wp-json\/wp\/v2\/types\/page"}],"author":[{"embeddable":true,"href":"https:\/\/100mirrors-inc.eu\/es\/wp-json\/wp\/v2\/users\/2"}],"replies":[{"embeddable":true,"href":"https:\/\/100mirrors-inc.eu\/es\/wp-json\/wp\/v2\/comments?post=1574"}],"version-history":[{"count":19,"href":"https:\/\/100mirrors-inc.eu\/es\/wp-json\/wp\/v2\/pages\/1574\/revisions"}],"predecessor-version":[{"id":2634,"href":"https:\/\/100mirrors-inc.eu\/es\/wp-json\/wp\/v2\/pages\/1574\/revisions\/2634"}],"wp:featuredmedia":[{"embeddable":true,"href":"https:\/\/100mirrors-inc.eu\/es\/wp-json\/wp\/v2\/media\/1912"}],"wp:attachment":[{"href":"https:\/\/100mirrors-inc.eu\/es\/wp-json\/wp\/v2\/media?parent=1574"}],"wp:term":[{"taxonomy":"category","embeddable":true,"href":"https:\/\/100mirrors-inc.eu\/es\/wp-json\/wp\/v2\/categories?post=1574"},{"taxonomy":"post_tag","embeddable":true,"href":"https:\/\/100mirrors-inc.eu\/es\/wp-json\/wp\/v2\/tags?post=1574"}],"curies":[{"name":"wp","href":"https:\/\/api.w.org\/{rel}","templated":true}]}}