{"id":1581,"date":"2018-01-31T12:50:18","date_gmt":"2018-01-31T12:50:18","guid":{"rendered":"http:\/\/100mirrors-inc.eu\/?page_id=1581"},"modified":"2018-08-16T09:34:33","modified_gmt":"2018-08-16T09:34:33","slug":"rosa-rguez","status":"publish","type":"page","link":"https:\/\/100mirrors-inc.eu\/es\/rosa-rguez\/","title":{"rendered":"Rosa Rodr\u00edguez"},"content":{"rendered":"<p><img loading=\"lazy\" decoding=\"async\" class=\"alignleft size-thumbnail wp-image-1906\" src=\"http:\/\/100mirrors-inc.eu\/wp-content\/uploads\/2018\/02\/Rosa-Rodrigues-150x150.jpg\" alt=\"\" width=\"150\" height=\"150\" srcset=\"https:\/\/100mirrors-inc.eu\/wp-content\/uploads\/2018\/02\/Rosa-Rodrigues-150x150.jpg 150w, https:\/\/100mirrors-inc.eu\/wp-content\/uploads\/2018\/02\/Rosa-Rodrigues-24x24.jpg 24w, https:\/\/100mirrors-inc.eu\/wp-content\/uploads\/2018\/02\/Rosa-Rodrigues-36x36.jpg 36w, https:\/\/100mirrors-inc.eu\/wp-content\/uploads\/2018\/02\/Rosa-Rodrigues-48x48.jpg 48w, https:\/\/100mirrors-inc.eu\/wp-content\/uploads\/2018\/02\/Rosa-Rodrigues.jpg 300w\" sizes=\"auto, (max-width: 150px) 100vw, 150px\" \/><div class=\"otw-sc-tabs ui-tabs ui-widget ui-widget-content ui-corner-all\"><ul class=\"ui-tabs-nav ui-helper-reset ui-helper-clearfix ui-widget-header ui-corner-all\"><li><span class=\"tab-title\">Rosa Rodr\u00edguez<\/span><\/li><li class=\"ui-state-default ui-corner-top\"><a href=\"#tabs-1\"><i class=\"general foundicon-smiley\"> <\/i>Sobre Mi<\/a><\/li><li class=\"ui-state-default ui-corner-top\"><a href=\"#tabs-2\"><i class=\"general foundicon-star\"> <\/i>Mis Conocimientos<\/a><\/li><li class=\"ui-state-default ui-corner-top\"><a href=\"#tabs-3\"><i class=\"social foundicon-thumb-up\"> <\/i>Mi Motivacion<\/a><\/li><li class=\"ui-state-default ui-corner-top\"><a href=\"#tabs-4\"><i class=\"general foundicon-idea\"> <\/i>Mi Idea<\/a><\/li><li class=\"ui-state-default ui-corner-top\"><a href=\"#tabs-5\"><i class=\"general foundicon-plus\"> <\/i>Mi Experiencia<\/a><\/li><li class=\"ui-state-default ui-corner-top\"><a href=\"#tabs-6\"><i class=\"general foundicon-tools\"> <\/i>Mis Habilidades<\/a><\/li><li class=\"ui-state-default ui-corner-top\"><a href=\"#tabs-7\"><i class=\"general foundicon-star\"> <\/i>Consejos<\/a><\/li><\/ul><div id=\"tabs-1\" class=\"ui-tabs-panel ui-widget-content ui-corner-bottom\"><p><strong>Nombre Apellido<\/strong><strong>:<\/strong> Rosa Rodr\u00edguez<br \/><br \/>\n<strong>Pais:<\/strong> Espa\u00f1a<br \/><br \/>\n<strong>Ciudad:<\/strong> Vigo<br \/><br \/>\n<strong>Nacionalidad:<\/strong> Espa\u00f1ola<br \/><br \/>\n<strong>Formaci\u00f3n:<\/strong> Dise\u00f1adora de interiores<br \/><br \/>\n<strong>Sector:<\/strong> Educaci\u00f3n<\/p><\/div><div id=\"tabs-2\" class=\"ui-tabs-panel ui-widget-content ui-corner-bottom\"><p>He intentado hacerme aut\u00f3noma durante a\u00f1os porque no he tenido muchas oportunidades de trabajar. A los 14 a\u00f1os me diagnosticaron mi primera enfermedad degenerativa cr\u00f3nica (la primera de tres) y desde entonces todo ha sido un poco m\u00e1s dif\u00edcil para m\u00ed. Estudi\u00e9 Dise\u00f1o de Interiores cuando todav\u00eda era un grado m\u00e1s alto, pero apenas he practicado mi profesi\u00f3n. Hice cursos de inform\u00e1tica y dise\u00f1o para seguir practicando. Tan pronto como obtuve el t\u00edtulo, fui al Reino Unido a trabajar unos meses para aprender ingl\u00e9s y enriquecerme como persona.<\/p><\/div><div id=\"tabs-3\" class=\"ui-tabs-panel ui-widget-content ui-corner-bottom\"><p>Mi experiencia viviendo en el Reino Unido ha sido lo que m\u00e1s me ha influido en mis pretensiones de futuro, porque ahora aspiro a abrir una academia de ingl\u00e9s y finalmente poder encontrar estabilidad laboral. Mi principal motivaci\u00f3n es trabajar en algo que mi salud me permita llevar a cabo y crecer como persona. Adem\u00e1s, la ausencia de negocios de este tipo en mi \u00e1rea y la gran demanda de aprender ingl\u00e9s en este momento son dos razones que me motivan a comenzar mi propio negocio.<\/p><\/div><div id=\"tabs-4\" class=\"ui-tabs-panel ui-widget-content ui-corner-bottom\"><p>Mi idea de negocio es crear un lugar para dar clases de ingl\u00e9s en grupos de aproximadamente 10 estudiantes, desde la escuela primaria hasta el bachillerato, incluso con alg\u00fan grupo de adultos y tal vez franc\u00e9s. Espero tener a alguien que me ayude a corto plazo. Llevo trabajando en este proyecto a principios de este a\u00f1o, pero por razones pr\u00e1cticas tengo que esperar para abrir la academia en septiembre-octubre.<\/p><\/div><div id=\"tabs-5\" class=\"ui-tabs-panel ui-widget-content ui-corner-bottom\"><p>Trat\u00e9 de trabajar como camarera, limpiadora, etc., pero obviamente, mi salud me impidi\u00f3 realizar trabajo f\u00edsico durante mucho tiempo. Comenc\u00e9 a ense\u00f1ar ingl\u00e9s ayudando a ni\u00f1os de mi entorno y encontrar la posibilidad de dedicarme a la ense\u00f1anza ha sido muy importante en mi vida. En este momento soy madre de una ni\u00f1a y estoy esperando otro hijo y mi pareja est\u00e1 en situaci\u00f3n de desempleo.<\/p><\/div><div id=\"tabs-6\" class=\"ui-tabs-panel ui-widget-content ui-corner-bottom\"><p>Soy una persona activa, ambiciosa y muy persistente.<\/p><\/div><div id=\"tabs-7\" class=\"ui-tabs-panel ui-widget-content ui-corner-bottom\"><p>Que busquen algo que su discapacidad les permita llevar a cabo. Que conf\u00eden en sus capacidades, aunque les cueste. Tenemos que pensar que no lo hemos tenido f\u00e1cil pero, de una forma u otra, seguimos adelante. Que piensan que la \u00fanica forma de conseguir algo es intentarlo, tal vez lo conseguiremos o tal vez fallaremos, pero si no lo intentamos fallaremos con certeza. Que acepten ser ayudadas.<\/p><\/div><\/div><\/p>","protected":false},"excerpt":{"rendered":"","protected":false},"author":2,"featured_media":1906,"parent":0,"menu_order":0,"comment_status":"closed","ping_status":"closed","template":"","meta":{"footnotes":""},"categories":[4,7],"tags":[],"class_list":["post-1581","page","type-page","status-publish","has-post-thumbnail","hentry","category-country","category-spain"],"_links":{"self":[{"href":"https:\/\/100mirrors-inc.eu\/es\/wp-json\/wp\/v2\/pages\/1581","targetHints":{"allow":["GET"]}}],"collection":[{"href":"https:\/\/100mirrors-inc.eu\/es\/wp-json\/wp\/v2\/pages"}],"about":[{"href":"https:\/\/100mirrors-inc.eu\/es\/wp-json\/wp\/v2\/types\/page"}],"author":[{"embeddable":true,"href":"https:\/\/100mirrors-inc.eu\/es\/wp-json\/wp\/v2\/users\/2"}],"replies":[{"embeddable":true,"href":"https:\/\/100mirrors-inc.eu\/es\/wp-json\/wp\/v2\/comments?post=1581"}],"version-history":[{"count":23,"href":"https:\/\/100mirrors-inc.eu\/es\/wp-json\/wp\/v2\/pages\/1581\/revisions"}],"predecessor-version":[{"id":2636,"href":"https:\/\/100mirrors-inc.eu\/es\/wp-json\/wp\/v2\/pages\/1581\/revisions\/2636"}],"wp:featuredmedia":[{"embeddable":true,"href":"https:\/\/100mirrors-inc.eu\/es\/wp-json\/wp\/v2\/media\/1906"}],"wp:attachment":[{"href":"https:\/\/100mirrors-inc.eu\/es\/wp-json\/wp\/v2\/media?parent=1581"}],"wp:term":[{"taxonomy":"category","embeddable":true,"href":"https:\/\/100mirrors-inc.eu\/es\/wp-json\/wp\/v2\/categories?post=1581"},{"taxonomy":"post_tag","embeddable":true,"href":"https:\/\/100mirrors-inc.eu\/es\/wp-json\/wp\/v2\/tags?post=1581"}],"curies":[{"name":"wp","href":"https:\/\/api.w.org\/{rel}","templated":true}]}}