{"id":1593,"date":"2018-01-31T13:12:44","date_gmt":"2018-01-31T13:12:44","guid":{"rendered":"http:\/\/100mirrors-inc.eu\/?page_id=1593"},"modified":"2018-08-29T11:15:31","modified_gmt":"2018-08-29T11:15:31","slug":"latviesu-aneta-sowa","status":"publish","type":"page","link":"https:\/\/100mirrors-inc.eu\/es\/latviesu-aneta-sowa\/","title":{"rendered":"Aneta Sowa"},"content":{"rendered":"<p><img loading=\"lazy\" decoding=\"async\" class=\"alignleft size-thumbnail wp-image-2555\" src=\"http:\/\/100mirrors-inc.eu\/wp-content\/uploads\/2018\/08\/Aneta_Sowa_-150x150.png\" alt=\"\" width=\"150\" height=\"150\" srcset=\"https:\/\/100mirrors-inc.eu\/wp-content\/uploads\/2018\/08\/Aneta_Sowa_-150x150.png 150w, https:\/\/100mirrors-inc.eu\/wp-content\/uploads\/2018\/08\/Aneta_Sowa_-24x24.png 24w, https:\/\/100mirrors-inc.eu\/wp-content\/uploads\/2018\/08\/Aneta_Sowa_-36x36.png 36w, https:\/\/100mirrors-inc.eu\/wp-content\/uploads\/2018\/08\/Aneta_Sowa_-48x48.png 48w, https:\/\/100mirrors-inc.eu\/wp-content\/uploads\/2018\/08\/Aneta_Sowa_.png 300w\" sizes=\"auto, (max-width: 150px) 100vw, 150px\" \/><div class=\"otw-sc-tabs ui-tabs ui-widget ui-widget-content ui-corner-all\"><ul class=\"ui-tabs-nav ui-helper-reset ui-helper-clearfix ui-widget-header ui-corner-all\"><li><span class=\"tab-title\">Aneta Sowa<\/span><\/li><li class=\"ui-state-default ui-corner-top\"><a href=\"#tabs-1\"><i class=\"general foundicon-smiley\"> <\/i>ABOUT ME<\/a><\/li><li class=\"ui-state-default ui-corner-top\"><a href=\"#tabs-2\"><i class=\"general foundicon-star\"> <\/i>MY BACKGROUND <\/a><\/li><li class=\"ui-state-default ui-corner-top\"><a href=\"#tabs-3\"><i class=\"social foundicon-thumb-up\"> <\/i>MY MOTIVATION<\/a><\/li><li class=\"ui-state-default ui-corner-top\"><a href=\"#tabs-4\"><i class=\"general foundicon-idea\"> <\/i>MI IDEA<\/a><\/li><li class=\"ui-state-default ui-corner-top\"><a href=\"#tabs-5\"><i class=\"general foundicon-plus\"> <\/i>MY EXPERIENCE<\/a><\/li><li class=\"ui-state-default ui-corner-top\"><a href=\"#tabs-6\"><i class=\"general foundicon-tools\"> <\/i>MY SKILLS<\/a><\/li><li class=\"ui-state-default ui-corner-top\"><a href=\"#tabs-7\"><i class=\"general foundicon-star\"> <\/i>HINTS &amp; TIPS<\/a><\/li><\/ul><div id=\"tabs-1\" class=\"ui-tabs-panel ui-widget-content ui-corner-bottom\"><p><strong>Name Surname:<\/strong> Aneta Sowa<br \/><br \/>\n<strong>Country:<\/strong> Poland<br \/><br \/>\n<strong>City:<\/strong> \u0141a\u0144cut<br \/><br \/>\n<strong>Nationally:<\/strong> Polish<br \/><br \/>\n<strong>Background:<\/strong> Higher<br \/><br \/>\n<strong>Sector:<\/strong> Services<br \/><br \/>\n<strong>Position:<\/strong> manager in ARMA security and cleaning company<\/p><\/div><div id=\"tabs-2\" class=\"ui-tabs-panel ui-widget-content ui-corner-bottom\"><p>Witam, nazywam si\u0119 Aneta Sowa i jestem kierownikiem grup us\u0142ugowych ARMA. Zajmuj\u0119 si\u0119 ochron\u0105 i sprz\u0105taniem. Mam pod sob\u0105 ponad 120 os\u00f3b. Odpowiadam za rekrutacj\u0119, za zatrudnienie, za dowo\u017cenie do pracy pracownik\u00f3w i ochrony i sprz\u0105tania. Odpowiadam r\u00f3wnie\u017c za kontakt z kontrahentami<\/p><\/div><div id=\"tabs-3\" class=\"ui-tabs-panel ui-widget-content ui-corner-bottom\"><p>Najwi\u0119ksze trudno\u015bci sprawia\u0142o pogodzenie pracy z rodzin\u0105, z wychowywaniem dzieci. Pracowa\u0142am po 12 godzin na dob\u0119, by\u0142y dni\u00f3wki albo nocki, opr\u00f3cz tego w systemie zaocznym studiowa\u0142am wi\u0119c by\u0142y to weekendy i pogodzenie tego wszystkiego by\u0142o do\u015b\u0107 karko\u0142omnym dzia\u0142aniem. I wymaga\u0142o sporej ekwilibrystyki. Natomiast dzi\u0119ki pomocy mojego m\u0119\u017ca i moich rodzic\u00f3w uda\u0142o si\u0119 i sko\u0144czy\u0142am studia. Chcia\u0142am i\u015b\u0107 wy\u017cej, chcia\u0142am awansowa\u0107, niestety w mojej poprzedniej firmie nie by\u0142o to mo\u017cliwe, taki szklany sufit i nie by\u0142o mo\u017cliwo\u015bci \u017ceby si\u0119 przedosta\u0107. Dlatego postanowi\u0142am, \u017ce co\u015b z tym zrobi\u0119 i zmieni\u0142am prac\u0119. <\/p><\/div><div id=\"tabs-4\" class=\"ui-tabs-panel ui-widget-content ui-corner-bottom\"><p>Przez 9 lat by\u0142am takim zwyk\u0142ym pracownikiem ochrony, pracowa\u0142am g\u0142ownie w bankach, z broni\u0105 te\u017c. Zrobi\u0142am licencj\u0119 pracownika ochrony II stopnia, tzw. Licencj\u0119 kierownicz\u0105, bo chcia\u0142am co\u015b wi\u0119cej, wy\u017cej robi\u0107. W zwi\u0105zku z tym, \u017ce chcia\u0142am wi\u0119cej posz\u0142am na studia, dzieci troch\u0119 uros\u0142y. 5-letnie magisterskie na kierunku Administracja Transgraniczna i Bezpiecze\u0144stwo Wewn\u0119trzne. Zawsze chcia\u0142am robi\u0107 wi\u0119cej ni\u017c to co robi\u0142am w poprzedniej firmie. Chcia\u0142am si\u0119 rozwija\u0107 i dzia\u0142a\u0107, natomiast w poprzedniej firmie nie dawa\u0142am rady.<\/p><\/div><div id=\"tabs-5\" class=\"ui-tabs-panel ui-widget-content ui-corner-bottom\"><p>When I started, I was mentored by my friend, the manager, she taught me a lot of things. I use this knowledge very much, thanks to it I am who I am and behave as I behave because I gained a lot thanks to it. At the moment I have a person under me that I've been training and I try to do it as I was taught. I think I am a good teacher, a good mentor, because the new manager is doing very well. She is getting better, she also worked in the protection services, but she never had to deal with people with disabilities and this is a completely different specificity of the work. Maybe not completely but different and you have to learn it. She had to change a bit, but she's doing it, she's getting better and better, and makes contact with employees easier. She is already responsible for protection of several buildings, a dozen or so employees and she manages to deal with technical issues, with a computer with documentation, but the contact with people is getting better. I think it's also thanks to me.<\/p><\/div><div id=\"tabs-6\" class=\"ui-tabs-panel ui-widget-content ui-corner-bottom\"><p>My strengths are mainly that I am ambitious and I try to reach my goals. If I set a goal for myself, I try to achieve it. I am hard-working person and if I want something, I try to achieve it. I like challenges and doing new things, I like when something is going on. I am energetic by nature and I like changes and I have a part in it. I am open person, I can communicate with people very well and I see it with my employees that they also like to talk to me. And it pleases me.As for me, my skills that are needed at work are mainly patience, because the majority of people I work with are disabled people. And some of these people have psychiatric conditions, you also have to talk to them differently, you have to learn it and you have to have a lot of patience for them, but it pays off because you have great contact with these people later. You also have to be empathetic, feel into their situation and, on the other hand, you also have to be hard sometimes. You have to decide when you can be so, not to overdo it in any direction. I think I am doing very well because I see reactions of my employees. My bosses also say that I manage to achieve what they wanted me to achieve and are happy with my work. It gives you motivation to continue working and to work on yourself also to be better and better. <\/p><\/div><div id=\"tabs-7\" class=\"ui-tabs-panel ui-widget-content ui-corner-bottom\"><p>I think that the most important thing, if I can give some advice to other women, that they do not give up, that they would be patient and believe that maybe it is possible that today is bad, tomorrow will be bad but the day after tomorrow will be better. It will never be that it will always be bad. You must not give up. Even when we have fallen, one has to get up and go on. If you have any purpose, if you dream about something and want to achieve something, do not give up, you must strive for it. Even if you fail first time, the second time will be better. And this is what I think is the most important.<\/p><\/div><\/div><\/p>","protected":false},"excerpt":{"rendered":"","protected":false},"author":2,"featured_media":2555,"parent":0,"menu_order":0,"comment_status":"closed","ping_status":"closed","template":"","meta":{"footnotes":""},"categories":[4,6],"tags":[],"class_list":["post-1593","page","type-page","status-publish","has-post-thumbnail","hentry","category-country","category-poland"],"_links":{"self":[{"href":"https:\/\/100mirrors-inc.eu\/es\/wp-json\/wp\/v2\/pages\/1593","targetHints":{"allow":["GET"]}}],"collection":[{"href":"https:\/\/100mirrors-inc.eu\/es\/wp-json\/wp\/v2\/pages"}],"about":[{"href":"https:\/\/100mirrors-inc.eu\/es\/wp-json\/wp\/v2\/types\/page"}],"author":[{"embeddable":true,"href":"https:\/\/100mirrors-inc.eu\/es\/wp-json\/wp\/v2\/users\/2"}],"replies":[{"embeddable":true,"href":"https:\/\/100mirrors-inc.eu\/es\/wp-json\/wp\/v2\/comments?post=1593"}],"version-history":[{"count":20,"href":"https:\/\/100mirrors-inc.eu\/es\/wp-json\/wp\/v2\/pages\/1593\/revisions"}],"predecessor-version":[{"id":2674,"href":"https:\/\/100mirrors-inc.eu\/es\/wp-json\/wp\/v2\/pages\/1593\/revisions\/2674"}],"wp:featuredmedia":[{"embeddable":true,"href":"https:\/\/100mirrors-inc.eu\/es\/wp-json\/wp\/v2\/media\/2555"}],"wp:attachment":[{"href":"https:\/\/100mirrors-inc.eu\/es\/wp-json\/wp\/v2\/media?parent=1593"}],"wp:term":[{"taxonomy":"category","embeddable":true,"href":"https:\/\/100mirrors-inc.eu\/es\/wp-json\/wp\/v2\/categories?post=1593"},{"taxonomy":"post_tag","embeddable":true,"href":"https:\/\/100mirrors-inc.eu\/es\/wp-json\/wp\/v2\/tags?post=1593"}],"curies":[{"name":"wp","href":"https:\/\/api.w.org\/{rel}","templated":true}]}}