{"id":1613,"date":"2018-01-31T14:29:03","date_gmt":"2018-01-31T14:29:03","guid":{"rendered":"http:\/\/100mirrors-inc.eu\/?page_id=1613"},"modified":"2018-08-16T09:51:41","modified_gmt":"2018-08-16T09:51:41","slug":"marta-munoz-siguenza","status":"publish","type":"page","link":"https:\/\/100mirrors-inc.eu\/es\/marta-munoz-siguenza\/","title":{"rendered":"Marta Mu\u00f1oz Sig\u00fcenza"},"content":{"rendered":"<p>&nbsp;<\/p>\n<p><img loading=\"lazy\" decoding=\"async\" class=\"alignleft wp-image-1861 size-thumbnail\" src=\"http:\/\/100mirrors-inc.eu\/wp-content\/uploads\/2018\/02\/PICTURE-Marta-Mu\u00f1oz-150x150.jpg\" alt=\"\" width=\"150\" height=\"150\" srcset=\"https:\/\/100mirrors-inc.eu\/wp-content\/uploads\/2018\/02\/PICTURE-Marta-Mu\u00f1oz-150x150.jpg 150w, https:\/\/100mirrors-inc.eu\/wp-content\/uploads\/2018\/02\/PICTURE-Marta-Mu\u00f1oz-24x24.jpg 24w, https:\/\/100mirrors-inc.eu\/wp-content\/uploads\/2018\/02\/PICTURE-Marta-Mu\u00f1oz-36x36.jpg 36w, https:\/\/100mirrors-inc.eu\/wp-content\/uploads\/2018\/02\/PICTURE-Marta-Mu\u00f1oz-48x48.jpg 48w, https:\/\/100mirrors-inc.eu\/wp-content\/uploads\/2018\/02\/PICTURE-Marta-Mu\u00f1oz.jpg 300w\" sizes=\"auto, (max-width: 150px) 100vw, 150px\" \/><div class=\"otw-sc-tabs ui-tabs ui-widget ui-widget-content ui-corner-all\"><ul class=\"ui-tabs-nav ui-helper-reset ui-helper-clearfix ui-widget-header ui-corner-all\"><li><span class=\"tab-title\">Marta Mu\u00f1oz Sig\u00fcenza<\/span><\/li><li class=\"ui-state-default ui-corner-top\"><a href=\"#tabs-1\"><i class=\"general foundicon-smiley\"> <\/i>Sobre Mi<\/a><\/li><li class=\"ui-state-default ui-corner-top\"><a href=\"#tabs-2\"><i class=\"general foundicon-star\"> <\/i>Mis Conocimientos<\/a><\/li><li class=\"ui-state-default ui-corner-top\"><a href=\"#tabs-3\"><i class=\"general foundicon-plus\"> <\/i>Mi Experiencia<\/a><\/li><li class=\"ui-state-default ui-corner-top\"><a href=\"#tabs-4\"><i class=\"general foundicon-tools\"> <\/i>Mis Habilidades<\/a><\/li><li class=\"ui-state-default ui-corner-top\"><a href=\"#tabs-5\"><i class=\"general foundicon-star\"> <\/i>Consejos<\/a><\/li><\/ul><div id=\"tabs-1\" class=\"ui-tabs-panel ui-widget-content ui-corner-bottom\"><p><b><strong>Nombre Apellido<\/strong>:<\/b> Marta Mu\u00f1oz Sig\u00fcenza<br \/><br \/>\n<b><strong>Pais<\/strong>:<\/b> Espa\u00f1a<br \/><br \/>\n<b><strong>Ciudad<\/strong>:<\/b> Madrid<br \/><br \/>\n<b><strong>Nacionalidad<\/strong>:<\/b> Espa\u00f1ola<br \/><br \/>\n<b><strong>Formaci\u00f3n<\/strong>:<\/b> Universitaria<br \/><br \/>\n<b><strong>Sector<\/strong>:<\/b> Tercer Sector<br \/><br \/>\n<b><strong>Puesto<\/strong>:<\/b> Asesora jur\u00eddica y coordinadora del \u00e1rea de planificaci\u00f3n estrat\u00e9gica del movimiento asociativo de las personas sordas.<br \/><br \/>\n<\/p><\/div><div id=\"tabs-2\" class=\"ui-tabs-panel ui-widget-content ui-corner-bottom\"><p>Soy una mujer sorda de 28 a\u00f1os. Para algunas personas, empezar diciendo que soy sorda puede sonar a empezar resaltando un defecto de s\u00ed mismas, pero para m\u00ed no lo es. Mi familia es sorda, mis padres, mi hermana, mis sobrinas, por lo que en casa hablamos en lengua de signos y vivimos la sordera con la misma naturalidad que cualquier otra familia.<br \/><br \/>\nSiempre he tenido muy claro que quer\u00eda ser abogada, por lo que en el 2014 termin\u00e9 la carrera de Derecho en Burgos.Estaba llena de ilusi\u00f3npor seguir aprendiendo y trabajar para las personas sordas por lo que me traslad\u00e9 a Madrid para realizar pr\u00e1cticas en la Confederaci\u00f3n Estatal de Personas Sordas (CNSE) siendo \u00e9sta una entidad que lleva funcionando desde 1936 y trabaja por y para las personas sordas, en pro de lucha de derechos. Actualmente coordino el \u00c1rea de Planificaci\u00f3n Estrat\u00e9gica del Movimiento Asociativo, que cuenta con asesor\u00eda jur\u00eddica, el \u00e1rea de empleo, inmigraci\u00f3n, juventud e igualdad de g\u00e9nero, entre otras. Aqu\u00eddesarrollamos proyectos innovadores con el fin de cubrir algunas de las necesidades de las personas sordas en estos \u00e1mbitos a nivel estatal, necesidades de las que nadie m\u00e1s se ocupa, as\u00ed que es un trabajo enormemente gratificante.<br \/><br \/>\nPor otro lado, siempre he tenido una peque\u00f1a vena activista, por lo que he colaborado en varias facetas, tanto en el \u00e1mbito deportivo como sociopol\u00edtico, en el movimiento asociativo de personas sordas.<br \/><br \/>\nLa lecci\u00f3n m\u00e1s importante que hasta ahora he podido aprender, como mujer sorda que lucha por los derechos de personas como yo, es que lo importante no es lo que a una persona le falta, en mi caso la audici\u00f3n, sino todo lo que tiene: la familia y las amistades, gente maravillosa en mi vida, y la lengua de signos, nuestra lengua, con la que pienso, aprendo, me comunico y sue\u00f1o. El mundo no es un lugar acogedor para todas las personas, pero me enorgullece ser una mujer sorda y me hace ser qui\u00e9n soy.<\/p><\/div><div id=\"tabs-3\" class=\"ui-tabs-panel ui-widget-content ui-corner-bottom\"><p>Considero que los problemas son dificultades no resueltas. Es posible que yo haya tenido, tenga y tendr\u00e9 dificultades, pero creo que evitar que se conviertan en problemas depende tanto de mi resoluci\u00f3n para superar estas dificultades como de la voluntad de los dem\u00e1s.<br \/><br \/>\nHoy en d\u00eda existe un gran desconocimiento hac\u00eda las personas sordas y a la lengua de signos y de lo que \u00e9stas pueden llegar a ser. He sufrido situaciones casi surrealistas como haber tenido que cambiar de colegio porque no querer facilitarme los recursos necesarios para que recibiera una educaci\u00f3n inclusiva, han echado ala int\u00e9rprete de lengua de signos en una consulta m\u00e9dica e incluso, han cuestionado directamente mi capacidad para avanzar solo por ser sorda. Lejos de desanimarme, estas experiencias que me han servido han determinado mi futuro, progresar y crecer como persona. Si quer\u00edan que fuera sumisa, tonta y resignada, han conseguido todo lo contrario.<br \/><br \/>\nMe gusta afrontar las dificultades del d\u00eda a d\u00eda con energ\u00eda y optimismo. No creo poder ser de otra manera. No me canso de decir que estoy muy orgullosa de ser como soy, de ser sorda y de mi lengua. A la gente le gusta etiquetar todo y categorizar la realidad de formas tan simplistas que a veces se olvida de que no podemos vivir sin la diferencia, es la diferencia lo que m\u00e1s enriquece nuestra vida.<br \/><br \/>\nMe gusta afrontar las dificultades del d\u00eda a d\u00eda con energ\u00eda y optimismo. No creo poder ser de otra manera. No me canso de decir que estoy muy orgullosa de ser como soy, de ser sorda y de mi lengua. A la gente le gusta etiquetar todo y categorizar la realidad de formas tan simplistas que a veces se olvida de que no podemos vivir sin la diferencia, es la diferencia lo que m\u00e1s enriquece nuestra vida.<br \/><br \/>\nLa propia aceptaci\u00f3n es el paso previo para descubrir las capacidades y talentos de los que una persona dispone y saber por d\u00f3nde caminar para poder alcanzar sus objetivos. Las personas que se aceptan a s\u00ed mismas y se sientan afortunadas de ser como son,creo que soy una de ellas,podr\u00e1n conseguir los objetivos que quiera conseguir. No digo nada nuevo, pero es un buen recordatorio mental.<\/p><\/div><div id=\"tabs-4\" class=\"ui-tabs-panel ui-widget-content ui-corner-bottom\"><p>A lo largo de mi vida he ido teniendo experiencias personales que me han servido de inspiraci\u00f3n para ir avanzando en mi propio camino. Viviendo en un entorno en el que la mayor\u00eda de las personas son sordas he podido aplicar mis propios conocimientos con estas personas.<br \/><br \/>\nSiempre he cre\u00eddo en la importancia de trabajar en equipo, as\u00ed como en el pedir consejo cuando es necesario. De igual manera soy capaz de utilizar mi propia experiencia para dar consejo a otras personas cuando me los piden. Tambi\u00e9n escucho y pongo atenci\u00f3n a los problemas de otras personas y cuando es necesario, me gusta mediar entre las personas para que todo el mundo quede satisfecho. Soy capaz de facilitar y transmitir informaci\u00f3n con facilidad a terceras personas.<br \/><br \/>\nDe entre las cualidades que me caracterizan, soy una persona de mente abierta, creativa y con visi\u00f3n de futuro. Siempre me ha gustado ser pr\u00e1ctica y me considero optimista por naturaleza. Cuando me planteo algo, soy una persona persistente. Creo que es importante ser capaz de innovar en tu d\u00eda a d\u00eda, as\u00ed como ser una persona flexible que se adapta al cambio.<br \/><br \/>\nPor \u00faltimo, no tengo experiencia en mentoring o en coaching, pero me gustar\u00eda trabajar en este campo con otras mujeres que compartamos experiencias similares y pueda aportar, aunque sea un granito de arena.Soy del pensamiento que compartiendo todas ganamos.<\/p><\/div><div id=\"tabs-5\" class=\"ui-tabs-panel ui-widget-content ui-corner-bottom\"><p>Si hay una idea que considero primordial es que nunca se debe permitir que los miedos nos hagan retroceder si no es para tomar impulso.Las personas sordas tenemos cualidades que otras personas no tienen, por ejemplo,la lengua de signos est\u00e1 llena de ventajas y beneficios. Es necesario que seamos conscientes de nuestros propios talentos, que nos empoderemos, que salgamos de nuestra zona de confort y nos enfrentemos a nuevos retos. Pero tambi\u00e9n es importante la perseverancia, los obst\u00e1culos dejar\u00e1n de ser obst\u00e1culos cuando nos demos cuenta de que, en realidad, son oportunidades para aprender y empoderarnos.<br \/><br \/>\nRespecto al emprendimiento inclusivo, creo que todav\u00eda hay mucho trabajo que hacer ensensibilizaci\u00f3n y formaci\u00f3n. Es necesario que haya m\u00e1s conocimientoen la sociedad sobre las personas sordas adem\u00e1s de, por supuesto, dar m\u00e1s protagonismo a las mujeres sordas. Entre las debilidades que est\u00e1n pendientes de superar, una de las principales es que tenemos hablar m\u00e1s del miedo y de los perjuicios que todav\u00eda existen en la sociedad para superarlos.<\/p><\/div><\/div><\/p>","protected":false},"excerpt":{"rendered":"<p>&nbsp;<\/p>\n","protected":false},"author":2,"featured_media":1861,"parent":0,"menu_order":0,"comment_status":"closed","ping_status":"closed","template":"","meta":{"footnotes":""},"categories":[4,7],"tags":[],"class_list":["post-1613","page","type-page","status-publish","has-post-thumbnail","hentry","category-country","category-spain"],"_links":{"self":[{"href":"https:\/\/100mirrors-inc.eu\/es\/wp-json\/wp\/v2\/pages\/1613","targetHints":{"allow":["GET"]}}],"collection":[{"href":"https:\/\/100mirrors-inc.eu\/es\/wp-json\/wp\/v2\/pages"}],"about":[{"href":"https:\/\/100mirrors-inc.eu\/es\/wp-json\/wp\/v2\/types\/page"}],"author":[{"embeddable":true,"href":"https:\/\/100mirrors-inc.eu\/es\/wp-json\/wp\/v2\/users\/2"}],"replies":[{"embeddable":true,"href":"https:\/\/100mirrors-inc.eu\/es\/wp-json\/wp\/v2\/comments?post=1613"}],"version-history":[{"count":13,"href":"https:\/\/100mirrors-inc.eu\/es\/wp-json\/wp\/v2\/pages\/1613\/revisions"}],"predecessor-version":[{"id":2638,"href":"https:\/\/100mirrors-inc.eu\/es\/wp-json\/wp\/v2\/pages\/1613\/revisions\/2638"}],"wp:featuredmedia":[{"embeddable":true,"href":"https:\/\/100mirrors-inc.eu\/es\/wp-json\/wp\/v2\/media\/1861"}],"wp:attachment":[{"href":"https:\/\/100mirrors-inc.eu\/es\/wp-json\/wp\/v2\/media?parent=1613"}],"wp:term":[{"taxonomy":"category","embeddable":true,"href":"https:\/\/100mirrors-inc.eu\/es\/wp-json\/wp\/v2\/categories?post=1613"},{"taxonomy":"post_tag","embeddable":true,"href":"https:\/\/100mirrors-inc.eu\/es\/wp-json\/wp\/v2\/tags?post=1613"}],"curies":[{"name":"wp","href":"https:\/\/api.w.org\/{rel}","templated":true}]}}