{"id":22,"date":"2017-02-02T14:13:55","date_gmt":"2017-02-02T14:13:55","guid":{"rendered":"http:\/\/100mirrors-inc.eu\/?page_id=22"},"modified":"2017-07-27T09:33:25","modified_gmt":"2017-07-27T09:33:25","slug":"home","status":"publish","type":"page","link":"https:\/\/100mirrors-inc.eu\/es\/","title":{"rendered":"Inicio"},"content":{"rendered":"<p>100 Mirrors Inclusive: Herramientas para la motivaci\u00f3n de mujeres emprendedoras con discapacidad,\u00a0 financiado por Erasmus +, es un proyecto que se centra en promover el emprendimiento inclusivo para las mujeres con discapacidades desarrollando una metodolog\u00eda basada en el coaching, mentoring y observaci\u00f3n de profesionales de mujeres con discapacidades dispuestas a ser emprendedoras. Uno de los puntos m\u00e1s importantes de este proyecto es que el coaching y el mentoring ser\u00e1n realizados por\u00a0 exitosas\u00a0 mujeres emprendedoras con discapacitad apoyadas por formadores.<\/p>","protected":false},"excerpt":{"rendered":"<p>100 Mirrors Inclusive: Herramientas para la motivaci\u00f3n de mujeres emprendedoras con discapacidad,\u00a0 financiado por Erasmus +, es un proyecto que se centra en promover el emprendimiento inclusivo para las mujeres con discapacidades desarrollando una metodolog\u00eda basada en el coaching, mentoring y observaci\u00f3n de profesionales de mujeres con discapacidades dispuestas a ser emprendedoras. Uno de los<span class=\"read-more-wrap\"><a class=\"moretag\" href=\"https:\/\/100mirrors-inc.eu\/es\/\">Continue Reading <span class=\"screen-reader-text\">Inicio<\/span><\/a><\/span><\/p>\n","protected":false},"author":1,"featured_media":0,"parent":0,"menu_order":0,"comment_status":"closed","ping_status":"closed","template":"","meta":{"footnotes":""},"categories":[],"tags":[],"class_list":["post-22","page","type-page","status-publish","hentry"],"_links":{"self":[{"href":"https:\/\/100mirrors-inc.eu\/es\/wp-json\/wp\/v2\/pages\/22","targetHints":{"allow":["GET"]}}],"collection":[{"href":"https:\/\/100mirrors-inc.eu\/es\/wp-json\/wp\/v2\/pages"}],"about":[{"href":"https:\/\/100mirrors-inc.eu\/es\/wp-json\/wp\/v2\/types\/page"}],"author":[{"embeddable":true,"href":"https:\/\/100mirrors-inc.eu\/es\/wp-json\/wp\/v2\/users\/1"}],"replies":[{"embeddable":true,"href":"https:\/\/100mirrors-inc.eu\/es\/wp-json\/wp\/v2\/comments?post=22"}],"version-history":[{"count":12,"href":"https:\/\/100mirrors-inc.eu\/es\/wp-json\/wp\/v2\/pages\/22\/revisions"}],"predecessor-version":[{"id":264,"href":"https:\/\/100mirrors-inc.eu\/es\/wp-json\/wp\/v2\/pages\/22\/revisions\/264"}],"wp:attachment":[{"href":"https:\/\/100mirrors-inc.eu\/es\/wp-json\/wp\/v2\/media?parent=22"}],"wp:term":[{"taxonomy":"category","embeddable":true,"href":"https:\/\/100mirrors-inc.eu\/es\/wp-json\/wp\/v2\/categories?post=22"},{"taxonomy":"post_tag","embeddable":true,"href":"https:\/\/100mirrors-inc.eu\/es\/wp-json\/wp\/v2\/tags?post=22"}],"curies":[{"name":"wp","href":"https:\/\/api.w.org\/{rel}","templated":true}]}}