{"id":2485,"date":"2018-08-06T12:21:38","date_gmt":"2018-08-06T12:21:38","guid":{"rendered":"http:\/\/100mirrors-inc.eu\/?page_id=2485"},"modified":"2018-08-16T09:57:22","modified_gmt":"2018-08-16T09:57:22","slug":"alda-zeldere-2","status":"publish","type":"page","link":"https:\/\/100mirrors-inc.eu\/es\/alda-zeldere-2\/","title":{"rendered":"Marta Valencia"},"content":{"rendered":"<p><img loading=\"lazy\" decoding=\"async\" class=\"alignleft size-thumbnail wp-image-1867\" src=\"http:\/\/100mirrors-inc.eu\/wp-content\/uploads\/2018\/02\/Marta_Valencia-101-150x150.jpg\" alt=\"\" width=\"150\" height=\"150\" srcset=\"https:\/\/100mirrors-inc.eu\/wp-content\/uploads\/2018\/02\/Marta_Valencia-101-150x150.jpg 150w, https:\/\/100mirrors-inc.eu\/wp-content\/uploads\/2018\/02\/Marta_Valencia-101-24x24.jpg 24w, https:\/\/100mirrors-inc.eu\/wp-content\/uploads\/2018\/02\/Marta_Valencia-101-36x36.jpg 36w, https:\/\/100mirrors-inc.eu\/wp-content\/uploads\/2018\/02\/Marta_Valencia-101-48x48.jpg 48w, https:\/\/100mirrors-inc.eu\/wp-content\/uploads\/2018\/02\/Marta_Valencia-101.jpg 300w\" sizes=\"auto, (max-width: 150px) 100vw, 150px\" \/><div class=\"otw-sc-tabs ui-tabs ui-widget ui-widget-content ui-corner-all\"><ul class=\"ui-tabs-nav ui-helper-reset ui-helper-clearfix ui-widget-header ui-corner-all\"><li><span class=\"tab-title\">Marta Valencia<\/span><\/li><li class=\"ui-state-default ui-corner-top\"><a href=\"#tabs-1\"><i class=\"general foundicon-smiley\"> <\/i>Sobre Mi<\/a><\/li><li class=\"ui-state-default ui-corner-top\"><a href=\"#tabs-2\"><i class=\"general foundicon-star\"> <\/i>Mis Conocimientos<\/a><\/li><li class=\"ui-state-default ui-corner-top\"><a href=\"#tabs-3\"><i class=\"social foundicon-thumb-up\"> <\/i>Mi Motivacion <\/a><\/li><li class=\"ui-state-default ui-corner-top\"><a href=\"#tabs-4\"><i class=\"general foundicon-idea\"> <\/i>Mi Idea<\/a><\/li><li class=\"ui-state-default ui-corner-top\"><a href=\"#tabs-5\"><i class=\"general foundicon-plus\"> <\/i>Mi experiencia<\/a><\/li><li class=\"ui-state-default ui-corner-top\"><a href=\"#tabs-6\"><i class=\"general foundicon-tools\"> <\/i>Mis habilidades<\/a><\/li><li class=\"ui-state-default ui-corner-top\"><a href=\"#tabs-7\"><i class=\"general foundicon-star\"> <\/i>Consejos<\/a><\/li><\/ul><div id=\"tabs-1\" class=\"ui-tabs-panel ui-widget-content ui-corner-bottom\"><p><strong>Nombre Apellido:<\/strong> Marta Valencia<br \/><br \/>\n<strong>Pais:<\/strong> Espa\u00f1a<br \/><br \/>\n<strong>Ciudad:<\/strong> Zaragoza<br \/><br \/>\n<strong>Nacionalidad:<\/strong> Espa\u00f1ola<br \/><br \/>\n<strong>Formaci\u00f3n:<\/strong> Grado universitario<br \/><br \/>\n<strong>Sector:<\/strong> Tercer sector<br \/><br \/>\n<strong>Puesto:<\/strong> Directora<br \/><br \/>\n<strong>Empresa + Web:<\/strong> www.fundaciondfa.es<\/p><\/div><div id=\"tabs-2\" class=\"ui-tabs-panel ui-widget-content ui-corner-bottom\"><p>medular desde que ten\u00eda 12 a\u00f1os y entonces ya mi vida tanto acad\u00e9mica como escolar fue orientada un poco por ir en silla de ruedas. Estudi\u00e9 Derecho e intent\u00e9 buscar trabajo y era muy complicado por las adaptaciones que hacen falta en la empresa, as\u00ed\u00ad que me met\u00c3\u00ad en DEFA por buscar trabajo y empezaron a contar conmigo y desde ah\u00ed empezando a trabajar de auxiliar administrativa a poquito a poco ir aprendiendo y trabajar de abogada, que no pensaba yo que lo iba a hacer pero se puede hacer, dando mucho mal en los juzgados para que se adapten y poquito a poco ir trabajando por todas las necesidades y llevando mal a los pol\u00c3\u00adticos y a las administraciones para que adapten las cosas Ahora soy la presidenta, desde febrero, y es un reto important\u00edsimo.<\/p><\/div><div id=\"tabs-3\" class=\"ui-tabs-panel ui-widget-content ui-corner-bottom\"><p>Por un lado por DEFA en s\u00ed misma, por la familia, porque somos un grupo de gente estupendo y el seguir adelante y despu\u00e9s porque desde que tuve la lesi\u00f3n ha habido que luchar trabajando y reivindicando cada d\u00c3\u00ada y viendo sobre todo las necesidades en mujeres con discapacidad, te motiva para que DEFA sea tambi\u00c3\u00a9n un ejemplo de participaci\u00c3\u00b3n y de trabajo y que luchemos por el empoderamiento y la capacitaci\u00f3n de las mujeres con discapacidad y seguir avanzando en que la discapacidad f\u00edsica no sea un obst\u00e1culo para llevar nuestras vidas como queremos. <\/p><\/div><div id=\"tabs-4\" class=\"ui-tabs-panel ui-widget-content ui-corner-bottom\"><p>Hemos empezado el movimiento mucho m\u00e1s tarde porque el movimiento feminista no nos situaban, nos dec\u00edan a la discapacidad, en cambio en la discapacidad nos dec\u00edan, eres mujer pues a se mujer, est\u00e1bamos ah\u00ed\u00ad en una situaci\u00f3n que no se nos reconoc\u00eda y que es fundamental trabajar. Hoy hacen falta muchas leyes positivas, muchas medidas de acci\u00f3n positiva para que logremos estar en igualdad de condiciones y ejercer nuestros derechos iguales porque hemos estado ah\u00ed un poco en un vac\u00edo que no se nos reconoc\u00eda ni por un lado ni por otro todos nuestros derechos y toda\u00ed\u00ada queda trabajar en eso, pero que se est\u00e1 en ello y hay que seguir, ah\u00ed si que hace falta todav\u00eda hasta que podamos ejercer nuestros derechos en igualdad<\/p><\/div><div id=\"tabs-5\" class=\"ui-tabs-panel ui-widget-content ui-corner-bottom\"><p>Hoy hacen falta muchas leyes positivas, muchas medidas de acci\u00c3\u00b3n positiva para que logremos estar en igualdad de condiciones y ejercer nuestros derechos iguales porque hemos estado ah\u00ed un poco en un vac\u00eda que no se nos reconoc\u00eda ni por un lado ni por otro todos nuestros derechos y todav\u00eda queda trabajar en eso, pero que se est\u00e1 en ello y hay que seguir, ah\u00ed si que hace falta todav\u00eda hasta que podamos ejercer nuestros derechos en igualdad <\/p><\/div><div id=\"tabs-6\" class=\"ui-tabs-panel ui-widget-content ui-corner-bottom\"><p>tener capacidad de empat\u00eda con el resto de las personas y ser muy tenaz y muy perseverante en trabajar y en trabajar bien y que se vayan consiguiendo las cuestiones que te vas poniendo como objetivos. Sobre todo trabajar mucho, no queda otro remedio y ser muy perseverante.<\/p><\/div><div id=\"tabs-7\" class=\"ui-tabs-panel ui-widget-content ui-corner-bottom\"><p>para aquellas mujeres que, o no encontr\u00e1is el apoyo necesario o igual en el entorno familiar que se tenga, que estamos, en nuestro caso desde las entidades para apoyar y para dar la fuerza necesaria, entonces que veng\u00e1is con nosotras a preguntarnos, que el apoyo ah\u00ed\u00ad Tenemos que luchar todav\u00eda, pero tenemos que luchar por desarrollar nuestra vida en libertad y decidir por nosotras.<\/p><\/div><\/div><\/p>","protected":false},"excerpt":{"rendered":"","protected":false},"author":1,"featured_media":1867,"parent":0,"menu_order":0,"comment_status":"closed","ping_status":"closed","template":"","meta":{"footnotes":""},"categories":[4,7],"tags":[],"class_list":["post-2485","page","type-page","status-publish","has-post-thumbnail","hentry","category-country","category-spain"],"_links":{"self":[{"href":"https:\/\/100mirrors-inc.eu\/es\/wp-json\/wp\/v2\/pages\/2485","targetHints":{"allow":["GET"]}}],"collection":[{"href":"https:\/\/100mirrors-inc.eu\/es\/wp-json\/wp\/v2\/pages"}],"about":[{"href":"https:\/\/100mirrors-inc.eu\/es\/wp-json\/wp\/v2\/types\/page"}],"author":[{"embeddable":true,"href":"https:\/\/100mirrors-inc.eu\/es\/wp-json\/wp\/v2\/users\/1"}],"replies":[{"embeddable":true,"href":"https:\/\/100mirrors-inc.eu\/es\/wp-json\/wp\/v2\/comments?post=2485"}],"version-history":[{"count":20,"href":"https:\/\/100mirrors-inc.eu\/es\/wp-json\/wp\/v2\/pages\/2485\/revisions"}],"predecessor-version":[{"id":2630,"href":"https:\/\/100mirrors-inc.eu\/es\/wp-json\/wp\/v2\/pages\/2485\/revisions\/2630"}],"wp:featuredmedia":[{"embeddable":true,"href":"https:\/\/100mirrors-inc.eu\/es\/wp-json\/wp\/v2\/media\/1867"}],"wp:attachment":[{"href":"https:\/\/100mirrors-inc.eu\/es\/wp-json\/wp\/v2\/media?parent=2485"}],"wp:term":[{"taxonomy":"category","embeddable":true,"href":"https:\/\/100mirrors-inc.eu\/es\/wp-json\/wp\/v2\/categories?post=2485"},{"taxonomy":"post_tag","embeddable":true,"href":"https:\/\/100mirrors-inc.eu\/es\/wp-json\/wp\/v2\/tags?post=2485"}],"curies":[{"name":"wp","href":"https:\/\/api.w.org\/{rel}","templated":true}]}}