{"id":2504,"date":"2018-08-06T13:36:07","date_gmt":"2018-08-06T13:36:07","guid":{"rendered":"http:\/\/100mirrors-inc.eu\/?page_id=2504"},"modified":"2018-08-16T09:31:17","modified_gmt":"2018-08-16T09:31:17","slug":"pilar-torreblanca-2","status":"publish","type":"page","link":"https:\/\/100mirrors-inc.eu\/es\/pilar-torreblanca-2\/","title":{"rendered":"Pilar Torreblanca"},"content":{"rendered":"<p><img loading=\"lazy\" decoding=\"async\" class=\"alignleft size-thumbnail wp-image-1888\" src=\"http:\/\/100mirrors-inc.eu\/wp-content\/uploads\/2018\/02\/Pilar-Torreblanca-ok-150x150.jpg\" alt=\"\" width=\"150\" height=\"150\" srcset=\"https:\/\/100mirrors-inc.eu\/wp-content\/uploads\/2018\/02\/Pilar-Torreblanca-ok-150x150.jpg 150w, https:\/\/100mirrors-inc.eu\/wp-content\/uploads\/2018\/02\/Pilar-Torreblanca-ok-24x24.jpg 24w, https:\/\/100mirrors-inc.eu\/wp-content\/uploads\/2018\/02\/Pilar-Torreblanca-ok-36x36.jpg 36w, https:\/\/100mirrors-inc.eu\/wp-content\/uploads\/2018\/02\/Pilar-Torreblanca-ok-48x48.jpg 48w, https:\/\/100mirrors-inc.eu\/wp-content\/uploads\/2018\/02\/Pilar-Torreblanca-ok.jpg 300w\" sizes=\"auto, (max-width: 150px) 100vw, 150px\" \/><div class=\"otw-sc-tabs ui-tabs ui-widget ui-widget-content ui-corner-all\"><ul class=\"ui-tabs-nav ui-helper-reset ui-helper-clearfix ui-widget-header ui-corner-all\"><li><span class=\"tab-title\">Pilar Torreblanca<\/span><\/li><li class=\"ui-state-default ui-corner-top\"><a href=\"#tabs-1\"><i class=\"general foundicon-smiley\"> <\/i>Sobre Mi<\/a><\/li><li class=\"ui-state-default ui-corner-top\"><a href=\"#tabs-2\"><i class=\"general foundicon-star\"> <\/i>Mis Conocimientos<\/a><\/li><li class=\"ui-state-default ui-corner-top\"><a href=\"#tabs-3\"><i class=\"social foundicon-thumb-up\"> <\/i>Mi Motivacion <\/a><\/li><li class=\"ui-state-default ui-corner-top\"><a href=\"#tabs-4\"><i class=\"general foundicon-idea\"> <\/i>Mi Idea<\/a><\/li><li class=\"ui-state-default ui-corner-top\"><a href=\"#tabs-5\"><i class=\"general foundicon-plus\"> <\/i>Mi Experiencia<\/a><\/li><li class=\"ui-state-default ui-corner-top\"><a href=\"#tabs-6\"><i class=\"general foundicon-tools\"> <\/i>Mis Habilidades<\/a><\/li><li class=\"ui-state-default ui-corner-top\"><a href=\"#tabs-7\"><i class=\"general foundicon-star\"> <\/i>Consejos<\/a><\/li><\/ul><div id=\"tabs-1\" class=\"ui-tabs-panel ui-widget-content ui-corner-bottom\"><p><strong>Nombre Apellido<\/strong><strong>:<\/strong> Pilar Torreblanca<br \/><br \/>\n<strong>Pais:<\/strong> Espa\u00f1a<br \/><br \/>\n<strong>Ciudad:<\/strong> Zaragoza<br \/><br \/>\n<strong>Nacionalidad:<\/strong> Espa\u00f1ola<br \/><br \/>\n<strong>Formaci\u00f3n:<\/strong> Universidad<br \/><br \/>\n<strong>Sector:<\/strong> Fundaci\u00f3n<br \/><br \/>\n<strong>Puesto:<\/strong> Directora<br \/><br \/>\n<strong>Empresa + Web:<\/strong> Fundaci\u00f3n CESTE: www.fundacionceste.org<\/p><br \/>\n<p><iframe width='560' height='315' src='https:\/\/www.youtube.com\/embed\/0sDUvikcisQ' frameborder='0' allowfullscreen><\/iframe><\/p><\/div><div id=\"tabs-2\" class=\"ui-tabs-panel ui-widget-content ui-corner-bottom\"><p>Tengo 62 a\u00f1os y a los 6 meses de vida sufr\u00ed una polio. A persar de esto, tuve una infancia muy feliz, gracias a mi familia. Soy licenciada en Medicina, en Ciencias de la informaci\u00f3n y T\u00e9cnico Superior del Estado en Protocolo. Trabaj\u00e9 en el mundo de la comunicaci\u00f3n de salud pero enseguida colabor\u00e9 con diferentes organizaciones y mont\u00e9 mi propia empresa de comunicaci\u00f3n y eventos. A los 25 a\u00f1os decid\u00ed que mi vida era el cnato y la m\u00fasica; dej\u00e9 todo y me puse a estudiar canto cl\u00e1sico. Durante 15 a\u00f1os he sido profesional del canto a lo largo de todo el mundo. En cuanto a CESTE, siempre he estado en contacto con la escuela y en colaboraci\u00f3n desde que comenz\u00f3. Fui directora de comunicaci\u00f3n de la escuela y hace 13 a\u00f1os mse cre\u00f3 la Funaci\u00f3n CESTE y asum\u00ed la direcci\u00f3n de la Fundaci\u00f3n hasta la actualidad.<\/p><\/div><div id=\"tabs-3\" class=\"ui-tabs-panel ui-widget-content ui-corner-bottom\"><p>Una familia que me ha apoyado, segundo un forjar una naturaleza o una forma de entender la vida desde la pasi\u00f3\u00b3n y desde la ilusi\u00f3n . Yo creo que la voluntad y que las ganas y la fuerza son la mayor motivaci\u00f3n. Yo tengo una frase escrita en mi despacho que dice ''La discapacidad empieza en la mente del discapacitado''. Ah\u00ed\u00ad es donde empieza el primer freno, si tu ese freno lo salvas tienes el mundo por delante. Muy importante es la mente, pero muy importante es el cuerpo, entonces bueno, necesito salud, necesito que mi cuerpo responda a esas expectativas que yo tengo, necesito que mi entorno me sea favorable (pero eso es un trabajo que debo de hacer yo y que yo tengo que conseguir) y lo que necesito es no perder ni la pasi\u00f3n ni la ilusi\u00c3\u00b3n por seguir consiguiendo cosas d\u00ed\u00ada a d\u00eda. <\/p><\/div><div id=\"tabs-4\" class=\"ui-tabs-panel ui-widget-content ui-corner-bottom\"><p>En Fundaci\u00f3n CESTE se trabaja para la empleabilidad de personas en exclusi\u00f3n social, sobre todo: mujeres del mundo rural con discapacidad.<\/p><\/div><div id=\"tabs-5\" class=\"ui-tabs-panel ui-widget-content ui-corner-bottom\"><p>La discapacidad nunca ha sido un factor discriminante y te puedo asegurar que no he tenido nunca ni he sentido nunca esa discriminaci\u00f3n, ni por mi discapacidad, ni por otro problema que yo tuve hasta hace unos a\u00f1\u00b1os que era el de la obesidad; yo era una persona muy obesa y siendo muy obesa y teniendo una discapacidad f\u00edsica no tuve ning\u00fan problema incluso para ser cantante de \u00f3pera, representar \u00f3peras en todo el mundo, etc<\/p><\/div><div id=\"tabs-6\" class=\"ui-tabs-panel ui-widget-content ui-corner-bottom\"><p>he tenido la suerte de tener un entorno familiar que ha potenciado, sobre todo, mis capacidades, mis competencias, mis aficiones, mis pasiones y me han dado dos claves que han marcado un poco lo que es mi vida: primero la curiosidad, que es la que te lleva a intentar saber cosas y aprender cosas, y la segunda es la pasi\u00f3n en todo lo que haces y en cualquier actividad en la que te ves inmerso. <\/p><\/div><div id=\"tabs-7\" class=\"ui-tabs-panel ui-widget-content ui-corner-bottom\"><p>a todas aquellas mujeres que puedan encontrarse en una situaci\u00f3n de dificultad, ya sea temporal, ya sea sobrevenida por un accidente, por una enfermedad que de pronto ha aparecido etc., lo m\u00e1\u00a1s importante es que est\u00c3\u00a1n vivas, lo m\u00e1\u00a1s importantes es que tienen el mundo por delante, lo m\u00e1s importante es que tienen capacidad para llegar donde quieran llegar y que el freno estar\u00e1 siempre primero en su cabeza y a continuaci\u00f3n si eso se consigue subsanar y se consigue pasar, el mundo es vuestro chicas. <\/p><\/div><\/div><\/p>","protected":false},"excerpt":{"rendered":"","protected":false},"author":1,"featured_media":1888,"parent":0,"menu_order":0,"comment_status":"closed","ping_status":"closed","template":"","meta":{"footnotes":""},"categories":[4,7],"tags":[],"class_list":["post-2504","page","type-page","status-publish","has-post-thumbnail","hentry","category-country","category-spain"],"_links":{"self":[{"href":"https:\/\/100mirrors-inc.eu\/es\/wp-json\/wp\/v2\/pages\/2504","targetHints":{"allow":["GET"]}}],"collection":[{"href":"https:\/\/100mirrors-inc.eu\/es\/wp-json\/wp\/v2\/pages"}],"about":[{"href":"https:\/\/100mirrors-inc.eu\/es\/wp-json\/wp\/v2\/types\/page"}],"author":[{"embeddable":true,"href":"https:\/\/100mirrors-inc.eu\/es\/wp-json\/wp\/v2\/users\/1"}],"replies":[{"embeddable":true,"href":"https:\/\/100mirrors-inc.eu\/es\/wp-json\/wp\/v2\/comments?post=2504"}],"version-history":[{"count":9,"href":"https:\/\/100mirrors-inc.eu\/es\/wp-json\/wp\/v2\/pages\/2504\/revisions"}],"predecessor-version":[{"id":2633,"href":"https:\/\/100mirrors-inc.eu\/es\/wp-json\/wp\/v2\/pages\/2504\/revisions\/2633"}],"wp:featuredmedia":[{"embeddable":true,"href":"https:\/\/100mirrors-inc.eu\/es\/wp-json\/wp\/v2\/media\/1888"}],"wp:attachment":[{"href":"https:\/\/100mirrors-inc.eu\/es\/wp-json\/wp\/v2\/media?parent=2504"}],"wp:term":[{"taxonomy":"category","embeddable":true,"href":"https:\/\/100mirrors-inc.eu\/es\/wp-json\/wp\/v2\/categories?post=2504"},{"taxonomy":"post_tag","embeddable":true,"href":"https:\/\/100mirrors-inc.eu\/es\/wp-json\/wp\/v2\/tags?post=2504"}],"curies":[{"name":"wp","href":"https:\/\/api.w.org\/{rel}","templated":true}]}}