{"id":2508,"date":"2018-08-06T13:57:55","date_gmt":"2018-08-06T13:57:55","guid":{"rendered":"http:\/\/100mirrors-inc.eu\/?page_id=2508"},"modified":"2018-08-16T09:28:25","modified_gmt":"2018-08-16T09:28:25","slug":"mireia-cabanyes","status":"publish","type":"page","link":"https:\/\/100mirrors-inc.eu\/es\/mireia-cabanyes\/","title":{"rendered":"Mireia Cabanyes"},"content":{"rendered":"<p><img loading=\"lazy\" decoding=\"async\" class=\"alignleft size-thumbnail wp-image-2586\" src=\"http:\/\/100mirrors-inc.eu\/wp-content\/uploads\/2018\/08\/admin-ajax-150x150.png\" alt=\"\" width=\"150\" height=\"150\" srcset=\"https:\/\/100mirrors-inc.eu\/wp-content\/uploads\/2018\/08\/admin-ajax-150x150.png 150w, https:\/\/100mirrors-inc.eu\/wp-content\/uploads\/2018\/08\/admin-ajax-24x24.png 24w, https:\/\/100mirrors-inc.eu\/wp-content\/uploads\/2018\/08\/admin-ajax-36x36.png 36w, https:\/\/100mirrors-inc.eu\/wp-content\/uploads\/2018\/08\/admin-ajax-48x48.png 48w, https:\/\/100mirrors-inc.eu\/wp-content\/uploads\/2018\/08\/admin-ajax.png 300w\" sizes=\"auto, (max-width: 150px) 100vw, 150px\" \/><div class=\"otw-sc-tabs ui-tabs ui-widget ui-widget-content ui-corner-all\"><ul class=\"ui-tabs-nav ui-helper-reset ui-helper-clearfix ui-widget-header ui-corner-all\"><li><span class=\"tab-title\">Mireia Cabanyes<\/span><\/li><li class=\"ui-state-default ui-corner-top\"><a href=\"#tabs-1\"><i class=\"general foundicon-smiley\"> <\/i>Sobre Mi<\/a><\/li><li class=\"ui-state-default ui-corner-top\"><a href=\"#tabs-2\"><i class=\"general foundicon-star\"> <\/i>Mis Conocimientos<\/a><\/li><li class=\"ui-state-default ui-corner-top\"><a href=\"#tabs-3\"><i class=\"social foundicon-thumb-up\"> <\/i>Mi Motivacion <\/a><\/li><li class=\"ui-state-default ui-corner-top\"><a href=\"#tabs-4\"><i class=\"general foundicon-idea\"> <\/i>Mi Idea<\/a><\/li><li class=\"ui-state-default ui-corner-top\"><a href=\"#tabs-5\"><i class=\"general foundicon-plus\"> <\/i>Mi Experiencia<\/a><\/li><li class=\"ui-state-default ui-corner-top\"><a href=\"#tabs-6\"><i class=\"general foundicon-tools\"> <\/i>Mis Habilidades<\/a><\/li><li class=\"ui-state-default ui-corner-top\"><a href=\"#tabs-7\"><i class=\"general foundicon-star\"> <\/i>Consejos<\/a><\/li><\/ul><div id=\"tabs-1\" class=\"ui-tabs-panel ui-widget-content ui-corner-bottom\"><p><strong>Nombre Apellido<\/strong><strong>:<\/strong> Mireia Cabanyes<br \/><br \/>\n<strong>Pais:<\/strong> Espa\u00f1a<br \/><br \/>\n<strong>Ciudad:<\/strong> Valencia<br \/><br \/>\n<strong>Nacionalidad:<\/strong> Espa\u00f1ola<br \/><br \/>\n<strong>Formaci\u00f3n:<\/strong> Grado universitario<br \/><br \/>\n<strong>Sector:<\/strong> servicios<br \/><br \/>\n<strong>Puesto:<\/strong> Gerente<br \/><br \/>\n<strong>Empresa + Web:<\/strong> www.emecabanyes.com<\/p><br \/>\n<p><iframe width='560' height='315' src='https:\/\/www.youtube.com\/embed\/q82nVgG_P2Y' frameborder='0' allowfullscreen><\/iframe><\/p><\/div><div id=\"tabs-2\" class=\"ui-tabs-panel ui-widget-content ui-corner-bottom\"><p>En el 2014 mont\u00e9 mi primera empresa con dos amigas de la Facultad, ''La Quinta Avenida'', que era fundamentalmente una Agencia de Marketing y Comunicaci\u00f3n. En la actualidad ese proyecto est\u00e1 un poco en segundo plano ya que le estoy dedicando m\u00e1s esfuerzo y tiempo a un nuevo proyecto, m\u00e1s personal que es ''Eme Cabanyes''. En este nuevo proyecto trabajamos diferentes aspectos como pueden ser la influecia con discapacidad, ser\u00eda mi parcela dentro de la empresa, y la comunicaci\u00f3n, el marketing y el dise\u00f1o gr\u00e1fico accesible. En ''Eme Cabanyes'' estamos trabajando unas 3 \u00f3 4 personas, cada una especialista en un sector. <\/p><\/div><div id=\"tabs-3\" class=\"ui-tabs-panel ui-widget-content ui-corner-bottom\"><p>Varias han sido las motivaciones que me llevaron a emprender. Yo ya llevaba diferentes cuentas de clientes como Community Manager cuando me puse mala de la pierna, tengo una discapacidad y empec\u00e9 con problemas. Justamente en ese momento dos amigas se hab\u00edan quedado en el paro y dijimos, unamos fuerzas y creemos una agencia de comunicaci\u00f3n! Y lo intentamos. Siempre he querido ser mi propia jefa. El mundo del emprendimiento es muy duro, pero tienes mucha libertad, puedes demostrar lo que vales y pese a que sea un esfuerzo cont\u00ednuo, creo que vale la pena vivirlo. Desde entonces no he dejado de ser emprendedora, de estar metida en sara'os. Sobre todo en emprendimiento y discapacidad donde al final me he especializado y he terminado por ser mentor y coach de la C\u00e1tedra de la Universidad Rey Juan Carlos junto con la Fundaci\u00f3n Konecta, emprendimiento para personas con discapacidad. <\/p><\/div><div id=\"tabs-4\" class=\"ui-tabs-panel ui-widget-content ui-corner-bottom\"><p>mi primera empresa se llama la Quinta Avenida. En todo este trayecto de tres o cuatro a\u00f1os la Quinta Avenida ha quedado un poco de lado; era una agencia de marketing y comunicaci\u00f3n en general y ahora estoy en un proyecto m\u00e1s personal que es MCabanyes En MCabanyes trabajamos varias cosas: una parte m\u00eda de ''influencer'' con discapacidad y porotro lado todo el tema de comunicaci\u00f3n accesible, marketing inclusivo y dise\u00f1o gr\u00e1fico accesible<\/p><\/div><div id=\"tabs-5\" class=\"ui-tabs-panel ui-widget-content ui-corner-bottom\"><p>Creo que mi problema es la de casi todo emprendedor, que cuando vas a empezar y tienes una idea es decir qu\u00e9 pasos deben seguir por d\u00f3nde debo tirar una vez que ya tienes como la idea y el preestudio econ\u00f3mico y empresarial hecho, vale, ahora me doy de alta de aut\u00f3noma pero no tengo medios econ\u00f3micos; vamos a intentar bajar gastos y y un poco eso: subvenciones pocas, ayudas pocas, a veces creo que es m\u00e1s el plan econ\u00f3mico que otra cosa, porque la verdad es que nosotros al dedicarnos al mundo online con tener un ordenador y una oficina donde trabajar nos sobraba, pero un poco las dificultades en general: al primero el desconocimiento y luego lo econ\u00f3mico<\/p><\/div><div id=\"tabs-6\" class=\"ui-tabs-panel ui-widget-content ui-corner-bottom\"><p>Creo que lo m\u00e1s importante son las ganas, la fuerza, el entusiasmo y el optimismo. Te tienes que levantar cada d\u00eda sabiendo que es una oportunidad y que cuando llegue la noche y te metas en la cama puede que no hayas conseguido nada, pero debes volverte a levantar con ganas otra vez, tienes que tener constancia y mucha disciplina y sobre todo las ganas, la fuerza, el entusiasmo y que es muy duro y tienes que saber que cuando te metes en un emprendedor no es para hacerte rico, ni mucho menos, es para trabajar de lo que te gusta aunque ganen menos dinero. <\/p><\/div><div id=\"tabs-7\" class=\"ui-tabs-panel ui-widget-content ui-corner-bottom\"><p> que persigas tus sue\u00f1os Por lo que coge ahora mismo un papel, un boli y escribe tu idea, empieza a desarrollarla desde ya, desde cero, hazte un ''brain storming'', un mapa conceptual de todas las palabras que se te ocurran en torno a esa idea y ponte a desarrollarla porque de verdad, muchas veces la gente piensa que es un fracaso o incluso t\u00fa al principio, pero si le das un giro y encuentras su nicho de mercado, luego puedes triunfar. Eso s\u00ed, lo que ya he dicho: constancia, sudor, trabajo y poco dinero. Pero bueno que te animo y que de verdad, que persigas tu sue\u00f1o empresarial y que adelante<\/p><\/div><\/div><\/p>","protected":false},"excerpt":{"rendered":"","protected":false},"author":1,"featured_media":1874,"parent":0,"menu_order":0,"comment_status":"closed","ping_status":"closed","template":"","meta":{"footnotes":""},"categories":[4,7],"tags":[],"class_list":["post-2508","page","type-page","status-publish","has-post-thumbnail","hentry","category-country","category-spain"],"_links":{"self":[{"href":"https:\/\/100mirrors-inc.eu\/es\/wp-json\/wp\/v2\/pages\/2508","targetHints":{"allow":["GET"]}}],"collection":[{"href":"https:\/\/100mirrors-inc.eu\/es\/wp-json\/wp\/v2\/pages"}],"about":[{"href":"https:\/\/100mirrors-inc.eu\/es\/wp-json\/wp\/v2\/types\/page"}],"author":[{"embeddable":true,"href":"https:\/\/100mirrors-inc.eu\/es\/wp-json\/wp\/v2\/users\/1"}],"replies":[{"embeddable":true,"href":"https:\/\/100mirrors-inc.eu\/es\/wp-json\/wp\/v2\/comments?post=2508"}],"version-history":[{"count":19,"href":"https:\/\/100mirrors-inc.eu\/es\/wp-json\/wp\/v2\/pages\/2508\/revisions"}],"predecessor-version":[{"id":2631,"href":"https:\/\/100mirrors-inc.eu\/es\/wp-json\/wp\/v2\/pages\/2508\/revisions\/2631"}],"wp:featuredmedia":[{"embeddable":true,"href":"https:\/\/100mirrors-inc.eu\/es\/wp-json\/wp\/v2\/media\/1874"}],"wp:attachment":[{"href":"https:\/\/100mirrors-inc.eu\/es\/wp-json\/wp\/v2\/media?parent=2508"}],"wp:term":[{"taxonomy":"category","embeddable":true,"href":"https:\/\/100mirrors-inc.eu\/es\/wp-json\/wp\/v2\/categories?post=2508"},{"taxonomy":"post_tag","embeddable":true,"href":"https:\/\/100mirrors-inc.eu\/es\/wp-json\/wp\/v2\/tags?post=2508"}],"curies":[{"name":"wp","href":"https:\/\/api.w.org\/{rel}","templated":true}]}}