{"id":278,"date":"2017-08-03T11:37:26","date_gmt":"2017-08-03T11:37:26","guid":{"rendered":"http:\/\/100mirrors-inc.eu\/?page_id=278"},"modified":"2018-08-16T09:00:22","modified_gmt":"2018-08-16T09:00:22","slug":"template-for-mirror-profiles","status":"publish","type":"page","link":"https:\/\/100mirrors-inc.eu\/es\/template-for-mirror-profiles\/","title":{"rendered":"Emma Mayo Pais"},"content":{"rendered":"<p><img loading=\"lazy\" decoding=\"async\" class=\"alignleft size-thumbnail wp-image-1924\" src=\"http:\/\/100mirrors-inc.eu\/wp-content\/uploads\/2018\/02\/Emma-Mayo-150x150.jpg\" alt=\"\" width=\"150\" height=\"150\" srcset=\"https:\/\/100mirrors-inc.eu\/wp-content\/uploads\/2018\/02\/Emma-Mayo-150x150.jpg 150w, https:\/\/100mirrors-inc.eu\/wp-content\/uploads\/2018\/02\/Emma-Mayo-24x24.jpg 24w, https:\/\/100mirrors-inc.eu\/wp-content\/uploads\/2018\/02\/Emma-Mayo-36x36.jpg 36w, https:\/\/100mirrors-inc.eu\/wp-content\/uploads\/2018\/02\/Emma-Mayo-48x48.jpg 48w, https:\/\/100mirrors-inc.eu\/wp-content\/uploads\/2018\/02\/Emma-Mayo.jpg 300w\" sizes=\"auto, (max-width: 150px) 100vw, 150px\" \/><div class=\"otw-sc-tabs ui-tabs ui-widget ui-widget-content ui-corner-all\"><ul class=\"ui-tabs-nav ui-helper-reset ui-helper-clearfix ui-widget-header ui-corner-all\"><li><span class=\"tab-title\">Emma Mayo Pais<\/span><\/li><li class=\"ui-state-default ui-corner-top\"><a href=\"#tabs-1\"><i class=\"general foundicon-smiley\"> <\/i>Sobre mi<\/a><\/li><li class=\"ui-state-default ui-corner-top\"><a href=\"#tabs-2\"><i class=\"general foundicon-star\"> <\/i>Mis Conocimientos<\/a><\/li><li class=\"ui-state-default ui-corner-top\"><a href=\"#tabs-3\"><i class=\"social foundicon-thumb-up\"> <\/i>Mi Motivacion<\/a><\/li><li class=\"ui-state-default ui-corner-top\"><a href=\"#tabs-4\"><i class=\"general foundicon-idea\"> <\/i>Mi Idea<\/a><\/li><li class=\"ui-state-default ui-corner-top\"><a href=\"#tabs-5\"><i class=\"general foundicon-plus\"> <\/i>Mi experiencia<\/a><\/li><li class=\"ui-state-default ui-corner-top\"><a href=\"#tabs-6\"><i class=\"general foundicon-tools\"> <\/i>Mis habilidades<\/a><\/li><li class=\"ui-state-default ui-corner-top\"><a href=\"#tabs-7\"><i class=\"general foundicon-star\"> <\/i>Consejos <\/a><\/li><\/ul><div id=\"tabs-1\" class=\"ui-tabs-panel ui-widget-content ui-corner-bottom\"><p><strong>Nombre Apellido:<\/strong> Emma Mayo Pais<br \/><br \/>\n<strong>Pais:<\/strong> Espa\u00f1a<br \/><br \/>\n<strong>Ciudad:<\/strong> Ames (A Coru\u00f1a)<br \/><br \/>\n<strong>Nacionalidad:<\/strong> Espa\u00f1ola<br \/><br \/>\n<strong>Formaci\u00f3n:<\/strong> Universidad<br \/><br \/>\n<strong>Sector:<\/strong> Servicio<br \/><br \/>\n<strong>Puesto:<\/strong> Psic\u00f3loga<br \/><br \/>\n<strong>Empresa + Web:<\/strong> Emma Mayo Psic\u00f3loga http:\/\/www.empsicologa.es\/ <\/p><\/div><div id=\"tabs-2\" class=\"ui-tabs-panel ui-widget-content ui-corner-bottom\"><p>Desde julio de 2010, tengo un doctorado en Psicolog\u00eda por la Universidad de Santiago de Compostela (USC). Mientras hac\u00eda la Tesis Doctoral disfrut\u00e9 de becas de investigaci\u00f3n predoctoral (Xunta de Galicia, periodo 2005-2007) y contratos de investigaci\u00f3n (Xunta de Galicia: Programa ''''Mar\u00eda Barbeito'''', diciembre de 2007-junio de 2010). Adem\u00e1s, realic\u00e9 una estancia predoctoral, tambi\u00e9n becada por la Xunta de Galicia, en la Facultad de Psicolog\u00eda de la Universidad de Salamanca (noviembre 2009 - febrero 2010). Despu\u00e9s de presentar la Tesis Doctoral disfrut\u00e9 de una beca de investigaci\u00f3n de la Deputaci\u00f3n Provincial de A Coru\u00f1a (septiembre 2010-2011). En los \u00faltimos a\u00f1os he sido autora y coautora de varios art\u00edculos (nacionales e internacionales) y cap\u00edtulos de libros. Adem\u00e1s, he participado como ponente en varios congresos, tanto nacionales como internacionales. Desde octubre de 2012 hasta febrero de 2014 trabaj\u00e9 como profesora asociada en la Universidad Internacional de La Rioja (UNIR), combinando mi trabajo como docente con mi propio Gabinete de Psicolog\u00eda ''''Emma Mayo Psic\u00f3loga'''', que se inaugur\u00f3 en septiembre de 2011. En la actualidad (desde noviembre de 2016) combino mi trabajo como psic\u00f3loga en mi oficina con mi trabajo como profesora asociada en la Universidad de Santiago de Compostela (USC).<\/p><\/div><div id=\"tabs-3\" class=\"ui-tabs-panel ui-widget-content ui-corner-bottom\"><p>En junio de 2010 termin\u00e9 mi contrato predoctoral en la Universidad de Santiago de Compostela y pas\u00e9 al desempleo. En febrero de 2011, logr\u00e9 hacer una sustituci\u00f3n de 20 d\u00edas en esta Universidad por un permiso de maternidad, pero luego volv\u00ed a estar desempleada. Envi\u00e9 muchos CV pero no me llamaron para ninguna entrevista de trabajo; as\u00ed que en mayo de 2011 comenc\u00e9 a pensar en la posibilidad de trabajar por cuenta propia. De esta manera, podr\u00eda decirse que las dificultades para encontrar trabajopor cuenta ajena fueron la raz\u00f3n principal para crear mi propia empresa. Como en todo la vida, mi negocio ten\u00eda sus oportunidades y amenazas: las oportunidades que ofrec\u00eda el autoempleo eran, principalmente, ser mi propia jefa y ser capaz de hacer las cosas como una quiere \/ cree que deber\u00edan hacerse; por otro lado, las amenazas o inconvenientes a las que tuve que hacer frente son: no tener vacaciones, sufrir ciertas dificultades econ\u00f3micas ante una baja por enfermedad, etc. En general, aumenta la probabilidad de sufrir cierta inestabilidad econ\u00f3mica si las cosas no van bien.<\/p><\/div><div id=\"tabs-4\" class=\"ui-tabs-panel ui-widget-content ui-corner-bottom\"><p>Actualmente, nos encontramos en un momento en que, a menudo, enfrentamos situaciones que aumentan nuestro nivel de estr\u00e9s y ansiedad, generando conflictos internos que causan sufrimiento, disminuci\u00f3n de la calidad de vida y frustraci\u00f3n frente a la imposibilidad de resolver conflictos, por lo que todo esto tiene un impacto m\u00e1s o menos intenso en nuestro d\u00eda a d\u00eda. Cuando esto sucede, es hora de pedir ayuda y recurrir a profesionales. Lejos de las viejas concepciones y estigmas sociales, el psic\u00f3logo se ha convertido en un ser cercano, que eval\u00faa la condici\u00f3n mental y emocional de la persona, a fin de brindar asesoramiento en esas situaciones nuevas, que generan confusi\u00f3n e incomodidad. De esta manera, la metodolog\u00eda que uso permite un trato cercano, tanto individualmente, en grupos, con parejas o con familias, siempre dependiendo de las caracter\u00edsticas del problema que presenta cada caso. Nuestra principal preocupaci\u00f3n es ayudar y poner a disposici\u00f3n de las personas las estrategias necesarias para resolver sus inquietudes.<\/p><\/div><div id=\"tabs-5\" class=\"ui-tabs-panel ui-widget-content ui-corner-bottom\"><p>Cuando tienes una discapacidad es dif\u00edcil que la gente conf\u00ede en ti y en tus habilidades. Afortunadamente, mi familia siempre me ha apoyado en las decisiones que he tomado y tengo la suerte de tener pocos, pero muy buenos amigos y un marido que me haya hecho crecer tanto personal como profesionalmente porque cree en m\u00ed, a veces, incluso m\u00e1s que yo.<\/p><\/div><div id=\"tabs-6\" class=\"ui-tabs-panel ui-widget-content ui-corner-bottom\"><p>Soy una persona con facilidad para aprender y aplicar nuevos conocimientos. Soy una buena mediadora, puedo escuchar a las personas y puedo transmitir informaci\u00f3n con facilidad. Estas habilidades son b\u00e1sicas en el desarrollo diario de mi trabajo; pero si tengo que quedarme con una de mis habilidades, este es el ser persistente, ser luchadora, alguien que no se da por vencida.<\/p><\/div><div id=\"tabs-7\" class=\"ui-tabs-panel ui-widget-content ui-corner-bottom\"><p>Para cualquier mujer, con y sin discapacidad, y cualquiera, dir\u00eda lo mismo: perseguir sus sue\u00f1os.<\/p><\/div><\/div><\/p>","protected":false},"excerpt":{"rendered":"","protected":false},"author":1,"featured_media":1924,"parent":0,"menu_order":0,"comment_status":"closed","ping_status":"closed","template":"","meta":{"footnotes":""},"categories":[4,7],"tags":[],"class_list":["post-278","page","type-page","status-publish","has-post-thumbnail","hentry","category-country","category-spain"],"_links":{"self":[{"href":"https:\/\/100mirrors-inc.eu\/es\/wp-json\/wp\/v2\/pages\/278","targetHints":{"allow":["GET"]}}],"collection":[{"href":"https:\/\/100mirrors-inc.eu\/es\/wp-json\/wp\/v2\/pages"}],"about":[{"href":"https:\/\/100mirrors-inc.eu\/es\/wp-json\/wp\/v2\/types\/page"}],"author":[{"embeddable":true,"href":"https:\/\/100mirrors-inc.eu\/es\/wp-json\/wp\/v2\/users\/1"}],"replies":[{"embeddable":true,"href":"https:\/\/100mirrors-inc.eu\/es\/wp-json\/wp\/v2\/comments?post=278"}],"version-history":[{"count":30,"href":"https:\/\/100mirrors-inc.eu\/es\/wp-json\/wp\/v2\/pages\/278\/revisions"}],"predecessor-version":[{"id":2618,"href":"https:\/\/100mirrors-inc.eu\/es\/wp-json\/wp\/v2\/pages\/278\/revisions\/2618"}],"wp:featuredmedia":[{"embeddable":true,"href":"https:\/\/100mirrors-inc.eu\/es\/wp-json\/wp\/v2\/media\/1924"}],"wp:attachment":[{"href":"https:\/\/100mirrors-inc.eu\/es\/wp-json\/wp\/v2\/media?parent=278"}],"wp:term":[{"taxonomy":"category","embeddable":true,"href":"https:\/\/100mirrors-inc.eu\/es\/wp-json\/wp\/v2\/categories?post=278"},{"taxonomy":"post_tag","embeddable":true,"href":"https:\/\/100mirrors-inc.eu\/es\/wp-json\/wp\/v2\/tags?post=278"}],"curies":[{"name":"wp","href":"https:\/\/api.w.org\/{rel}","templated":true}]}}