{"id":7,"date":"2017-02-02T13:34:17","date_gmt":"2017-02-02T13:34:17","guid":{"rendered":"http:\/\/100mirrors-inc.eu\/?page_id=7"},"modified":"2019-10-03T09:02:25","modified_gmt":"2019-10-03T09:02:25","slug":"aims-and-objectives","status":"publish","type":"page","link":"https:\/\/100mirrors-inc.eu\/es\/aims-and-objectives\/","title":{"rendered":"OBJETIVOS Y METAS"},"content":{"rendered":"<p><\/p>\n<p style=\"text-align: justify;\">Los socios de este proyecto trabajar\u00e1n con grupos desfavorecidos, especialmente con mujeres con discapacidad, para ayudarles a reincorporarse al mercado de trabajo mediante servicios de formaci\u00f3n y orientaci\u00f3n, as\u00ed como con la promoci\u00f3n de las mejores pr\u00e1cticas en toda la UE.<\/p>\n<p style=\"text-align: justify;\">El objetivo principal de este proyecto es promover el emprendimiento inclusivo para las mujeres con discapacidad mediante el desarrollo de una metodolog\u00eda basada en la preparaci\u00f3n y tutor\u00eda de personas con discapacidades f\u00edsicas que est\u00e9n dispuestas a convertirse en emprendedoras a trav\u00e9s de la observaci\u00f3n de profesionales y coaching proporcionado por emprendedoras con discapacidad.<\/p>\n<p style=\"text-align: justify;\">En este proyecto se reconoce que todas las mujeres involucradas en el proyecto tienen necesidades particulares, pero nos centraremos en sus capacidades espec\u00edficas, asesor\u00e1ndolas en t\u00e9rminos de conocimiento empresarial y de gesti\u00f3n, incluyendo habilidades y otras caracter\u00edsticas personales, lo que influir\u00e1 en la capacidad de convertirse, y seguir siendo, una emprendedora.<\/p>\n<p style=\"text-align: justify;\"><strong>Algunas de las razones para trabajar en esta tem\u00e1tica son:<\/strong><\/p>\n<p style=\"text-align: justify;\">El riesgo de pobreza en la UE es significativamente mayor para las personas con discapacidad que para las personas sin discapacidades. La principal raz\u00f3n de esta disparidad se encuentra en las estad\u00edsticas de empleo de las personas con discapacidad, que son causa y \/ o consecuencia de su exclusi\u00f3n social. Aproximadamente el 16% de la poblaci\u00f3n en edad de trabajar en la UE se ve afectada por alguna forma de discapacidad y esta proporci\u00f3n es probable que aumente a medida que la poblaci\u00f3n envejece. Por lo tanto, la cuesti\u00f3n de la participaci\u00f3n social y econ\u00f3mica de las personas con discapacidad se convertir\u00e1 en un tema pol\u00edtico cada vez m\u00e1s importante durante la pr\u00f3xima d\u00e9cada, por lo tanto, el esp\u00edritu emprendedor puede ser parte de la soluci\u00f3n para algunos miembros de esta poblaci\u00f3n.<\/p>\n<p style=\"text-align: justify;\">La Uni\u00f3n Europea ha adoptado una posici\u00f3n firme para apoyar la participaci\u00f3n activa de las personas con discapacidad en la sociedad y en la econom\u00eda. Esto se pone de manifiesto en la Estrategia Europa 2020, cuyo objetivo es crear un crecimiento inteligente, sostenible e integrador para construir una sociedad en la que todos est\u00e9n incluidos. Adem\u00e1s, la UE ha desarrollado una estrategia de discapacidad, en la que se esbozan las medidas que abordan las barreras espec\u00edficas para la plena participaci\u00f3n de las personas con discapacidad en la sociedad.<\/p>\n<p style=\"text-align: justify;\">Muchas mujeres con discapacidad tienen dificultades para acceder a la educaci\u00f3n y al mercado de trabajo, por lo tanto, muchas tienen poca experiencia laboral y muy pocas tienen experiencia en emprendimiento. Como resultado, pocas personas con discapacidades han tenido la oportunidad de desarrollar el conjunto de habilidades necesarias para iniciar y dirigir con \u00e9xito un negocio. Las mujeres, los j\u00f3venes y personas mayores que tienen una discapacidad, y aquellos que viven en \u00e1reas econ\u00f3micamente deprimidas podr\u00edan encontrar m\u00e1s dif\u00edcil iniciar negocios y ejecutarlos con \u00e9xito. Esto sugiere que se debe implementar una acci\u00f3n pol\u00edtica sobre la discapacidad junto con medidas complementarias para abordar las desventajas asociadas con otras situaciones socioecon\u00f3micas.<\/p>\n<p><a href=\"http:\/\/100mirrors-inc.eu\/wp-content\/uploads\/2019\/10\/100MIRRORS-INCLUSIVE-REPORT-.pdf\">State of the art report<\/a><\/p>\n<p style=\"text-align: justify;\">EL impacto esperado en los beneficiarios es el siguiente<\/p>\n<ul>\n<li style=\"text-align: justify;\">Incrementar las habilidades emprendedores en mujeres con discapacidad as\u00ed como el indicador de inserciones laborales y el n\u00famero de autoempleos.<\/li>\n<li style=\"text-align: justify;\">Mejorar la preparaci\u00f3n de las emprendedoras con discapacidad y el n\u00famero de mujeres con discapacidad empleadas.<\/li>\n<li style=\"text-align: justify;\">Mejorar la eficacia de la formaci\u00f3n de las mujeres con discapacidad a trav\u00e9s del desarrollo de sus competencias emprendedoras en las organizaciones de formaci\u00f3n y en sus formadores<\/li>\n<li style=\"text-align: justify;\">Aumentar la implicaci\u00f3n\u00a0 de las mujeres con discapacidad y el emprendimiento<\/li>\n<\/ul>\n<p><\/p>","protected":false},"excerpt":{"rendered":"<p>Los socios de este proyecto trabajar\u00e1n con grupos desfavorecidos, especialmente con mujeres con discapacidad, para ayudarles a reincorporarse al mercado de trabajo mediante servicios de formaci\u00f3n y orientaci\u00f3n, as\u00ed como con la promoci\u00f3n de las mejores pr\u00e1cticas en toda la UE. El objetivo principal de este proyecto es promover el emprendimiento inclusivo para las mujeres<span class=\"read-more-wrap\"><a class=\"moretag\" href=\"https:\/\/100mirrors-inc.eu\/es\/aims-and-objectives\/\">Continue Reading <span class=\"screen-reader-text\">OBJETIVOS Y METAS<\/span><\/a><\/span><\/p>\n","protected":false},"author":1,"featured_media":0,"parent":0,"menu_order":0,"comment_status":"closed","ping_status":"closed","template":"","meta":{"footnotes":""},"categories":[],"tags":[],"class_list":["post-7","page","type-page","status-publish","hentry"],"_links":{"self":[{"href":"https:\/\/100mirrors-inc.eu\/es\/wp-json\/wp\/v2\/pages\/7","targetHints":{"allow":["GET"]}}],"collection":[{"href":"https:\/\/100mirrors-inc.eu\/es\/wp-json\/wp\/v2\/pages"}],"about":[{"href":"https:\/\/100mirrors-inc.eu\/es\/wp-json\/wp\/v2\/types\/page"}],"author":[{"embeddable":true,"href":"https:\/\/100mirrors-inc.eu\/es\/wp-json\/wp\/v2\/users\/1"}],"replies":[{"embeddable":true,"href":"https:\/\/100mirrors-inc.eu\/es\/wp-json\/wp\/v2\/comments?post=7"}],"version-history":[{"count":22,"href":"https:\/\/100mirrors-inc.eu\/es\/wp-json\/wp\/v2\/pages\/7\/revisions"}],"predecessor-version":[{"id":2995,"href":"https:\/\/100mirrors-inc.eu\/es\/wp-json\/wp\/v2\/pages\/7\/revisions\/2995"}],"wp:attachment":[{"href":"https:\/\/100mirrors-inc.eu\/es\/wp-json\/wp\/v2\/media?parent=7"}],"wp:term":[{"taxonomy":"category","embeddable":true,"href":"https:\/\/100mirrors-inc.eu\/es\/wp-json\/wp\/v2\/categories?post=7"},{"taxonomy":"post_tag","embeddable":true,"href":"https:\/\/100mirrors-inc.eu\/es\/wp-json\/wp\/v2\/tags?post=7"}],"curies":[{"name":"wp","href":"https:\/\/api.w.org\/{rel}","templated":true}]}}