{"id":9,"date":"2017-02-02T13:36:02","date_gmt":"2017-02-02T13:36:02","guid":{"rendered":"http:\/\/100mirrors-inc.eu\/?page_id=9"},"modified":"2017-07-27T10:21:31","modified_gmt":"2017-07-27T10:21:31","slug":"the-partners","status":"publish","type":"page","link":"https:\/\/100mirrors-inc.eu\/es\/the-partners\/","title":{"rendered":"LOS SOCIOS"},"content":{"rendered":"<p><\/p>\n<p style=\"text-align: justify;\"><a href=\"https:\/\/fedemp.agenciascolocacion.com\/\"><img loading=\"lazy\" decoding=\"async\" class=\"alignleft size-full wp-image-68\" src=\"http:\/\/100mirrors-inc.eu\/wp-content\/uploads\/2017\/02\/logo-fedemp.png\" alt=\"\" width=\"200\" height=\"70\" \/><\/a><\/p>\n<p style=\"text-align: justify;\"><strong>FEDEMP<\/strong> es una Federaci\u00f3n sin \u00e1nimo de lucro con sede en Madrid, Espa\u00f1a. Es una organizaci\u00f3n multisectorial que re\u00fane a m\u00e1s de 100 empresas de los sectores m\u00e1s representativos: limpieza, construcci\u00f3n, inform\u00e1tica, formaci\u00f3n &#8230; Cuenta con m\u00e1s de 10 a\u00f1os de experiencia desarrollando actividades de formaci\u00f3n y apoyo a empresarios a nivel nacional, centr\u00e1ndose en j\u00f3venes con bajos o nulo nivel de cualificaci\u00f3n, as\u00ed como en mujeres.<\/p>\n<p style=\"text-align: justify;\">El principal objetivo de <strong>FEDEMP<\/strong> es contribuir a la mejora del mercado laboral tanto desde el punto de vista de la oferta como de la demanda, potenciando la cualificaci\u00f3n de empresarios y trabajadores mediante una formaci\u00f3n moderna, competitiva y adaptada a las necesidades del mercado de trabajo. Se pretende que el beneficiario principal de los logros de <strong>FEDEMP<\/strong> sea el conjunto\u00a0 de la sociedad, por los beneficios que alcanzan al asociarse.<\/p>\n<p style=\"text-align: justify;\">La existencia de <strong>FEDEMP<\/strong> tiene como objetivo principal servir de herramienta \u00fatil para los proyectos de sus socios, y servir como punto de encuentro del sector empresarial y de los empresarios en general.<\/p>\n<p style=\"text-align: justify;\"><strong>FEDEMP<\/strong> lleva a cabo la gesti\u00f3n del proyecto, garantizando la cooperaci\u00f3n eficaz y fluida entre los socios y la consecuci\u00f3n de los objetivos previstos. As\u00ed como el aseguramiento de la calidad, incluyendo actividades de evaluaci\u00f3n y valorizaci\u00f3n.<\/p>\n<p style=\"text-align: justify;\"><a href=\"http:\/\/www.vivafemina.org.pl\/?lang=en\"><img loading=\"lazy\" decoding=\"async\" class=\"alignleft wp-image-48\" src=\"http:\/\/100mirrors-inc.eu\/wp-content\/uploads\/2017\/02\/logo-viva.png\" width=\"149\" height=\"97\" srcset=\"https:\/\/100mirrors-inc.eu\/wp-content\/uploads\/2017\/02\/logo-viva.png 1280w, https:\/\/100mirrors-inc.eu\/wp-content\/uploads\/2017\/02\/logo-viva-300x195.png 300w, https:\/\/100mirrors-inc.eu\/wp-content\/uploads\/2017\/02\/logo-viva-768x499.png 768w, https:\/\/100mirrors-inc.eu\/wp-content\/uploads\/2017\/02\/logo-viva-1024x665.png 1024w\" sizes=\"auto, (max-width: 149px) 100vw, 149px\" \/><\/a><\/p>\n<p style=\"text-align: justify;\">Fundaci\u00f3n \u00ab<strong>Viva Femina<\/strong>\u00bb es una fundaci\u00f3n de mujeres ubicada en la regi\u00f3n de Podkarpackie en Polonia. Nuestro principal objetivo es actuar en beneficio de las mujeres, las personas con discapacidad, los inmigrantes y los j\u00f3venes. Estamos aplicando buenas pr\u00e1cticas en cuestiones de g\u00e9nero y promoviendo la igualdad de oportunidades para mujeres y hombres en todos los \u00e1mbitos de la vida, as\u00ed como implementando buenas pr\u00e1cticas en educaci\u00f3n y desarrollo empresarial. Las actividades de la Fundaci\u00f3n se centran en la prestaci\u00f3n de servicios de formaci\u00f3n y orientaci\u00f3n a los grupos desfavorecidos de la regi\u00f3n de Podkarpackie, as\u00ed como la organizaci\u00f3n de seminarios y conferencias. Nuestras actividades est\u00e1n dirigidas a NINIS, personas con discapacidades mentales y f\u00edsicas, mujeres desempleadas de larga duraci\u00f3n, j\u00f3venes desempleados, ex presos y personas de \u00e1reas rurales. La Fundaci\u00f3n transfiere las buenas pr\u00e1cticas y los instrumentos del mercado de trabajo de la UE a Polonia y colabora con instituciones p\u00fablicas de Polonia, organizaciones de mujeres, talleres de actividades ocupacionales para personas con discapacidad y ONG.<\/p>\n<p style=\"text-align: justify;\"><a href=\"http:\/\/www.indico.info\/\"><img loading=\"lazy\" decoding=\"async\" class=\"alignleft wp-image-67\" src=\"http:\/\/100mirrors-inc.eu\/wp-content\/uploads\/2017\/02\/indico.jpg\" width=\"150\" height=\"147\" srcset=\"https:\/\/100mirrors-inc.eu\/wp-content\/uploads\/2017\/02\/indico.jpg 344w, https:\/\/100mirrors-inc.eu\/wp-content\/uploads\/2017\/02\/indico-300x294.jpg 300w\" sizes=\"auto, (max-width: 150px) 100vw, 150px\" \/><\/a><\/p>\n<p style=\"text-align: justify;\"><strong>INDICO<\/strong> (Instituto Internacional de Innovaci\u00f3n, Conocimiento y Competencias) es una agencia internacional para el conocimiento y la innovaci\u00f3n en la formaci\u00f3n profesional de personas y organizaciones. Es una organizaci\u00f3n sin \u00e1nimo de lucro que trabaja en la gesti\u00f3n de proyectos, transferencia de los resultados y en la implementaci\u00f3n de proyectos de innovaci\u00f3n en el desarrollo del conocimiento utilizando nuevas tecnolog\u00edas. <strong>INDICO<\/strong> ha sido reconocida por instituciones p\u00fablicas como el gobierno regional y la oficina de empleo como proveedor de formaci\u00f3n. Los objetivos de la asociaci\u00f3n son gestionar y promover proyectos innovadores y creativos en diferentes sectores, mejorar las competencias y aptitudes personales y promover la movilidad real y virtual, organizando encuentros internacionales. Adem\u00e1s, <strong>INDICO<\/strong> ofrece una variedad de cursos (online y mixtos) en diferentes \u00e1reas profesionales como cursos universitarios, para entidades y empresas o ciclos de Excelencia. El aula virtual muestra un m\u00e9todo innovador de aprendizaje donde la mayor\u00eda de los cursos son tutorizados. <strong>INDICO<\/strong> participa en proyectos educativos europeos desde el a\u00f1o 2009. La mayor parte de su experiencia se centra en proyectos relacionados con el emprendimiento, la innovaci\u00f3n did\u00e1ctica en materiales y metodolog\u00edas, as\u00ed como en la innovaci\u00f3n t\u00e9cnol\u00f3gica.<\/p>\n<p style=\"text-align: justify;\"><strong>INDICO<\/strong> fue el coordinador de los proyectos \u00ab100 Mirrors\u00bb y \u00ab100 Mirors Extended\u00bb<\/p>\n<p style=\"text-align: justify;\"><a href=\"http:\/\/www.edra-coop.gr\/en.html\"><img loading=\"lazy\" decoding=\"async\" class=\"alignleft wp-image-65\" src=\"http:\/\/100mirrors-inc.eu\/wp-content\/uploads\/2017\/02\/edralogo_web.png\" alt=\"\" width=\"164\" height=\"109\" \/><\/a><\/p>\n<p style=\"text-align: justify;\">Social Cooperative Activities for Vulnerable Groups\u00a0 &#8211; <strong>K.S.D.E.O \u00abEDRA\u00bb<\/strong> es una organizaci\u00f3n sin \u00e1nimo de lucro con 150 empleados establecida en Attica \/ Atenas, desde el 2001. EDRA ha desarrollado una variedad de programas y estructuras comunitarias que apuntan a apoyar la calidad de vida y la Rehabilitaci\u00f3n \/ integraci\u00f3n de personas desfavorecidas con riesgo de exclusi\u00f3n social, as\u00ed como programas de prevenci\u00f3n y sensibilizaci\u00f3n a la comunidad en torno a problemas de salud mental y promoci\u00f3n de la salud mental en general.<\/p>\n<p style=\"text-align: justify;\">\u00ab<strong>EDRA<\/strong>\u00bb est\u00e1 inscrita en el Registro Nacional de los Organismos Privados sin \u00e1nimo de lucro que prestan servicios sociales y en el Registro especial de las Organizaciones Voluntarias sin \u00e1nimo de lucro.<\/p>\n<p style=\"text-align: justify;\"><strong>K.S.D.E.O \u00abEDRA\u00bb<\/strong> considera la Econom\u00eda Social y el Emprendimiento Social como un veh\u00edculo para que la sociedad supere las dificultades econ\u00f3micas y sociales. La Econom\u00eda Social incluye la provisi\u00f3n de bienes y servicios, incluyendo por supuesto las oportunidades de empleo. En este campo (oportunidades de empleo) \u00ab<strong>EDRA<\/strong>\u00bb est\u00e1 invirtiendo muchos esfuerzos. Concretamente, el centro de aprendizaje permanente de <strong>EDRA<\/strong> (KEDIVIM) proporciona formaci\u00f3n y apoyo a las personas en sus primeros pasos comerciales. Un grupo de profesionales con experiencia como educadores, formadores, mentores, coachs, etc., forma a personas desempleadas, a mujeres y a otros grupos vulnerables para incorporarse al mercado de trabajo.<\/p>\n<p style=\"text-align: justify;\"><strong>EDRA<\/strong> particip\u00f3 en dos proyectos ERASMUS y ERASMUS + para el emprendimiento femenino, \u00ab100 MIRRORS\u00bb (2011-13) y \u00ab100 MIRRORS EXTENDED\u00bb (2014-16).<\/p>\n<p style=\"text-align: justify;\"><a href=\"https:\/\/eurofortis.lv\/\"><img loading=\"lazy\" decoding=\"async\" class=\"alignleft wp-image-66\" src=\"http:\/\/100mirrors-inc.eu\/wp-content\/uploads\/2017\/02\/eurofortis-logo.png\" alt=\"\" width=\"174\" height=\"99\" \/><\/a><\/p>\n<p style=\"text-align: justify;\">Asociaci\u00f3n \u00ab<strong>Biedr\u012bba Eurofortis<\/strong>\u00bb es una organizaci\u00f3n no gubernamental multicultural que tiene como objetivo apoyar el desarrollo de diferentes competencias, as\u00ed como las habilidades personales y profesionales.<\/p>\n<p style=\"text-align: justify;\"><strong>Biedr\u012bba Eurofortis<\/strong> cuenta con amplia experiencia en la realizaci\u00f3n de proyectos financiados por la EU a trav\u00e9s del Programa de Aprendizaje Permanente y del actual Programa Erasmus +, as\u00ed como el programa Nordplus. Hemos realizado proyectos dirigidos principalmente al desarrollo de competencias empresariales, mejora de procesos para asegurar la calidad y la validaci\u00f3n de competencias, idiomas dirigidos a diferentes grupos de personas en el sector educativo y empresarial, tambi\u00e9n juventud, as\u00ed como proyectos de empoderamiento, inclusi\u00f3n y participaci\u00f3n de j\u00f3venes. Somos competentes en el \u00e1mbito de los proyectos de la UE tanto desde el punto de vista de la preparaci\u00f3n como de la puesta en pr\u00e1ctica y hemos establecido una amplia red de socios internacionales y nacionales para involucrar a stakeholders, socios, grupos objetivo, etc.<\/p>\n<p style=\"text-align: justify;\">A nivel internacional, somos miembros de EURORESO &#8211; Asociaci\u00f3n Internacional con un prop\u00f3sito cient\u00edfico y educativo, y EUROBEN &#8211; asociaci\u00f3n sin \u00e1nimo de lucro con una amplia red de experiencia en el campo de la Excelencia Empresarial y la mejora organizativa.<\/p>\n<p style=\"text-align: justify;\"><a href=\"http:\/\/www.acrosslimits.com\/\"><img loading=\"lazy\" decoding=\"async\" class=\"alignleft wp-image-64\" src=\"http:\/\/100mirrors-inc.eu\/wp-content\/uploads\/2017\/02\/AcrossLimits-Logo.png\" width=\"157\" height=\"39\" \/><\/a><\/p>\n<p style=\"text-align: justify;\"><strong>AcrossLimits<\/strong> es una din\u00e1mica entidad comercial maltesa, con sus ra\u00edces firmemente dirigidas en el nuevo sector de la tecnolog\u00eda y los medios de comunicaci\u00f3n. De hecho, su actividad principal se centra en las \u00e1reas de soluciones de e-Business, Internet y Gesti\u00f3n del Conocimiento para Peque\u00f1as y Medianas Empresas. Sin embargo, en los \u00faltimos a\u00f1os, <strong>AcrossLimits<\/strong> se ha diversificado y ahora se compone de 3 departamentos principales: Tecnolog\u00eda, proyectos europeos y Educaci\u00f3n.<\/p>\n<p style=\"text-align: justify;\"><strong>AcrossLimits<\/strong> se cre\u00f3 en junio de 2001 como una sociedad de responsabilidad limitada, aunque sus miembros ya trabajaban juntos antes de esa fecha en virtud de un acuerdo de asociaci\u00f3n y, de hecho, han estado desarrollando sistemas relacionados con las nuevas tecnolog\u00e1is desde 1996. Con oficinas de representaci\u00f3n en Italia, Espa\u00f1a y Grecia, <strong>AcrossLimits<\/strong> es capaz de proporcionar diversos servicios relacionados con las Tecnolog\u00edas de la Informaci\u00f3n, centr\u00e1ndose especialmente en sus tres \u00e1reas principales de eLearning, eHealth y Cultura Digital.<\/p>\n<p style=\"text-align: justify;\">Durante sus 15 a\u00f1os de vida, <strong>AcrossLimits<\/strong> ha reunido varios proyectos que incluyen plataformas de eLearning, concursos, juegos en l\u00ednea y simulaciones para la ense\u00f1anza de lenguas, ciencias y tradiciones culturales a partir de una mezcla de c\u00f3digo abierto y software comercial. <strong>AcrossLimits<\/strong> coordinar\u00e1 y acoger\u00e1 la movilidad de los formadores y emprendedoras con discapacidad que tendr\u00e1 lugar en abril de 2017 y tambi\u00e9n se encargar\u00e1 de la difusi\u00f3n dentro del proyecto.<\/p>\n<p><\/p>","protected":false},"excerpt":{"rendered":"<p>FEDEMP es una Federaci\u00f3n sin \u00e1nimo de lucro con sede en Madrid, Espa\u00f1a. Es una organizaci\u00f3n multisectorial que re\u00fane a m\u00e1s de 100 empresas de los sectores m\u00e1s representativos: limpieza, construcci\u00f3n, inform\u00e1tica, formaci\u00f3n &#8230; Cuenta con m\u00e1s de 10 a\u00f1os de experiencia desarrollando actividades de formaci\u00f3n y apoyo a empresarios a nivel nacional, centr\u00e1ndose en<span class=\"read-more-wrap\"><a class=\"moretag\" href=\"https:\/\/100mirrors-inc.eu\/es\/the-partners\/\">Continue Reading <span class=\"screen-reader-text\">LOS SOCIOS<\/span><\/a><\/span><\/p>\n","protected":false},"author":1,"featured_media":0,"parent":0,"menu_order":0,"comment_status":"closed","ping_status":"closed","template":"","meta":{"footnotes":""},"categories":[],"tags":[],"class_list":["post-9","page","type-page","status-publish","hentry"],"_links":{"self":[{"href":"https:\/\/100mirrors-inc.eu\/es\/wp-json\/wp\/v2\/pages\/9","targetHints":{"allow":["GET"]}}],"collection":[{"href":"https:\/\/100mirrors-inc.eu\/es\/wp-json\/wp\/v2\/pages"}],"about":[{"href":"https:\/\/100mirrors-inc.eu\/es\/wp-json\/wp\/v2\/types\/page"}],"author":[{"embeddable":true,"href":"https:\/\/100mirrors-inc.eu\/es\/wp-json\/wp\/v2\/users\/1"}],"replies":[{"embeddable":true,"href":"https:\/\/100mirrors-inc.eu\/es\/wp-json\/wp\/v2\/comments?post=9"}],"version-history":[{"count":21,"href":"https:\/\/100mirrors-inc.eu\/es\/wp-json\/wp\/v2\/pages\/9\/revisions"}],"predecessor-version":[{"id":267,"href":"https:\/\/100mirrors-inc.eu\/es\/wp-json\/wp\/v2\/pages\/9\/revisions\/267"}],"wp:attachment":[{"href":"https:\/\/100mirrors-inc.eu\/es\/wp-json\/wp\/v2\/media?parent=9"}],"wp:term":[{"taxonomy":"category","embeddable":true,"href":"https:\/\/100mirrors-inc.eu\/es\/wp-json\/wp\/v2\/categories?post=9"},{"taxonomy":"post_tag","embeddable":true,"href":"https:\/\/100mirrors-inc.eu\/es\/wp-json\/wp\/v2\/tags?post=9"}],"curies":[{"name":"wp","href":"https:\/\/api.w.org\/{rel}","templated":true}]}}