{"id":1139,"date":"2017-12-07T14:25:24","date_gmt":"2017-12-07T14:25:24","guid":{"rendered":"http:\/\/100mirrors-inc.eu\/?page_id=1139"},"modified":"2018-04-02T09:56:06","modified_gmt":"2018-04-02T09:56:06","slug":"latviesu-nina-mengele","status":"publish","type":"page","link":"https:\/\/100mirrors-inc.eu\/lv\/latviesu-nina-mengele\/","title":{"rendered":"\u0145ina Mengele"},"content":{"rendered":"<p><img loading=\"lazy\" decoding=\"async\" class=\"alignleft wp-image-1817 size-thumbnail\" src=\"http:\/\/100mirrors-inc.eu\/wp-content\/uploads\/2018\/02\/\u0145ina-Me\u0146\u0123ele-150x150.jpg\" alt=\"\" width=\"150\" height=\"150\" srcset=\"https:\/\/100mirrors-inc.eu\/wp-content\/uploads\/2018\/02\/\u0145ina-Me\u0146\u0123ele-150x150.jpg 150w, https:\/\/100mirrors-inc.eu\/wp-content\/uploads\/2018\/02\/\u0145ina-Me\u0146\u0123ele-24x24.jpg 24w, https:\/\/100mirrors-inc.eu\/wp-content\/uploads\/2018\/02\/\u0145ina-Me\u0146\u0123ele-36x36.jpg 36w, https:\/\/100mirrors-inc.eu\/wp-content\/uploads\/2018\/02\/\u0145ina-Me\u0146\u0123ele-48x48.jpg 48w, https:\/\/100mirrors-inc.eu\/wp-content\/uploads\/2018\/02\/\u0145ina-Me\u0146\u0123ele.jpg 300w\" sizes=\"auto, (max-width: 150px) 100vw, 150px\" \/><div class=\"otw-sc-tabs ui-tabs ui-widget ui-widget-content ui-corner-all\"><ul class=\"ui-tabs-nav ui-helper-reset ui-helper-clearfix ui-widget-header ui-corner-all\"><li><span class=\"tab-title\">\u0145ina Me\u0146\u0123ele<\/span><\/li><li class=\"ui-state-default ui-corner-top\"><a href=\"#tabs-1\"><i class=\"general foundicon-smiley\"> <\/i>PAR MANI<\/a><\/li><li class=\"ui-state-default ui-corner-top\"><a href=\"#tabs-2\"><i class=\"general foundicon-star\"> <\/i>PAMATINFORM\u0100CIJA<\/a><\/li><li class=\"ui-state-default ui-corner-top\"><a href=\"#tabs-3\"><i class=\"general foundicon-plus\"> <\/i>MANA PIEREDZE<\/a><\/li><li class=\"ui-state-default ui-corner-top\"><a href=\"#tabs-4\"><i class=\"general foundicon-tools\"> <\/i>MANAS PRASMES<\/a><\/li><li class=\"ui-state-default ui-corner-top\"><a href=\"#tabs-5\"><i class=\"general foundicon-star\"> <\/i>MANS PADOMS<\/a><\/li><\/ul><div id=\"tabs-1\" class=\"ui-tabs-panel ui-widget-content ui-corner-bottom\"><p><b>V\u0101rds, uzv\u0101rds: <\/b>\u0145ina Me\u0146\u0123ele<br \/><br \/>\n<b>Valsts:<\/b> Latvija<br \/><br \/>\n<b>Pils\u0113ta:<\/b> R\u012bga<br \/><br \/>\n<b>Taut\u012bba:<\/b> Krieviete<br \/><br \/>\n<strong>Pamatinform\u0101cija: <\/strong>Vid\u0113j\u0101 tehnisk\u0101 izgl\u012bt\u012bba, ir stud\u0113jusi Soci\u0101lo darbu un soci\u0101lo pedago\u0123iju augstskol\u0101 ''Att\u012bst\u012bba'', tom\u0113r studijas pamestas; Biznesa skol\u0101 apg\u016btas lietved\u012bbas prasmes.Ir viena no Latvie\u0161u Sievie\u0161u inval\u012bdu asoci\u0101cijas 'Aspazija' dibin\u0101t\u0101j\u0101m. \u0160obr\u012bd Inval\u012bdu un vi\u0146u draugu apvien\u012bbas 'Apeirons' valdes locekle.<br \/><br \/>\n<b>Nozare:<\/b> Nevalstiskais jeb Tre\u0161ais<br \/><br \/>\n<b>Amats: <\/b>Valdes locekle Inval\u012bdu un vi\u0146u draugu apvien\u012bb\u0101 'Apeirons', sadarb\u012bbas partnere divos Ziedot.lv projektos.<\/p><br \/>\n<p>\u0145ina Me\u0146\u0123ele akt\u012bvi darbojas nevalstiskaj\u0101 sektor\u0101 nu jau vair\u0101k k\u0101 20 gadus. Vi\u0146a ir inval\u012bdu un vi\u0146u draugu apvien\u012bbas 'Apeirons' valdes locekle. K\u0101da no \u0145inas kol\u0113\u0123\u0113m par vi\u0146u saka - '\u0145ina ir \u0161\u012bs organiz\u0101cijas dv\u0113sel\u012bte un visu br\u012bvpr\u0101t\u012bgo atbalsts!' Un ne velti! Ieguld\u012btais darbs, sirsn\u012bba un v\u0113lme pal\u012bdz\u0113t cilv\u0113kiem \u013c\u0101vusi sasniegt rezult\u0101tus, t\u0101d\u0113j\u0101di iev\u0113rojami uzlabojot cilv\u0113ku ar invalidit\u0101ti ikdienu. Kop\u0161 2008. gada \u0145ina str\u0101d\u0101 ar\u012b sadarb\u012bb\u0101 ar labdar\u012bbas organiz\u0101ciju Ziedot.lv.<br \/><br \/>\nhttp:\/\/www.apeirons.lv\/new\/ https:\/\/www.ziedot.lv\/<\/p><br \/>\n<p><\/p><\/div><div id=\"tabs-2\" class=\"ui-tabs-panel ui-widget-content ui-corner-bottom\"><p><br \/><br \/>\n<b>Izgl\u012bt\u012bba:<\/b><\/p><br \/>\n<p>Augstskola 'Att\u012bst\u012bba' nepabeigta (pabeigti 3 kursi)<br \/><br \/>\nProfesion\u0101l\u0101s t\u0101l\u0101kizgl\u012bt\u012bbas turpin\u0101\u0161ana (uz\u0146\u0113mum\u0101)<\/p><br \/>\n<p><b>Profesion\u0101l\u0101s darba gaitas:<\/b><\/p><br \/>\n<p>1999 - pa\u0161laik valdes locekle Inval\u012bdu un vi\u0146u draugu apvien\u012bb\u0101 'Apeirons' R\u012bg\u0101 (Latvija);<\/p><br \/>\n<p>No 1999. - 2008. gadam klientu apkalpo\u0161anas speci\u0101liste: konsult\u0101ciju nodro\u0161in\u0101\u0161ana, inform\u0101cijas un atbalsta snieg\u0161ana klientiem kl\u0101tien\u0113, telefoniski un elektroniski, kr\u012bzes situ\u0101ciju risin\u0101\u0161ana;<\/p><br \/>\n<p>No 02.05.2005. - 30.04.2006.  projekta 'Atpaka\u013c darb\u0101. B\u0113rnu inval\u012bdu vec\u0101ku nodarbin\u0101t\u012bbas veicin\u0101\u0161ana' asistente;<\/p><br \/>\n<p>No 01.02.2005. - 14.09.2005. projekta 'Ce\u013c\u0101 uz neatkar\u012bgu dz\u012bvi' Informat\u012bv\u0101 bezmaksas t\u0101lru\u0146u centra vad\u012bt\u0101ja;<br \/><br \/>\nKop\u0161 2008. gada projektu vad\u012bt\u0101ja projektos 'M\u012b\u013c\u0101 aukl\u012bte' un 'Pal\u012bdz\u0113sim mazaj\u0101m sirsni\u0146\u0101m', kas veidoti, sadarbojoties ar Ziedot.lv<br \/><br \/>\nNo 2007.- 2009. gadam starptautiska projekta valsts koordinatore 'Laterna Nordic' un 'Laterna Nordic 2' (Zviedrija, Lietuva, Baltkrievija, Somija, D\u0101nija, Krievija, Latvija)<\/p><br \/>\n<p>Kop\u0161 2010. gada projektu vad\u012bt\u0101ja un biroja administratore Inval\u012bdu un vi\u0146u draugu apvien\u012bb\u0101 'Apeirons'.<\/p><br \/>\n<p>T\u0101laj\u0101 1999.gad\u0101 bija \u013coti maz inform\u0101cijas cilv\u0113kiem ar invalidit\u0101ti par vi\u0146u ties\u012bb\u0101m un da\u017e\u0101du probl\u0113mu risin\u0101\u0161anu. Dom\u0101jot par \u0161o probl\u0113mu, rad\u0101s ideja izveidot 'Neatkar\u012bgas dz\u012bves centru' , kur vienviet var\u0113ja sa\u0146emt inform\u0101ciju cilv\u0113ki ar invalidit\u0101ti par da\u017e\u0101diem vi\u0146us interes\u0113jo\u0161iem jaut\u0101jumiem. Cilv\u0113ki gan kl\u0101tien\u0113, gan telefoniski var\u0113ja sa\u0146emt prec\u012bzu inform\u0101ciju par valsts un pa\u0161vald\u012bbas izdotiem nolikumiem, noteikumiem utt., kas attiecin\u0101mi uz cilv\u0113kiem ar invalidit\u0101ti, kas uzlabotu vi\u0146u dz\u012bves kvalit\u0101ti. Sadarb\u012bb\u0101 ar Cilv\u0113kties\u012bbu biroju m\u016bsu centr\u0101 konsult\u0113ja ar\u012b jurists.  Valst\u012b cilv\u0113ki ar invalidit\u0101ti un cilv\u0113ki bez invalidit\u0101tes nebija vienl\u012bdz\u012bg\u0101 situ\u0101cij\u0101, piem\u0113ram, cilv\u0113ki rati\u0146kr\u0113sl\u0101 p\u0113c VDE\u0100K l\u0113muma bija 100% darba nesp\u0113j\u012bgi, un faktiski cilv\u0113kiem ar invalidit\u0101ti valsts nenodro\u0161in\u0101ja iesp\u0113jas ne m\u0101c\u012bties, ne str\u0101d\u0101t, nebija nodro\u0161in\u0101ta fiziski pieejama vide, l\u012bdz ar to rad\u0101s vair\u0101ki darb\u012bbas virzieni, kuros organiz\u0101cija str\u0101d\u0101ja. <\/p><br \/>\n<p>Darbs nevalstiskaj\u0101 sektor\u0101 balst\u0101s uz projektu realiz\u0101ciju, draudus rada valsts un pa\u0161vald\u012bbas atbalsta tr\u016bkums.<\/p><\/div><div id=\"tabs-3\" class=\"ui-tabs-panel ui-widget-content ui-corner-bottom\"><p>Vien\u012bgais \u0161\u0137\u0113rslis bija mana nedro\u0161\u012bbas saj\u016bta. P\u0113c invalidit\u0101tes iest\u0101\u0161an\u0101s biju nedro\u0161a par sav\u0101m sp\u0113j\u0101m un var\u0113\u0161anu. Organiz\u0101cija tiem gadiem bija \u013coti progres\u012bva un rado\u0161a, un daudzi projekti tika realiz\u0113ti pirmo reizi Latvij\u0101. T\u0101 k\u0101 man grib\u0113j\u0101s b\u016bt taj\u0101 vis\u0101 iesaist\u012btai, tad es biju spiesta neatpalikt no p\u0101r\u0113jiem kol\u0113\u0123iem.<br \/><br \/>\nMan pal\u012bdz\u0113ja saproto\u0161s organiz\u0101cijas vad\u012bt\u0101js, kas mudin\u0101ja un motiv\u0113ja uz rado\u0161u dom\u0101\u0161anu un br\u012bvu r\u012bko\u0161anos organiz\u0101cij\u0101. \u013boti demokr\u0101tisks vad\u012b\u0161anas stils, atbalsto\u0161s un draudz\u012bgs kolekt\u012bvs. Visvair\u0101k mani iedvesmoja m\u016bsu sadarb\u012bbas partneri no vair\u0101k\u0101m organiz\u0101cij\u0101m no t\u0101d\u0101m Eiropas valst\u012bm k\u0101 Zviedrija, D\u0101nija, Somija u.c. Tas bija k\u0101 paraugs, uz ko tiekties un k\u0101das probl\u0113mu risin\u0101jumu iesp\u0113jas pied\u0101v\u0101t m\u016bsu valsts un pa\u0161vald\u012bbu instit\u016bcij\u0101m. Organiz\u0101cijas galda gr\u0101mata bija ANO paraugnoteikumi, k\u0101 valst\u012b j\u0101b\u016bt sak\u0101rtotai likumdo\u0161anai attiec\u012bb\u0101 uz cilv\u0113kiem ar invalidit\u0101ti.<br \/><br \/>\nOrganiz\u0101cijai ir j\u0101att\u012bst\u0101s un j\u0101iet uz priek\u0161u, un m\u0113s visu dar\u0101m kop\u0101, m\u0113\u0123in\u0101m to uztur\u0113t. Es viennoz\u012bm\u012bgi teik\u0161u, ka kolekt\u012bvs ir atbalsto\u0161s. Un, protams, \u0123imene - visiem apeironie\u0161iem \u0123imenes jau ir ar galv\u0101m iek\u0161\u0101, ar\u012b mani mazb\u0113rni. Ar mums ir izaugu\u0161i cilv\u0113ki, ko m\u0113s saucam par 'Apeirona' b\u0113rniem, kas ir piedal\u012bju\u0161ies projektos, aktivit\u0101t\u0113s, nometn\u0113s, cen\u0161amies katru vasaru kaut kur izbraukt. Saturisk\u0101 da\u013ca vienm\u0113r mums ir lieliska, m\u0113s ne tikai atp\u016b\u0161amies un skat\u0101mies uz upi vai baud\u0101m sauli, bet ar\u012b pa\u0161i sme\u013camies pieredzi un inform\u0101ciju - \u013coti pat\u012bkami. M\u0113s vienm\u0113r esam darb\u012bb\u0101!<\/p><br \/>\n<p>V\u0113l viens m\u016bsu virziens ir vides pieejam\u012bba. S\u0101kotn\u0113ji ir \u0161\u0137itis, ka \u0161is virziens ir tik smags, ka pa\u0161\u0101 s\u0101kum\u0101 dom\u0101j\u0101m, ka diez vai vienai nevalstiskajai organiz\u0101cijai tas b\u016bs pa sp\u0113kam \u2013 bet mums bija pa sp\u0113kam, un tas ir rezult\u0113jies pieejam\u0101 vid\u0113.<\/p><\/div><div id=\"tabs-4\" class=\"ui-tabs-panel ui-widget-content ui-corner-bottom\"><p>Esmu br\u012bvpr\u0101t\u012bgo koordinators no 1999. gada un vadu organiz\u0101cij\u0101 br\u012bvpr\u0101t\u012bgo kust\u012bbu. Esmu beigusi NVO L\u012bderu skolu.<br \/><br \/>\nMan piem\u012bt uz\u0146\u0113m\u0113jdarb\u012bbas prasmes, k\u0101rtoju organiz\u0101cijas lietved\u012bbu un arh\u012bvu, str\u0101d\u0101ju ikdien\u0101 ar klientiem, kuri apmekl\u0113 organiz\u0101ciju,  esmu apguvusi kr\u012bzes intervences prasmes. Ir labas datora prasmes un labas valodu prasmes- latvie\u0161u, krievu, ang\u013cu. Esmu vair\u0101ku projektu koordinatore, man piem\u012bt prasmes rakst\u012bt projektus. Sadarb\u012bb\u0101 ar 'Ziedot lv' vadu divus projektus 'M\u012b\u013c\u0101 aukl\u012bte ' un 'Pal\u012bdz\u0113sim mazaj\u0101m sirsni\u0146\u0101m'.<\/p><\/div><div id=\"tabs-5\" class=\"ui-tabs-panel ui-widget-content ui-corner-bottom\"><p>Katram ir savs ce\u013c\u0161 ejams, gr\u016bti iedot k\u0101du padomu. Bet, ja run\u0101 par mani, es veselu gadu, kad saslimu, nos\u0113d\u0113ju m\u0101j\u0101s un noraud\u0101ju. Es \u017e\u0113loju sevi un dom\u0101ju - ak Dievs, cik es esmu nelaim\u012bga, ka es tagad esmu saslimusi, ka es k\u0101dreiz var\u0113ju dar\u012bt to, ko tagad nevaru. Es pati iesaist\u012bjos NVO, pateicoties manam v\u012bram, kas vienk\u0101r\u0161i pa ausu galam sadzird\u0113ja par nevalstisko sektoru - tolaik bija lieli NVO, bet t\u0101di \u013coti form\u0101li. <\/p><br \/>\n<p>Es ies\u0101ku kaut ko dar\u012bt, tikos ar cilv\u0113kiem, uz\u0146\u0113mu biedrus un tad redz\u0113ju, ka ir citi cilv\u0113ki. Ja cilv\u0113kam pa\u0161am ir kr\u012bze, vi\u0146\u0161 apk\u0101rt neko neredz, viss ir tikai meln\u0101s kr\u0101s\u0101s. Kad es redz\u0113ju, ka citi cilv\u0113ki ar\u012b ir ar invalidit\u0101ti, es sapratu, ka ar mani nemaz tik slikti nav, ka es varu b\u016bt noder\u012bga ar\u012b k\u0101dam citam, kaut vai uzklausot un atbalstot cilv\u0113ku, kaut vai patur\u0113t roku \u2013 tas da\u017ereiz ir tik svar\u012bgi! <\/p><br \/>\n<p>T\u0101du padomu iedot ir gr\u016bti, bet es sievietes grib\u0113tu iedro\u0161in\u0101t. Uzs\u0101ciet m\u0101c\u012bbas, uzs\u0101ciet kaut ko jaunu! Tad horizonts paveras cit\u0101 l\u012bmen\u012b, pla\u0161\u0101k. Nevajag sevi \u017e\u0113lot, tas ne pie k\u0101 laba nenoved\u012bs. B\u016bt dro\u0161\u0101m uzs\u0101kt kaut ko jaunu, nebaid\u012bties apg\u016bt jaunas zin\u0101\u0161anas, jo m\u0101c\u012bties nekad nav par v\u0113lu!<\/p><\/div><\/div><\/p>","protected":false},"excerpt":{"rendered":"","protected":false},"author":2,"featured_media":1817,"parent":0,"menu_order":0,"comment_status":"closed","ping_status":"closed","template":"","meta":{"footnotes":""},"categories":[4,8],"tags":[],"class_list":["post-1139","page","type-page","status-publish","has-post-thumbnail","hentry","category-country","category-latvia"],"_links":{"self":[{"href":"https:\/\/100mirrors-inc.eu\/lv\/wp-json\/wp\/v2\/pages\/1139","targetHints":{"allow":["GET"]}}],"collection":[{"href":"https:\/\/100mirrors-inc.eu\/lv\/wp-json\/wp\/v2\/pages"}],"about":[{"href":"https:\/\/100mirrors-inc.eu\/lv\/wp-json\/wp\/v2\/types\/page"}],"author":[{"embeddable":true,"href":"https:\/\/100mirrors-inc.eu\/lv\/wp-json\/wp\/v2\/users\/2"}],"replies":[{"embeddable":true,"href":"https:\/\/100mirrors-inc.eu\/lv\/wp-json\/wp\/v2\/comments?post=1139"}],"version-history":[{"count":40,"href":"https:\/\/100mirrors-inc.eu\/lv\/wp-json\/wp\/v2\/pages\/1139\/revisions"}],"predecessor-version":[{"id":2292,"href":"https:\/\/100mirrors-inc.eu\/lv\/wp-json\/wp\/v2\/pages\/1139\/revisions\/2292"}],"wp:featuredmedia":[{"embeddable":true,"href":"https:\/\/100mirrors-inc.eu\/lv\/wp-json\/wp\/v2\/media\/1817"}],"wp:attachment":[{"href":"https:\/\/100mirrors-inc.eu\/lv\/wp-json\/wp\/v2\/media?parent=1139"}],"wp:term":[{"taxonomy":"category","embeddable":true,"href":"https:\/\/100mirrors-inc.eu\/lv\/wp-json\/wp\/v2\/categories?post=1139"},{"taxonomy":"post_tag","embeddable":true,"href":"https:\/\/100mirrors-inc.eu\/lv\/wp-json\/wp\/v2\/tags?post=1139"}],"curies":[{"name":"wp","href":"https:\/\/api.w.org\/{rel}","templated":true}]}}