{"id":1161,"date":"2017-12-07T15:48:35","date_gmt":"2017-12-07T15:48:35","guid":{"rendered":"http:\/\/100mirrors-inc.eu\/?page_id=1161"},"modified":"2018-04-02T09:55:48","modified_gmt":"2018-04-02T09:55:48","slug":"diana-ponaskova","status":"publish","type":"page","link":"https:\/\/100mirrors-inc.eu\/lv\/diana-ponaskova\/","title":{"rendered":"Di\u0101na Ponaskova"},"content":{"rendered":"<p><img loading=\"lazy\" decoding=\"async\" class=\"alignleft wp-image-1776 size-thumbnail\" src=\"http:\/\/100mirrors-inc.eu\/wp-content\/uploads\/2018\/02\/Diana-Ponaskova-1_300-150x150.jpg\" alt=\"\" width=\"150\" height=\"150\" srcset=\"https:\/\/100mirrors-inc.eu\/wp-content\/uploads\/2018\/02\/Diana-Ponaskova-1_300-150x150.jpg 150w, https:\/\/100mirrors-inc.eu\/wp-content\/uploads\/2018\/02\/Diana-Ponaskova-1_300-24x24.jpg 24w, https:\/\/100mirrors-inc.eu\/wp-content\/uploads\/2018\/02\/Diana-Ponaskova-1_300-36x36.jpg 36w, https:\/\/100mirrors-inc.eu\/wp-content\/uploads\/2018\/02\/Diana-Ponaskova-1_300-48x48.jpg 48w, https:\/\/100mirrors-inc.eu\/wp-content\/uploads\/2018\/02\/Diana-Ponaskova-1_300.jpg 300w\" sizes=\"auto, (max-width: 150px) 100vw, 150px\" \/><div class=\"otw-sc-tabs ui-tabs ui-widget ui-widget-content ui-corner-all\"><ul class=\"ui-tabs-nav ui-helper-reset ui-helper-clearfix ui-widget-header ui-corner-all\"><li><span class=\"tab-title\">Di\u0101na Ponaskova<\/span><\/li><li class=\"ui-state-default ui-corner-top\"><a href=\"#tabs-1\"><i class=\"general foundicon-smiley\"> <\/i>PAR MANI<\/a><\/li><li class=\"ui-state-default ui-corner-top\"><a href=\"#tabs-2\"><i class=\"general foundicon-star\"> <\/i>PAMATINFORM\u0100CIJA<\/a><\/li><li class=\"ui-state-default ui-corner-top\"><a href=\"#tabs-3\"><i class=\"general foundicon-plus\"> <\/i>MANA PIEREDZE<\/a><\/li><li class=\"ui-state-default ui-corner-top\"><a href=\"#tabs-4\"><i class=\"general foundicon-tools\"> <\/i>MANAS PRASMES<\/a><\/li><li class=\"ui-state-default ui-corner-top\"><a href=\"#tabs-5\"><i class=\"general foundicon-star\"> <\/i>MANS PADOMS<\/a><\/li><\/ul><div id=\"tabs-1\" class=\"ui-tabs-panel ui-widget-content ui-corner-bottom\"><p><b>V\u0101rds, uzv\u0101rds: <\/b>Di\u0101na Ponaskova<br \/><br \/>\n<b>Valsts:<\/b> Latvija<br \/><br \/>\n<b>Pils\u0113ta:<\/b> Riga<br \/><br \/>\n<b>Taut\u012bba:<\/b> Latviete<br \/><br \/>\n<strong>Pamatinform\u0101cija: <\/strong>R\u012bgas Stradi\u0146u Universit\u0101tes Komunik\u0101cijas fakult\u0101t\u0113 ieg\u016bts bakalaura gr\u0101ds Multimediju komunik\u0101cij\u0101s, \u0161obr\u012bd tiek turpin\u0101tas studijas ma\u0123istrat\u016br\u0101, programm\u0101 'Strat\u0113\u0123isk\u0101 un sabiedrisko attiec\u012bbu vad\u012bba'.<br \/><br \/>\n<b>Nozare:<\/b> Nevalstiskais jeb tre\u0161ais; kult\u016bras sektors<br \/><br \/>\n<b>Amats: <\/b>Sabiedrisko attiec\u012bbu vad\u012bt\u0101ja Latvijas Operetes fond\u0101; m\u0101ksliniecisk\u0101 dal\u012bbniece un br\u012bvpr\u0101t\u012bg\u0101 fond\u0101 'N\u0101c l\u012bdz\u0101s'<br \/><br \/>\n<strong>Uz\u0146\u0113muma nosaukums un m\u0101jaslapa<\/strong>: http:\/\/www.naclidzas.lv\/<\/p><br \/>\n<p>Di\u0101nai ir iedzimti kust\u012bbu trauc\u0113jumi, kas ikdien\u0101 liek p\u0101rvietoties rati\u0146kr\u0113sl\u0101. Tom\u0113r par sp\u012bti gr\u016bt\u012bb\u0101m un ierobe\u017eojumiem, ar kuriem n\u0101kas saskarties invalidit\u0101tes d\u0113\u013c, Di\u0101na ir talant\u012bga, dz\u012bvespriec\u012bga un iedvesmojo\u0161a jauna sieviete, kas ar savu profesion\u0101lo un rado\u0161o darb\u012bbu iedvesmo un iedro\u0161ina citus!<br \/><br \/>\n<\/p><\/div><div id=\"tabs-2\" class=\"ui-tabs-panel ui-widget-content ui-corner-bottom\"><p>Es piedzimu un uzaugu R\u012bg\u0101. M\u0101c\u012bjos 45.vidusskol\u0101. Sa\u0146\u0113mu bakalaura gr\u0101du R\u012bgas Stradi\u0146a universit\u0101t\u0113, Multimediju komunik\u0101cijas programm\u0101, komunik\u0101cijas zin\u0101tn\u0113s. \u0160obr\u012bd turpinu stud\u0113t R\u012bgas Stradi\u0146a universit\u0101t\u0113, programm\u0101 'Strat\u0113\u0123isk\u0101 un sabiedrisko attiec\u012bbu vad\u012bba'.<\/p><\/div><div id=\"tabs-3\" class=\"ui-tabs-panel ui-widget-content ui-corner-bottom\"><p>Kop\u0161 se\u0161u gadu vecuma piedalos nodibin\u0101juma Fonds 'N\u0101c l\u012bdz\u0101s!' projektos k\u0101 m\u0101ksliniece, uzst\u0101joties uz skatuves un piedaloties citos rado\u0161os projektos cit\u0101s m\u0101kslas izpausmes form\u0101s. Fondam aprit\u0113ja 20 gadi, no kuriem 16 ir mans dal\u012bbas posms. M\u0101kslas lauks ir tas, kur\u0101 piedz\u012bvoju visliel\u0101ko rado\u0161o notikumu spektru, un kur\u0101 j\u016btu savu person\u012bbu arvien att\u012bstamies, pilnveidojot prasmes un paverot pla\u0161\u0101ku, k\u0101 ar\u012b daudzpus\u012bg\u0101ku pasaules redz\u0113jumu. <\/p><br \/>\n<p>Esmu, pateicoties fonda 'N\u0101c l\u012bdz\u0101s!' un 'Jubilee Sailing Trust' organiz\u0101cijas atbalstam, bur\u0101jusi ar starptautisko komandu Atlantijas oke\u0101n\u0101, ar \u012bpa\u0161i piel\u0101gotu, cilv\u0113kiem ar kust\u012bbu trauc\u0113jumiem, burinieku 'Tenacios'. Manos pien\u0101kumos, t\u0101pat k\u0101 visiem p\u0101r\u0113jiem komandas dal\u012bbniekiem, bija burinieka st\u016br\u0113\u0161ana, buru pievilk\u0161ana, navig\u0101ciju sist\u0113mu uzraudz\u012bba, kl\u0101ja uzkop\u0161ana, \u0113din\u0101\u0161ana un nakts de\u017e\u016bras. No Latvijas es biju vien\u012bg\u0101 p\u0101rst\u0101ve rati\u0146kr\u0113sl\u0101. Nesen\u0101k\u0101 aktivit\u0101te ir nelielas koncertturnejas pl\u0101no\u0161ana London\u0101, Lielbrit\u0101nij\u0101 kop\u0101 ar fonda 'N\u0101c l\u012bdz\u0101s!' jaunie\u0161u kori.<\/p><\/div><div id=\"tabs-4\" class=\"ui-tabs-panel ui-widget-content ui-corner-bottom\"><p>Mani m\u0101kslinieciskie sasniegumi un prasmes tika \u012bstenotas fonda 'N\u0101c l\u012bdz\u0101s!' ietvaros, uzst\u0101joties ar Latvij\u0101 paz\u012bstamiem m\u016bzi\u0137iem, k\u0101 Dons, Ren\u0101rs Kaupers, Gun\u0101rs Kalni\u0146\u0161, Em\u012bls Balceris u.c., ar zin\u0101miem or\u0137estriem, instrument\u0101listiem uz liel\u0101k\u0101m Latvijas skatuv\u0113m da\u017e\u0101d\u0101s pils\u0113t\u0101s. M\u016bzika ir neat\u0146emama manas dz\u012bves sast\u0101vda\u013ca. <\/p><br \/>\n<p>Turpinot par prasm\u0113m, mani aizrauj ar\u012b fotom\u0101ksla. Ar saviem foto darbiem esmu piedal\u012bjusies izst\u0101d\u0113s, konkursos, mani darbi biju\u0161i ar\u012b kalend\u0101ros. Profesion\u0101l\u0101s komunik\u0101cijas prasmes, sabiedrisko attiec\u012bbu un multimediju komunik\u0101cijas zin\u0101\u0161anas un prasmes tika apg\u016btas augstskol\u0101, kur t\u0101s tiek papildin\u0101tas v\u0113l aizvien, g\u016bstot pieredzi akt\u012bvi str\u0101d\u0101jot projektos k\u0101 fond\u0101 'N\u0101c l\u012bdz\u0101s!', t\u0101 ar\u012b Latvijas Operetes te\u0101tr\u012b. <\/p><br \/>\n<p>Par mani ir uzfilm\u0113tas divas \u012bsmetr\u0101\u017eas filmas, kuras pieejamas youtube platform\u0101. Viena no t\u0101m tika film\u0113ta 2011.gad\u0101, re\u017eisors - Didzis Egl\u012btis. Otra - tapa sadarb\u012bb\u0101 ar LU studentiem, filmas nosaukums 'Sp\u0101rnus nesak\u013caut', 2017.gad\u0101. Links - https:\/\/www.youtube.com\/watch?v=HKuLpYACF34&feature=youtu.be<br \/><br \/>\n<\/p><\/div><div id=\"tabs-5\" class=\"ui-tabs-panel ui-widget-content ui-corner-bottom\"><p>Sieviet\u0113m ar invalidit\u0101ti es iesaku b\u016bt drosm\u012bg\u0101m, skaidri redzot savu m\u0113r\u0137i. Drosme, uz\u0146\u0113m\u012bba, m\u0113r\u0137tiec\u012bba, atbild\u012bba un atv\u0113rt\u012bba visam jaunajam ir svar\u012bgi faktori, kas veicin\u0101s izaugsmi, pan\u0101kumus. Protams, dab\u012bgs prasmju un talantu komplekts ir katram individu\u0101ls, ta\u010du to ir j\u0101att\u012bsta, j\u0101izkopj savas sp\u0113c\u012bg\u0101s puses, j\u0101sp\u0113j b\u016bt adapt\u012bv\u0101m un elast\u012bg\u0101m, atbilsto\u0161i main\u012bgajam darba tirgum. Ta\u010du pats svar\u012bg\u0101kais ir m\u012bl\u0113t to, ko dari, atkl\u0101t sevis pa\u0161as \u012bst\u0101ko dz\u012bves aicin\u0101jumu, kuram sekot b\u016bs viegl\u0101k, ar\u012b ejot caur da\u017e\u0101diem, pat reiz\u0113m neiedom\u0101jamiem \u0161\u0137\u0113r\u0161\u013ciem. <\/p><br \/>\n<p>Un otrs svar\u012bg\u0101kais moments - nesal\u012bdzin\u0101t sevi, savas individu\u0101l\u0101s sp\u0113jas un misiju ar citiem. M\u0113s esam tie\u0161i tik v\u0113rt\u012bgas un noz\u012bm\u012bgas, cik esam rad\u012btas. Katrai no mums ir t\u0101 pievienot\u0101 v\u0113rt\u012bba, kura var neb\u016bt citam. Ac\u012bmredzamais ne vienm\u0113r ir patiesais un lietder\u012bg\u0101kais, kas var piemist. Tikai ar stingru p\u0101rliec\u012bbu par savu aicin\u0101jumu, m\u012blest\u012bbu un br\u012bv\u012bbas saj\u016btu, var \u012bstenot ieceres un atst\u0101t v\u0113rt\u012bgu ieguld\u012bjumu citu cilv\u0113ku sird\u012bs. <\/p><br \/>\n<p>M\u016bsu darbs ir kalpot m\u012blest\u012bb\u0101. Pat ja tas ir mazs rokdarbu veikali\u0146\u0161, taj\u0101 iesp\u0113jams var\u0113s atrast tie\u0161i to, ko k\u0101da sirds mekl\u0113 jau gadiem.<\/p><\/div><\/div><\/p>","protected":false},"excerpt":{"rendered":"","protected":false},"author":2,"featured_media":1775,"parent":0,"menu_order":0,"comment_status":"closed","ping_status":"closed","template":"","meta":{"footnotes":""},"categories":[4,8],"tags":[],"class_list":["post-1161","page","type-page","status-publish","has-post-thumbnail","hentry","category-country","category-latvia"],"_links":{"self":[{"href":"https:\/\/100mirrors-inc.eu\/lv\/wp-json\/wp\/v2\/pages\/1161","targetHints":{"allow":["GET"]}}],"collection":[{"href":"https:\/\/100mirrors-inc.eu\/lv\/wp-json\/wp\/v2\/pages"}],"about":[{"href":"https:\/\/100mirrors-inc.eu\/lv\/wp-json\/wp\/v2\/types\/page"}],"author":[{"embeddable":true,"href":"https:\/\/100mirrors-inc.eu\/lv\/wp-json\/wp\/v2\/users\/2"}],"replies":[{"embeddable":true,"href":"https:\/\/100mirrors-inc.eu\/lv\/wp-json\/wp\/v2\/comments?post=1161"}],"version-history":[{"count":50,"href":"https:\/\/100mirrors-inc.eu\/lv\/wp-json\/wp\/v2\/pages\/1161\/revisions"}],"predecessor-version":[{"id":2291,"href":"https:\/\/100mirrors-inc.eu\/lv\/wp-json\/wp\/v2\/pages\/1161\/revisions\/2291"}],"wp:featuredmedia":[{"embeddable":true,"href":"https:\/\/100mirrors-inc.eu\/lv\/wp-json\/wp\/v2\/media\/1775"}],"wp:attachment":[{"href":"https:\/\/100mirrors-inc.eu\/lv\/wp-json\/wp\/v2\/media?parent=1161"}],"wp:term":[{"taxonomy":"category","embeddable":true,"href":"https:\/\/100mirrors-inc.eu\/lv\/wp-json\/wp\/v2\/categories?post=1161"},{"taxonomy":"post_tag","embeddable":true,"href":"https:\/\/100mirrors-inc.eu\/lv\/wp-json\/wp\/v2\/tags?post=1161"}],"curies":[{"name":"wp","href":"https:\/\/api.w.org\/{rel}","templated":true}]}}