{"id":2,"date":"2016-05-10T03:48:21","date_gmt":"2016-05-10T03:48:21","guid":{"rendered":"http:\/\/wp452m.a10-52-158-154.qa.plesk.ru\/wordpress\/?page_id=2"},"modified":"2019-06-12T09:23:44","modified_gmt":"2019-06-12T09:23:44","slug":"project","status":"publish","type":"page","link":"https:\/\/100mirrors-inc.eu\/lv\/project\/","title":{"rendered":"PAR PROJEKTU"},"content":{"rendered":"<p><\/p>\n<p style=\"text-align: justify;\">Pa\u0161reiz\u0113jais 100Mirrors Inclusive tika izveidots Eiropas projekta &#8220;100Mirrors Extended&#8221; (kas balst\u012bts uz projektu &#8220;100Mirrors Project&#8221;) ietvaros, kur\u0101 piedal\u012bj\u0101s partneri no 8 Eiropas dal\u012bbvalst\u012bm (Lielbrit\u0101nijas, It\u0101lijas, Austrijas, Slov\u0113nijas, \u010cehijas, N\u012bderlandes, Grie\u0137ijas un Sp\u0101nijas). Iepriek\u0161\u0113j\u0101 projekta galvenais m\u0113r\u0137is bija izcelt un par\u0101d\u012bt uz\u0146\u0113m\u012bgu sievie\u0161u (Mirrors, jeb atspulgi) mode\u013cus un piem\u0113rus jebkur\u0101 darb\u012bbas jom\u0101, liekot akcentu uz augst\u0101k\u0101s izgl\u012bt\u012bbas skolot\u0101jiem un karjeras konsultantiem, ar m\u0113r\u0137i atainot projekta saturu k\u0101 izgl\u012btojo\u0161u materi\u0101lu. Balstoties uz Erasmus+ programmas priorit\u0101t\u0113m, projekt\u0101 100Mirrors Inclusive tiks izv\u0113l\u0113tas sievietes-uz\u0146\u0113m\u0113jas ar invalidit\u0101ti no 5 Eiropas valst\u012bm (Sp\u0101nijas, Polijas, Grie\u0137ijas, Latvijas un Maltas), kop\u0101 savedot 100 sievietes-uz\u0146\u0113m\u0113jas ar invalidit\u0101ti (jeb atspulgus), kas kalpos k\u0101 paraugs cit\u0101m, kas v\u0113las uzs\u0101kt savu biznesu vai stiprin\u0101t savas rado\u0161\u0101s sp\u0113jas un uz\u0146\u0113m\u0113jdarb\u012bbas prasmes. Projekta rezult\u0101ti ir balst\u012bti uz \u0161iem galvenajiem devumiem:<\/p>\n<p style=\"text-align: justify;\">Attiec\u012bgo vajadz\u012bbu un jaun\u0101ko tenden\u010du izp\u0113tes zi\u0146ojums, kas veikts pielietojot dokument\u0101cijas anal\u012bzi, k\u0101 ar\u012b aptaujas un intervijas, lai apkopotu detaliz\u0113tu inform\u0101ciju par iek\u013caujo\u0161o uz\u0146\u0113m\u0113jdarb\u012bbu un re\u0101lo situ\u0101ciju Eiropas valst\u012bs sieviet\u0113m ar invalidit\u0101ti.<\/p>\n<p style=\"text-align: justify;\">Ir apkopoti dati internet\u0101 ar sieviet\u0113m-uz\u0146\u0113m\u0113j\u0101m ar invalidit\u0101ti no katras dal\u012bbvalsts: sievie\u0161u portreti, kas iztulkoti da\u017e\u0101d\u0101s valod\u0101s, tai skait\u0101 video intervijas ar ang\u013cu subtitriem.<\/p>\n<p style=\"text-align: justify;\">Pal\u012bgmateri\u0101ls k\u0101 vad\u012bt kou\u010dingu sieviet\u0113m ar invalidit\u0101ti, lai veicin\u0101tu vi\u0146\u0101s uz\u0146\u0113m\u0113jprasmju palielin\u0101\u0161anos.<\/p>\n<p style=\"text-align: justify;\">Pal\u012bgmateri\u0101la e-versija.<\/p>\n<p style=\"text-align: justify;\">Rokasgr\u0101mata, lai pal\u012bdz\u0113tu t\u0101s las\u012bt\u0101jai nov\u0113rt\u0113t un paaugstin\u0101t savas uz\u0146\u0113m\u0113jsp\u0113jas.<\/p>\n<p style=\"text-align: justify;\">Rokasgr\u0101matas e-versija.<\/p>\n<p style=\"text-align: justify;\">\u0160\u0101di projekts var b\u016bt interesants:<\/p>\n<p style=\"text-align: justify;\">Sieviet\u0113m ar invalidit\u0101ti, kas v\u0113las att\u012bst\u012bt savas uz\u0146\u0113m\u0113jdarb\u012bbas prasmes, lai uzs\u0101ktu biznesu vai konsult\u0113tos par k\u0101d\u0101m noteikt\u0101m darb\u012bb\u0101m, vai sadarbotos ar jau eso\u0161iem uz\u0146\u0113mumiem un konsult\u0101ciju grup\u0101m, ie\u0146emot vado\u0161os amatus.<\/p>\n<p style=\"text-align: justify;\">Sieviet\u0113m-uz\u0146\u0113m\u0113j\u0101m ar invalidit\u0101ti, kas v\u0113las pal\u012bdz\u0113t cit\u0101m sieviet\u0113m ar invalidit\u0101ti att\u012bst\u012bt savas uz\u0146\u0113m\u0113jsp\u0113jas, k\u0101 ar\u012b atrodot sev komandas biedres, kas sadarbotos un str\u0101d\u0101tu vado\u0161ajos amatos vi\u0146u uz\u0146\u0113mumos, p\u0113c kou\u010dinga un darba &#8220;\u0113no\u0161anas&#8221; procesu norises.<\/p>\n<p style=\"text-align: justify;\">Organiz\u0101cijas, kas apm\u0101ca sievietes ar invalidit\u0101ti un vi\u0146u trenerus (pla\u0161\u0101k\u0101 noz\u012bm\u0113: karjeras konsultanti, kou\u010di, pasniedz\u0113ji).<\/p>\n<p style=\"text-align: justify;\">Citi: sievie\u0161u ar invalidit\u0101ti asoci\u0101cijas, organiz\u0101cijas, kas apm\u0101ca trenerus un pasniedz\u0113jus, uz\u0146\u0113m\u0113ju asoci\u0101cijas, augst\u0101k\u0101s organiz\u0101cijas un personas, kas pie\u0146em l\u0113mumus saist\u012bb\u0101 ar invalidit\u0101tes jaut\u0101jumiem.<\/p>\n<p><\/p>","protected":false},"excerpt":{"rendered":"<p>Pa\u0161reiz\u0113jais 100Mirrors Inclusive tika izveidots Eiropas projekta &#8220;100Mirrors Extended&#8221; (kas balst\u012bts uz projektu &#8220;100Mirrors Project&#8221;) ietvaros, kur\u0101 piedal\u012bj\u0101s partneri no 8 Eiropas dal\u012bbvalst\u012bm (Lielbrit\u0101nijas, It\u0101lijas, Austrijas, Slov\u0113nijas, \u010cehijas, N\u012bderlandes, Grie\u0137ijas un Sp\u0101nijas). Iepriek\u0161\u0113j\u0101 projekta galvenais m\u0113r\u0137is bija izcelt un par\u0101d\u012bt uz\u0146\u0113m\u012bgu sievie\u0161u (Mirrors, jeb atspulgi) mode\u013cus un piem\u0113rus jebkur\u0101 darb\u012bbas jom\u0101, liekot akcentu uz augst\u0101k\u0101s<span class=\"read-more-wrap\"><a class=\"moretag\" href=\"https:\/\/100mirrors-inc.eu\/lv\/project\/\">Continue Reading <span class=\"screen-reader-text\">PAR PROJEKTU<\/span><\/a><\/span><\/p>\n","protected":false},"author":1,"featured_media":0,"parent":0,"menu_order":0,"comment_status":"closed","ping_status":"open","template":"template-fullwidth.php","meta":{"footnotes":""},"categories":[],"tags":[],"class_list":["post-2","page","type-page","status-publish","hentry"],"_links":{"self":[{"href":"https:\/\/100mirrors-inc.eu\/lv\/wp-json\/wp\/v2\/pages\/2","targetHints":{"allow":["GET"]}}],"collection":[{"href":"https:\/\/100mirrors-inc.eu\/lv\/wp-json\/wp\/v2\/pages"}],"about":[{"href":"https:\/\/100mirrors-inc.eu\/lv\/wp-json\/wp\/v2\/types\/page"}],"author":[{"embeddable":true,"href":"https:\/\/100mirrors-inc.eu\/lv\/wp-json\/wp\/v2\/users\/1"}],"replies":[{"embeddable":true,"href":"https:\/\/100mirrors-inc.eu\/lv\/wp-json\/wp\/v2\/comments?post=2"}],"version-history":[{"count":16,"href":"https:\/\/100mirrors-inc.eu\/lv\/wp-json\/wp\/v2\/pages\/2\/revisions"}],"predecessor-version":[{"id":2918,"href":"https:\/\/100mirrors-inc.eu\/lv\/wp-json\/wp\/v2\/pages\/2\/revisions\/2918"}],"wp:attachment":[{"href":"https:\/\/100mirrors-inc.eu\/lv\/wp-json\/wp\/v2\/media?parent=2"}],"wp:term":[{"taxonomy":"category","embeddable":true,"href":"https:\/\/100mirrors-inc.eu\/lv\/wp-json\/wp\/v2\/categories?post=2"},{"taxonomy":"post_tag","embeddable":true,"href":"https:\/\/100mirrors-inc.eu\/lv\/wp-json\/wp\/v2\/tags?post=2"}],"curies":[{"name":"wp","href":"https:\/\/api.w.org\/{rel}","templated":true}]}}