{"id":22,"date":"2017-02-02T14:13:55","date_gmt":"2017-02-02T14:13:55","guid":{"rendered":"http:\/\/100mirrors-inc.eu\/?page_id=22"},"modified":"2017-07-27T09:33:25","modified_gmt":"2017-07-27T09:33:25","slug":"home","status":"publish","type":"page","link":"https:\/\/100mirrors-inc.eu\/lv\/","title":{"rendered":"S\u0100KUMS"},"content":{"rendered":"<p><strong>100 Mirrors Inclusive: <\/strong>Erasmus+ atbalsta r\u012bks, ar k\u0101 pal\u012bdz\u012bbu motiv\u0113t uz\u0146\u0113m\u012bgas sievietes ar invalidit\u0101ti. Projekts ir veidots iek\u013caujo\u0161as uz\u0146\u0113m\u0113jdarb\u012bbas veicin\u0101\u0161anai sieviet\u0113m ar invalidit\u0101ti, izstr\u0101d\u0101jot metodolo\u0123iju, kas balst\u012bta uz kou\u010dingu un mentoringu, un darbu &#8220;\u0113no\u0161anu&#8221; seviet\u0113m ar invalidit\u0101ti, kas v\u0113las k\u013c\u016bt par uz\u0146\u0113m\u0113j\u0101m. Viens no svar\u012bg\u0101kajiem \u0161\u012b projekta punktiem ir tas, ka kou\u010dingu un mentoringu ar treneru \u2013 speci\u0101listu \u2013 pal\u012bdz\u012bbu izstr\u0101d\u0101s un \u012bstenos sievietes-uz\u0146\u0113m\u0113jas ar invalidit\u0101ti.<\/p>","protected":false},"excerpt":{"rendered":"<p>100 Mirrors Inclusive: Erasmus+ atbalsta r\u012bks, ar k\u0101 pal\u012bdz\u012bbu motiv\u0113t uz\u0146\u0113m\u012bgas sievietes ar invalidit\u0101ti. Projekts ir veidots iek\u013caujo\u0161as uz\u0146\u0113m\u0113jdarb\u012bbas veicin\u0101\u0161anai sieviet\u0113m ar invalidit\u0101ti, izstr\u0101d\u0101jot metodolo\u0123iju, kas balst\u012bta uz kou\u010dingu un mentoringu, un darbu &#8220;\u0113no\u0161anu&#8221; seviet\u0113m ar invalidit\u0101ti, kas v\u0113las k\u013c\u016bt par uz\u0146\u0113m\u0113j\u0101m. Viens no svar\u012bg\u0101kajiem \u0161\u012b projekta punktiem ir tas, ka kou\u010dingu un mentoringu ar<span class=\"read-more-wrap\"><a class=\"moretag\" href=\"https:\/\/100mirrors-inc.eu\/lv\/\">Continue Reading <span class=\"screen-reader-text\">S\u0100KUMS<\/span><\/a><\/span><\/p>\n","protected":false},"author":1,"featured_media":0,"parent":0,"menu_order":0,"comment_status":"closed","ping_status":"closed","template":"","meta":{"footnotes":""},"categories":[],"tags":[],"class_list":["post-22","page","type-page","status-publish","hentry"],"_links":{"self":[{"href":"https:\/\/100mirrors-inc.eu\/lv\/wp-json\/wp\/v2\/pages\/22","targetHints":{"allow":["GET"]}}],"collection":[{"href":"https:\/\/100mirrors-inc.eu\/lv\/wp-json\/wp\/v2\/pages"}],"about":[{"href":"https:\/\/100mirrors-inc.eu\/lv\/wp-json\/wp\/v2\/types\/page"}],"author":[{"embeddable":true,"href":"https:\/\/100mirrors-inc.eu\/lv\/wp-json\/wp\/v2\/users\/1"}],"replies":[{"embeddable":true,"href":"https:\/\/100mirrors-inc.eu\/lv\/wp-json\/wp\/v2\/comments?post=22"}],"version-history":[{"count":12,"href":"https:\/\/100mirrors-inc.eu\/lv\/wp-json\/wp\/v2\/pages\/22\/revisions"}],"predecessor-version":[{"id":264,"href":"https:\/\/100mirrors-inc.eu\/lv\/wp-json\/wp\/v2\/pages\/22\/revisions\/264"}],"wp:attachment":[{"href":"https:\/\/100mirrors-inc.eu\/lv\/wp-json\/wp\/v2\/media?parent=22"}],"wp:term":[{"taxonomy":"category","embeddable":true,"href":"https:\/\/100mirrors-inc.eu\/lv\/wp-json\/wp\/v2\/categories?post=22"},{"taxonomy":"post_tag","embeddable":true,"href":"https:\/\/100mirrors-inc.eu\/lv\/wp-json\/wp\/v2\/tags?post=22"}],"curies":[{"name":"wp","href":"https:\/\/api.w.org\/{rel}","templated":true}]}}