{"id":2217,"date":"2018-03-23T14:05:22","date_gmt":"2018-03-23T14:05:22","guid":{"rendered":"http:\/\/100mirrors-inc.eu\/?page_id=2217"},"modified":"2019-08-29T07:46:29","modified_gmt":"2019-08-29T07:46:29","slug":"training-platform","status":"publish","type":"page","link":"https:\/\/100mirrors-inc.eu\/lv\/training-platform\/","title":{"rendered":"E-m\u0101c\u012bbu platforma"},"content":{"rendered":"<p><\/p>\n<h3>Laipni l\u016bdzam projekta 100 Mirrors Inclusive e-m\u0101c\u012bbu platform\u0101<\/h3>\n<p>B\u016bdama sieviete, kura ir paman\u012bjusi iesp\u0113ju un pateicoties tai rad\u012bjusi uz\u0146\u0113mumu, att\u012bst\u012bjusi projektu vai profesion\u0101li pilnveidojusi hobiju, Tu p\u0101rst\u0101vi vienu no svar\u012bg\u0101kaj\u0101m grup\u0101m Eirop\u0101 \u2013 sievietes uz\u0146\u0113m\u0113jas!<\/p>\n<p>Uz\u0146\u0113m\u012bgi cilv\u0113ki k\u0101 Tu ir b\u016btiski Eiropas izaugsmei un darba vietu rad\u012b\u0161anai, k\u0101 ar\u012b Eiropas pilso\u0146u labkl\u0101j\u012bbas saglab\u0101\u0161anai un uzlabo\u0161anai. Sieviet\u0113m ar invalidit\u0101ti vajadz\u0113tu tikt nodro\u0161in\u0101t\u0101m t\u0101d\u0101m pa\u0161\u0101m iesp\u0113j\u0101m un ties\u012bb\u0101m k\u013c\u016bt par uz\u0146\u0113m\u0113ju k\u0101 sieviet\u0113m bez invalidit\u0101tes.<\/p>\n<p>\u0160\u012b pievilc\u012bg\u0101 m\u0101c\u012bbu platforma iepaz\u012bstin\u0101s Tevi ar uz\u0146\u0113m\u0113jdarb\u012bbai nepiecie\u0161amaj\u0101m prasm\u0113m. T\u0101s m\u0113r\u0137is ir dot pievienoto v\u0113rt\u012bbu jau Tav\u0101m eso\u0161aj\u0101m personiskaj\u0101m un profesion\u0101laj\u0101m \u012bpa\u0161\u012bb\u0101m, k\u0101 ar\u012b dot ieguld\u012bju Tav\u0101 pa\u0161att\u012bst\u012bb\u0101.<\/p>\n<p>Papildus citiem materi\u0101liem, e-m\u0101c\u012bbu platform\u0101 Tu atrad\u012bsi:<\/p>\n<ol>\n<li><a href=\"http:\/\/100mirrors-inc.eu\/wp-content\/uploads\/2019\/05\/100-mirrors-guide-latvia.pdf\" target=\"_blank\" rel=\"noopener noreferrer\" onClick=\"ga('send', 'event', { eventCategory: 'Download', eventAction: 'lv', eventLabel: 'guide', eventValue: 1});\"><strong>Rokasgr\u0101matu<\/strong><\/a> par to, k\u0101 apm\u0101c\u012bt citas sievietes ar invalidit\u0101ti, kuras v\u0113las k\u013c\u016bt uz\u0146\u0113m\u012bg\u0101kas.<\/li>\n<li>Iek\u013caujo\u0161as uz\u0146\u0113m\u0113jdarb\u012bbas rokasgr\u0101matu, kas pal\u012bdz\u0113s sievietei ar invalidit\u0101ti veicin\u0101t uz\u0146\u0113m\u012bbu, att\u012bst\u012bt profesion\u0101l\u0101s un soci\u0101l\u0101s prasmes.<\/li>\n<\/ol>\n<p><a href=\"http:\/\/100mirrors.tucampusdeformacion.com\/login\/index.php\" target=\"_blank\" rel=\"noopener noreferrer\"><strong>Piek\u013cuve m\u0101c\u012bbu platformai<\/strong><\/a><\/p>\n<p>M\u0113s ceram, ka Tu izbaud\u012bsi \u0161o programmu un nov\u0113lam Tev pan\u0101kumus ce\u013c\u0101 uz Taviem profesion\u0101lajiem sasniegumiem! Uz\u0146\u0113m\u012bgi<\/p>","protected":false},"excerpt":{"rendered":"<p>Laipni l\u016bdzam projekta 100 Mirrors Inclusive e-m\u0101c\u012bbu platform\u0101 B\u016bdama sieviete, kura ir paman\u012bjusi iesp\u0113ju un pateicoties tai rad\u012bjusi uz\u0146\u0113mumu, att\u012bst\u012bjusi projektu vai profesion\u0101li pilnveidojusi hobiju, Tu p\u0101rst\u0101vi vienu no svar\u012bg\u0101kaj\u0101m grup\u0101m Eirop\u0101 \u2013 sievietes uz\u0146\u0113m\u0113jas! Uz\u0146\u0113m\u012bgi cilv\u0113ki k\u0101 Tu ir b\u016btiski Eiropas izaugsmei un darba vietu rad\u012b\u0161anai, k\u0101 ar\u012b Eiropas pilso\u0146u labkl\u0101j\u012bbas saglab\u0101\u0161anai un uzlabo\u0161anai.<span class=\"read-more-wrap\"><a class=\"moretag\" href=\"https:\/\/100mirrors-inc.eu\/lv\/training-platform\/\">Continue Reading <span class=\"screen-reader-text\">E-m\u0101c\u012bbu platforma<\/span><\/a><\/span><\/p>\n","protected":false},"author":1,"featured_media":0,"parent":0,"menu_order":0,"comment_status":"closed","ping_status":"closed","template":"","meta":{"footnotes":""},"categories":[],"tags":[],"class_list":["post-2217","page","type-page","status-publish","hentry"],"_links":{"self":[{"href":"https:\/\/100mirrors-inc.eu\/lv\/wp-json\/wp\/v2\/pages\/2217","targetHints":{"allow":["GET"]}}],"collection":[{"href":"https:\/\/100mirrors-inc.eu\/lv\/wp-json\/wp\/v2\/pages"}],"about":[{"href":"https:\/\/100mirrors-inc.eu\/lv\/wp-json\/wp\/v2\/types\/page"}],"author":[{"embeddable":true,"href":"https:\/\/100mirrors-inc.eu\/lv\/wp-json\/wp\/v2\/users\/1"}],"replies":[{"embeddable":true,"href":"https:\/\/100mirrors-inc.eu\/lv\/wp-json\/wp\/v2\/comments?post=2217"}],"version-history":[{"count":30,"href":"https:\/\/100mirrors-inc.eu\/lv\/wp-json\/wp\/v2\/pages\/2217\/revisions"}],"predecessor-version":[{"id":2991,"href":"https:\/\/100mirrors-inc.eu\/lv\/wp-json\/wp\/v2\/pages\/2217\/revisions\/2991"}],"wp:attachment":[{"href":"https:\/\/100mirrors-inc.eu\/lv\/wp-json\/wp\/v2\/media?parent=2217"}],"wp:term":[{"taxonomy":"category","embeddable":true,"href":"https:\/\/100mirrors-inc.eu\/lv\/wp-json\/wp\/v2\/categories?post=2217"},{"taxonomy":"post_tag","embeddable":true,"href":"https:\/\/100mirrors-inc.eu\/lv\/wp-json\/wp\/v2\/tags?post=2217"}],"curies":[{"name":"wp","href":"https:\/\/api.w.org\/{rel}","templated":true}]}}