{"id":416,"date":"2017-11-15T12:48:41","date_gmt":"2017-11-15T12:48:41","guid":{"rendered":"http:\/\/100mirrors-inc.eu\/?page_id=416"},"modified":"2018-04-02T10:00:31","modified_gmt":"2018-04-02T10:00:31","slug":"lonija-kazlauska","status":"publish","type":"page","link":"https:\/\/100mirrors-inc.eu\/lv\/lonija-kazlauska\/","title":{"rendered":"Lonija Kazlauska"},"content":{"rendered":"<p><img loading=\"lazy\" decoding=\"async\" class=\"alignleft wp-image-1805 size-thumbnail\" src=\"http:\/\/100mirrors-inc.eu\/wp-content\/uploads\/2018\/02\/Lonija-Kazlauska-150x150.jpg\" alt=\"\" width=\"150\" height=\"150\" srcset=\"https:\/\/100mirrors-inc.eu\/wp-content\/uploads\/2018\/02\/Lonija-Kazlauska-150x150.jpg 150w, https:\/\/100mirrors-inc.eu\/wp-content\/uploads\/2018\/02\/Lonija-Kazlauska-24x24.jpg 24w, https:\/\/100mirrors-inc.eu\/wp-content\/uploads\/2018\/02\/Lonija-Kazlauska-36x36.jpg 36w, https:\/\/100mirrors-inc.eu\/wp-content\/uploads\/2018\/02\/Lonija-Kazlauska-48x48.jpg 48w, https:\/\/100mirrors-inc.eu\/wp-content\/uploads\/2018\/02\/Lonija-Kazlauska.jpg 300w\" sizes=\"auto, (max-width: 150px) 100vw, 150px\" \/><div class=\"otw-sc-tabs ui-tabs ui-widget ui-widget-content ui-corner-all\"><ul class=\"ui-tabs-nav ui-helper-reset ui-helper-clearfix ui-widget-header ui-corner-all\"><li><span class=\"tab-title\">Lonija Kazlauska<\/span><\/li><li class=\"ui-state-default ui-corner-top\"><a href=\"#tabs-1\"><i class=\"general foundicon-smiley\"> <\/i>PAR MANI<\/a><\/li><li class=\"ui-state-default ui-corner-top\"><a href=\"#tabs-2\"><i class=\"general foundicon-star\"> <\/i>PAMATINFORM\u0100CIJA<\/a><\/li><li class=\"ui-state-default ui-corner-top\"><a href=\"#tabs-3\"><i class=\"general foundicon-plus\"> <\/i>MANA PIEREDZE<\/a><\/li><li class=\"ui-state-default ui-corner-top\"><a href=\"#tabs-4\"><i class=\"general foundicon-tools\"> <\/i>MANAS PRASMES<\/a><\/li><li class=\"ui-state-default ui-corner-top\"><a href=\"#tabs-5\"><i class=\"general foundicon-star\"> <\/i>MANS PADOMS<\/a><\/li><\/ul><div id=\"tabs-1\" class=\"ui-tabs-panel ui-widget-content ui-corner-bottom\"><p><b>V\u0101rds, uzv\u0101rds: <\/b>Lonija Kazlauska<br \/><br \/>\n<b>Valsts:<\/b> Latvija<br \/><br \/>\n<b>Pils\u0113ta:<\/b> Riga<br \/><br \/>\n<b>Taut\u012bba:<\/b> Latviete<br \/><br \/>\n<b>Pamatinform\u0101cija: <\/b>Stud\u0113 Latvijas Universit\u0101t\u0113 Klasisko filolo\u0123iju bakalaura studiju programm\u0101, 3. kurs\u0101. \u0160obr\u012bd izstr\u0101d\u0101 bakalaura darbu.<b><br \/><br \/>\nNozare:<\/b> Nevalstiskais jeb tre\u0161ais<br \/><br \/>\n<b>Amats:<\/b> Savas biznesa idejas att\u012bst\u012bt\u0101ja, asistente apvien\u012bb\u0101 'Apeirons', studente.<br \/><br \/>\n<strong>Lonija's blog<\/strong>: https:\/\/strokeofinsightblog.wordpress.com\/ Webpage of her business idea is being developed.<\/p><br \/>\n<p><iframe src='https:\/\/www.youtube.com\/embed\/lOuUJM1pH-k' width='560' height='315' frameborder='0' allowfullscreen='allowfullscreen'><\/iframe><\/p><br \/>\n<p><\/p><\/div><div id=\"tabs-2\" class=\"ui-tabs-panel ui-widget-content ui-corner-bottom\"><p>Ar savu biznesa ideju darbojos Latvijas Universit\u0101tes studentu Biznesa inkubator\u0101. Latvijas Universit\u0101t\u0113, Humanit\u0101ro zin\u0101t\u0146u fakult\u0101t\u0113 apg\u016bstu programmu: klasisk\u0101 filolo\u0123ija. Savu biznesa ideju par Latvij\u0101 ra\u017eotiem smalko motoriku att\u012bsto\u0161ajiem instrumentiem- sp\u0113\u013cmantas, sp\u0113les, var\u0113tu pat teikt 'trena\u017eieri' - att\u012bstu Latvijas Universit\u0101tes studentu Biznesa inkubator\u0101. Darb\u012bbu Biznesa Inkubator\u0101 \u0161aj\u0101 sezon\u0101 neturpin\u0101ju, jo iest\u0101jos studen\u0161u korpor\u0101cij\u0101, k\u0101 ar\u012b rakstu bakalaura darbu.<\/p><\/div><div id=\"tabs-3\" class=\"ui-tabs-panel ui-widget-content ui-corner-bottom\"><p>Pieredze uz\u0146\u0113m\u0113jdarb\u012bb\u0101 ieg\u016bta LU Biznesa inkubator\u0101, k\u0101 ar\u012b studiju kurs\u0101 - Uz\u0146\u0113m\u0113jdarb\u012bbas ekonomika.<\/p><\/div><div id=\"tabs-4\" class=\"ui-tabs-panel ui-widget-content ui-corner-bottom\"><p>3D and 2D dizains, z\u012bm\u0113\u0161ana, rakst\u012b\u0161ana, tulko\u0161ana no senaj\u0101m un modernaj\u0101m valod\u0101m. <\/p><\/div><div id=\"tabs-5\" class=\"ui-tabs-panel ui-widget-content ui-corner-bottom\"><p>Uz\u0146emies vair\u0101k, nek\u0101 \u0161\u0137iet, ka vari, jo tikai t\u0101 sp\u0113si sevi p\u0101rsteigt un atv\u0113rt jaunas iesp\u0113jas. Ja v\u0113lies apg\u016bt kaut k\u0101du iema\u0146u, ies\u0101c ar videopam\u0101c\u012bbas mekl\u0113\u0161anu iek\u0161 www.youtube.com, tur tie\u0161\u0101m ir video par un ap visu! K\u0101 ar\u012b nekad nezaud\u0113 humora izj\u016btu, t\u0101 pal\u012bdz\u0113s gr\u016btos br\u012b\u017eos. Nevain\u012bgs joks \u2013 lab\u0101kais veids, k\u0101 uzs\u0101kt sarunu.<\/p><\/div><\/div><\/p>","protected":false},"excerpt":{"rendered":"","protected":false},"author":2,"featured_media":1805,"parent":0,"menu_order":0,"comment_status":"closed","ping_status":"closed","template":"","meta":{"footnotes":""},"categories":[4,8],"tags":[],"class_list":["post-416","page","type-page","status-publish","has-post-thumbnail","hentry","category-country","category-latvia"],"_links":{"self":[{"href":"https:\/\/100mirrors-inc.eu\/lv\/wp-json\/wp\/v2\/pages\/416","targetHints":{"allow":["GET"]}}],"collection":[{"href":"https:\/\/100mirrors-inc.eu\/lv\/wp-json\/wp\/v2\/pages"}],"about":[{"href":"https:\/\/100mirrors-inc.eu\/lv\/wp-json\/wp\/v2\/types\/page"}],"author":[{"embeddable":true,"href":"https:\/\/100mirrors-inc.eu\/lv\/wp-json\/wp\/v2\/users\/2"}],"replies":[{"embeddable":true,"href":"https:\/\/100mirrors-inc.eu\/lv\/wp-json\/wp\/v2\/comments?post=416"}],"version-history":[{"count":53,"href":"https:\/\/100mirrors-inc.eu\/lv\/wp-json\/wp\/v2\/pages\/416\/revisions"}],"predecessor-version":[{"id":2299,"href":"https:\/\/100mirrors-inc.eu\/lv\/wp-json\/wp\/v2\/pages\/416\/revisions\/2299"}],"wp:featuredmedia":[{"embeddable":true,"href":"https:\/\/100mirrors-inc.eu\/lv\/wp-json\/wp\/v2\/media\/1805"}],"wp:attachment":[{"href":"https:\/\/100mirrors-inc.eu\/lv\/wp-json\/wp\/v2\/media?parent=416"}],"wp:term":[{"taxonomy":"category","embeddable":true,"href":"https:\/\/100mirrors-inc.eu\/lv\/wp-json\/wp\/v2\/categories?post=416"},{"taxonomy":"post_tag","embeddable":true,"href":"https:\/\/100mirrors-inc.eu\/lv\/wp-json\/wp\/v2\/tags?post=416"}],"curies":[{"name":"wp","href":"https:\/\/api.w.org\/{rel}","templated":true}]}}