{"id":419,"date":"2017-11-15T12:52:18","date_gmt":"2017-11-15T12:52:18","guid":{"rendered":"http:\/\/100mirrors-inc.eu\/?page_id=419"},"modified":"2018-04-02T10:08:17","modified_gmt":"2018-04-02T10:08:17","slug":"anna-bogdanova","status":"publish","type":"page","link":"https:\/\/100mirrors-inc.eu\/lv\/anna-bogdanova\/","title":{"rendered":"Anna Bogdanova"},"content":{"rendered":"<p><img loading=\"lazy\" decoding=\"async\" class=\"alignleft wp-image-1962 size-thumbnail\" src=\"http:\/\/100mirrors-inc.eu\/wp-content\/uploads\/2018\/04\/Annna.jpg\" alt=\"\" width=\"150\" height=\"150\" \/><div class=\"otw-sc-tabs ui-tabs ui-widget ui-widget-content ui-corner-all\"><ul class=\"ui-tabs-nav ui-helper-reset ui-helper-clearfix ui-widget-header ui-corner-all\"><li><span class=\"tab-title\">Anna Bogdanova<\/span><\/li><li class=\"ui-state-default ui-corner-top\"><a href=\"#tabs-1\"><i class=\"general foundicon-smiley\"> <\/i>PAR MANI<\/a><\/li><li class=\"ui-state-default ui-corner-top\"><a href=\"#tabs-2\"><i class=\"general foundicon-star\"> <\/i>PAMATINFORM\u0100CIJA<\/a><\/li><li class=\"ui-state-default ui-corner-top\"><a href=\"#tabs-3\"><i class=\"general foundicon-plus\"> <\/i>MANA PIEREDZE<\/a><\/li><li class=\"ui-state-default ui-corner-top\"><a href=\"#tabs-4\"><i class=\"general foundicon-tools\"> <\/i>MANAS PRASMES<\/a><\/li><li class=\"ui-state-default ui-corner-top\"><a href=\"#tabs-5\"><i class=\"general foundicon-star\"> <\/i>MANS PADOMS<\/a><\/li><\/ul><div id=\"tabs-1\" class=\"ui-tabs-panel ui-widget-content ui-corner-bottom\"><p><b>V\u0101rds, uzv\u0101rds: <\/b>Anna Bogdanova<br \/><br \/>\n<b>Valsts:<\/b> Latvija<br \/><br \/>\n<b>Pils\u0113ta:<\/b> Riga<br \/><br \/>\n<b>Taut\u012bba:<\/b> Latviete<br \/><br \/>\n<strong>Pamatinform\u0101cija: <\/strong>Izgl\u012bt\u012bba ieg\u016bta pedago\u0123ij\u0101 un m\u0101kslas v\u0113stur\u0113<br \/><br \/>\n<b>Nozare: <\/b>Nevalstiskais jeb tre\u0161ais<b><br \/><br \/>\nAmats: <\/b>Salona 'Saulgrieze' p\u0101rdev\u0113ja. 'Saulgrieze' ir amatniec\u012bbas izstr\u0101d\u0101jumu veikals, kura galvenais m\u0113r\u0137is ir atbalst\u012bt cilv\u0113kus ar \u012bpa\u0161\u0101m vajadz\u012bb\u0101m, p\u0101rdodot da\u017e\u0101dus izstr\u0101d\u0101jumus, ko rad\u012bju\u0161i cilv\u0113ki ar invalidit\u0101ti - da\u017e\u0101di ad\u012bjumi, rotaslietas un citi amatniec\u012bbas izstr\u0101d\u0101jumi. Latvijas sievie\u0161u inval\u012bdu asoci\u0101cijas 'Aspazija' dal\u012bbniece.<br \/><br \/>\n<strong>Uz\u0146\u0113muma nosaukums un m\u0101jaslapa<\/strong>: https:\/\/www.facebook.com\/SalonsSaulgrieze<br \/><br \/>\nhttp:\/\/aspazija.lv\/salons-%E2%80%9Esaulgrieze%E2%80%9D<\/p><br \/>\n<p><iframe src='https:\/\/www.youtube.com\/embed\/_bZQ7PZQeIA' width='560' height='315' frameborder='0' allowfullscreen='allowfullscreen'><\/iframe><\/p><br \/>\n<p><\/p><\/div><div id=\"tabs-2\" class=\"ui-tabs-panel ui-widget-content ui-corner-bottom\"><p>Esmu ieguvusi divas augst\u0101k\u0101s izgl\u012bt\u012bbas - pedago\u0123ijas bakalauru esmu pabeigusi Latvijas Universit\u0101t\u0113, savuk\u0101rt Latvijas M\u0101kslas akad\u0113mij\u0101 esmu ieguvusi gr\u0101du m\u0101kslas v\u0113stur\u0113. \u0160obr\u012bd str\u0101d\u0101ju par p\u0101rdev\u0113ju amatniec\u012bbas izstr\u0101d\u0101jumu salon\u0101 'Saulgrieze', kur p\u0101rdodu cilv\u0113ku ar \u012bpa\u0161\u0101m vajadz\u012bb\u0101m roku darin\u0101jumus.<\/p><\/div><div id=\"tabs-3\" class=\"ui-tabs-panel ui-widget-content ui-corner-bottom\"><p>Mana ikdiena izpau\u017eas t\u0101 - es p\u0101rdodu darbus, es uzrun\u0101ju cilv\u0113kus, kuri ien\u0101k veikal\u0101, es ar\u012b tos darbus nov\u0113rt\u0113ju, pie\u0146emu tos, g\u0101d\u0101ju par to, lai veikal\u0101 b\u016btu skaists izk\u0101rtojums. Da\u013c\u0113ji nodarbojos ar\u012b ar veikala pa\u0161rekl\u0101mu Facebook - mums ir izveidota lapa. Mans darbs b\u016bt\u012bb\u0101 ir p\u0101rdot cilv\u0113ku darin\u0101jumus. Tas sav\u0101 zi\u0146\u0101 nav nekas sare\u017e\u0123\u012bts, bet ir \u013coti daudz darba ar cilv\u0113kiem - visu laiku nemit\u012bga, nep\u0101rtraukta saskarsme ar cilv\u0113kiem. <\/p><br \/>\n<p>Man ir slikta redze kop\u0161 dzim\u0161anas, kas noz\u012bm\u0113, ka es jau kop\u0161 dzim\u0161anas t\u0101 k\u0101 c\u012bnos par to, k\u0101 man b\u016bt. Es vienm\u0113r esmu bijusi audzin\u0101ta ar domu, ka es esmu t\u0101ds pats b\u0113rns un cilv\u0113ks k\u0101 visi citi. Nav bijis uzsvars \u0123imen\u0113, ka esmu cilv\u0113ks ar \u012bpa\u0161\u0101m vajadz\u012bb\u0101m - esmu t\u0101ds pats k\u0101 citi, varu to pa\u0161u un varb\u016bt v\u0113l vair\u0101k.<\/p><\/div><div id=\"tabs-4\" class=\"ui-tabs-panel ui-widget-content ui-corner-bottom\"><p>Man pal\u012bdz optimisms! Es vienm\u0113r dom\u0101ju tikai par to lab\u0101ko. No katras situ\u0101cijas es m\u0113\u0123inu g\u016bt kaut ko labu, pozit\u012bvu. Ar\u012b tas, ka es esmu komunikabla, man \u013coti bie\u017ei pal\u012bdz. Es nebaidos no cilv\u0113kiem - man ir daudzi paz\u012bstami cilv\u0113ki, kuri kaut k\u0101 kautr\u0113jas ar domu - 'esmu cilv\u0113ks ar \u012bpa\u0161\u0101m vajadz\u012bb\u0101m, es t\u0101 mali\u0146\u0101 past\u0101v\u0113\u0161u'.<\/p><\/div><div id=\"tabs-5\" class=\"ui-tabs-panel ui-widget-content ui-corner-bottom\"><p>Pirmk\u0101rt, s\u0101kum\u0101 noformul\u0113t, ko tu gribi dar\u012bt un k\u0101d\u0101 jom\u0101 - tas ir \u013coti svar\u012bgi. Lab\u0101k pam\u0113\u0123in\u0101t un varb\u016bt neizdodas, nek\u0101 p\u0113c tam no\u017e\u0113lot, ka tu nepam\u0113\u0123in\u0101ji. Un, ja \u012bpa\u0161i tev dz\u012bve iedod t\u0101du iesp\u0113ju, ka tev ir iesp\u0113ja izm\u0113\u0123in\u0101t, tad noteikti tas ir j\u0101dara. Nav j\u0101baid\u0101s no t\u0101, ka kaut kas neizdosies, jo vienm\u0113r ir cilv\u0113ki blakus, kuri pal\u012bdz\u0113s vai atbalst\u012bs, un vienm\u0113r b\u016bs k\u0101ds, no kura pal\u016bgt padomu.<\/p><\/div><\/div><\/p>","protected":false},"excerpt":{"rendered":"","protected":false},"author":2,"featured_media":2300,"parent":0,"menu_order":0,"comment_status":"closed","ping_status":"closed","template":"","meta":{"footnotes":""},"categories":[4,8],"tags":[],"class_list":["post-419","page","type-page","status-publish","has-post-thumbnail","hentry","category-country","category-latvia"],"_links":{"self":[{"href":"https:\/\/100mirrors-inc.eu\/lv\/wp-json\/wp\/v2\/pages\/419","targetHints":{"allow":["GET"]}}],"collection":[{"href":"https:\/\/100mirrors-inc.eu\/lv\/wp-json\/wp\/v2\/pages"}],"about":[{"href":"https:\/\/100mirrors-inc.eu\/lv\/wp-json\/wp\/v2\/types\/page"}],"author":[{"embeddable":true,"href":"https:\/\/100mirrors-inc.eu\/lv\/wp-json\/wp\/v2\/users\/2"}],"replies":[{"embeddable":true,"href":"https:\/\/100mirrors-inc.eu\/lv\/wp-json\/wp\/v2\/comments?post=419"}],"version-history":[{"count":74,"href":"https:\/\/100mirrors-inc.eu\/lv\/wp-json\/wp\/v2\/pages\/419\/revisions"}],"predecessor-version":[{"id":2302,"href":"https:\/\/100mirrors-inc.eu\/lv\/wp-json\/wp\/v2\/pages\/419\/revisions\/2302"}],"wp:featuredmedia":[{"embeddable":true,"href":"https:\/\/100mirrors-inc.eu\/lv\/wp-json\/wp\/v2\/media\/2300"}],"wp:attachment":[{"href":"https:\/\/100mirrors-inc.eu\/lv\/wp-json\/wp\/v2\/media?parent=419"}],"wp:term":[{"taxonomy":"category","embeddable":true,"href":"https:\/\/100mirrors-inc.eu\/lv\/wp-json\/wp\/v2\/categories?post=419"},{"taxonomy":"post_tag","embeddable":true,"href":"https:\/\/100mirrors-inc.eu\/lv\/wp-json\/wp\/v2\/tags?post=419"}],"curies":[{"name":"wp","href":"https:\/\/api.w.org\/{rel}","templated":true}]}}