{"id":426,"date":"2017-11-15T15:43:41","date_gmt":"2017-11-15T15:43:41","guid":{"rendered":"http:\/\/100mirrors-inc.eu\/?page_id=426"},"modified":"2018-04-02T09:48:39","modified_gmt":"2018-04-02T09:48:39","slug":"latviesu-natalja-novikova","status":"publish","type":"page","link":"https:\/\/100mirrors-inc.eu\/lv\/latviesu-natalja-novikova\/","title":{"rendered":"Natalja Novikova"},"content":{"rendered":"<p><img loading=\"lazy\" decoding=\"async\" class=\"alignleft wp-image-1811 size-thumbnail\" src=\"http:\/\/100mirrors-inc.eu\/wp-content\/uploads\/2018\/02\/Natalja-Novikova-150x150.jpg\" alt=\"\" width=\"150\" height=\"150\" srcset=\"https:\/\/100mirrors-inc.eu\/wp-content\/uploads\/2018\/02\/Natalja-Novikova-150x150.jpg 150w, https:\/\/100mirrors-inc.eu\/wp-content\/uploads\/2018\/02\/Natalja-Novikova-24x24.jpg 24w, https:\/\/100mirrors-inc.eu\/wp-content\/uploads\/2018\/02\/Natalja-Novikova-36x36.jpg 36w, https:\/\/100mirrors-inc.eu\/wp-content\/uploads\/2018\/02\/Natalja-Novikova-48x48.jpg 48w, https:\/\/100mirrors-inc.eu\/wp-content\/uploads\/2018\/02\/Natalja-Novikova.jpg 300w\" sizes=\"auto, (max-width: 150px) 100vw, 150px\" \/><div class=\"otw-sc-tabs ui-tabs ui-widget ui-widget-content ui-corner-all\"><ul class=\"ui-tabs-nav ui-helper-reset ui-helper-clearfix ui-widget-header ui-corner-all\"><li><span class=\"tab-title\">Natalja Novikova<\/span><\/li><li class=\"ui-state-default ui-corner-top\"><a href=\"#tabs-1\"><i class=\"general foundicon-smiley\"> <\/i>PAR MANI<\/a><\/li><li class=\"ui-state-default ui-corner-top\"><a href=\"#tabs-2\"><i class=\"general foundicon-star\"> <\/i>PAMATINFORM\u0100CIJA<\/a><\/li><li class=\"ui-state-default ui-corner-top\"><a href=\"#tabs-3\"><i class=\"general foundicon-plus\"> <\/i>MANA PIEREDZE<\/a><\/li><li class=\"ui-state-default ui-corner-top\"><a href=\"#tabs-4\"><i class=\"general foundicon-tools\"> <\/i>MANAS PRASMES<\/a><\/li><li class=\"ui-state-default ui-corner-top\"><a href=\"#tabs-5\"><i class=\"general foundicon-star\"> <\/i>MANS PADOMS<\/a><\/li><\/ul><div id=\"tabs-1\" class=\"ui-tabs-panel ui-widget-content ui-corner-bottom\"><p><b>V\u0101rds, uzv\u0101rds:<\/b> Natalja Novikova<br \/><br \/>\n<b>Valsts:<\/b> Latvija<br \/><br \/>\n<b>Pils\u0113ta:<\/b> R\u012bga<br \/><br \/>\n<b>Taut\u012bba:<\/b> Krievu taut\u012bba<br \/><br \/>\n<b>Nozare:<\/b> Kult\u016bra un sports<br \/><br \/>\n<b>Pamatinform\u0101cija:<\/b> Biedr\u012bbas LiveIntegro dibin\u0101t\u0101ja, kuras ietvaros darbojas divi virzieni - Tennis for everyone un labdar\u012bbas fonds Kaleidoscop studio.<\/p><br \/>\n<p><\/p><\/div><div id=\"tabs-2\" class=\"ui-tabs-panel ui-widget-content ui-corner-bottom\"><p>Es s\u0101ku str\u0101d\u0101t uzreiz p\u0113c skolas, m\u0101c\u012bjos nekl\u0101tien\u0113. P\u0113c Latvijas Universit\u0101tes absolv\u0113\u0161anas  str\u0101d\u0101ju R\u012bgas Radio r\u016bpn\u012bc\u0101 par ekonomistu, nedaudz ar\u012b programm\u0113ju, nostr\u0101d\u0101ju tur 11 gadus, 2 gadus nostr\u0101d\u0101ju k\u0101 dizainiere,  p\u0113c tam s\u0101ku str\u0101d\u0101t gr\u0101matved\u012bb\u0101. 15 gadus nostr\u0101d\u0101ju k\u0101 galvenais gr\u0101matvedis, p\u0113c tam 10 k\u0101 finan\u0161u direktore. P\u0101rsvar\u0101 str\u0101d\u0101ju ra\u017eo\u0161anas uz\u0146\u0113mumos, ar\u012b l\u012bzing\u0101 un pat celtniec\u012bbas komp\u0101nij\u0101. T\u0101 ir \u013coti laba pieredze, esmu nodibin\u0101jusi labas attiec\u012bbas ar cilv\u0113kiem. Man visvair\u0101k pat\u012bk str\u0101d\u0101t ra\u017eo\u0161anas uz\u0146\u0113mumos - var redz\u0113t  gan procesu, gan rezult\u0101tu.  Diem\u017e\u0113l ar katru dienu  pie mums arvien maz\u0101k t\u0101du uz\u0146\u0113mumu. Kas attiecas person\u012bgi uz mani, str\u0101d\u0101ju pie t\u0101, lai p\u0101augstin\u0101tu kvalifik\u0101ciju, g\u0101ju kursos un piedal\u012bjos semin\u0101ros saist\u012bb\u0101 ar finan\u0161u jaut\u0101jumiem un likumdo\u0161anu. <\/p><br \/>\n<p>Savuk\u0101rt, kad biju jau rati\u0146kr\u0113sl\u0101, atcer\u0113jos par savu b\u0113rn\u012bbas sapni iem\u0101c\u012bties fran\u010du valodu - apmekl\u0113ju kursus, pam\u0101c\u012bjos mazliet un biju \u013coti izbr\u012bn\u012bjusies, jo nebija tik gr\u016bti k\u0101 es biju iedom\u0101jusies. Noteikti turpin\u0101\u0161u m\u0101c\u012bbas, valoda man noder, jo katru gadu braucu uz Franciju piedal\u012bties sacens\u012bb\u0101s. <\/p><\/div><div id=\"tabs-3\" class=\"ui-tabs-panel ui-widget-content ui-corner-bottom\"><p>Kad es nok\u013cuvu rati\u0146kr\u0113sl\u0101, s\u0101kum\u0101 bija \u013coti daudz rehabilit\u0101cijas nodarb\u012bbu - fizioterapija, fizkult\u016bra, baseins - visa mana dz\u012bve bija pak\u013cauta tikai fizisk\u0101 st\u0101vok\u013ca uzlabo\u0161anai, bet t\u0101 nav iesp\u0113jams dz\u012bvot; no vienas puses, ir \u013coti gr\u016bti fiziski, no otras, tev nepaliek vairs sp\u0113ka nekam citam. P\u0113c tam man bija periods, kad es s\u0101ku m\u0101j\u0101s darin\u0101t daudz ko ar rok\u0101m \u2013 z\u012bm\u0113ju, nodarbojos ar dekup\u0101\u017eu, t\u0101 ar\u012b bija sava veida rehabilit\u0101cija. T\u0101 pavad\u012bju vair\u0101k nek\u0101 divus gadus. <\/p><br \/>\n<p>P\u0113c tam es s\u0101ku sp\u0113l\u0113t tenisu. S\u0101ku ar vienu reizi ned\u0113\u013c\u0101 - teniss k\u0101 nodarb\u012bbas veids bija man piln\u012bgi jauns. P\u0113c 3 m\u0113ne\u0161iem man pied\u0101v\u0101ja piedal\u012bties turn\u012br\u0101, un tur es sapratu, ko tas noz\u012bm\u0113, jo es nekad nesportoju profesion\u0101li. Protams, es g\u0101ju uz baseinu, uz aerobiku, bet piedal\u012bties sacens\u012bb\u0101s un c\u012bn\u012bties - nekad. Sapratu, kas tas ir un cik tas ir gr\u016bti un taja pa\u0161\u0101 laik\u0101 \u013coti interesanti. Kad tu esi turn\u012br\u0101, tur ir pavisam ipa\u0161\u0101 saj\u016bta, tu esi starp t\u0101diem cilv\u0113kiem k\u0101 tu, ar t\u0101d\u0101m pa\u0161\u0101m probl\u0113m\u0101m. Otra lieta ir da\u017e\u0101du valstu apmekl\u0113\u0161ana - tu \u013coti daudz run\u0101 ar cilv\u0113kiem no cit\u0101m zem\u0113m, skaties uz vi\u0146iem, ko un k\u0101 vi\u0146i dara, m\u0101cies no vi\u0146iem. T\u0101 es nosp\u0113l\u0113ju  2 gadus un pieradu b\u016bt patst\u0101v\u012bga, pl\u0101not savu dz\u012bvi. Bet p\u0113c k\u0101da laika  sapratu, ka esmu neapmierin\u0101ta ar to, k\u0101 tiek organiz\u0113ts gan treni\u0146u, gan sacens\u012bbu process. <\/p><br \/>\n<p>S\u0101kot sp\u0113l\u0113t tenisu, man bija n\u0113erti l\u016bgt atbalstu - k\u0101 var k\u0101dam kaut ko pras\u012bt, ja tu pagaid\u0101m neesi neko sasniedzis? Es devos uz turn\u012briem par saviem l\u012bdzek\u013ciem. Sapratu, ka varu braukt ar\u012b viena, jo tur viss ir \u013coti labi organiz\u0113ts, ir tik komfortabli,  viss ir piel\u0101gots.  Es dom\u0101ju - kam\u0113r es neb\u016b\u0161u simtniek\u0101 ( pasaules reiting\u0101), es visp\u0101r nepras\u012b\u0161u nek\u0101du atbalstu, vajag  pier\u0101d\u012bt, ka tu esi t\u0101 v\u0113rta. \u0160obr\u012bd mana organiz\u0113t\u0101 labdar\u012bbas biedr\u012bb\u0101 ir sporta virziens  'Tennis for everyone', un tagad varam noorganiz\u0113t vissu t\u0101, k\u0101 uzskat\u0101m par pareizu, izveidot sist\u0113mu un pl\u0101not aktivit\u0101tes. Tas \u013c\u0101va  man sasniegt pasaules reiting\u0101  63. vietu, kas \u012bsten\u012bb\u0101 ir \u013coti labs r\u0101d\u012bt\u0101js un ar ko es lepojos no sirds. Ja ir ideja, vai problema, es uzskatu, ka vajag iet un run\u0101t, t\u0101p\u0113c, ja man jaut\u0101 un pied\u0101v\u0101 piedal\u012bties k\u0101d\u0101 projekt\u0101, es vienm\u0113r esmu ar mieru un uzskatu, ka ir nepiecie\u0161ams nodibin\u0101t jaunus kontaktus, veidot sadarb\u012bbu.<\/p><br \/>\n<p>Es vienm\u0113r esmu str\u0101d\u0101jusi k\u0101 vad\u012bt\u0101ja un  zinu, ka cilv\u0113ks pats nevar izdar\u012bt visu. Ja nem\u0101ki aprakst\u012bt cilv\u0113kiem k\u0101du probl\u0113mu un pilnvarot savas ties\u012bbas, neko nopietno neizdar\u012bsi. T\u0101p\u0113c es nodibin\u0101ju savu biedr\u012bbu! S\u0101kotn\u0113ji galvenais fokuss bija sports, tika ziedota nauda \u2013 gan mana, gan manu radinieku un draugu, da\u017ereiz finansi\u0101li atbalst\u012bja ar\u012b sve\u0161i cilv\u0113ki.  M\u0113s \u0161o naudu izmantoj\u0101m, lai dotos uz turn\u012briem un organiz\u0113tu treni\u0146u processu. Es uzskatu, ka tas, ko m\u0113s dar\u0101m, ir svar\u012bgi mums visiem un par to j\u0101inform\u0113. Kad es s\u0101ku nodarboties ar tenisu, Latvij\u0101 \u013coti maz cilv\u0113ku bija lietas kurs\u0101, praktiski neviens nezin\u0101ja, ka ir iesp\u0113jams to sp\u0113l\u0113t rati\u0146kr\u0113sl\u0101. Bet tagad viss ir cit\u0101di - soci\u0101lie t\u012bkli un prese -  labi instrumenti, lai par\u0101d\u012btu to, kas notiek un to, k\u0101di m\u0113s esam.<br \/><br \/>\nP\u0113c k\u0101da laika man ien\u0101ca pr\u0101t\u0101 s\u0101kt fotograf\u0113t. V\u012brs man uzd\u0101vin\u0101ja kameru. Es aizg\u0101ju uz kursiem un tur dab\u016bju priek\u0161statu  par fotorga\u0161e\u0161anas pamatiem. Bija viens uzdevums - nofotograf\u0113t vienk\u0101r\u0161i laukumu pie m\u0101jas, tur pat nebija z\u0101les ple\u0137\u012btis, bet paman\u012bju, ka tur var pavadit diezgan daudz laika - mekl\u0113t un atrast  \u013coti daudz interesanta uz zemes. Es biju saj\u016bsm\u0101 un es s\u0101ku \u0146emt l\u012bdzi fotoapar\u0101tu uz turn\u012briem, fotograf\u0113t cilv\u0113kus, to, k\u0101 vi\u0146i sp\u0113l\u0113. \u012asten\u012bb\u0101, tas ir \u013coti smags darbs, no s\u0101kuma vajag sagatavoties, saprast, ko tu gribi, nav interesanti katra turn\u012br\u0101 vienu un to pa\u0161u fotograf\u0113t, tas ir diezgan garlaic\u012bgi, gribas tom\u0113r kaut ko jaunu atrast, gan rakursu, gan ideju. \u0160ogad bija izst\u0101de P\u0113terburg\u0101,  jau tr\u012bs gadus p\u0113c k\u0101rtas, es tur iepriek\u0161 piedal\u012bjos turn\u012bros . \u0160ogad vi\u0146i izdom\u0101ja, k\u0101p\u0113c gan neuztais\u012bt izst\u0101di? Vi\u0146iem vienm\u0113r ir profesion\u0101li fotogr\u0101fi, bet tom\u0113r izv\u0113l\u0113j\u0101s izr\u0101d\u012bt manas bildes, iesp\u0113jams, t\u0101d\u0101 veid\u0101 pasv\u012btrojot to, ka  dal\u012bbnieki var dar\u012bt ar\u012b daudz ko citu.<br \/><br \/>\nPirms diviem gadiem m\u0113s ar domu biedriem  izl\u0113m\u0101m kaut ko izveidot ar\u012b priek\u0161 b\u0113rniem. Viens no m\u016bsu biedr\u012bbas projektiem - 'Sv\u0113tku kaleidoskops', kur p\u0101rsvar\u0101 darbojas br\u012bvpr\u0101t\u012bgo komanda, organiz\u0113 sv\u0113tkus, lai ienestu b\u0113rnu, kam ir probl\u0113mas ar kust\u012bbu trauc\u0113jumiem, un vi\u0146u vec\u0101ku dz\u012bv\u0113s jaun\u0101s kr\u0101sas.  Es uzskatu, ka sporta un izklaides pas\u0101kumi ir \u013coti nepiecie\u0161ami, it sevi\u0161\u0137i b\u0113rniem.<\/p><br \/>\n<p>Kad es nok\u013cuvu rati\u0146kr\u0113sl\u0101, es s\u0101ku saprast probl\u0113mas, par kur\u0101m agr\u0101k nebiju pat iedom\u0101jusies \u2013 k\u0101 tas ir, kad tu negribi iet pat uz veikalu, liekas, ka visi uz tevi skat\u0101s, ir vienk\u0101r\u0161i vietas, kur\u0101s tu nevari tikt. Isten\u012bb\u0101 visas probl\u0113mas ir galv\u0101, bet vajag m\u0113\u0123in\u0101t dz\u012bvot t\u0101du dz\u012bvi, kur\u0101 tu vari dar\u012bt to, ko tu gribi. Piel\u0101goties apst\u0101k\u013ciem, atrast sev jaunus m\u0113r\u0137us, att\u012bst\u012bt sevi, nezaud\u0113t optimismu.<br \/><br \/>\n\u0160ogad m\u0113s s\u0101k\u0101m  jaunu virzienu, sar\u012bkojot pas\u0101kumu, kur\u0101 v\u0113l\u0113j\u0101mies rad\u012bt neparastu atmosf\u0113ru. Uz \u0161o pas\u0101kumu tika uzaicin\u0101tas gan sievietes ar invalidit\u0101ti, gan veselie cilv\u0113ki. T\u0101s bija vakari\u0146as, kuru laik\u0101 katra sieviete var\u0113ja past\u0101st\u012bt par sevi, savu nodarbo\u0161anos, gr\u016bt\u012bb\u0101m, dal\u012bties ar pieredzi.  Otrs pas\u0101kums b\u016bs jau dr\u012bz, tas b\u016bs gatavo\u0161\u0101sanas meistarklase.<br \/><br \/>\nAgr\u0101k musu biedr\u012bbas pas\u0101kumi bija k\u0101 hobijs, tagad j\u016btam, ka esam cit\u0101 l\u012bmen\u012b un ka ir daudz cilv\u0113ku apk\u0101rt, kam tas ir patie\u0161\u0101m vajadz\u012bgs.<br \/><br \/>\nAgr\u0101k staprrati\u0146tenisu sp\u0113l\u0113ja tikai pieaugu\u0161ie, \u0161ogad jau izdev\u0101s izveidot b\u0113rnu komandu. Dev\u0101mies uz speci\u0101lo R\u012bgas skolu, kur m\u0101c\u0101s gan b\u0113rni ar \u012bpa\u0161\u0101m vajadz\u012bb\u0101m, gan bez, izveidoj\u0101m paraugdemonstr\u0113jumu un pied\u0101v\u0101j\u0101m piedal\u012bties. M\u0113s nosl\u0113dz\u0101m l\u012bgumu ar skolu un s\u0101k\u0101m tren\u0113ties, no s\u0101kuma  vienreiz ned\u0113\u013c\u0101 \u2013 lai uzs\u0101ktu un redz\u0113tu, cik liela ir interese. Viss izdev\u0101s, un tagad m\u016bs aicina piedal\u012bties ar\u012b da\u017e\u0101dos pas\u0101kumos, tai skait\u0101 Sporta nakt\u012b un B\u0113rnu rehabilit\u0101cijas dien\u0101, kur pl\u0101nots sapulc\u0113t gan b\u0113rnus ar \u012bpa\u0161\u0101m vajadz\u012bb\u0101m, gan bez. Es uzskatu, ka mums ir j\u0101piedal\u0101s  visur,kur aicina. Lai kaut ko sasniegtu, ir daudz j\u0101iegulda. Dr\u012bz dosimies uz Lietuvu, lai piedal\u012btos starptautiskas sacens\u012bb\u0101s, tur b\u016bs ar\u012b mana fotoizst\u0101de, v\u0113lt\u012bta rati\u0146tenisistiem. Lietuvas kole\u0123i  mums jaut\u0101 \u2013 'k\u0101 j\u016bs piesaist\u012bj\u0101t b\u0113rnus? M\u0113s ar\u012b gribam izveidot b\u0113rnu komandu!' Tas ar\u012b ir \u013coti daudz, ka tagad m\u0113s esam k\u0101 piem\u0113rs, visi uz mums skatas un me\u0123ina dar\u012bt to pa\u0161u, viss ies uz priek\u0161u atr\u0101k. B\u0113rniem ir \u013coti nepiecie\u0161ams saprast, ka vi\u0146i ir vajadz\u012bgi, ka apk\u0101rt notiek \u013coti daudz da\u017e\u0101da veida aktivit\u0101t\u0113s, kur vi\u0146i var piedal\u012bties un tikt aicin\u0101ti un \u013coti daudz b\u016bs atkar\u012bgs no vi\u0146iem pa\u0161im. Vajag par\u0101d\u012bt vi\u0146iem, ka ne tikai mamma, bet ar\u012b citi cilv\u0113ki ir ieinteres\u0113ti vi\u0146u attistib\u0101 un ir gatavi palidz\u0113t. M\u0113s pied\u0101v\u0101jam vi\u0146iem piedal\u012bties visos pas\u0101kumos, lai turpin\u0101tu \u0161o att\u012bst\u012bbu. <\/p><br \/>\n<p>Visp\u0101r \u013coti daudz ir j\u0101str\u0101d\u0101 ar radiniekiem un vec\u0101kiem, jo vi\u0146i b\u0113rnu d\u0113\u013c dara daudz liekas lietas, p\u0113c iesp\u0113jas j\u0101dom\u0101 par to, k\u0101 iem\u0101c\u012bt bernus dz\u012bvot patst\u0101v\u012bgi. Bie\u017ei vi\u0146i n\u0101k uz treni\u0146iem un m\u0113\u0123ina stumt rati\u0146kr\u0113slu, lai pal\u012bdz\u0113tu b\u0113rniem tren\u0113ties, t\u0101 ir slikta prakse. B\u0113rniem pa\u0161iem j\u0101iem\u0101c\u0101s p\u0101rvietoties un dar\u012bt visu nepiecie\u0161amo. Es esmu pieradusi str\u0101d\u0101t nopietn\u0101 amat\u0101 un vad\u012bt kolekt\u012bvu, un t\u0101s laikam vair\u0101k ir manas amb\u012bcijas. Protams, gribas pal\u012bdz\u0113t, bet no otras puses, katram cilv\u0113kam gribas pier\u0101d\u012bt sev un citiem, ka tu vari daudz ko izdar\u012bt pats, pat ja tev ir ierobe\u017eojumi. Negribas jau visu laiku st\u0101st\u012bt, ka tu agr\u0101k biji t\u0101da noz\u012bm\u012bga persona, bet kas tu esi tagad? Ko tu vari tagad? Tas nav tikai priek\u0161 citiem, tas ir ar\u012b lai tu pats justos vajadz\u012bgs, b\u016btu starp cilv\u0113kiem. Es dom\u0101ju, ka saglab\u0101t amb\u012bcijas ir labi, ka gribas dar\u012bt kaut ko interesantu pa\u0161am un vajadz\u012bgu citiem, k\u0101 ar\u012b iet uz priek\u0161u, att\u012bst\u012bties, nodarboties ar svar\u012bgu un vajadz\u012bgu lietu.<\/p><br \/>\n<p>Ierobe\u017eojumi: Ja b\u016btu vair\u0101k naudas, ko ieguld\u012bt, tad var\u0113tu izdar\u012bt vair\u0101k, tad pat fant\u0101zija pavisam sav\u0101d\u0101k s\u0101k str\u0101d\u0101t. Ar\u012b da\u017ereiz ir t\u0101, ka tev ien\u0101k pr\u0101t\u0101 k\u0101da ideja un tu s\u0101c to att\u012bst\u012bt, bet p\u0113k\u0161\u0146i dom\u0101 - vai tas ir patie\u0161\u0101m vajadz\u012bgs?  T\u0101das \u0161aubas vajag atmest, tas patie\u0161\u0101m da\u017ereiz trauc\u0113 un bremz\u0113. \u0160\u0137\u0113r\u0161\u013ci paliek, bet m\u0113s vienalga ejam uz savu m\u0113r\u0137i. Ja to \u0161\u0137\u0113r\u0161\u013cu neb\u016btu, m\u0113s, iesp\u0113jams, var\u0113tu izdar\u012bt vair\u0101k, bet es dom\u0101ju, ka t\u0101s lietas \u2013 gan \u0161aubas, gan naudas un kontaktu tr\u016bkums, b\u016bs vienm\u0113r. Es neesmu v\u0113l t\u0101ds guru taj\u0101 proces\u0101, bet es saprotu, ko vajag dar\u012bt un, ja dara pareizi, tad galu gal\u0101 viss b\u016bs labi. <\/p><br \/>\n<p>M\u0113s visu dar\u0101m sev. Man pat\u012bk dar\u012bt to,ko es daru, ka ar\u012b \u013coti iedvesmo cilv\u0113ku reakcija -  tie, kuri piedal\u0101s, ir piec\u012bgi un m\u0113s redzam, ka ne par velti to daram, ja cilv\u0113ki n\u0101k, priec\u0101j\u0101s un n\u0101k v\u0113l, tas noz\u012bm\u0113, ka tas vi\u0146iem ir vajadz\u012bgs. Kad tevi atz\u012bst, tas ir pat\u012bkami un tu saproti, ka ir j\u0113ga to turpin\u0101t. Bet, lai kaut ko sasniegtu, ir j\u0101b\u016bt \u013coti stipram cilv\u0113kam un oblig\u0101ti j\u0101b\u016bt komandai, kas tevi atbalsta.<\/p><\/div><div id=\"tabs-4\" class=\"ui-tabs-panel ui-widget-content ui-corner-bottom\"><p>Man piem\u012bt m\u0113r\u0137tiec\u012bba, rado\u0161a dom\u0101\u0161ana, uzst\u0101j\u012bba, man ir labas komunik\u0101cijas prasmes, prasme p\u0101rliecin\u0101t. Es protu pl\u0101not un p\u0101rvald\u012bt projektus, veikt anal\u012bzi. Kaut kas man san\u0101k lab\u0101k, kaut kas slikt\u0101k, bet es cen\u0161os to visu att\u012bst\u012bt un kop\u0101 pielietot. Es esmu sp\u0113j\u012bga m\u0101c\u012bties un praktiski pielietot apg\u016bto inform\u0101ciju,  viegli piel\u0101gojos p\u0101rmai\u0146\u0101m. T\u0101pat es sp\u0113ju uzklaus\u012bt cilv\u0113kus un vi\u0146u probl\u0113mas. Man pat\u012bk un padodas veidot sadarb\u012bbas un str\u0101d\u0101t komand\u0101.<\/p><\/div><div id=\"tabs-5\" class=\"ui-tabs-panel ui-widget-content ui-corner-bottom\"><p>Manupr\u0101t, nav j\u0113gas kaut ko dar\u012bt tikai vienu reizi - ja tu s\u0101c kaut ko dar\u012bt, uzskati to par virzienu un atrodi iesp\u0113ju, un j\u0113gu to turpin\u0101t un att\u012bst\u012bt. Vakar feisbuk\u0101 nejau\u0161i uzg\u0101ju video, kur Benedikts Kamberba\u010ds lasa tekstu no v\u0113stules, ko m\u0101kslinieks Sols Levits rakst\u012bjis savai draudzenei, m\u0101ksliniecei Evai Hesei. Vi\u0146\u0161, protams, p\u0101rsp\u012bl\u0113, jo ir liels m\u0101kslinieks, bet mana ideja ir t\u0101da - k\u0101di tur var b\u016bt padomi? Vienk\u0101r\u0161i vajag dar\u012bt! Video iesp\u0113jams noskat\u012bties \u0161eit: https:\/\/www.youtube.com\/watch?v=VnSMIgsPj5M<\/p><\/div><\/div><\/p>","protected":false},"excerpt":{"rendered":"","protected":false},"author":2,"featured_media":1811,"parent":0,"menu_order":0,"comment_status":"closed","ping_status":"closed","template":"","meta":{"footnotes":""},"categories":[4,8],"tags":[],"class_list":["post-426","page","type-page","status-publish","has-post-thumbnail","hentry","category-country","category-latvia"],"_links":{"self":[{"href":"https:\/\/100mirrors-inc.eu\/lv\/wp-json\/wp\/v2\/pages\/426","targetHints":{"allow":["GET"]}}],"collection":[{"href":"https:\/\/100mirrors-inc.eu\/lv\/wp-json\/wp\/v2\/pages"}],"about":[{"href":"https:\/\/100mirrors-inc.eu\/lv\/wp-json\/wp\/v2\/types\/page"}],"author":[{"embeddable":true,"href":"https:\/\/100mirrors-inc.eu\/lv\/wp-json\/wp\/v2\/users\/2"}],"replies":[{"embeddable":true,"href":"https:\/\/100mirrors-inc.eu\/lv\/wp-json\/wp\/v2\/comments?post=426"}],"version-history":[{"count":30,"href":"https:\/\/100mirrors-inc.eu\/lv\/wp-json\/wp\/v2\/pages\/426\/revisions"}],"predecessor-version":[{"id":2286,"href":"https:\/\/100mirrors-inc.eu\/lv\/wp-json\/wp\/v2\/pages\/426\/revisions\/2286"}],"wp:featuredmedia":[{"embeddable":true,"href":"https:\/\/100mirrors-inc.eu\/lv\/wp-json\/wp\/v2\/media\/1811"}],"wp:attachment":[{"href":"https:\/\/100mirrors-inc.eu\/lv\/wp-json\/wp\/v2\/media?parent=426"}],"wp:term":[{"taxonomy":"category","embeddable":true,"href":"https:\/\/100mirrors-inc.eu\/lv\/wp-json\/wp\/v2\/categories?post=426"},{"taxonomy":"post_tag","embeddable":true,"href":"https:\/\/100mirrors-inc.eu\/lv\/wp-json\/wp\/v2\/tags?post=426"}],"curies":[{"name":"wp","href":"https:\/\/api.w.org\/{rel}","templated":true}]}}