{"id":435,"date":"2017-11-16T09:59:37","date_gmt":"2017-11-16T09:59:37","guid":{"rendered":"http:\/\/100mirrors-inc.eu\/?page_id=435"},"modified":"2018-04-02T09:36:51","modified_gmt":"2018-04-02T09:36:51","slug":"alda-zeldere","status":"publish","type":"page","link":"https:\/\/100mirrors-inc.eu\/lv\/alda-zeldere\/","title":{"rendered":"Alda Zeldere"},"content":{"rendered":"<p><img loading=\"lazy\" decoding=\"async\" class=\"alignleft wp-image-1962 size-thumbnail\" src=\"http:\/\/100mirrors-inc.eu\/wp-content\/uploads\/2018\/02\/avatar-placeholder-1595e26c68347a14a51c9a5bcc34c6a26e97ff5218ce74c79db21df9fb808210-150x150.png\" alt=\"\" width=\"150\" height=\"150\" srcset=\"https:\/\/100mirrors-inc.eu\/wp-content\/uploads\/2018\/02\/avatar-placeholder-1595e26c68347a14a51c9a5bcc34c6a26e97ff5218ce74c79db21df9fb808210-150x150.png 150w, https:\/\/100mirrors-inc.eu\/wp-content\/uploads\/2018\/02\/avatar-placeholder-1595e26c68347a14a51c9a5bcc34c6a26e97ff5218ce74c79db21df9fb808210-24x24.png 24w, https:\/\/100mirrors-inc.eu\/wp-content\/uploads\/2018\/02\/avatar-placeholder-1595e26c68347a14a51c9a5bcc34c6a26e97ff5218ce74c79db21df9fb808210-36x36.png 36w, https:\/\/100mirrors-inc.eu\/wp-content\/uploads\/2018\/02\/avatar-placeholder-1595e26c68347a14a51c9a5bcc34c6a26e97ff5218ce74c79db21df9fb808210-48x48.png 48w, https:\/\/100mirrors-inc.eu\/wp-content\/uploads\/2018\/02\/avatar-placeholder-1595e26c68347a14a51c9a5bcc34c6a26e97ff5218ce74c79db21df9fb808210.png 300w\" sizes=\"auto, (max-width: 150px) 100vw, 150px\" \/><div class=\"otw-sc-tabs ui-tabs ui-widget ui-widget-content ui-corner-all\"><ul class=\"ui-tabs-nav ui-helper-reset ui-helper-clearfix ui-widget-header ui-corner-all\"><li><span class=\"tab-title\">Alda Zeldere<\/span><\/li><li class=\"ui-state-default ui-corner-top\"><a href=\"#tabs-1\"><i class=\"general foundicon-smiley\"> <\/i>PAR MANI<\/a><\/li><li class=\"ui-state-default ui-corner-top\"><a href=\"#tabs-2\"><i class=\"general foundicon-star\"> <\/i>PAMATINFORM\u0100CIJA<\/a><\/li><li class=\"ui-state-default ui-corner-top\"><a href=\"#tabs-3\"><i class=\"general foundicon-plus\"> <\/i>MANA PIEREDZE<\/a><\/li><li class=\"ui-state-default ui-corner-top\"><a href=\"#tabs-4\"><i class=\"general foundicon-tools\"> <\/i>MANAS PRASMES<\/a><\/li><li class=\"ui-state-default ui-corner-top\"><a href=\"#tabs-5\"><i class=\"general foundicon-star\"> <\/i>MANS PADOMS<\/a><\/li><\/ul><div id=\"tabs-1\" class=\"ui-tabs-panel ui-widget-content ui-corner-bottom\"><p><strong>V\u0101rds, uzv\u0101rds<\/strong>: Alda Zeldere<br \/><br \/>\n<strong>Valsts<\/strong>: Latvia<br \/><br \/>\n<strong>Pils\u0113ta<\/strong>: Riga<br \/><br \/>\n<strong>Taut\u012bba<\/strong>: Latvian<br \/><br \/>\n<strong>Pamatinform\u0101cija<\/strong>: Izgl\u012bt\u012bba ekonomik\u0101, soci\u0101laj\u0101 darb\u0101. Str\u0101d\u0101jusi k\u0101 soci\u0101lais rehabilitators neredz\u012bgo pansion\u0101t\u0101.<br \/><br \/>\n<strong>Nozare<\/strong>: Nevalstiskais jeb tre\u0161ais<br \/><br \/>\n<strong>Amats<\/strong>: Latvijas Sievie\u0161u Inval\u012bdu asoci\u0101cijas 'Aspazija' dal\u012bbniece, bijus\u012b soci\u0101l\u0101 darbiniece\/rehabilitatore.<br \/><br \/>\n<strong>Uz\u0146\u0113muma nosaukums un m\u0101jaslapa<\/strong>: Organisation for women with disabilities 'Aspazija' - http:\/\/aspazija.lv\/<\/p><br \/>\n<p>Neskatoties uz nopietnajiem redzes trauc\u0113jumiem, Alda v\u0113rt\u0113jama k\u0101 \u012bpa\u0161i akt\u012bva, pozit\u012bvi noska\u0146ota un proakt\u012bva person\u012bba, kura akt\u012bvi piedal\u0101s Latvie\u0161u Sievie\u0161u inval\u012bdu biedr\u012bbas 'Aspazija' darb\u012bb\u0101.<\/p><br \/>\n<p><\/p><\/div><div id=\"tabs-2\" class=\"ui-tabs-panel ui-widget-content ui-corner-bottom\"><p>Savu pirmo izgl\u012bt\u012bbu ieguvu 1974. gad\u0101 k\u0101 ekonomiste-pl\u0101not\u0101ja, v\u0113l\u0101k (1994. gad\u0101) ieguvu ar\u012b soci\u0101l\u0101 darbinieka izgl\u012bt\u012bbu. \u0160obr\u012bd esmu pension\u0113jusies un akt\u012bvi darbojos biedr\u012bb\u0101 \u201cAspazija\u201d, kas atbalsta Latvijas sievietes ar invalidit\u0101ti. Galven\u0101 motiv\u0101cija manai l\u012bdzdal\u012bbai ir v\u0113lme atrasties starp cilv\u0113kiem, iesp\u0113ja ieg\u016bt jaunu inform\u0101ciju un g\u016bt viedok\u013cu apmai\u0146u.<\/p><\/div><div id=\"tabs-3\" class=\"ui-tabs-panel ui-widget-content ui-corner-bottom\"><p>Esmu guvusi pla\u0161u pieredzi, str\u0101d\u0101jot ar cilv\u0113kiem ar invalidit\u0101ti, \u012bpa\u0161i ar cilv\u0113kiem, kurus sk\u0101ru\u0161i redzes trauc\u0113jumi. Esmu bijusi soci\u0101l\u0101 rehabilit\u0113t\u0101ja neredz\u012bgo pansion\u0101t\u0101, k\u0101 ar\u012b darbiniece neredz\u012bgo uz\u0146\u0113mum\u0101. Tagad, esot pensijas vecum\u0101, es akt\u012bvi l\u012bdzdarbojas organiz\u0101cij\u0101 \u2013 papildus fiziskaj\u0101m aktivit\u0101t\u0113m (nodarbojos ar biodeju)  piedalos ar\u012b biedr\u012bbas atbalsta grup\u0101 \u2013 t\u0101 ir laba vieta, kur mekl\u0113t psiholo\u0123isku atbalstu, t\u0101 kalpo k\u0101 platforma viedok\u013cu un inform\u0101cijas apmai\u0146ai, kur nereti var smelties ar\u012b padomus no cit\u0101m sieviet\u0113m ar invalidit\u0101ti.<\/p><br \/>\n<p>Lai non\u0101ktu tur, kur esmu \u0161obr\u012bd, man n\u0101cies p\u0101rk\u0101pt vair\u0101kiem \u0161\u0137\u0113r\u0161\u013ciem \u2013 cilv\u0113ku neizpratnei un kritikai, un, protams, liel\u0101kajam fiziskajam \u0161\u0137\u0113rslim \u2013 redzes trauc\u0113jumiem. K\u0101 galvenos savu pan\u0101kumu un izaugsmes veiksmes faktorus varu min\u0113t \u0123imenes un bazn\u012bcas atbalstu, k\u0101 ar\u012b soci\u0101l\u0101s izgl\u012bt\u012bbas g\u016b\u0161anu.<\/p><\/div><div id=\"tabs-4\" class=\"ui-tabs-panel ui-widget-content ui-corner-bottom\"><p>Man piem\u012bt da\u017e\u0101das soci\u0101l\u0101s prasmes \u2013 labas komunik\u0101cijas prasmes, zin\u0101\u0161anas soci\u0101laj\u0101 darb\u0101 un aktivit\u0101t\u0113s, v\u0113lme un sp\u0113ja pal\u012bdz\u0113t un izprast cilv\u0113kus. Es sevi uzskatu par cilv\u0113ku, kas \u0101tri m\u0101c\u0101s un ir sp\u0113j\u012bgs iem\u0101c\u012bto inform\u0101ciju praktiski pielietot darb\u0101. Pateicoties iepriek\u0161 g\u016btajai pieredzei, es protu ieklaus\u012bties citu cilv\u0113ku probl\u0113m\u0101s, v\u0113l jo vair\u0101k, str\u0101d\u0101jot ar citiem cilv\u0113kiem \u2013vi\u0146u personisk\u0101 att\u012bst\u012bba man ir svar\u012bga! Savas profesion\u0101l\u0101s darb\u012bbas kontekst\u0101 es labpr\u0101t veidoju sadarb\u012bbas, str\u0101d\u0101ju komand\u0101 un, ja rodas k\u0101da probl\u0113ma, cen\u0161os nok\u013c\u016bt pie kompromisa, kas apmierin\u0101tu visas iesaist\u012bt\u0101s puses. V\u0113rt\u0113jot uz\u0146\u0113m\u012bbu t\u0101s pla\u0161\u0101kaj\u0101 izpratn\u0113, man pat\u012bk nospraust m\u0113r\u0137us un caur darb\u012bbu tos ar\u012b sasniegt \u2013 nepiecie\u0161am\u012bbas gad\u012bjum\u0101 esmu sp\u0113j\u012bga \u0101tri veikt izv\u0113li. K\u0101 jau ikvienai veiksm\u012bgai un uz\u0146\u0113m\u012bgai personai, man piem\u012bt sp\u0113ja nov\u0113rt\u0113t un izmantot citu cilv\u0113ku pieredzi un padomus, k\u0101 ar\u012b nepiecie\u0161am\u012bbas gad\u012bjum\u0101 nevilcin\u0101ties un l\u016bgt padomu k\u0101dam citam.<\/p><\/div><div id=\"tabs-5\" class=\"ui-tabs-panel ui-widget-content ui-corner-bottom\"><p>Savas mammas iedvesmota un sava rakstura un zin\u0101tk\u0101res virz\u012bta, es galvenok\u0101rt iesaku uzdr\u012bkst\u0113ties. Mans padoms sieviet\u0113m, kuras v\u0113las att\u012bst\u012bt savu ideju un rado\u0161o potenci\u0101lu, ir sekojo\u0161s: vispirms, izvirzi sev sapr\u0101t\u012bgu m\u0113r\u0137i, tad sadali \u0161o m\u0113r\u0137i nelielos posmos un neatlaid\u012bgi dodies uz priek\u0161u! Gad\u012bjum\u0101, ja n\u0101kas sastapties ar k\u0101d\u0101m neveiksm\u0113m vai kaut kas neizdodas, nepadodies, bet esi elast\u012bga! T\u0101pat es uzskatu, ka nepietiekams finans\u0113jums un atbalsts no valsts var b\u016bt milzu \u0161\u0137\u0113rslis cilv\u0113kam, kur\u0161 v\u0113las att\u012bst\u012bt savu ideju vai b\u016bt uz\u0146\u0113m\u012bgs.<\/p><\/div><\/div><\/p>","protected":false},"excerpt":{"rendered":"","protected":false},"author":2,"featured_media":1962,"parent":0,"menu_order":0,"comment_status":"closed","ping_status":"closed","template":"","meta":{"footnotes":""},"categories":[4,8],"tags":[],"class_list":["post-435","page","type-page","status-publish","has-post-thumbnail","hentry","category-country","category-latvia"],"_links":{"self":[{"href":"https:\/\/100mirrors-inc.eu\/lv\/wp-json\/wp\/v2\/pages\/435","targetHints":{"allow":["GET"]}}],"collection":[{"href":"https:\/\/100mirrors-inc.eu\/lv\/wp-json\/wp\/v2\/pages"}],"about":[{"href":"https:\/\/100mirrors-inc.eu\/lv\/wp-json\/wp\/v2\/types\/page"}],"author":[{"embeddable":true,"href":"https:\/\/100mirrors-inc.eu\/lv\/wp-json\/wp\/v2\/users\/2"}],"replies":[{"embeddable":true,"href":"https:\/\/100mirrors-inc.eu\/lv\/wp-json\/wp\/v2\/comments?post=435"}],"version-history":[{"count":39,"href":"https:\/\/100mirrors-inc.eu\/lv\/wp-json\/wp\/v2\/pages\/435\/revisions"}],"predecessor-version":[{"id":2374,"href":"https:\/\/100mirrors-inc.eu\/lv\/wp-json\/wp\/v2\/pages\/435\/revisions\/2374"}],"wp:featuredmedia":[{"embeddable":true,"href":"https:\/\/100mirrors-inc.eu\/lv\/wp-json\/wp\/v2\/media\/1962"}],"wp:attachment":[{"href":"https:\/\/100mirrors-inc.eu\/lv\/wp-json\/wp\/v2\/media?parent=435"}],"wp:term":[{"taxonomy":"category","embeddable":true,"href":"https:\/\/100mirrors-inc.eu\/lv\/wp-json\/wp\/v2\/categories?post=435"},{"taxonomy":"post_tag","embeddable":true,"href":"https:\/\/100mirrors-inc.eu\/lv\/wp-json\/wp\/v2\/tags?post=435"}],"curies":[{"name":"wp","href":"https:\/\/api.w.org\/{rel}","templated":true}]}}