{"id":437,"date":"2017-11-16T10:05:59","date_gmt":"2017-11-16T10:05:59","guid":{"rendered":"http:\/\/100mirrors-inc.eu\/?page_id=437"},"modified":"2018-04-02T09:38:01","modified_gmt":"2018-04-02T09:38:01","slug":"lilita-cine","status":"publish","type":"page","link":"https:\/\/100mirrors-inc.eu\/lv\/lilita-cine\/","title":{"rendered":"Lilita Cine"},"content":{"rendered":"<p><img loading=\"lazy\" decoding=\"async\" class=\"alignleft wp-image-1962 size-thumbnail\" src=\"http:\/\/100mirrors-inc.eu\/wp-content\/uploads\/2018\/02\/avatar-placeholder-1595e26c68347a14a51c9a5bcc34c6a26e97ff5218ce74c79db21df9fb808210-150x150.png\" alt=\"\" width=\"150\" height=\"150\" srcset=\"https:\/\/100mirrors-inc.eu\/wp-content\/uploads\/2018\/02\/avatar-placeholder-1595e26c68347a14a51c9a5bcc34c6a26e97ff5218ce74c79db21df9fb808210-150x150.png 150w, https:\/\/100mirrors-inc.eu\/wp-content\/uploads\/2018\/02\/avatar-placeholder-1595e26c68347a14a51c9a5bcc34c6a26e97ff5218ce74c79db21df9fb808210-24x24.png 24w, https:\/\/100mirrors-inc.eu\/wp-content\/uploads\/2018\/02\/avatar-placeholder-1595e26c68347a14a51c9a5bcc34c6a26e97ff5218ce74c79db21df9fb808210-36x36.png 36w, https:\/\/100mirrors-inc.eu\/wp-content\/uploads\/2018\/02\/avatar-placeholder-1595e26c68347a14a51c9a5bcc34c6a26e97ff5218ce74c79db21df9fb808210-48x48.png 48w, https:\/\/100mirrors-inc.eu\/wp-content\/uploads\/2018\/02\/avatar-placeholder-1595e26c68347a14a51c9a5bcc34c6a26e97ff5218ce74c79db21df9fb808210.png 300w\" sizes=\"auto, (max-width: 150px) 100vw, 150px\" \/><div class=\"otw-sc-tabs ui-tabs ui-widget ui-widget-content ui-corner-all\"><ul class=\"ui-tabs-nav ui-helper-reset ui-helper-clearfix ui-widget-header ui-corner-all\"><li><span class=\"tab-title\">Lilita Cine<\/span><\/li><li class=\"ui-state-default ui-corner-top\"><a href=\"#tabs-1\"><i class=\"general foundicon-smiley\"> <\/i>PAR MANI<\/a><\/li><li class=\"ui-state-default ui-corner-top\"><a href=\"#tabs-2\"><i class=\"general foundicon-star\"> <\/i>PAMATINFORM\u0100CIJA<\/a><\/li><li class=\"ui-state-default ui-corner-top\"><a href=\"#tabs-3\"><i class=\"general foundicon-plus\"> <\/i>MANA PIEREDZE<\/a><\/li><li class=\"ui-state-default ui-corner-top\"><a href=\"#tabs-4\"><i class=\"general foundicon-tools\"> <\/i>MANAS PRASMES<\/a><\/li><li class=\"ui-state-default ui-corner-top\"><a href=\"#tabs-5\"><i class=\"general foundicon-star\"> <\/i>MANS PADOMS<\/a><\/li><\/ul><div id=\"tabs-1\" class=\"ui-tabs-panel ui-widget-content ui-corner-bottom\"><p><strong>V\u0101rds, uzv\u0101rds:<\/strong> Lilita Cine<br \/><br \/>\n<strong>Valsts<\/strong>: Latvija<br \/><br \/>\n<strong>Pils\u0113ta<\/strong>: Riga<br \/><br \/>\n<strong>Taut\u012bba<\/strong>: Latviete<br \/><br \/>\n<strong>Pamatinform\u0101cija: <\/strong>Profesion\u0101l\u0101s t\u0101l\u0101kizgl\u012bt\u012bbas turpin\u0101\u0161ana uz\u0146\u0113muma ietvaros, k\u0101 ar\u012b da\u017e\u0101du zin\u0101\u0161anu apg\u016b\u0161ana pa\u0161m\u0101c\u012bbas ce\u013c\u0101 (kursi, semin\u0101ri), dekorat\u012bv\u0101 noform\u0113\u0161ana<\/p><br \/>\n<p><strong>Nozare<\/strong>: Nevalstiskais jeb tre\u0161ais<br \/><br \/>\n<strong>Amats:<\/strong> Latvie\u0161u Sievie\u0161u Inval\u012bdu asoci\u0101cijas 'Aspazija' biedre, dekoratore, rokdarbniece<br \/><br \/>\n<strong>Uz\u0146\u0113muma nosaukums un m\u0101jaslapa<\/strong> Association for women with disabilities 'Aspazija', url: http:\/\/aspazija.lv\/<\/p><br \/>\n<p>Lai ar\u012b Lilitai piem\u012bt mugurkaula deform\u0101cija, tas neliedz sievietei akt\u012bvi darboties biedr\u012bb\u0101 'Aspazija', att\u012bst\u012bt savu rado\u0161o potenci\u0101lu caur da\u017e\u0101d\u0101m rado\u0161\u0101m aktivit\u0101t\u0113m, pilnveidoties gar\u012bgi un turpin\u0101t att\u012bst\u012bties profesion\u0101li!<\/p><br \/>\n<p><\/p><\/div><div id=\"tabs-2\" class=\"ui-tabs-panel ui-widget-content ui-corner-bottom\"><p>Profesion\u0101laj\u0101 darb\u012bb\u0101 nepiecie\u0161am\u0101s prasmes esmu apguvusi, str\u0101d\u0101jot da\u017e\u0101dos uz\u0146\u0113mumos un pilnveidojot sevi caur profesion\u0101l\u0101s m\u016b\u017eizgl\u012bt\u012bbas turpin\u0101\u0161anu. T\u0101pat esmu piedal\u012bjusies da\u017e\u0101dos kursos, semin\u0101ros, k\u0101 ar\u012b apguvusi zin\u0101\u0161anas pa\u0161m\u0101c\u012bbas ce\u013c\u0101.<\/p><\/div><div id=\"tabs-3\" class=\"ui-tabs-panel ui-widget-content ui-corner-bottom\"><p>Savas profesion\u0101l\u0101s darb\u012bbas att\u012bst\u012b\u0161ana devusi man iesp\u0113ju g\u016bt jaunu inform\u0101ciju, atrasties sabiedr\u012bb\u0101, m\u0101c\u012bties no citiem un neiesl\u012bgt sav\u0101 pasaul\u0113! T\u0101pat b\u016btiska ir gar\u012bga pilnveide un att\u012bst\u012bbas turpin\u0101\u0161ana. Lai veiksm\u012bgi nok\u013c\u016btu tur, kur esmu \u0161obr\u012bd, man n\u0101c\u0101s p\u0101rvar\u0113t vair\u0101kus \u0161\u0137\u0113r\u0161\u013cus, tai skait\u0101 ekonomiskus. Mans m\u0113r\u0137is uz\u0146emties dar\u012bt bija saist\u0101ms ar sabiedr\u012bbas mekl\u0113\u0161anu un sadarbo\u0161anos - iesp\u0113ja g\u016bt domubiedrus, jaunu inform\u0101ciju un padomus. Tas bija veids, k\u0101 neb\u016bt vienai! Mans likten\u012bgais veiksmes faktors ir bijusi \u0101tra reakcija da\u017e\u0101dos p\u0101rbaud\u012bjumos - gan profesion\u0101los, gan person\u012bgos. Veiksm\u012bgu situ\u0101ciju un atrisin\u0101jumu pamat\u0101 bie\u017ei vien ir kontakti, kuri nodibin\u0101ti laika gait\u0101. Man\u0101 situ\u0101cij\u0101 pan\u0101kumi un padomi g\u016bstami, apmekl\u0113jot da\u017e\u0101dus kursus un semin\u0101rus, esot starp saviem domubiedriem, esot saskarsm\u0113 ar sava gada g\u0101juma cilv\u0113kiem, tai skait\u0101, pasniedz\u0113jiem un asoci\u0101cijas dal\u012bbniekiem. Da\u017e\u0101du pulci\u0146u, nodarb\u012bbu, semin\u0101ru un kursu apmekl\u0113\u0161ana man devusi \u013coti daudz, \u0161eit pal\u012bdz\u0113jusi ar\u012b mana izteikt\u0101 zin\u0101tk\u0101re!<\/p><\/div><div id=\"tabs-4\" class=\"ui-tabs-panel ui-widget-content ui-corner-bottom\"><p>Man piem\u012bt vair\u0101kas prasmes, kuras profesion\u0101laj\u0101 vid\u0113 man pal\u012bdz veiksm\u012bgi darboties. Es esmu sp\u0113j\u012bga m\u0101c\u012bties un apg\u016bto jauno inform\u0101ciju pielietot darb\u0101. Es sp\u0113ju viegli piel\u0101goties p\u0101rmai\u0146\u0101m un nepiecie\u0161am\u012bbas gad\u012bjum\u0101 \u0101tri veikt izv\u0113li. Man labi padodas inform\u0101cijas nodo\u0161ana un izplat\u012b\u0161ana. Profesion\u0101laj\u0101 vid\u0113 man ir svar\u012bga person\u012bg\u0101 izaugsme, m\u0113r\u0137u izvirz\u012b\u0161ana un to sasnieg\u0161ana. Gad\u012bjumos, kad saskaros ar k\u0101du probl\u0113mu, es rodu tai risin\u0101jumu, nepiecie\u0161am\u012bbas gad\u012bjum\u0101 es nevilcinos l\u016bgt padomu ar\u012b k\u0101dam citam. Es labpr\u0101t uzklausu citu cilv\u0113ku pieredzi un padomus, tos nov\u0113rt\u0113ju un p\u0113c\u0101k izmantoju ar\u012b sav\u0101 profesion\u0101laj\u0101 ikdien\u0101. Darba vid\u0113 es sevi v\u0113rt\u0113ju k\u0101 akt\u012bvu, atsauc\u012bgu, progres\u012bvi un demokr\u0101tiski dom\u0101jo\u0161u sievieti, kurai vair\u0101k par tradicion\u0101laj\u0101m v\u0113rt\u012bb\u0101m pat\u012bk jaunas, novatoriskas lietas. Man pat\u012bk un padodas nodarboties ar praktisk\u0101m liet\u0101m, esmu elast\u012bga sav\u0101 pieej\u0101 un attieksm\u0113 pret darbu. Man pat\u012bk ar\u012b risk\u0113t, t\u0101d\u0113j\u0101di rodot sev jaunas iesp\u0113jas l\u012bdzdarboties un dar\u012bt to, kas man sag\u0101d\u0101 prieku! Mani izteikti raksturo rado\u0161ums, spontanit\u0101te un \u0101tra rea\u0123\u0113\u0161ana da\u017e\u0101d\u0101s situ\u0101cij\u0101s.<\/p><\/div><div id=\"tabs-5\" class=\"ui-tabs-panel ui-widget-content ui-corner-bottom\"><p>Galvenais - ir j\u0101b\u016bt neatlaid\u012bgai! Ir j\u0101uzdr\u012bkstas piedal\u012bties un apmekl\u0113t sabiedr\u012bb\u0101 r\u012bkotus pas\u0101kumus. Mekl\u0113t sevi caur \u0161\u012bm dotaj\u0101m iesp\u0113j\u0101m!<\/p><\/div><\/div><\/p>","protected":false},"excerpt":{"rendered":"","protected":false},"author":2,"featured_media":1962,"parent":0,"menu_order":0,"comment_status":"closed","ping_status":"closed","template":"","meta":{"footnotes":""},"categories":[4,8],"tags":[],"class_list":["post-437","page","type-page","status-publish","has-post-thumbnail","hentry","category-country","category-latvia"],"_links":{"self":[{"href":"https:\/\/100mirrors-inc.eu\/lv\/wp-json\/wp\/v2\/pages\/437","targetHints":{"allow":["GET"]}}],"collection":[{"href":"https:\/\/100mirrors-inc.eu\/lv\/wp-json\/wp\/v2\/pages"}],"about":[{"href":"https:\/\/100mirrors-inc.eu\/lv\/wp-json\/wp\/v2\/types\/page"}],"author":[{"embeddable":true,"href":"https:\/\/100mirrors-inc.eu\/lv\/wp-json\/wp\/v2\/users\/2"}],"replies":[{"embeddable":true,"href":"https:\/\/100mirrors-inc.eu\/lv\/wp-json\/wp\/v2\/comments?post=437"}],"version-history":[{"count":19,"href":"https:\/\/100mirrors-inc.eu\/lv\/wp-json\/wp\/v2\/pages\/437\/revisions"}],"predecessor-version":[{"id":2282,"href":"https:\/\/100mirrors-inc.eu\/lv\/wp-json\/wp\/v2\/pages\/437\/revisions\/2282"}],"wp:featuredmedia":[{"embeddable":true,"href":"https:\/\/100mirrors-inc.eu\/lv\/wp-json\/wp\/v2\/media\/1962"}],"wp:attachment":[{"href":"https:\/\/100mirrors-inc.eu\/lv\/wp-json\/wp\/v2\/media?parent=437"}],"wp:term":[{"taxonomy":"category","embeddable":true,"href":"https:\/\/100mirrors-inc.eu\/lv\/wp-json\/wp\/v2\/categories?post=437"},{"taxonomy":"post_tag","embeddable":true,"href":"https:\/\/100mirrors-inc.eu\/lv\/wp-json\/wp\/v2\/tags?post=437"}],"curies":[{"name":"wp","href":"https:\/\/api.w.org\/{rel}","templated":true}]}}