{"id":445,"date":"2017-11-16T10:39:22","date_gmt":"2017-11-16T10:39:22","guid":{"rendered":"http:\/\/100mirrors-inc.eu\/?page_id=445"},"modified":"2018-04-02T09:45:28","modified_gmt":"2018-04-02T09:45:28","slug":"baiba-baikovska","status":"publish","type":"page","link":"https:\/\/100mirrors-inc.eu\/lv\/baiba-baikovska\/","title":{"rendered":"Baiba Baikovska"},"content":{"rendered":"<p><img loading=\"lazy\" decoding=\"async\" class=\"alignleft wp-image-1769 size-thumbnail\" src=\"http:\/\/100mirrors-inc.eu\/wp-content\/uploads\/2018\/02\/baiba-150x150.jpg\" alt=\"\" width=\"150\" height=\"150\" srcset=\"https:\/\/100mirrors-inc.eu\/wp-content\/uploads\/2018\/02\/baiba-150x150.jpg 150w, https:\/\/100mirrors-inc.eu\/wp-content\/uploads\/2018\/02\/baiba-24x24.jpg 24w, https:\/\/100mirrors-inc.eu\/wp-content\/uploads\/2018\/02\/baiba-36x36.jpg 36w, https:\/\/100mirrors-inc.eu\/wp-content\/uploads\/2018\/02\/baiba-48x48.jpg 48w, https:\/\/100mirrors-inc.eu\/wp-content\/uploads\/2018\/02\/baiba.jpg 300w\" sizes=\"auto, (max-width: 150px) 100vw, 150px\" \/><\/p>\n<p><div class=\"otw-sc-tabs ui-tabs ui-widget ui-widget-content ui-corner-all\"><ul class=\"ui-tabs-nav ui-helper-reset ui-helper-clearfix ui-widget-header ui-corner-all\"><li><span class=\"tab-title\">Baiba Baikovska<\/span><\/li><li class=\"ui-state-default ui-corner-top\"><a href=\"#tabs-1\"><i class=\"general foundicon-smiley\"> <\/i>PAR MANI<\/a><\/li><li class=\"ui-state-default ui-corner-top\"><a href=\"#tabs-2\"><i class=\"general foundicon-star\"> <\/i>PAMATINFORM\u0100CIJA<\/a><\/li><li class=\"ui-state-default ui-corner-top\"><a href=\"#tabs-3\"><i class=\"general foundicon-plus\"> <\/i>MANA PIEREDZE<\/a><\/li><li class=\"ui-state-default ui-corner-top\"><a href=\"#tabs-4\"><i class=\"general foundicon-tools\"> <\/i>MANAS PRASMES<\/a><\/li><li class=\"ui-state-default ui-corner-top\"><a href=\"#tabs-5\"><i class=\"general foundicon-star\"> <\/i>MANS PADOMS<\/a><\/li><\/ul><div id=\"tabs-1\" class=\"ui-tabs-panel ui-widget-content ui-corner-bottom\"><p><b>V\u0101rds, uzv\u0101rds: <\/b>Baiba Baikovska Ponaskova<br \/><br \/>\n<b>Valsts:<\/b> Latvija<br \/><br \/>\n<b>Pils\u0113ta:<\/b> R\u012bga<br \/><br \/>\n<b>Taut\u012bba:<\/b> Latviete<br \/><br \/>\n<b>Nozare: <\/b>Nevalstiskais jeb tre\u0161ais sektors<br \/><br \/>\n<b>Amats: <\/b>Doktorant\u016bras studente, akt\u012bvi darbojas organiz\u0101cij\u0101 Wings for Wheels<br \/><br \/>\n<strong>Pamatinform\u0101cija<\/strong>: R\u012bgas Stradi\u0146a Universit\u0101t\u0113 ieg\u016bts bakalaura gr\u0101ds 'Starptautiskaj\u0101s attiec\u012bb\u0101s', ma\u0123istra gr\u0101ds 'Komunik\u0101cij\u0101 un mediju studij\u0101s', \u0161obr\u012bd Baiba turpina studijas doktorant\u016bras programm\u0101 'Komunik\u0101cijas kult\u016bra un multimediji'.<br \/><br \/>\n<strong>Uz\u0146\u0113muma nosaukums un m\u0101jaslapa<\/strong>: http:\/\/riga.ywamlatvia.org\/wingsforwheels<br \/><br \/>\nhttps:\/\/mystory.me\/story\/baiba-baikovska\/<\/p><br \/>\n<p>Baiba Baikovska ir jauna, akt\u012bva un iedvesmojo\u0161a sieviete, kura, neskatoties uz ierobe\u017eojumiem, ko var\u0113tu uzlikt fiziska invalidit\u0101te, dodas pret\u012b m\u0113r\u0137im, iedvesmojot un iedro\u0161inot citus - gan cilv\u0113kus ar invalidit\u0101ti, gan bez t\u0101s, dodot padomu, sniedzot pal\u012bdz\u012bbu un iedro\u0161in\u0101jumu.<\/p><br \/>\n<p><\/p><\/div><div id=\"tabs-2\" class=\"ui-tabs-panel ui-widget-content ui-corner-bottom\"><p>Esmu absolv\u0113jusi R\u012bgas Stradi\u0146a universit\u0101t\u0113 bakalaura studiju programmu 'Starptautisk\u0101s attiec\u012bbas', ma\u0123istrat\u016bras programmu 'Komunik\u0101cija un mediju studijas' un tagad turpinu studijas doktorant\u016bras programm\u0101 'Komunik\u0101cijas kult\u016bra un multimediji' ar m\u0113r\u0137i izstr\u0101d\u0101t disert\u0101ciju 'Invalidit\u0101tes konstru\u0113\u0161ana politiskaj\u0101 diskurs\u0101 Latvij\u0101'. Bakalaura studiju ietvaros biju Erasmus apmai\u0146\u0101 uz Norv\u0113\u0123iju, Oslo universit\u0101ti. Un p\u0113c ma\u0123istrat\u016bras programmas absolv\u0113\u0161anas 5 gadus str\u0101d\u0101ju krist\u012bgi izgl\u012btojo\u0161\u0101 organiz\u0101cij\u0101 'Agape Latvija' (www.agape.lv) ar augstskolu studentiem, pal\u012bdzot vi\u0146iem att\u012bst\u012bties intelektu\u0101li, gar\u012bgi un emocion\u0101li. \u0160aj\u0101 laik\u0101 ar\u012b ieguvu nenov\u0113rt\u0113jamu pieredzi ar mentoringu un kou\u010dingu, kas pa\u0161laik ir divas no man\u0101m sirdsliet\u0101m, jo man pat\u012bk redz\u0113t cilv\u0113kus att\u012bst\u0101mies, uzst\u0101dot m\u0113r\u0137us un tos sasniedzot.  Pa\u0161laik l\u012bdz\u012bg\u0101 veid\u0101 paral\u0113li studij\u0101m darbojos ar organiz\u0101ciju 'Wings for Wheels' (www.w4w.lv), lai pal\u012bdz\u0113tu cilv\u0113kiem ar kust\u012bbu trauc\u0113jumiem att\u012bst\u012bties un pieaugt emocion\u0101li, gar\u012bgi un intelektu\u0101li. Manas idejas pamat\u0101, ka v\u0113los iedro\u0161in\u0101t citus cilv\u0113kus, ir manis pa\u0161as st\u0101sts, ar kuru pla\u0161\u0101k var iepaz\u012bties \u0161eit: https:\/\/mystory.me\/story\/baiba-baikovska\/<br \/><br \/>\nSavuk\u0101rt ar savu disert\u0101ciju v\u0113los rosin\u0101t diskusiju un izmai\u0146as saist\u012bb\u0101 ar invalidit\u0101ti un cilv\u0113kiem ar invalidit\u0101ti Latvij\u0101.<\/p><\/div><div id=\"tabs-3\" class=\"ui-tabs-panel ui-widget-content ui-corner-bottom\"><p>Lai nok\u013c\u016btu tur, kur es esmu, \u0161obr\u012bd man bija j\u0101p\u0101rvar k\u0101di sabiedr\u012bb\u0101 valdo\u0161ie stereotipi par cilv\u0113kiem ar invalidit\u0101ti un to rad\u012bt\u0101s sekas uz manu pa\u0161as identit\u0101ti, motiv\u0101ciju un m\u0113r\u0137i un, lai gan man ir lieliski vec\u0101ki, man n\u0101c\u0101s ar\u012b p\u0101rvar\u0113t vec\u0101ku p\u0101r\u0101k lielo protekcionismu, lai s\u0101ktu dz\u012bvot patst\u0101v\u012bgi. Visvair\u0101k man man\u0101 ce\u013c\u0101 pal\u012bdz\u0113ja iepaz\u012b\u0161an\u0101s ar kristiet\u012bbu, J\u0113zu Kristu, jo Vi\u0146\u0101 es ieguvu stabilu pamatu, uz kura b\u016bv\u0113t savu atjaunoto identit\u0101ti, kura man ir ar\u012b \u013c\u0101vusi sasniegt to, kur esmu tagad. <\/p><br \/>\n<p>Darboties manu aktivit\u0101\u0161u ietvaros mani iedvesmoja J\u0113zus Kristus un cilv\u0113ku ar invalidit\u0101ti dz\u012bves apst\u0101k\u013ci Latvij\u0101, piem\u0113ram, soci\u0101l\u0101s apr\u016bpes centros. 5 gadus, kam\u0113r str\u0101d\u0101ju ar organiz\u0101ciju 'Agape Latvija', biju mentore un kou\u010ds daudziem studentiem, kuri v\u0113l\u0113j\u0101s pieaugt emocion\u0101li, intelektu\u0101li un gar\u012bgi. Man pa\u0161ai ir kou\u010ds, ar kuru regul\u0101ri tiekamies un uzst\u0101d\u0101m m\u0113r\u0137us. Esmu pabeigusi 'Agape Eiropa' r\u012bkoto kou\u010dinga apm\u0101c\u012bbu. Ieg\u016bt\u0101s zin\u0101\u0161anas \u0161aj\u0101 jom\u0101 pielietoju pa\u0161laik 'Wings for Wheels' un vadot studentiem studiju darbus savu doktora studiju ietvaros.  Ar\u012b valsts pied\u0101v\u0101t\u0101s iesp\u0113jas un atbalsts cilv\u0113kiem ar invalidit\u0101ti studij\u0101m, pieredze, darbo\u0161an\u0101s ar studentiem un ieraudz\u012b\u0161ana, ka tas ir iesp\u0113jams ar\u012b rati\u0146kr\u0113sl\u0101, deva man iesp\u0113ju un motiv\u0101ciju uzs\u0101kt r\u012bkoties. Savuk\u0101rt draudus rad\u012bja valdo\u0161ie stereotipi sabiedr\u012bb\u0101 par cilv\u0113kiem ar invalidit\u0101ti un nepiln\u012bbas invalidit\u0101tes politikas jom\u0101 Latvij\u0101.<\/p><\/div><div id=\"tabs-4\" class=\"ui-tabs-panel ui-widget-content ui-corner-bottom\"><p>Man piem\u012bt sp\u0113ja uzrun\u0101t maz paz\u012bstamus vai nepaz\u012bstamus cilv\u0113kus, es sp\u0113ju akumul\u0113t lielu daudzumu inform\u0101cijas. T\u0101pat man piem\u012bt p\u0101rliec\u012bba par to, ko daru \u2013 man ir svar\u012bgi, ko daru, k\u0101p\u0113c to daru, ar k\u0101du m\u0113r\u0137i. Man piem\u012bt sp\u0113ja apvienot un motiv\u0113t cilv\u0113kus komand\u0101. Sevi uzskatu par optimistisku, rado\u0161u un atv\u0113rti dom\u0101jo\u0161u personu.<\/p><\/div><div id=\"tabs-5\" class=\"ui-tabs-panel ui-widget-content ui-corner-bottom\"><p>Uzdro\u0161in\u0101ties!<br \/><br \/>\nNebaid\u012bties ar\u012b mekl\u0113t atbalstu, piem\u0113ram, mentoru vai kou\u010du. Jo man pa\u0161ai visus \u0161os gadus ir bijis mentors vai kou\u010ds un tas man ir pal\u012bdz\u0113jis \u013coti daudz virz\u012bties uz priek\u0161u. Atbalsts sieviet\u0113m ar invalidit\u0101ti, kuras v\u0113las uzs\u0101kt uz\u0146\u0113m\u0113jdarb\u012bbu, ir viena no jom\u0101m, kas v\u0113l j\u0101att\u012bsta, t\u0101pat nepiecie\u0161ams p\u0101rvar\u0113t nepiln\u012bbas, kas saist\u012btas ar nodok\u013cu politiku saist\u012bb\u0101 ar uz\u0146\u0113m\u0113jdarb\u012bbas sf\u0113ru, lai vair\u0101k motiv\u0113tu cilv\u0113kus uzs\u0101kt savu uz\u0146\u0113m\u0113jdarb\u012bbu.<\/p><\/div><\/div><\/p>","protected":false},"excerpt":{"rendered":"","protected":false},"author":2,"featured_media":1768,"parent":0,"menu_order":0,"comment_status":"closed","ping_status":"closed","template":"","meta":{"footnotes":""},"categories":[4,8],"tags":[],"class_list":["post-445","page","type-page","status-publish","has-post-thumbnail","hentry","category-country","category-latvia"],"_links":{"self":[{"href":"https:\/\/100mirrors-inc.eu\/lv\/wp-json\/wp\/v2\/pages\/445","targetHints":{"allow":["GET"]}}],"collection":[{"href":"https:\/\/100mirrors-inc.eu\/lv\/wp-json\/wp\/v2\/pages"}],"about":[{"href":"https:\/\/100mirrors-inc.eu\/lv\/wp-json\/wp\/v2\/types\/page"}],"author":[{"embeddable":true,"href":"https:\/\/100mirrors-inc.eu\/lv\/wp-json\/wp\/v2\/users\/2"}],"replies":[{"embeddable":true,"href":"https:\/\/100mirrors-inc.eu\/lv\/wp-json\/wp\/v2\/comments?post=445"}],"version-history":[{"count":45,"href":"https:\/\/100mirrors-inc.eu\/lv\/wp-json\/wp\/v2\/pages\/445\/revisions"}],"predecessor-version":[{"id":2285,"href":"https:\/\/100mirrors-inc.eu\/lv\/wp-json\/wp\/v2\/pages\/445\/revisions\/2285"}],"wp:featuredmedia":[{"embeddable":true,"href":"https:\/\/100mirrors-inc.eu\/lv\/wp-json\/wp\/v2\/media\/1768"}],"wp:attachment":[{"href":"https:\/\/100mirrors-inc.eu\/lv\/wp-json\/wp\/v2\/media?parent=445"}],"wp:term":[{"taxonomy":"category","embeddable":true,"href":"https:\/\/100mirrors-inc.eu\/lv\/wp-json\/wp\/v2\/categories?post=445"},{"taxonomy":"post_tag","embeddable":true,"href":"https:\/\/100mirrors-inc.eu\/lv\/wp-json\/wp\/v2\/tags?post=445"}],"curies":[{"name":"wp","href":"https:\/\/api.w.org\/{rel}","templated":true}]}}