{"id":452,"date":"2017-11-16T10:56:28","date_gmt":"2017-11-16T10:56:28","guid":{"rendered":"http:\/\/100mirrors-inc.eu\/?page_id=452"},"modified":"2018-04-02T09:58:49","modified_gmt":"2018-04-02T09:58:49","slug":"latviesu-lolita-andersone","status":"publish","type":"page","link":"https:\/\/100mirrors-inc.eu\/lv\/latviesu-lolita-andersone\/","title":{"rendered":"Lolita Andersone"},"content":{"rendered":"<p><img loading=\"lazy\" decoding=\"async\" class=\"alignleft wp-image-1799 size-thumbnail\" src=\"http:\/\/100mirrors-inc.eu\/wp-content\/uploads\/2018\/02\/Lolita-Andersone_300-150x150.jpg\" alt=\"\" width=\"150\" height=\"150\" srcset=\"https:\/\/100mirrors-inc.eu\/wp-content\/uploads\/2018\/02\/Lolita-Andersone_300-150x150.jpg 150w, https:\/\/100mirrors-inc.eu\/wp-content\/uploads\/2018\/02\/Lolita-Andersone_300-24x24.jpg 24w, https:\/\/100mirrors-inc.eu\/wp-content\/uploads\/2018\/02\/Lolita-Andersone_300-36x36.jpg 36w, https:\/\/100mirrors-inc.eu\/wp-content\/uploads\/2018\/02\/Lolita-Andersone_300-48x48.jpg 48w, https:\/\/100mirrors-inc.eu\/wp-content\/uploads\/2018\/02\/Lolita-Andersone_300.jpg 300w\" sizes=\"auto, (max-width: 150px) 100vw, 150px\" \/><div class=\"otw-sc-tabs ui-tabs ui-widget ui-widget-content ui-corner-all\"><ul class=\"ui-tabs-nav ui-helper-reset ui-helper-clearfix ui-widget-header ui-corner-all\"><li><span class=\"tab-title\">Lolita Andersone<\/span><\/li><li class=\"ui-state-default ui-corner-top\"><a href=\"#tabs-1\"><i class=\"general foundicon-smiley\"> <\/i>PAR MANI<\/a><\/li><li class=\"ui-state-default ui-corner-top\"><a href=\"#tabs-2\"><i class=\"general foundicon-star\"> <\/i>PAMATINFORM\u0100CIJA<\/a><\/li><li class=\"ui-state-default ui-corner-top\"><a href=\"#tabs-3\"><i class=\"general foundicon-plus\"> <\/i>MANA PIEREDZE<\/a><\/li><li class=\"ui-state-default ui-corner-top\"><a href=\"#tabs-4\"><i class=\"general foundicon-tools\"> <\/i>MANAS PRASMES<\/a><\/li><li class=\"ui-state-default ui-corner-top\"><a href=\"#tabs-5\"><i class=\"general foundicon-star\"> <\/i>MANS PADOMS<\/a><\/li><\/ul><div id=\"tabs-1\" class=\"ui-tabs-panel ui-widget-content ui-corner-bottom\"><p><b>V\u0101rds, uzv\u0101rds:<\/b> Lolita Andersone<br \/><br \/>\n<b>Valsts:<\/b> Latvija<br \/><br \/>\n<b>Pils\u0113ta:<\/b> R\u012bga<br \/><br \/>\n<b>Taut\u012bba:<\/b> Latviete<\/p><br \/>\n<p><b>Pamatinform\u0101cija: <\/b>Lolita Andersone ir pirm\u0101 un vien\u012bg\u0101 tiesnese Latvij\u0101, kura p\u0101rvietojas rati\u0146kr\u0113sl\u0101. Iepriek\u0161 k\u0101 juriste str\u0101d\u0101jusi Valsts Cilv\u0113kties\u012bbu biroj\u0101 un bijusi Inval\u012bdu biedr\u012bbas Centra rajona priek\u0161s\u0113d\u0113t\u0101ja. Lolita ir br\u012bni\u0161\u0137\u012bgs piem\u0113rs tam, ka par sp\u012bti ierobe\u017eojumiem, ko uzliek rati\u0146kr\u0113sls, ar uz\u0146\u0113m\u012bbu un neatlaid\u012bbu var sasniegt k\u0101roto!<b> <\/b><br \/><br \/>\n<b>Nozare:<\/b> Likumdo\u0161ana (likumi un ties\u012bbzin\u0101tne)<br \/><br \/>\n<b>Amats: <\/b>Tiesnese Administrat\u012bvaj\u0101 rajona ties\u0101<br \/><br \/>\n<b>Uz\u0146\u0113muma nosaukums un m\u0101jaslapa:<\/b> https:\/\/www.tiesas.lv\/tiesas\/saraksts\/administrativa-rajona-tiesa-rigas-tiesu-nams-3388<\/p><br \/>\n<p><\/p><\/div><div id=\"tabs-2\" class=\"ui-tabs-panel ui-widget-content ui-corner-bottom\"><p>Doma par jurisprudenci man laikam bija jau no b\u0113rn\u012bbas, kad salas\u012bjos \u0160erloku Holmsu. Laikam 13 gadu vecum\u0101 izl\u0113mu, ka es v\u0113l\u0113tos k\u013c\u016bt par juristi. Iest\u0101jos stud\u0113t nekl\u0101tien\u0113, Latvijas Universit\u0101t\u0113. Kad Padomju laikos universit\u0101ti pabeidzu, tad v\u0113l nebija t\u0101da iesp\u0113ja str\u0101d\u0101t par juristu. Es s\u0101ku str\u0101d\u0101t Centra rajona Inval\u012bdu biedr\u012bb\u0101, biju priek\u0161s\u0113d\u0113t\u0101ja un organiz\u0113ju \u0161\u012bs biedr\u012bbas darbu. Ar\u012b tur sask\u0101ros ar da\u017e\u0101du juridisko jaut\u0101jumu k\u0101rto\u0161anu, bet tas tom\u0113r nebija pamatdarbs. <\/p><br \/>\n<p>Esmu str\u0101d\u0101jusi ar\u012b k\u0101 m\u0101jra\u017eot\u0101ja, ad\u012bju un tambor\u0113ju b\u0113rnu cepur\u012btes un veicu priv\u0101tos pas\u016bt\u012bjumus. \u0160\u0101di piestr\u0101d\u0101ju ar\u012b, kad gaid\u012bju d\u0113lu. Ta\u010du p\u0113c tam es sapratu, ka beidzot ir laiks s\u0101kt dar\u012bt kaut ko sav\u0101 specialit\u0101t\u0113, es iest\u0101jos Nodarbin\u0101t\u012bbas valsts a\u0123ent\u016br\u0101 k\u0101 bezdarbniece. S\u0101kum\u0101 tur bija smiekl\u012bga situ\u0101cija, apm\u0113ram \u2013 trak\u0101, ko tu te visp\u0101r dari? Ar laiku situ\u0101cija uzlaboj\u0101s un mani pie\u0146\u0113ma. Protams, \u012bsti neko piemekl\u0113t nevar\u0113ja, jo t\u0101di m\u0101jas darbi nebija. <\/p><br \/>\n<p>Un tad av\u012bz\u0113 'Diena' bija raksts par m\u016bsu \u0123imeni, kur\u0101 bija min\u0113ts, ka es esmu juriste un mekl\u0113ju darbu. Man piezvan\u012bja no Valsts Cilv\u0113kties\u012bbu biroja un pied\u0101v\u0101ja darbu, t\u0101d\u0101 veid\u0101 ar\u012b s\u0101k\u0101s mana karjera. Tur es nostr\u0101d\u0101ju 7 gadus, s\u0101kotn\u0113ji par juristu, p\u0113c tam par noda\u013cas vad\u012bt\u0101ju. Tad, kad dibin\u0101ja Administrat\u012bvo rajona tiesu, man piezvan\u012bja un teica \u2013 n\u0101c, piedalies konkurs\u0101! Man doma par tiesne\u0161iem visp\u0101r nebija, man patika darbs Cilv\u0113kties\u012bbu biroj\u0101, tas bija \u013coti interesants. Bet man pateica, ka ja piedal\u012b\u0161os konkurs\u0101, b\u016bs 2 m\u0113ne\u0161u apm\u0101c\u012bbas, kuras vad\u012bs \u013coti pieredz\u0113jis jurists, tas ir m\u016bsu guru! Man \u0161ausm\u012bgi grib\u0113j\u0101s nok\u013c\u016bt uz vi\u0146a lekcij\u0101m, ja es neb\u016btu piedal\u012bjusies taj\u0101 konkurs\u0101, es neb\u016btu dzird\u0113jusi t\u0101s lekcijas, t\u0101s bija dom\u0101tas tikai pretendentiem. Tolaik t\u0101s lekcijas bija liel\u0101ks m\u0113r\u0137is. Konkurss bija diezgan pamat\u012bgs, pieteic\u0101s \u013coti daudzi, un t\u0101 nu es pak\u0101peniski tam konkursam g\u0101ju cauri. Bija 30 vietas, p\u0113c m\u0101c\u012bb\u0101m bija v\u0113l divi eks\u0101meni, un m\u0113s palik\u0101m tikai 18. Un tad s\u0101ku dom\u0101t - ja jau esmu izg\u0101jusi \u0161\u0101du konkursu, tad j\u0101iet ir t\u0101l\u0101k, un t\u0101 es nomain\u012bju darba vietu. <\/p><br \/>\n<p>Mani jau no b\u0113rn\u012bbas interes\u0113ja izmekl\u0113t\u0101ju profesija, bet, kad es s\u0101ku apzin\u0101ties, ka diez vai k\u0101dreiz b\u016b\u0161u vesela, tad pak\u0101peniski s\u0101ku dom\u0101t un apzin\u0101ties, k\u0101ds darbs man b\u016btu piem\u0113rots k\u0101 juristam \u2013 s\u0113do\u0161s un t\u0101ds, kur nevajag daudz skraid\u012bt apk\u0101rt. Es dom\u0101ju, ka jurista profesija ir \u013coti pla\u0161a. Pabeidzot universit\u0101t\u0113 ties\u012bbu zin\u0101tni, tu vari doties jebkur\u0101 nozar\u0113 \u2013 not\u0101rs, advok\u0101ts, tiesnesis. Es gan necer\u0113ju, ka k\u0101dreiz k\u013c\u016b\u0161u par tiesnesi. Pr\u0101t\u0101 pat neien\u0101ca t\u0101da doma, bet pat\u012bk t\u0101 lieta! Vienk\u0101r\u0161i interes\u0113.<br \/><br \/>\n<\/p><\/div><div id=\"tabs-3\" class=\"ui-tabs-panel ui-widget-content ui-corner-bottom\"><p>Padomju laikos, kad es v\u0113l\u0113jos uzs\u0101kt studijas, man to vienk\u0101r\u0161i ne\u013c\u0101va, nelaida m\u0101c\u012bties. Tas jau bija pirmais \u0161\u0137\u0113rslis \u2013 taj\u0101 laik\u0101 vajadz\u0113ja iziet \u0101rstu komisiju. Lai iest\u0101tos universit\u0101t\u0113, bija nepiecie\u0161ams diploms un \u0101rstu komisijas sl\u0113dziens par to, ka varu m\u0101c\u012bties. Br\u012bd\u012b, kad es v\u0113rsos pie \u0101rsta, lai mani nor\u012bko uz \u0101rstu komisiju, tur jau viss apst\u0101j\u0101s, man pateica, ka nek\u0101da t\u0101l\u0101k ie\u0161ana un m\u0101c\u012b\u0161an\u0101s neb\u016bs. P\u0113c tam es gadu izlaidu, jo vairs nevar\u0113ju pasp\u0113t to nok\u0101rtot. P\u0113c\u0101k piesl\u0113dz\u0101s da\u017e\u0101das pazi\u0146as, es pat \u012bsti nezinu, kas man tur aizmugur\u0113 dar\u012bj\u0101s, un tas viss aizg\u0101ja tik t\u0101lu, ka man at\u013c\u0101va doties uz \u0101rstu komisiju. Br\u012bd\u012b, kad es izg\u0101ju \u0101rstu komisiju, man pateica \u2013 valsts par to, lai J\u016bs stud\u0113tu, izt\u0113r\u0113s daudz naudas, bet str\u0101d\u0101t J\u016bs t\u0101pat nevar\u0113siet, jo nav t\u0101di m\u0101jas darbi. Adiet t\u0101l\u0101k cepur\u012btes, t\u0101 var teikt. \u0100rsta komisijas sl\u0113dziens bija, ka es nevaru turpin\u0101t m\u0101c\u012bties, bet ar to pap\u012bra gabalu es aizbraucu uz universit\u0101ti, aizg\u0101ju pie dek\u0101na un vi\u0146\u0161 pateica \u2013 'm\u0101c\u012bties vari?' Varu. 'Nu, tad st\u0101jies.'<\/p><br \/>\n<p>Otrais \u0161\u0137\u0113rslis bija nodarbin\u0101t\u012bbas dienest\u0101, kad es ierados un pazi\u0146oju, ka v\u0113los mekl\u0113t darbu. Taj\u0101 laik\u0101 main\u012bj\u0101s daudzi likumi, man nebija nek\u0101das prakses, ar\u012b no studij\u0101m bija pag\u0101jis labs laiks, es nejutos \u012bsti dro\u0161i, ka es var\u0113tu uzreiz s\u0101kt str\u0101d\u0101t jurisprudenc\u0113. Es dom\u0101ju iest\u0101sties k\u0101dos noder\u012bgos kursos, piem\u0113ram,  gr\u0101matved\u012bb\u0101. Kad es tur ierados rati\u0146kr\u0113sl\u0101, man uzreiz pateica: 'K\u0101ds bezdarbnieks, J\u016bs ta\u010du esat valsts apg\u0101d\u012bb\u0101!' Es atbild\u0113ju, ka n\u0113, es nek\u0101d\u0101 veid\u0101 neesmu valsts apg\u0101d\u012bb\u0101, j\u0101, man ir pensija, bet pansion\u0101t\u0101 es nedz\u012bvoju. Vi\u0146i man, par\u0101dot to lapu, saka, ka 'J\u016bs ta\u010du esat darba nesp\u0113j\u012bga', es par\u0101du, ka tur min\u0113ts 'kopjama', aizg\u0101ja to pateikt vad\u012bt\u0101jai, atn\u0101k atpaka\u013c un atkal: 'N\u0113, n\u0113, n\u0113, J\u016bs esat kopjama, J\u016bs nevarat str\u0101d\u0101t'. Es ar vi\u0146iem nestr\u012bd\u0113jos, bet gan aizg\u0101ju uz VDEAK (Vesel\u012bbas un darbsp\u0113ju ekspert\u012bzes \u0101rstu Valsts komisija) un teicu, ka man vajag nomain\u012bt ierakstu, ko vi\u0146i ar\u012b izdar\u012bja, atz\u012bm\u0113ja, ka varu str\u0101d\u0101t p\u0113c individu\u0101la darba grafika. V\u0113lreiz devos uz NVA, un vi\u0146iem n\u0101c\u0101s mani piere\u0123istr\u0113t. V\u0113l\u0101k jau attieksme bija norm\u0101la.<br \/><br \/>\nVienu br\u012bdi, str\u0101d\u0101jot Cilv\u0113kties\u012bbu biroj\u0101, iedom\u0101jos, ka var\u0113tu nomain\u012bt darba vietu. Atradu sludin\u0101jumu, ka mekl\u0113 not\u0101ra pal\u012bgu. \u0145emot v\u0113r\u0101, ka likums paredz, ka, ja nostr\u0101d\u0101 par not\u0101ra pal\u012bgu, p\u0113c tam vari b\u016bt not\u0101rs, nol\u0113mu pieteikties. Pieteicos rakstveid\u0101 uz \u0161o sludin\u0101jumu, minot ar\u012b to, ka man ir invalidit\u0101te. Mani uzaicin\u0101ja uz p\u0101rrun\u0101m, bet tad, kad vi\u0146i ieraudz\u012bja, ka esmu rati\u0146kr\u0113sl\u0101, vi\u0146i bija t\u0101d\u0101 \u0161ok\u0101 un tik p\u0101rsteigti, un teica: 'Vai, vai, mums te tik daudz j\u0101skraida, J\u016bs netiksiet gal\u0101.' Man t\u0101di smiekli uzn\u0101ca, zin\u0101ms, ka tur nav nek\u0101da skraid\u012b\u0161ana. <\/p><br \/>\n<p>Savuk\u0101rt, kad s\u0101ku str\u0101d\u0101t ties\u0101, bija tik pretimn\u0101ko\u0161a attieksme, nek\u0101du jaut\u0101jumu, tie\u0161i otr\u0101di. Ar \u0161\u0137\u0113r\u0161\u013ciem tikt gal\u0101 visvair\u0101k ir pal\u012bdz\u0113jis mans v\u012brs. No s\u0101kuma, kad m\u0101c\u012bjos universit\u0101t\u0113, pal\u012bdz\u0113ja ar\u012b t\u0113tis. Tom\u0113r, ja neb\u016btu v\u012brs, es nevar\u0113tu str\u0101d\u0101t, tikt uz darbu, pavisam noteikti\u2026 Tagad es esmu iek\u0101rtojusies t\u0101, ka esmu piln\u012bb\u0101 patst\u0101v\u012bga, man nevajag nek\u0101du pal\u012bdz\u012bbu, viss ir piel\u0101gots. Bet toreiz t\u0101 nebija. Tagad man nav t\u0101, ka es nevar\u0113tu kaut kur tikt, ar\u012b cilv\u0113ki visur ir pretimn\u0101ko\u0161i. Man varb\u016bt ir paveicies. Es gan laikam p\u0113c dabas esmu t\u0101da. Protams, pirmais iespaids, redzot cilv\u0113ku, ir, ka vi\u0146\u0161 ir uz ratiem, ka vi\u0146am ir j\u0101pal\u012bdz, bet kontakt\u0101 ar mani cilv\u0113ks aizmirst, ka es esmu rati\u0146kr\u0113sl\u0101, to vairs nevar man\u012bt. Man nav t\u0101ds \u2013 negribas vai slinkums. Pateicoties manam raksturam, es to visu varu, man tikai vajag pateikt \u2013 'tu to neizdar\u012bsi', un es izdar\u012b\u0161u!<\/p><\/div><div id=\"tabs-4\" class=\"ui-tabs-panel ui-widget-content ui-corner-bottom\"><p>Orient\u0113\u0161an\u0101s likumdo\u0161an\u0101, da\u017e\u0101das prasmes, kas att\u012bst\u012btas, pateicoties pieredzei. Darba ietvaros notiek regul\u0101ras m\u0101c\u012bbas, kursi un semin\u0101ri - l\u012bdz 4 semin\u0101riem gad\u0101. Man nav probl\u0113mu darboties komand\u0101, bet priek\u0161roku dodu individu\u0101lai str\u0101d\u0101\u0161anai. Darbojos ar\u012b organiz\u0101cij\u0101 Motus Vita k\u0101 dal\u012bbniece, piedalos te\u0101tra studij\u0101, vair\u0101kos \u0161\u012bs organiz\u0101cij\u0101s r\u012bkotajos pas\u0101kumos, man tur \u013coti pat\u012bk. <\/p><br \/>\n<p>Ja man k\u0101dreiz k\u0101du pal\u012bdz\u012bbu prasa, ja es to sp\u0113ju sniegt un pal\u012bdz\u0113t, es neatsaku. Reiz\u0113m t\u0101 ir pal\u012bdz\u012bba, kas saist\u012bta ar da\u017e\u0101diem l\u012bgumiem vai patulko\u0161anas darbi \u2013 no krievu uz latvie\u0161u valodu. Esmu vad\u012bjusi ar\u012b lekcijas par cilv\u0113ku ar invalidit\u0101ti ties\u012bb\u0101m.<\/p><\/div><div id=\"tabs-5\" class=\"ui-tabs-panel ui-widget-content ui-corner-bottom\"><p>Nebaid\u012bties uz\u0146emties, nebaid\u012bties ies\u0101kt, un tad jau t\u0101l\u0101k viss ies! Es atceros, k\u0101 es pirmo reizi izbraucu ratos, laikam tas bija pirmais liel\u0101kais \u0161\u0137\u0113rslis un tad, kad es to p\u0101rvar\u0113ju, man vairs nebija \u0161\u0137\u0113r\u0161\u013cu. Tas pirmais br\u012bdis, kad liekas, ka visi uz tevi skat\u012bsies, ar pirkstu rad\u012bs, bet gala rezult\u0101t\u0101 neviens pat nemana, ka tu ratos brauc.<\/p><\/div><\/div><\/p>","protected":false},"excerpt":{"rendered":"","protected":false},"author":2,"featured_media":1799,"parent":0,"menu_order":0,"comment_status":"closed","ping_status":"closed","template":"","meta":{"footnotes":""},"categories":[4,8],"tags":[],"class_list":["post-452","page","type-page","status-publish","has-post-thumbnail","hentry","category-country","category-latvia"],"_links":{"self":[{"href":"https:\/\/100mirrors-inc.eu\/lv\/wp-json\/wp\/v2\/pages\/452","targetHints":{"allow":["GET"]}}],"collection":[{"href":"https:\/\/100mirrors-inc.eu\/lv\/wp-json\/wp\/v2\/pages"}],"about":[{"href":"https:\/\/100mirrors-inc.eu\/lv\/wp-json\/wp\/v2\/types\/page"}],"author":[{"embeddable":true,"href":"https:\/\/100mirrors-inc.eu\/lv\/wp-json\/wp\/v2\/users\/2"}],"replies":[{"embeddable":true,"href":"https:\/\/100mirrors-inc.eu\/lv\/wp-json\/wp\/v2\/comments?post=452"}],"version-history":[{"count":19,"href":"https:\/\/100mirrors-inc.eu\/lv\/wp-json\/wp\/v2\/pages\/452\/revisions"}],"predecessor-version":[{"id":2297,"href":"https:\/\/100mirrors-inc.eu\/lv\/wp-json\/wp\/v2\/pages\/452\/revisions\/2297"}],"wp:featuredmedia":[{"embeddable":true,"href":"https:\/\/100mirrors-inc.eu\/lv\/wp-json\/wp\/v2\/media\/1799"}],"wp:attachment":[{"href":"https:\/\/100mirrors-inc.eu\/lv\/wp-json\/wp\/v2\/media?parent=452"}],"wp:term":[{"taxonomy":"category","embeddable":true,"href":"https:\/\/100mirrors-inc.eu\/lv\/wp-json\/wp\/v2\/categories?post=452"},{"taxonomy":"post_tag","embeddable":true,"href":"https:\/\/100mirrors-inc.eu\/lv\/wp-json\/wp\/v2\/tags?post=452"}],"curies":[{"name":"wp","href":"https:\/\/api.w.org\/{rel}","templated":true}]}}