{"id":455,"date":"2017-11-16T11:33:57","date_gmt":"2017-11-16T11:33:57","guid":{"rendered":"http:\/\/100mirrors-inc.eu\/?page_id=455"},"modified":"2018-04-02T09:51:09","modified_gmt":"2018-04-02T09:51:09","slug":"daiga-dadzite","status":"publish","type":"page","link":"https:\/\/100mirrors-inc.eu\/lv\/daiga-dadzite\/","title":{"rendered":"Daiga Dadz\u012bte"},"content":{"rendered":"<p><img loading=\"lazy\" decoding=\"async\" class=\"alignleft wp-image-1781 size-thumbnail\" src=\"http:\/\/100mirrors-inc.eu\/wp-content\/uploads\/2018\/02\/Daiga_300-150x150.jpg\" alt=\"\" width=\"150\" height=\"150\" srcset=\"https:\/\/100mirrors-inc.eu\/wp-content\/uploads\/2018\/02\/Daiga_300-150x150.jpg 150w, https:\/\/100mirrors-inc.eu\/wp-content\/uploads\/2018\/02\/Daiga_300-24x24.jpg 24w, https:\/\/100mirrors-inc.eu\/wp-content\/uploads\/2018\/02\/Daiga_300-36x36.jpg 36w, https:\/\/100mirrors-inc.eu\/wp-content\/uploads\/2018\/02\/Daiga_300-48x48.jpg 48w, https:\/\/100mirrors-inc.eu\/wp-content\/uploads\/2018\/02\/Daiga_300.jpg 300w\" sizes=\"auto, (max-width: 150px) 100vw, 150px\" \/><div class=\"otw-sc-tabs ui-tabs ui-widget ui-widget-content ui-corner-all\"><ul class=\"ui-tabs-nav ui-helper-reset ui-helper-clearfix ui-widget-header ui-corner-all\"><li><span class=\"tab-title\">Daiga Dadz\u012bte<\/span><\/li><li class=\"ui-state-default ui-corner-top\"><a href=\"#tabs-1\"><i class=\"general foundicon-smiley\"> <\/i>PAR MANI<\/a><\/li><li class=\"ui-state-default ui-corner-top\"><a href=\"#tabs-2\"><i class=\"general foundicon-star\"> <\/i>PAMATINFORM\u0100CIJA<\/a><\/li><li class=\"ui-state-default ui-corner-top\"><a href=\"#tabs-3\"><i class=\"general foundicon-plus\"> <\/i>MANA PIEREDZE<\/a><\/li><li class=\"ui-state-default ui-corner-top\"><a href=\"#tabs-4\"><i class=\"general foundicon-tools\"> <\/i>MANAS PRASMES<\/a><\/li><li class=\"ui-state-default ui-corner-top\"><a href=\"#tabs-5\"><i class=\"general foundicon-star\"> <\/i>MANS PADOMS<\/a><\/li><\/ul><div id=\"tabs-1\" class=\"ui-tabs-panel ui-widget-content ui-corner-bottom\"><p><b><strong>V\u0101rds, uzv\u0101rds<\/strong>:<\/b> Daiga Dadz\u012bte<br \/><br \/>\n<b><strong>Valsts<\/strong>:<\/b> Latvija<br \/><br \/>\n<b><strong>Pils\u0113ta<\/strong>:<\/b> R\u012bga<br \/><br \/>\n<b><strong>Taut\u012bba<\/strong>:<\/b> Latviete<br \/><br \/>\n<b><strong>Nozare<\/strong>:<\/b> Kult\u016bra un sports<br \/><br \/>\n<b><strong>Amats<\/strong>:<\/b>Latvijas Paralimpisk\u0101s komitejas prezidente; Latvijas Asoci\u0101cijas cilv\u0113kiem ar kust\u012bbu trauc\u0113jumiem 'Pontes' valdes priek\u0161s\u0113d\u0113t\u0101ja<br \/><br \/>\n<b>Uz\u0146\u0113muma nosaukums un m\u0101jaslapa<\/b>: https:\/\/www.lpkomiteja.lv\/lpk\/category\/jaunumi\/<\/p><br \/>\n<p><\/p><\/div><div id=\"tabs-2\" class=\"ui-tabs-panel ui-widget-content ui-corner-bottom\"><p>Saist\u012bb\u0101 ar savu ieg\u016bto izgl\u012bt\u012bbu s\u0101kotn\u0113ji str\u0101d\u0101ju autoskolas m\u0101c\u012bbu centr\u0101 par direktora pal\u012bgu. P\u0113c tam - starptautisk\u0101 Baltijas uz\u0146\u0113mum\u0101 biju komercdirektore. 1998. gad\u0101 es cietu av\u0101rij\u0101, p\u0113c kuras sekoja apm\u0113ram gadu ilgs rehabilit\u0101cijas process. Darb\u0101 mani gaid\u012bja atpaka\u013c, ta\u010du es sapratu, ka es pati vairs nevar\u0113\u0161u tur str\u0101d\u0101t \u2013 tas nebija tikai darbs ofis\u0101 uz vietas. Es nebiju gatava b\u016bt rati\u0146kr\u0113sl\u0101 un str\u0101d\u0101jot brauk\u0101t apk\u0101rt. <\/p><br \/>\n<p>2000. gad\u0101 m\u0113s ar domu biedriem nodibin\u0101j\u0101m pirmo NVO inval\u012bdu biedr\u012bbu 'J\u016bnijs' un divat\u0101 ar kol\u0113\u0123i m\u0113s s\u0101k\u0101m c\u012bn\u012bties par cilv\u0113ku ar invalidit\u0101ti ties\u012bb\u0101m \u2013 par pieejam\u012bbu, par da\u017e\u0101diem R\u012bgas domes soci\u0101lajiem atbalstiem. Tas s\u0101k\u0101s ar R\u012bgas domi, bet p\u0113c tam jau izv\u0113rt\u0101s vis\u0101 Latvij\u0101 \u2013 sadarboj\u0101mies gan ar Labkl\u0101j\u012bbas ministriju, gan lielaj\u0101m pa\u0161vald\u012bb\u0101m. 2005. gad\u0101 m\u0113s saprat\u0101m, ka ar inval\u012bdu biedr\u012bbu 'J\u016bnijs' vairs nepietiek, jo piecu gadu laik\u0101 bija izveidoju\u0161\u0101s mums l\u012bdz\u012bgas maz\u0101kas organiz\u0101cijas, biedr\u012bbas da\u017e\u0101d\u0101s Latvijas pils\u0113t\u0101s. <\/p><br \/>\n<p>Tad m\u0113s nol\u0113m\u0101m, ka ir j\u0101taisa viena liela asoci\u0101cija, kas apvieno \u0161\u012bs maz\u0101s biedr\u012bbas, izveidoj\u0101m Latvijas Asoci\u0101ciju cilv\u0113kiem ar kust\u012bbu trauc\u0113jumiem ''Pontes''. At\u0161\u0137ir\u012bb\u0101 no 'J\u016bnija', kas vair\u0101k sniedz individu\u0101lu pal\u012bdz\u012bbu, 'Pontes' ir valsts m\u0113roga organiz\u0101cija \u2013 m\u0113s piedal\u0101mies diskusij\u0101s ministrij\u0101s, ja tiek izstr\u0101d\u0101ti jauni projekti vai likumi, kas skar cilv\u0113kus ar invalidit\u0101ti, m\u0113s darbojamies k\u0101 konsultanti, piedal\u0101mies darba grup\u0101s. No 2009. gada maija es vadu Latvijas Paralimpisko komiteju.<\/p><br \/>\n<p>2006. gad\u0101 man pied\u0101v\u0101ja netie\u0161i iesaist\u012bties sport\u0101 - izveidot Latvijas Rati\u0146basketbola Sporta feder\u0101ciju, t\u0101d\u0113j\u0101di paral\u0113li 'Pontes' biju ar\u012b \u0161\u012bs feder\u0101cijas valdes priek\u0161s\u0113d\u0113t\u0101ja. <\/p><br \/>\n<p>2011. gad\u0101, rodoties nelielam intere\u0161u konfliktam, es savu dal\u012bbu feder\u0101cij\u0101 p\u0101rtraucu. No 2009. gada maija es vadu Latvijas Paralimpisko komiteju.<\/p><\/div><div id=\"tabs-3\" class=\"ui-tabs-panel ui-widget-content ui-corner-bottom\"><p>Manu kandidat\u016bru Latvijas Paralimpiskaj\u0101 komitej\u0101 ieteica. 2010. gad\u0101 bija ofici\u0101l\u0101s prezidenta v\u0113l\u0113\u0161anas, taj\u0101s mani iev\u0113l\u0113ja uz 4 gadiem, atk\u0101rtoti uz 4 gadiem mani iev\u0113l\u0113ja ar\u012b 2014. gad\u0101. 2018. gada maij\u0101 b\u016bs n\u0101kam\u0101s v\u0113l\u0113\u0161anas. Es negribu izklaus\u012bties p\u0101r\u0101k pa\u0161p\u0101rliecin\u0101ta, bet \u0161obr\u012bd es neredzu nevienu, kas mani var\u0113tu nomain\u012bt \u2013 es \u0161obr\u012bd 'audzinu\u2019\u2019 jaunus darbiniekus, paralimpiskaj\u0101 kust\u012bb\u0101 esmu iesaist\u012bjusi ar\u012b savu meitu, vi\u0146a mums ir komandas vad\u012bt\u0101ja vis\u0101m komand\u0101m, vi\u0146a b\u016btu ide\u0101la \u0123ener\u0101lsekret\u0101re un pat prezidente, bet vi\u0146ai v\u0113l nav tas vecums. Pagaid\u0101m vi\u0146a ir jauna, vi\u0146a grib m\u0101c\u012bties un dz\u012bvot pati savu dz\u012bvi. Paralimpisk\u0101 komiteja ir jumta organiz\u0101cija visam inval\u012bdu sportam Latvij\u0101 \u2013 m\u0113s esam tie, kas novirza un iegulda valsts bud\u017eeta naudu, kas tiek pie\u0161\u0137irta paralimpiskajam sportam. M\u0113s piedal\u0101mies ar\u012b da\u017e\u0101dos starptautiskos projektos, pa\u0161i rakst\u0101m projektus, iesaist\u0101m b\u0113rnus un jaunie\u0161us, cen\u0161amies piesaist\u012bt uzman\u012bbu jau eso\u0161aj\u0101m sporta feder\u0101cij\u0101m un par\u0101d\u012bt, ka konkr\u0113taj\u0101 sporta veid\u0101 var darboties ar\u012b cilv\u0113ki ar invalidit\u0101ti, ne tikai bez t\u0101s. R\u0101d\u0101m ar\u012b, ka ir iesp\u0113ja izveidot jaunus sporta veidus Latvij\u0101 - septembr\u012b, sadarb\u012bb\u0101 ar Zviedriju, D\u0101niju un Igauniju, tiks uzs\u0101kts jauns projekts saist\u012bb\u0101 ar parabur\u0101\u0161anu \u2013 sporta veids, kas Latvij\u0101 v\u0113l nav att\u012bst\u012bts. <\/p><br \/>\n<p>Reiz\u0113m starptautisku projektu ietvaros izdodas pam\u0101c\u012bt ar\u012b citas valstis, par\u0101dot un izskaidrojot to, k\u0101 ar tik ierobe\u017eotiem resursiem ir iesp\u0113jams pan\u0101kt un att\u012bst\u012bt tik daudz. M\u016bsu paralimpisko sportistu pan\u0101kumi ir apbr\u012bnojami! P\u0113c Starptautisk\u0101s Paralimpisk\u0101s komitejas datiem pasaules vieglatl\u0113tikas \u010dempion\u0101t\u0101, statistiski apr\u0113\u0137inot iedz\u012bvot\u0101ju skaitu attiec\u012bb\u0101 pret izc\u012bn\u012bto meda\u013cu skaitu, m\u0113s esam 1. viet\u0101 pasaul\u0113! Savuk\u0101rt, Rio paralimpiskaj\u0101s sp\u0113l\u0113s no Latvijas start\u0113ja 11 sportisti 7 da\u017e\u0101dos sporta veidos. Tas bija kaut kas nebijis Latvijas v\u0113stur\u0113! P\u0113c Rio izc\u012bn\u012btaj\u0101m meda\u013c\u0101m m\u0113s esam 7. viet\u0101 pasaul\u0113! Tas ir nopietns r\u0101d\u012bt\u0101js.1998. gad\u0101 es negad\u012bjum\u0101 salauzu mugurkaulu, un pirmais \u0161\u0137\u0113rslis, kuru es p\u0101rvar\u0113ju, bija bailes no sabiedr\u012bbas \u2013 ka tevi ne t\u0101 uztvers, \u0161\u0137ita, ka, izejot uz ielas, uz tevi ne t\u0101 skat\u0101s. Pirmos 2 gadus es visp\u0101r neg\u0101ju \u0101r\u0101, p\u0101rsvar\u0101 dz\u012bvoju m\u0101j\u0101s. Esmu sapratusi, ka, ja es pati sevi nevaru pie\u0146emt, to nedar\u012bs ar\u012b citi. P\u0101r\u0113jie \u0161\u0137\u0113r\u0161\u013ci ir t\u0101di s\u012bkumi \u2013 okay, nav kaut kur kaut kas piel\u0101gots, tad vienm\u0113r var pal\u016bgt pal\u012bdz\u012bbu, vienm\u0113r var ieteikt, k\u0101 kaut ko izdar\u012bt. Sevis pie\u0146em\u0161ana ir galvenais. P\u0101ri tikt pal\u012bdz\u0113ja re\u0101la kontakt\u0113\u0161an\u0101s ar sev l\u012bdz\u012bgiem cilv\u0113kiem. Tad, kad viss tas notika, man lik\u0101s, ka es t\u0101da esmu viena pati. Tolaik v\u0113l bija \u013coti labas, valsts apmaks\u0101tas rehabilit\u0101cijas iesp\u0113jas \u2013 gan soci\u0101l\u0101s, gan medic\u012bnisk\u0101s. Piem\u0113ram, rehabilit\u0101cijas centr\u0101 Jaun\u0137emeros vienlaikus bij\u0101m 30 cilv\u0113ki rati\u0146kr\u0113slos \u2013 no da\u017e\u0101d\u0101m Latvijas pils\u0113t\u0101m, ar da\u017e\u0101du pieredzi. Tad tev ir iesp\u0113ja no viena kaut ko pam\u0101c\u012bties, tad no otra un tre\u0161\u0101, p\u0113c tam tu s\u0101c saprast, ka tu neesi viens. L\u012bdz\u012bgo cilv\u0113ku pal\u012bdz\u012bba, vi\u0146u pieredze - tas ir tas, kas pal\u012bdz pa\u0161am tikt p\u0101ri. Bet teik\u0161u t\u0101, ka zinu daudzus cilv\u0113kus rati\u0146kr\u0113sl\u0101, no kuriem 80% paliek t\u0101di, kuri nevar tikt tam p\u0101ri. <\/p><br \/>\n<p>Ar\u012b pati esmu pal\u012bdz\u0113jusi cilv\u0113kiem ar invalidit\u0101ti. Esam apmekl\u0113ju\u0161i rehabilit\u0101cijas centrus, kuros uztur\u0113j\u0101s cilv\u0113ki, kuri tikko nok\u013cuvu\u0161i rati\u0146kr\u0113sl\u0101, m\u0113s brauc\u0101m un run\u0101j\u0101m, st\u0101st\u012bj\u0101m, ka dz\u012bve nav beigusies. Protams, ir \u013coti gr\u016bti ar tiem cilv\u0113kiem, jo pirmais pusgads ir apm\u0113ram t\u0101, ka - ne jau ar mani t\u0101 b\u016bs, es ta\u010du staig\u0101\u0161u, man viss b\u016bs norm\u0101li. Es pati \u013coti daudz esmu run\u0101jusi ar t\u0101diem cilv\u0113kiem, ar\u012b tagad reiz\u0113m ir t\u0101, ka k\u0101ds piezvana un pal\u016bdz atbraukt un parun\u0101t. T\u0101 ir t\u0101da neapzin\u0101ta misija. Run\u0101jot par m\u0113r\u0137iem, man \u0161ogad b\u016bs 46 gadi, un man bija nolikti \u013coti daudz m\u0113r\u0137i, uz kuriem es \u013coti apzin\u0101ti esmu g\u0101jusi un tos sasniegusi un, ja man tagad ir j\u0101pasaka, ko es v\u0113l gribu, tad vienu br\u012bdi es grib\u0113ju b\u016bt Starptautisk\u0101s Paralimpisk\u0101s komitejas prezidente, bet tad es tam atmetu ar roku. M\u0113r\u0137is noteikti ir iesaist\u012bt sport\u0101 v\u0113l vair\u0101k b\u0113rnus un jaunie\u0161us. Un mans lielais, lielais m\u0113r\u0137is, kas man tagad ir nosprausts un es ceru, ka m\u0113s pa visiem l\u0113n\u0101m to ar\u012b sasniegsim, ir uzb\u016bv\u0113t Latvij\u0101 paralimpisko sporta centru. M\u0113s to mazliet esam jau iekustin\u0101ju\u0161i. Tad, ja m\u0113s tie\u0161\u0101m izveidosim tos centrus, tad es dom\u0101ju, ka paralimpiskaj\u0101 sport\u0101 es b\u016b\u0161u izdar\u012bjusi visu, ko var\u0113ju izdar\u012bt. \u0160obr\u012bd Latvij\u0101 nav daudz sporta z\u0101\u013cu, kuras b\u016btu piel\u0101gotas cilv\u0113kiem ar \u012bpa\u0161\u0101m vajadz\u012bb\u0101m. Pirmk\u0101rt, finansi\u0101li tas ir \u013coti d\u0101rgi, jo viens treni\u0146\u0161, piem\u0113ram, rati\u0146basketbol\u0101 izmaks\u0101 apm\u0113ram 40-50 eiro, \u0146emot v\u0113r\u0101, k\u0101ds ir finans\u0113jums paralimpiskajam sportam Latvij\u0101, tad cik m\u0113s varam, tik ekonom\u0113jam. M\u0113s nevaram nodro\u0161in\u0101t sportistiem to treni\u0146u procesu un treneri. \u0160is centrs ir nepiecie\u0161ams kaut vai t\u0101d\u0113\u013c, lai mums b\u016btu pieejam\u012bba, lai mums b\u016btu savs laiks, kad m\u0113s gribam, kad mums vajag, lai mums uz vietas b\u016btu fizioterapeiti, sporta \u0101rsti un treneri un tad cilv\u0113ki var atbraukt no visas Latvijas, uz vietas tur ar\u012b dz\u012bvot, tren\u0113ties. Taj\u0101 br\u012bd\u012b m\u0113s varam s\u0101kt ar\u012b organiz\u0113t starptautiskas sacens\u012bbas, ja tur viss ir p\u0113c normat\u012bviem, kas noz\u012bm\u0113, ka varam ar\u012b populariz\u0113t to, ka cilv\u0113ki ar jebk\u0101du invalidit\u0101ti var sportot. M\u0113s par\u0101d\u0101m, ka ir iesp\u0113jas pat piln\u012bgi gulo\u0161iem cilv\u0113kiem piedal\u012bties paralimpiskaj\u0101s sp\u0113l\u0113s, ir t\u0101di sporta veidi, kur vi\u0146i to var dar\u012bt!<\/p><\/div><div id=\"tabs-4\" class=\"ui-tabs-panel ui-widget-content ui-corner-bottom\"><p>Man piem\u012bt labas komunik\u0101cijas prasmes, k\u0101 ar\u012b person\u0101la motiv\u0113\u0161anas un koordin\u0113\u0161anas prasmes. Es joproj\u0101m esmu 'Pontes' valdes priek\u0161s\u0113d\u0113t\u0101ja, un es daudz saskaros ar da\u017e\u0101du likumu izmai\u0146\u0101m, noteikumu izmai\u0146\u0101m - m\u0113s taj\u0101 vis\u0101 piedal\u0101mies, l\u012bdz ar to es p\u0101rzinu likumdo\u0161anu. Es p\u0113d\u0113j\u0101 laik\u0101 esmu noslogota ar darbiem, varb\u016bt man nesan\u0101k tagad tik daudz laika pal\u012bdz\u0113t individu\u0101li, bet t\u0101pat es to cen\u0161os dar\u012bt. Man piezvana cilv\u0113ks, kuram k\u0101ds ir iedevis manu telefona numuru, jo es, piem\u0113ram, zinu, k\u0101 R\u012bg\u0101 uzlikt pac\u0113l\u0101ju, es nekad neatsaku, es sazinos ar Labkl\u0101j\u012bbas departamentu un tad visu noorganiz\u0113ju. Man ir labas organizatorisk\u0101s prasmes. Man ir t\u0101 lielisk\u0101 izdev\u012bba \u2013 es esmu vad\u012bt\u0101ja un galvenok\u0101rt uz m\u0101c\u012bb\u0101m s\u016btu savus darbiniekus apg\u016bt jauno inform\u0101ciju.<\/p><br \/>\n<p>Man ir \u013coti svar\u012bga manu darbinieku profesion\u0101l\u0101 izaugsme. Ja tu gribi, lai tavs uz\u0146\u0113mums att\u012bst\u012btos un viss notiku, lai m\u0113s var\u0113tu att\u012bst\u012bties un piedal\u012bties jaunos projektos, kol\u0113\u0123u att\u012bst\u012bba ir \u013coti svar\u012bga. Bet, protams, es ar\u012b pati daudz apg\u016bstu jaunu inform\u0101ciju un man nav probl\u0113mu pielietot \u0161o inform\u0101ciju praks\u0113. Diezgan gr\u016bti ir vad\u012bt darbiniekus, ja tu pats neko nej\u0113dz. <\/p><br \/>\n<p>T\u0101pat man piem\u012bt pieredze un prasmes sadarb\u012bbu veido\u0161an\u0101 \u2013 ar pa\u0161vald\u012bb\u0101m, sponsoriem, sacens\u012bbu organizatoriem. Iesaistos pati un iesaistu ar\u012b darbiniekus. Mums regul\u0101ri ir maz\u0101s sapulces, kur\u0101s m\u0113s apsprie\u017eam padar\u012bto. Es v\u0113l\u0113tos vair\u0101k uztic\u0113ties gan saviem darbiniekiem, gan citiem, jo br\u012b\u017eiem ir t\u0101, ka man \u0161\u0137iet, ka es varu \u0101tr\u0101k un vair\u0101k izdar\u012bt nek\u0101 k\u0101ds cits, bet t\u0101d\u0101 veid\u0101 es sevi apgr\u016btinu ar \u013coti daudz darbiem, un man paliek maz laika.<\/p><\/div><div id=\"tabs-5\" class=\"ui-tabs-panel ui-widget-content ui-corner-bottom\"><p>P\u0113c pieredzes \u0146emot, mans pirmais ieteikums ir t\u0101ds, ka ir j\u0101iem\u012bl sevi. Varb\u016bt tas ir t\u0101ds nodr\u0101zts teiciens, bet t\u0101 tas ir, j\u0101saprot sevi, j\u0101saprot tas, k\u0101 tu dz\u012bvo, j\u0101tiek ar sevi gal\u0101 un tad attiec\u012bgi var dar\u012bt kaut ko t\u0101l\u0101k. Protams, atrast savu ni\u0161u, kaut k\u0101du \u0123eni\u0101lo ideju - ko tu gribi dar\u012bt, vai tas b\u016btu m\u0113r\u0137is, vai vienk\u0101r\u0161i ideja, jo ne vienm\u0113r ideja ir m\u0113r\u0137is un otr\u0101di. Katram ir savas prasmes, man, piem\u0113ram, ir l\u012bdera dot\u012bba jau no skolas laikiem. Cik es sevi atceros, es esmu bijusi vado\u0161\u0101 amat\u0101. Katram ir j\u0101atrod sava ni\u0161a, viens var kaut ko vad\u012bt, ne visiem cilv\u0113kiem tas ir dots, paties\u012bb\u0101 t\u0101 ir m\u0101ksla, ko cilv\u0113ki atrod. <\/p><br \/>\n<p>Nevajag s\u0113d\u0113t m\u0101j\u0101s, bet gan iesaist\u012bties! Paties\u012bb\u0101 \u013coti daudz var izdar\u012bt br\u012bvpr\u0101t\u012bgi. Gan 'J\u016bnij\u0101', gan 'Pontes', gan Latvijas Rati\u0146basketbola Sporta feder\u0101cij\u0101 un s\u0101kotn\u0113ji ar\u012b Latvijas Paralimpiskaj\u0101 komitej\u0101 es str\u0101d\u0101ju bez atalgojuma. Es dz\u012bvoju no invalidit\u0101tes pensijas, ir biju\u0161i da\u017e\u0101di soci\u0101lie pabalsti, tr\u016bc\u012bg\u0101 un maznodro\u0161in\u0101t\u0101 statuss, \u0146emot v\u0113r\u0101, ka es viena v\u0113l uzaudzin\u0101ju divus b\u0113rnus\u2026M\u0113s dz\u012bvoj\u0101m no invalidit\u0101tes pensijas, meitas alimentiem un m\u0101sas apg\u0101dnieka zaud\u0113juma pensijas. Protams, ir bijis da\u017e\u0101di. Bet tam visam var tikt p\u0101ri, ir vajadz\u012bga grib\u0113\u0161ana un motiv\u0101cija. <\/p><br \/>\n<p>Br\u012bvpr\u0101t\u012bg\u0101 darba ietvaros m\u0113s esam pan\u0101ku\u0161i daudz \u2013 m\u0113s g\u0101j\u0101m, run\u0101j\u0101m un pras\u012bj\u0101m, daudz piket\u0113j\u0101m un pan\u0101c\u0101m to, ka \u0161\u012bs maz\u0101s invalidit\u0101tes pensijas tika paceltas, uzlaboj\u0101s da\u017e\u0101di ar transportu saist\u012bti jaut\u0101jumi un atvieglojumi, tika uzst\u0101d\u012bti pac\u0113l\u0101ji, ieviesti kop\u0161anas un asistenta pabalsti \u2013 to visu m\u0113s divat\u0101 ar kol\u0113\u0123i no 'Pontes' esam izdar\u012bju\u0161as. G\u0101j\u0101m, st\u0101st\u012bj\u0101m, pier\u0101d\u012bj\u0101m, ka tas ir nepiecie\u0161ams. Un \u013coti svar\u012bgi ir nel\u012bst nevien\u0101 partij\u0101. Politiska neatkar\u012bba ir viena no lab\u0101kaj\u0101m liet\u0101m.<\/p><\/div><\/div><\/p>","protected":false},"excerpt":{"rendered":"","protected":false},"author":2,"featured_media":1781,"parent":0,"menu_order":0,"comment_status":"closed","ping_status":"closed","template":"","meta":{"footnotes":""},"categories":[4,8],"tags":[],"class_list":["post-455","page","type-page","status-publish","has-post-thumbnail","hentry","category-country","category-latvia"],"_links":{"self":[{"href":"https:\/\/100mirrors-inc.eu\/lv\/wp-json\/wp\/v2\/pages\/455","targetHints":{"allow":["GET"]}}],"collection":[{"href":"https:\/\/100mirrors-inc.eu\/lv\/wp-json\/wp\/v2\/pages"}],"about":[{"href":"https:\/\/100mirrors-inc.eu\/lv\/wp-json\/wp\/v2\/types\/page"}],"author":[{"embeddable":true,"href":"https:\/\/100mirrors-inc.eu\/lv\/wp-json\/wp\/v2\/users\/2"}],"replies":[{"embeddable":true,"href":"https:\/\/100mirrors-inc.eu\/lv\/wp-json\/wp\/v2\/comments?post=455"}],"version-history":[{"count":59,"href":"https:\/\/100mirrors-inc.eu\/lv\/wp-json\/wp\/v2\/pages\/455\/revisions"}],"predecessor-version":[{"id":2287,"href":"https:\/\/100mirrors-inc.eu\/lv\/wp-json\/wp\/v2\/pages\/455\/revisions\/2287"}],"wp:featuredmedia":[{"embeddable":true,"href":"https:\/\/100mirrors-inc.eu\/lv\/wp-json\/wp\/v2\/media\/1781"}],"wp:attachment":[{"href":"https:\/\/100mirrors-inc.eu\/lv\/wp-json\/wp\/v2\/media?parent=455"}],"wp:term":[{"taxonomy":"category","embeddable":true,"href":"https:\/\/100mirrors-inc.eu\/lv\/wp-json\/wp\/v2\/categories?post=455"},{"taxonomy":"post_tag","embeddable":true,"href":"https:\/\/100mirrors-inc.eu\/lv\/wp-json\/wp\/v2\/tags?post=455"}],"curies":[{"name":"wp","href":"https:\/\/api.w.org\/{rel}","templated":true}]}}