{"id":458,"date":"2017-11-16T11:40:56","date_gmt":"2017-11-16T11:40:56","guid":{"rendered":"http:\/\/100mirrors-inc.eu\/?page_id=458"},"modified":"2018-04-02T09:51:54","modified_gmt":"2018-04-02T09:51:54","slug":"zanete-vasaraudze-gailite","status":"publish","type":"page","link":"https:\/\/100mirrors-inc.eu\/lv\/zanete-vasaraudze-gailite\/","title":{"rendered":"\u017danete Vasaraudze-Gail\u012bte"},"content":{"rendered":"<p><img loading=\"lazy\" decoding=\"async\" class=\"alignleft wp-image-1829 size-thumbnail\" src=\"http:\/\/100mirrors-inc.eu\/wp-content\/uploads\/2018\/02\/\u017danete-Vasaraudze-Gail\u012bte-150x150.jpg\" alt=\"\" width=\"150\" height=\"150\" srcset=\"https:\/\/100mirrors-inc.eu\/wp-content\/uploads\/2018\/02\/\u017danete-Vasaraudze-Gail\u012bte-150x150.jpg 150w, https:\/\/100mirrors-inc.eu\/wp-content\/uploads\/2018\/02\/\u017danete-Vasaraudze-Gail\u012bte-24x24.jpg 24w, https:\/\/100mirrors-inc.eu\/wp-content\/uploads\/2018\/02\/\u017danete-Vasaraudze-Gail\u012bte-36x36.jpg 36w, https:\/\/100mirrors-inc.eu\/wp-content\/uploads\/2018\/02\/\u017danete-Vasaraudze-Gail\u012bte-48x48.jpg 48w, https:\/\/100mirrors-inc.eu\/wp-content\/uploads\/2018\/02\/\u017danete-Vasaraudze-Gail\u012bte.jpg 300w\" sizes=\"auto, (max-width: 150px) 100vw, 150px\" \/><div class=\"otw-sc-tabs ui-tabs ui-widget ui-widget-content ui-corner-all\"><ul class=\"ui-tabs-nav ui-helper-reset ui-helper-clearfix ui-widget-header ui-corner-all\"><li><span class=\"tab-title\">\u017danete Vasaraudze-Gail\u012bte<\/span><\/li><li class=\"ui-state-default ui-corner-top\"><a href=\"#tabs-1\"><i class=\"general foundicon-smiley\"> <\/i>PAR MANI<\/a><\/li><li class=\"ui-state-default ui-corner-top\"><a href=\"#tabs-2\"><i class=\"general foundicon-star\"> <\/i>PAMATINFORM\u0100CIJA<\/a><\/li><li class=\"ui-state-default ui-corner-top\"><a href=\"#tabs-3\"><i class=\"general foundicon-plus\"> <\/i>MANA PIEREDZE<\/a><\/li><li class=\"ui-state-default ui-corner-top\"><a href=\"#tabs-4\"><i class=\"general foundicon-tools\"> <\/i>MANAS PRASMES<\/a><\/li><li class=\"ui-state-default ui-corner-top\"><a href=\"#tabs-5\"><i class=\"general foundicon-star\"> <\/i>MANS PADOMS<\/a><\/li><\/ul><div id=\"tabs-1\" class=\"ui-tabs-panel ui-widget-content ui-corner-bottom\"><p><b>V\u0101rds, uzv\u0101rds:<\/b> \u017danete Vasaraudze-Gail\u012bte<br \/><br \/>\n<b>Valsts:<\/b> Latvija<br \/><br \/>\n<b>Pils\u0113ta:<\/b> J\u016brmala<br \/><br \/>\n<b>Taut\u012bba:<\/b> Latviete<br \/><br \/>\n<b>Pamatinform\u0101cija: <\/b>\u017danete is one of the few female wheelchair tennis player in Latvia. Previously worked as an economist both in state's and private institutions, now \u017danete is strongly focusing on her development as tennis player.<br \/><br \/>\n<b>Nozare:<\/b> Kult\u016bra un sports<br \/><br \/>\n<b>Amats: <\/b>Profesion\u0101la rati\u0146tenisiste<\/p><br \/>\n<p><\/p><\/div><div id=\"tabs-2\" class=\"ui-tabs-panel ui-widget-content ui-corner-bottom\"><p>Esmu beigusi Latvijas Universit\u0101ti. Esmu str\u0101d\u0101jusi par galveno gr\u0101matvedi, k\u0101 ar\u012b pasniegusi gr\u0101matved\u012bbas teoriju. \u0160obr\u012bd ar gr\u0101matved\u012bbu profesion\u0101li nenodarbojos. Kop\u0161 2015.gada s\u0101ku tren\u0113ties tenis\u0101. \u0160obr\u012bd ar to nodarbojos k\u0101 profesion\u0101la sportiste. <\/p><\/div><div id=\"tabs-3\" class=\"ui-tabs-panel ui-widget-content ui-corner-bottom\"><p>Savulaik esmu jau nodarbojusies ar sportu, kas dom\u0101ts cilv\u0113kiem ar invalidit\u0101ti (vieglatl\u0113tikas discipl\u012bnas), tom\u0113r darba un \u0123imenes d\u0113\u013c vairs neturpin\u0101ju, bet sports vienm\u0113r mani ir interes\u0113jis. Mani d\u0113li tren\u0113j\u0101s tenis\u0101, un es s\u0101ku interes\u0113ties, vai ar\u012b rati\u0146kr\u0113sl\u0101 tas ir iesp\u0113jams. Samekl\u0113ju tenisa treneri, ar kuru kop\u0101 ar\u012b visu uzs\u0101k\u0101m. Vi\u0146a tagad ir Latvijas rati\u0146tenisa izlases trenere un kapteine. Ce\u013c\u0101 uz sasniegumiem, galvenie \u0161\u0137\u0113r\u0161\u013ci, kas ir biju\u0161i p\u0101rvar\u0113ti, ir finansi\u0101li \u0161\u0137\u0113r\u0161\u013ci. Tom\u0113r mana milz\u012bg\u0101 v\u0113lme nodarboties ar to, ko v\u0113los, ir pal\u012bdz\u0113jusi tikt tiem p\u0101ri. Visvair\u0101k man man\u0101 ce\u013c\u0101 uz sasniegto, manupr\u0101t, ir pal\u012bdz\u0113ju\u0161as manas person\u012bg\u0101s iez\u012bmes, k\u0101 ar\u012b attiec\u012bbas un kontaktu nodibin\u0101\u0161ana.<\/p><\/div><div id=\"tabs-4\" class=\"ui-tabs-panel ui-widget-content ui-corner-bottom\"><p>Es esmu sp\u0113j\u012bga m\u0101c\u012bties un apg\u016bt jaunu inform\u0101ciju, un pielietot \u0161o inform\u0101ciju praks\u0113, man nesag\u0101d\u0101 gr\u016bt\u012bbas apg\u016bto inform\u0101ciju nodot t\u0101l\u0101k. Man ir zin\u0101mas metodes, kas pal\u012bdz veikt darbu labi, un es sp\u0113ju rast risin\u0101jumus da\u017e\u0101d\u0101m probl\u0113m\u0101m. Gan mana, gan l\u012bdzcilv\u0113ku un kol\u0113\u0123u person\u012bg\u0101 att\u012bst\u012bba un izaugsme man ir svar\u012bga. Konfliktu un nesaska\u0146u situ\u0101cij\u0101s es vienm\u0113r mekl\u0113ju kompromisu, sp\u0113ju nov\u0113rt\u0113t un izmantot citu cilv\u0113ku padomus un pieredzi. Ja nepiecie\u0161ams, es nevilcinos l\u016bgt padomu citiem. Savu darbu es sp\u0113ju labi organiz\u0113t un sapl\u0101not, esmu sp\u0113j\u012bga veikt \u0101tru izv\u0113li gad\u012bjumos, kad tas nepiecie\u0161ams. Man pat\u012bk nospraust m\u0113r\u0137us un tos ar\u012b sasniegt.  Uzskatu, ka esmu akt\u012bva, komunikabla, progres\u012bvi un optimistiski dom\u0101jo\u0161a sieviete! Sav\u0101 profesion\u0101laj\u0101 pieej\u0101 esmu elast\u012bga \u2013 \u0101tri un veiksm\u012bgi varu piel\u0101goties da\u017e\u0101d\u0101m situ\u0101cij\u0101m, kritiski raugos uz liet\u0101m, esmu anal\u012btiska un sistem\u0101tiska, ta\u010du sp\u0113ju b\u016bt ar\u012b atv\u0113rti dom\u0101jo\u0161a un spont\u0101na.<\/p><\/div><div id=\"tabs-5\" class=\"ui-tabs-panel ui-widget-content ui-corner-bottom\"><p>Nebaid\u012bties \u012bstenot savus sap\u0146us dz\u012bv\u0113, nebaid\u012bties main\u012bt ikdienas rut\u012bnu un it k\u0101 stabilo n\u0101kotni. Sev\u012b m\u0113s varam atrast \u013coti daudz sp\u0113ka un motiv\u0101cijas att\u012bst\u012bbai un progresam. Nenov\u0113rt\u0113jiet sevi par zemu, jo \u0101r\u0113jie motiv\u0101tori nekad neb\u016bs tik sp\u0113c\u012bgi k\u0101 pa\u0161a v\u0113lme kaut ko paveikt vai izdar\u012bt.<\/p><\/div><\/div><\/p>","protected":false},"excerpt":{"rendered":"","protected":false},"author":2,"featured_media":1829,"parent":0,"menu_order":0,"comment_status":"closed","ping_status":"closed","template":"","meta":{"footnotes":""},"categories":[4,8],"tags":[],"class_list":["post-458","page","type-page","status-publish","has-post-thumbnail","hentry","category-country","category-latvia"],"_links":{"self":[{"href":"https:\/\/100mirrors-inc.eu\/lv\/wp-json\/wp\/v2\/pages\/458","targetHints":{"allow":["GET"]}}],"collection":[{"href":"https:\/\/100mirrors-inc.eu\/lv\/wp-json\/wp\/v2\/pages"}],"about":[{"href":"https:\/\/100mirrors-inc.eu\/lv\/wp-json\/wp\/v2\/types\/page"}],"author":[{"embeddable":true,"href":"https:\/\/100mirrors-inc.eu\/lv\/wp-json\/wp\/v2\/users\/2"}],"replies":[{"embeddable":true,"href":"https:\/\/100mirrors-inc.eu\/lv\/wp-json\/wp\/v2\/comments?post=458"}],"version-history":[{"count":23,"href":"https:\/\/100mirrors-inc.eu\/lv\/wp-json\/wp\/v2\/pages\/458\/revisions"}],"predecessor-version":[{"id":2288,"href":"https:\/\/100mirrors-inc.eu\/lv\/wp-json\/wp\/v2\/pages\/458\/revisions\/2288"}],"wp:featuredmedia":[{"embeddable":true,"href":"https:\/\/100mirrors-inc.eu\/lv\/wp-json\/wp\/v2\/media\/1829"}],"wp:attachment":[{"href":"https:\/\/100mirrors-inc.eu\/lv\/wp-json\/wp\/v2\/media?parent=458"}],"wp:term":[{"taxonomy":"category","embeddable":true,"href":"https:\/\/100mirrors-inc.eu\/lv\/wp-json\/wp\/v2\/categories?post=458"},{"taxonomy":"post_tag","embeddable":true,"href":"https:\/\/100mirrors-inc.eu\/lv\/wp-json\/wp\/v2\/tags?post=458"}],"curies":[{"name":"wp","href":"https:\/\/api.w.org\/{rel}","templated":true}]}}