{"id":461,"date":"2017-11-16T13:04:58","date_gmt":"2017-11-16T13:04:58","guid":{"rendered":"http:\/\/100mirrors-inc.eu\/?page_id=461"},"modified":"2018-04-02T09:58:14","modified_gmt":"2018-04-02T09:58:14","slug":"latviesu-inara-korneva","status":"publish","type":"page","link":"https:\/\/100mirrors-inc.eu\/lv\/latviesu-inara-korneva\/","title":{"rendered":"In\u0101ra Kor\u0146eva"},"content":{"rendered":"<p><img loading=\"lazy\" decoding=\"async\" class=\"alignleft wp-image-1787 size-thumbnail\" src=\"http:\/\/100mirrors-inc.eu\/wp-content\/uploads\/2018\/02\/Inara-Korneva_300-150x150.jpg\" alt=\"\" width=\"150\" height=\"150\" srcset=\"https:\/\/100mirrors-inc.eu\/wp-content\/uploads\/2018\/02\/Inara-Korneva_300-150x150.jpg 150w, https:\/\/100mirrors-inc.eu\/wp-content\/uploads\/2018\/02\/Inara-Korneva_300-24x24.jpg 24w, https:\/\/100mirrors-inc.eu\/wp-content\/uploads\/2018\/02\/Inara-Korneva_300-36x36.jpg 36w, https:\/\/100mirrors-inc.eu\/wp-content\/uploads\/2018\/02\/Inara-Korneva_300-48x48.jpg 48w, https:\/\/100mirrors-inc.eu\/wp-content\/uploads\/2018\/02\/Inara-Korneva_300.jpg 300w\" sizes=\"auto, (max-width: 150px) 100vw, 150px\" \/><div class=\"otw-sc-tabs ui-tabs ui-widget ui-widget-content ui-corner-all\"><ul class=\"ui-tabs-nav ui-helper-reset ui-helper-clearfix ui-widget-header ui-corner-all\"><li><span class=\"tab-title\">In\u0101ra Kor\u0146eva<\/span><\/li><li class=\"ui-state-default ui-corner-top\"><a href=\"#tabs-1\"><i class=\"general foundicon-smiley\"> <\/i>PAR MANI<\/a><\/li><li class=\"ui-state-default ui-corner-top\"><a href=\"#tabs-2\"><i class=\"general foundicon-star\"> <\/i>PAMATINFORM\u0100CIJA<\/a><\/li><li class=\"ui-state-default ui-corner-top\"><a href=\"#tabs-3\"><i class=\"general foundicon-plus\"> <\/i>MANA PIEREDZE<\/a><\/li><li class=\"ui-state-default ui-corner-top\"><a href=\"#tabs-4\"><i class=\"general foundicon-tools\"> <\/i>MANAS PRASMES<\/a><\/li><li class=\"ui-state-default ui-corner-top\"><a href=\"#tabs-5\"><i class=\"general foundicon-star\"> <\/i>MANS PADOMS<\/a><\/li><\/ul><div id=\"tabs-1\" class=\"ui-tabs-panel ui-widget-content ui-corner-bottom\"><p><b>V\u0101rds, uzv\u0101rds:<\/b>In\u0101ra Kor\u0146eva<br \/><br \/>\n<b>Valsts:<\/b> Latvija<br \/><br \/>\n<b>Pils\u0113ta:<\/b> R\u012bga<br \/><br \/>\n<b>Taut\u012bba:<\/b> Latviete<br \/><br \/>\n<b>Pamatinform\u0101cija:<\/b> Ieguvusi ekonomistes izgl\u012bt\u012bbu Latvijas Bankas R\u012bgas uzskaites un kred\u012bta tehnikum\u0101, ta\u010du p\u0113c\u0101k izg\u0101jusi Soci\u0101l\u0101 darba un soci\u0101l\u0101s pedago\u0123ijas apm\u0101c\u012bbu kursu augstskol\u0101 'Att\u012bst\u012bba' un s\u0101kusi str\u0101d\u0101t apvien\u012bb\u0101 'Apeirons'.<br \/><br \/>\n<b>Nozare:<\/b> Nevalstiskais jeb tre\u0161ais sektors<br \/><br \/>\n<b>Amats: <\/b>Nodarbin\u0101t\u012bbas a\u0123ente Inval\u012bdu un vi\u0146u draugu apvien\u012bb\u0101 'Apeirons'<br \/><br \/>\n<strong>Uz\u0146\u0113muma nosaukums un m\u0101jaslapa<\/strong>: http:\/\/www.apeirons.lv\/new\/<\/p><br \/>\n<p>Lai ar\u012b p\u0113c izgl\u012bt\u012bbas b\u016bdama ekonomiste, savu piepild\u012bjumu In\u0101ra g\u016bst tie\u0161i nevalstiskaj\u0101 sektor\u0101 - akt\u012bvi darbojoties inval\u012bdu un vi\u0146u draugu apvien\u012bb\u0101 'Apeirons', kur vi\u0146a  pal\u012bdz atrast darbu cilv\u0113kiem ar invalidit\u0101ti - atbalstot, konsult\u0113jot un sniedzot da\u017e\u0101da veida pal\u012bdz\u012bbu.<\/p><br \/>\n<p><\/p><\/div><div id=\"tabs-2\" class=\"ui-tabs-panel ui-widget-content ui-corner-bottom\"><p><\/p><br \/>\n<p>P\u0113c pamatizgl\u012bt\u012bbas esmu beigusi R\u012bgas uzskaites un kred\u012bta tehnikumu ar sarkano diplomu, ta\u010du karjera bankas kred\u012btda\u013c\u0101 k\u0101 ekonomistam bija \u013coti niec\u012bga.  P\u0113c 15 gadiem izg\u0101ju  Soci\u0101l\u0101 darba un soci\u0101l\u0101s pedago\u0123ijas apm\u0101c\u012bbu kursu augstskol\u0101 'Att\u012bst\u012bba', kur pasniedz\u0113ji bija no apvien\u012bbas 'Apeirons', un t\u0101dej\u0101di es nok\u013cuvu Apeiron\u0101 un 2001. gad\u0101 pievienojos apvien\u012bbas 'Apeirons' sast\u0101vam. Savuk\u0101rt 2011. gad\u0101 s\u0101kam nodarbin\u0101t\u012bbas atbalsta pakalpojuma snieg\u0161anu.<\/p><\/div><div id=\"tabs-3\" class=\"ui-tabs-panel ui-widget-content ui-corner-bottom\"><p>\u0160obr\u012bd kop\u0101 ar kol\u0113\u0123i darbojamies k\u0101 nodarbin\u0101t\u012bbas a\u0123entes. Ideja gan bija kol\u0113\u0123es, bet es esmu t\u0101, kas to realiz\u0113 praks\u0113, proti, atbalstu cilv\u0113kus ar invalidit\u0101ti vi\u0146u darba mekl\u0113jumos, pal\u012bdzu orient\u0113ties interneta vid\u0113, kur tiek public\u0113ti darba pied\u0101v\u0101jumi, veicu p\u0101rrunas, k\u0101 j\u0101uzvedas un ko var run\u0101t, vai ko lab\u0101k nepiemin\u0113t darba p\u0101rrun\u0101s utt. P\u0113c izgl\u012bt\u012bbas b\u016bdama ekonomiste, ilgus gadus nebiju str\u0101d\u0101jusi, audzin\u0101ju meiti\u0146u ar \u012bpa\u0161\u0101m vajadz\u012bb\u0101m, kad b\u0113rns paaug\u0101s un k\u013cuva patst\u0101v\u012bg\u0101ks, es iest\u0101jos kursos un ieguvu soci\u0101l\u0101 darba organizatora specialit\u0101ti. Praks\u0113 nok\u013cuvu Inval\u012bdu un vi\u0146u draugu apvien\u012bb\u0101 'Apeirons', kas k\u013cuva par man\u0101m otraj\u0101m m\u0101j\u0101m.  Biju \u013coti nep\u0101rliecin\u0101ta un apm\u0113ram 5 gadus darbojos apvien\u012bb\u0101 k\u0101 br\u012bvpr\u0101t\u012bg\u0101, kam\u0113r mani pierun\u0101ja iesaist\u012bties projekt\u0101 k\u0101 asistentam. T\u0101d\u0101 veid\u0101 es s\u0101ku str\u0101d\u0101t nopietni, k\u0101 ar\u012b atsvaidzin\u0101ju savas zin\u0101\u0161anas ekonomik\u0101 un soci\u0101laj\u0101 jom\u0101. Mans pirmais projekts likten\u012bgi bija saist\u012bts ar cilv\u0113ku ar invalidit\u0101ti nodarbin\u0101t\u012bbu 2006. gad\u0101. Projekta ietvaros m\u0101c\u012bj\u0101m cilv\u0113kus rakst\u012bt CV, veidoj\u0101m video pielikumus pie CV, kuri tika izvietoti jaunizveidot\u0101 m\u0101jas lap\u0101 www.varcentrs.lv u.c. \u0160aj\u0101 projekt\u0101 es biju iesaist\u012bta k\u0101 projekta asistents, bet projekts bija man person\u012bgi noz\u012bm\u012bgs un tur g\u016bt\u0101s zin\u0101\u0161anas izmantoju sav\u0101s t\u0101l\u0101kaj\u0101s darba gait\u0101s turpinot pal\u012bdz\u0113t cilv\u0113kiem atrast darbu. <\/p><br \/>\n<p>Sp\u0113c\u012bgu ietekmi uz manu darba dz\u012bvi ir veidojis gan manis pa\u0161as vesel\u012bbas st\u0101voklis, gan tas, ka m\u0101j\u0101s bija b\u0113rns ar invalidit\u0101ti un str\u0101d\u0101t darba viet\u0101 ar stingri uzskait\u012bt\u0101m stund\u0101m nebija iesp\u0113jams, t\u0101d\u0113\u013c nevalstiskais sektors lik\u0101s piem\u0113rot\u0101ka darba vieta. Man bija apnicis dz\u012bvot tikai m\u0101j\u0101s un b\u016bt m\u0101jsaimniecei, kaut gan, nestr\u0101d\u0101jot jau no atmodas laikiem, biju iesaist\u012bjusies nevalstisk\u0101 sektora aktivit\u0101t\u0113s, organiz\u0101cij\u0101s, kuras str\u0101d\u0101ja ar b\u0113rniem ar invalidit\u0101ti. Bet  t\u0101pat bija v\u0113l\u0113\u0161an\u0101s realiz\u0113t sevi darb\u0101. Draudus saredzu taj\u0101, ka pasliktin\u0101s vesel\u012bba un nedaudz bail par to, cik ilgi v\u0113l b\u016b\u0161u sp\u0113j\u012bga str\u0101d\u0101t, bet, cik sp\u0113\u0161u, tik str\u0101d\u0101\u0161u! \u012apa\u0161u \u0161\u0137\u0113r\u0161\u013cu laikam nebija, viss notika pal\u0113n\u0101m un \u013coti likumsakar\u012bgi. Viss sav\u0101 laik\u0101. Veiksmes faktors bija mana \u0123imene, mans v\u012brs uz to br\u012bdi iev\u0113roja, ka man paliek par garlaic\u012bgu tikai m\u0101jas dz\u012bve un pamudin\u0101ja iet m\u0101c\u012bties, k\u0101 rezult\u0101t\u0101  2000. gad\u0101 iest\u0101jos kursos un ieguvu soci\u0101l\u0101 darba organizatora specialit\u0101ti. Kursu laik\u0101 daudzus priek\u0161metus pasniedza inval\u012bdu biedr\u012bbas p\u0101rst\u0101vji \u2013 Ivars Balodis, K\u0101rlis Vi\u0161a, Aija Juhna un v\u0113l da\u017ei, un bija iesp\u0113ja 'Apeiron\u0101' iziet darba praksi, iepaz\u012bt tuv\u0101k 'Apeirona' kolekt\u012bvu un p\u0113c kursu beig\u0161anas k\u013c\u016bt par 'Apeirona' br\u012bvpr\u0101t\u012bgo darbinieku. Laika gait\u0101 s\u0101ku apzin\u0101ties, ka \u0161\u012b ir t\u0101 vieta, kur es j\u016btos saprasta, kur man ir labi, kur ir iesp\u0113ja izpausties man\u0101m sp\u0113j\u0101m. Un \u0161\u012b vieta deva man iesp\u0113ju turpin\u0101t b\u0113rna audzin\u0101\u0161anu un apr\u016bpi t\u0101d\u0101 m\u0113r\u0101, k\u0101 tas neb\u016btu iesp\u0113jams valsts darb\u0101 vai man\u0101 pirmaj\u0101 darba viet\u0101 \u2013 bank\u0101. Mani ir iedvesmoju\u0161i visi un katrs atsevi\u0161\u0137i - Apeirona darbinieki, nep\u0101rtraukta att\u012bst\u012bba, jaunas idejas, projekti da\u017e\u0101d\u0101s jom\u0101s, izaicin\u0101jumi. Tie bija cilv\u0113ki, kuri deva iesp\u0113ju iek\u013cauties eso\u0161aj\u0101s aktivit\u0101t\u0113s, nekad neliedza pal\u012bdz\u012bbu un padomu. <\/p><br \/>\n<p>Lielu paldies varu teikt \u0145inai Me\u0146\u0123elei, kura ir \u0161\u012bs organiz\u0101cijas dv\u0113sel\u012bte un visu br\u012bvpr\u0101t\u012bgo atbalsts, padomdev\u0113js. K\u0101 ar\u012b paldies Ivaram Balodim, apvien\u012bbas vad\u012bt\u0101jam, pie kura varam griezties jebkur\u0101 br\u012bd\u012b, ar jebkuru jaut\u0101jumu un kop\u012bgi risin\u0101t sas\u0101p\u0113ju\u0161os jaut\u0101jumus vai probl\u0113mas, ar\u012b t\u0101s, kas attiecas uz darbinieku person\u012bgo dz\u012bvi, ne tikai darba jomu.<\/p><\/div><div id=\"tabs-4\" class=\"ui-tabs-panel ui-widget-content ui-corner-bottom\"><p>Esmu labs izpild\u012bt\u0101js, nevis vad\u012bt\u0101js, bet kritisk\u0101s situ\u0101cijas , kad nav uz ko pa\u013cauties, uz\u0146emos ar\u012b vad\u012bbu. Sevi neuzskatu par p\u0101r\u0101k rado\u0161u person\u012bbu, dr\u012bz\u0101k pat\u012bk pietur\u0113ties jau pie tradicion\u0101liem un sistem\u0101tiskiem pieg\u0101jieniem, ta\u010du atkal - ja dz\u012bve piespie\u017e, tad darbojos ar\u012b rado\u0161i! Es labi p\u0101rzinu un pielietoju nepiecie\u0161am\u0101s metodes, lai darbu veiktu labi, man nesag\u0101d\u0101 gr\u016bt\u012bbas izplat\u012bt inform\u0101ciju. Pateicoties sava darba specifikai, esmu sp\u0113j\u012bga uzklaus\u012bt un piev\u0113rst uzman\u012bbu citu cilv\u0113ku probl\u0113m\u0101m. Man pat\u012bk un padodas veidot sadarb\u012bbas! Es labi organiz\u0113ju un pl\u0101noju savu darbu, esmu anal\u012btiska un sistem\u0101tiska. Man svar\u012bga ir ar\u012b l\u012bdzcilv\u0113ku un kol\u0113\u0123u profesion\u0101l\u0101 izaugsme, un es sp\u0113ju nov\u0113rt\u0113t padomus un pieredzi, ko vi\u0146i man sniedz. Konkr\u0113taj\u0101 darb\u0101 \u013coti svar\u012bga ir prasme uzklaus\u012bt, iedzi\u013cin\u0101ties cilv\u0113ka st\u0101st\u0101 un izlob\u012bt b\u016btisko no \u0161\u012b st\u0101sta, lai saprastu, k\u0101 lab\u0101k pal\u012bdz\u0113t \u0161im konkr\u0113tajam cilv\u0113kam. Dom\u0101ju, ka man \u0161\u012bs prasmes piem\u012bt un es veiksm\u012bgi t\u0101s pielietoju sav\u0101 ikdienas darb\u0101.<\/p><\/div><div id=\"tabs-5\" class=\"ui-tabs-panel ui-widget-content ui-corner-bottom\"><p>Nes\u0113d\u0113t m\u0101j\u0101s, s\u0101kt ar sabiedrisk\u0101s organiz\u0101cijas mekl\u0113\u0161anu, kas atbilst interes\u0113m, mekl\u0113t domu biedrus. Ja ir ideja, tad sabiedriskais sektors ir t\u0101 vieta, kur var m\u0101c\u012bties projektu rakst\u012b\u0161anu, ieg\u016bt visu tam nepiecie\u0161amo inform\u0101ciju, kur pam\u0101c\u012bs, k\u0101 mekl\u0113t iesp\u0113jas, start\u0113t ar savu ideju. Ja nav idejas, tad s\u0101kt darboties k\u0101 br\u012bvpr\u0101t\u012bgajam, m\u0101c\u012bties un iek\u013cauties kolekt\u012bv\u0101, un tad jau rad\u012bsies idejas vai iesp\u0113ja iek\u013cauties citu uzrakst\u012bt\u0101 projekt\u0101.<\/p><\/div><\/div><\/p>","protected":false},"excerpt":{"rendered":"","protected":false},"author":2,"featured_media":1787,"parent":0,"menu_order":0,"comment_status":"closed","ping_status":"closed","template":"","meta":{"footnotes":""},"categories":[4,8],"tags":[],"class_list":["post-461","page","type-page","status-publish","has-post-thumbnail","hentry","category-country","category-latvia"],"_links":{"self":[{"href":"https:\/\/100mirrors-inc.eu\/lv\/wp-json\/wp\/v2\/pages\/461","targetHints":{"allow":["GET"]}}],"collection":[{"href":"https:\/\/100mirrors-inc.eu\/lv\/wp-json\/wp\/v2\/pages"}],"about":[{"href":"https:\/\/100mirrors-inc.eu\/lv\/wp-json\/wp\/v2\/types\/page"}],"author":[{"embeddable":true,"href":"https:\/\/100mirrors-inc.eu\/lv\/wp-json\/wp\/v2\/users\/2"}],"replies":[{"embeddable":true,"href":"https:\/\/100mirrors-inc.eu\/lv\/wp-json\/wp\/v2\/comments?post=461"}],"version-history":[{"count":30,"href":"https:\/\/100mirrors-inc.eu\/lv\/wp-json\/wp\/v2\/pages\/461\/revisions"}],"predecessor-version":[{"id":2296,"href":"https:\/\/100mirrors-inc.eu\/lv\/wp-json\/wp\/v2\/pages\/461\/revisions\/2296"}],"wp:featuredmedia":[{"embeddable":true,"href":"https:\/\/100mirrors-inc.eu\/lv\/wp-json\/wp\/v2\/media\/1787"}],"wp:attachment":[{"href":"https:\/\/100mirrors-inc.eu\/lv\/wp-json\/wp\/v2\/media?parent=461"}],"wp:term":[{"taxonomy":"category","embeddable":true,"href":"https:\/\/100mirrors-inc.eu\/lv\/wp-json\/wp\/v2\/categories?post=461"},{"taxonomy":"post_tag","embeddable":true,"href":"https:\/\/100mirrors-inc.eu\/lv\/wp-json\/wp\/v2\/tags?post=461"}],"curies":[{"name":"wp","href":"https:\/\/api.w.org\/{rel}","templated":true}]}}