{"id":466,"date":"2017-11-16T13:23:54","date_gmt":"2017-11-16T13:23:54","guid":{"rendered":"http:\/\/100mirrors-inc.eu\/?page_id=466"},"modified":"2018-04-02T09:56:56","modified_gmt":"2018-04-02T09:56:56","slug":"latviesu-irina-parhomenko","status":"publish","type":"page","link":"https:\/\/100mirrors-inc.eu\/lv\/latviesu-irina-parhomenko\/","title":{"rendered":"Irina Parhomenko"},"content":{"rendered":"<p><img loading=\"lazy\" decoding=\"async\" class=\"alignleft wp-image-1793 size-thumbnail\" src=\"http:\/\/100mirrors-inc.eu\/wp-content\/uploads\/2018\/02\/IrinaParhomenko_300-150x150.jpg\" alt=\"\" width=\"150\" height=\"150\" srcset=\"https:\/\/100mirrors-inc.eu\/wp-content\/uploads\/2018\/02\/IrinaParhomenko_300-150x150.jpg 150w, https:\/\/100mirrors-inc.eu\/wp-content\/uploads\/2018\/02\/IrinaParhomenko_300-24x24.jpg 24w, https:\/\/100mirrors-inc.eu\/wp-content\/uploads\/2018\/02\/IrinaParhomenko_300-36x36.jpg 36w, https:\/\/100mirrors-inc.eu\/wp-content\/uploads\/2018\/02\/IrinaParhomenko_300-48x48.jpg 48w, https:\/\/100mirrors-inc.eu\/wp-content\/uploads\/2018\/02\/IrinaParhomenko_300.jpg 300w\" sizes=\"auto, (max-width: 150px) 100vw, 150px\" \/><div class=\"otw-sc-tabs ui-tabs ui-widget ui-widget-content ui-corner-all\"><ul class=\"ui-tabs-nav ui-helper-reset ui-helper-clearfix ui-widget-header ui-corner-all\"><li><span class=\"tab-title\">Irina Parhomenko<\/span><\/li><li class=\"ui-state-default ui-corner-top\"><a href=\"#tabs-1\"><i class=\"general foundicon-smiley\"> <\/i>PAR MANI<\/a><\/li><li class=\"ui-state-default ui-corner-top\"><a href=\"#tabs-2\"><i class=\"general foundicon-star\"> <\/i>PAMATINFORM\u0100CIJA<\/a><\/li><li class=\"ui-state-default ui-corner-top\"><a href=\"#tabs-3\"><i class=\"general foundicon-plus\"> <\/i>MANA PIEREDZE<\/a><\/li><li class=\"ui-state-default ui-corner-top\"><a href=\"#tabs-4\"><i class=\"general foundicon-tools\"> <\/i>MANAS PRASMES<\/a><\/li><li class=\"ui-state-default ui-corner-top\"><a href=\"#tabs-5\"><i class=\"general foundicon-star\"> <\/i>MANS PADOMS<\/a><\/li><\/ul><div id=\"tabs-1\" class=\"ui-tabs-panel ui-widget-content ui-corner-bottom\"><p><b><strong>V\u0101rds, uzv\u0101rds:<\/strong><\/b>Irina Parhomenko<br \/><br \/>\n<b><strong>Valsts<\/strong>:<\/b> Latvija<br \/><br \/>\n<b><strong>Pils\u0113ta<\/strong>:<\/b> R\u012bga<br \/><br \/>\n<b><strong>Taut\u012bba<\/strong>:<\/b> Krievu taut\u012bba<br \/><br \/>\n<b><strong>Nozare<\/strong>:<\/b> Services and Non-governmental or Third sector<br \/><br \/>\n<strong>Amats<\/strong>: Organiz\u0101cijas 'Apeirons' projektu vad\u012bt\u0101ja; Nodarbin\u0101t\u012bbas atbalsta pakalpojuma izveidot\u0101ja<br \/><br \/>\n<b>Pamatinform\u0101cija: <\/b>Pirms nelaimes gad\u012bjuma k\u0101 d\u0113\u013c ieg\u016bta invalidit\u0101te, Irina str\u0101d\u0101jusi k\u0101 ekonomiste un gr\u0101matvede. P\u0113c tam ieg\u016bta 1. l\u012bme\u0146a augst\u0101k\u0101 izgl\u012bt\u012bba SIVA koled\u017e\u0101, specialit\u0101te: komercdarbinieks r\u016bpniec\u012bb\u0101. Apg\u016bti fran\u010du, latvie\u0161u, ang\u013cu valodas kursi, gr\u0101matved\u012bbas un lietved\u012bbas kursi, dr\u012bzum\u0101 ar\u012b projektu vad\u012bbas kursi. Ir pieredze tekstu tulko\u0161an\u0101. Organiz\u0101cij\u0101 'Apeirons' izveidojusi nodarbin\u0101t\u012bbas atbalsta pakalpojumu, kas 6 gadu laik\u0101 pal\u012bdz\u0113jis nodarbin\u0101t 130 cilv\u0113kus ar \u012bpa\u0161\u0101m vajadz\u012bb\u0101m.<br \/><br \/>\n<b>Nozare:<\/b> Pakalpojumu un Nevalstiskais jeb tre\u0161ais sektors<br \/><br \/>\n<strong>Uz\u0146\u0113muma nosaukums un m\u0101jaslapa:<\/strong> <strong>http:\/\/www.apeirons.lv\/new\/<\/strong><br \/><br \/>\n<\/p><\/div><div id=\"tabs-2\" class=\"ui-tabs-panel ui-widget-content ui-corner-bottom\"><p>Padomju laik\u0101 ieguvu vid\u0113jo speci\u0101lo izgl\u012bt\u012bbu un l\u012bdz 40 gadu vecumam es str\u0101d\u0101ju k\u0101 ekonomiste un gr\u0101matvede. Ta\u010du p\u0113c negad\u012bjuma 40 gadu vecum\u0101, kura d\u0113\u013c nok\u013cuvu rati\u0146kr\u0113sl\u0101, divus - tr\u012bs gadus man vajadz\u0113ja psiholo\u0123iski p\u0101rvar\u0113t savu jauno fizisko st\u0101vokli, lai es var\u0113tu uzs\u0101kt kaut ko dar\u012bt.Nekl\u0101tien\u0113 iest\u0101jos SIVA koled\u017e\u0101, specialit\u0101t\u0113 - komercdarbinieks r\u016bpniec\u012bb\u0101; taj\u0101 laik\u0101 t\u0101 bija vien\u012bg\u0101 specialit\u0101te, kuru var\u0113ja apg\u016bt, nebija lielas izv\u0113les. Stud\u0113ju nekl\u0101tien\u0113, jo taj\u0101 laik\u0101 r\u016bp\u0113jos par savu v\u0113l nepilngad\u012bgo meitu . Organiz\u0101cijas 'Apeirons' ietvaros esmu izveidojusi diskusiju klubi\u0146u, kur\u0161 notiek jau 7 gadus, m\u0113s katru gadu apsprie\u017eam da\u017e\u0101das jaunas t\u0113mas, aicin\u0101m interesantus viesus, tom\u0113r liel\u0101kais sasniegums ir nodarbin\u0101t\u012bbas atbalsta pakalpojuma izveide, kas 6 gadu laik\u0101 kop\u0161 t\u0101 izveides ir pal\u012bdz\u0113jis nodarbin\u0101t 130 cilv\u0113kus ar invalidit\u0101ti, kuri bez m\u016bsu pal\u012bdz\u012bbas, visticam\u0101k, darbu neatrastu. Dom\u0101ju par t\u0101l\u0101ko att\u012bst\u012bbu, t\u0101p\u0113c esmu apguvusi da\u017e\u0101dus kursus - fran\u010du, ang\u013cu, latvie\u0161u valodu, gr\u0101matved\u012bbas un lietved\u012bbas kursus. Visas min\u0113t\u0101s lietas man pal\u012bdz person\u012bgi un ir noder\u012bgas ikdienas darb\u0101.<\/p><\/div><div id=\"tabs-3\" class=\"ui-tabs-panel ui-widget-content ui-corner-bottom\"><p>Gandr\u012bz 8 gadus p\u0113c invalidit\u0101tes ieg\u016b\u0161anas es nestr\u0101d\u0101ju, ta\u010du 2005. gad\u0101 'Apeirons' mani uzaicin\u0101ja piedal\u012bties projekt\u0101 'Invalidit\u0101te vieno', kas bija saist\u012bts ar inform\u0101cijas sagatavo\u0161anu krievu valod\u0101 run\u0101jo\u0161iem cilv\u0113kiem ar invalidit\u0101ti - par da\u017e\u0101diem soci\u0101liem jaut\u0101jumiem, par nodarbin\u0101t\u012bbu, izgl\u012bt\u012bbas un pilson\u012bbas jaut\u0101jumiem. Es p\u0101rtulkoju organiz\u0101cijas m\u0101jaslapu no latvie\u0161u uz krievu valodu, tulko\u0161ana bija man jauna pieredze. Izveidoju ar\u012b atsevi\u0161\u0137u sada\u013cu krievu valod\u0101, kur bija min\u0113ti pozit\u012bvi piem\u0113ri - st\u0101sti par cilv\u0113kiem ar invalidit\u0101ti un vi\u0146u va\u013caspriekiem.  'Apeirona' vad\u012bt\u0101js redz\u0113ja, ka esmu komunikabla un sp\u0113j\u012bga, un uzaicin\u0101ja mani veidot diskusiju klubi\u0146us - aicin\u0101t interesentus, kuri novad\u012bs diskusijas, p\u0101rdom\u0101t diskusiju t\u0113mas, sast\u0101d\u012bt grafikus, piesaist\u012bt cilv\u0113kus, kuri v\u0113las un var piedal\u012bties diskusiju klubi\u0146u tik\u0161an\u0101s reiz\u0113s.<br \/><br \/>\nProtams, manu ikdienu raksturo ar\u012b publiskais darbs - inform\u0101cijas snieg\u0161ana medijiem, piedal\u012b\u0161an\u0101s semin\u0101ros un apm\u0101c\u012bb\u0101s. <\/p><br \/>\n<p>Jau 6 gadus m\u0113s nodro\u0161in\u0101m cilv\u0113kus ar invalidit\u0101ti ar nodarbin\u0101t\u012bbas atbalsta pakalpojumu. S\u0101kotn\u0113ji m\u0113s mekl\u0113j\u0101m sadarb\u012bbas partnerus darbad\u0113v\u0113ju vid\u0113, iek\u013caujot un \u0146emot v\u0113r\u0101 visus nepiecie\u0161amos darba apst\u0101k\u013cus cilv\u0113kiem ar \u012bpa\u0161\u0101m vajadz\u012bb\u0101m. Pirmajos pakalpojuma gados m\u0113s uzrakst\u012bj\u0101m 100 vai 150 v\u0113stules ar aicin\u0101jumu sadarboties iek\u0101rto\u0161anai darb\u0101 cilv\u0113kus ar invalidit\u0101ti un tikties. Uz \u0161o aicin\u0101jumu atsauc\u0101s tikai k\u0101di 25 lielie uz\u0146\u0113mumi, kuriem ir pien\u0101kums b\u016bt soci\u0101li atbild\u012bgiem, \u0161\u0101d\u0101 veid\u0101 m\u0113s nodarbin\u0101j\u0101m da\u017eus cilv\u0113kus, ta\u010du v\u0113l\u0101k vakances mums netika pied\u0101v\u0101tas. M\u016bsu galvenais princips darb\u0101 ir individu\u0101la pieeja katram cilv\u0113kam. Pie mums bie\u017ei v\u0113r\u0161as cilv\u0113ki p\u0113c 50 gadu vecuma, kuri ir ilgsto\u0161i bezdarbnieki vai ar\u012b zaud\u0113ju\u0161i kvalifik\u0101ciju vesel\u012bbas, k\u0101 ar\u012b citu probl\u0113mu d\u0113\u013c. Ar \u0161iem cilv\u0113kiem m\u0113s str\u0101d\u0101j\u0101m kop\u0101 - k\u0101 psihologi, konsultanti un soci\u0101lie darbinieki vienlaic\u012bgi, t\u0101das visaptvero\u0161as konsult\u0101cijas ar individu\u0101lu pieeju indiv\u012bdam; str\u0101d\u0101j\u0101m  sadarb\u012bb\u0101 ar R\u012bgas soci\u0101lo dienestu un galven\u0101 doma bija, lai cilv\u0113kam pal\u012bdz\u0113tu atrast darbu un lai \u0161is cilv\u0113ks p\u0101riet no pabalsta sa\u0146\u0113m\u0113ja uz nodok\u013cu maks\u0101t\u0101ju. \u0160is pakalpojums pal\u012bdz ne tikai atrast darbu - sadarbojoties ar Nodarbin\u0101t\u012bbas valsts a\u0123ent\u016bru, m\u0113s sniedzam cilv\u0113kiem karjeras konsult\u0101cijas - cilv\u0113ki ir tie\u0161\u0101m apmierin\u0101ti, jo \u0161\u012bs speci\u0101lista konsult\u0101cijas dod to, ko m\u0113s ar kol\u0113\u0123i, iesp\u0113jams, neredzam, k\u0101 ar\u012b sniedz vair\u0101k iesp\u0113jas un papla\u0161ina redzesloku.  Ar\u012b VSAA regul\u0101ri sniedz konsult\u0101cijas tiem m\u016bsu klientiem, kuriem ir k\u0101das neskaidr\u012bbas pensijas apr\u0113\u0137ina jaut\u0101jumos.<\/p><br \/>\n<p>6 gadu laik\u0101 m\u0113s esam pal\u012bdz\u0113ju\u0161i uzlabot ne tikai materi\u0101lo st\u0101vokli 130 cilv\u0113kiem. M\u0113s vi\u0146iem jaut\u0101jam - 'k\u0101p\u0113c j\u016bs gribat str\u0101d\u0101t?', vi\u0146i atbild, ka ne tikai finansi\u0101l\u0101 st\u0101vok\u013ca uzlabo\u0161anas d\u0113\u013c, bet gan t\u0101p\u0113c, lai b\u016btu noder\u012bgi, lai b\u016btu starp cilv\u0113kiem un sabiedr\u012bb\u0101. M\u016bsu pakalpojuma pieredze tika piemin\u0113ta ar\u012b starptautisk\u0101 konferenc\u0113, kur\u0101 piedal\u012bj\u0101s D\u0101nija, Lietuva un Somija. Un es redzu, ka m\u016bsu galvenais princips - individu\u0101la pieeja katram cilv\u0113kam - tagad jau tiek integr\u0113ts ar\u012b Nodarbin\u0101t\u012bbas valsts a\u0123ent\u016bras darb\u0101. <\/p><br \/>\n<p>Ce\u013c\u0101 uz sasniegumiem man nebija \u0123imenes atbalsta, es biju spiesta pier\u0101d\u012bt visu laiku, ka cilv\u0113ki ar invalidit\u0101ti ar\u012b ir cilv\u0113ki, kuri var daudz ko paveikt un izdar\u012bt. \u0160eit \u201cApeiron\u0101\u201d es sa\u0146emu \u013coti lielu atbalstu, tas man pal\u012bdz\u0113ja sevi att\u012bst\u012bt un iziet \u0101rpus savas komforta zonas, p\u0101rbaud\u012bt savas sp\u0113jas, par kur\u0101m es, iesp\u0113jams, nezin\u0101ju. Iesp\u0113jams, man bija saj\u016bta, ka es to varu, bet man nebija ne laika, ne iemesla to izmantot un att\u012bst\u012bt, bet \u0161eit, \u201cApeiron\u0101\u201d mani novirz\u012bja pareiz\u0101 virzien\u0101. Kad es \u0161eit atn\u0101cu, es uzzin\u0101ju par cilv\u0113kiem ar daudz smag\u0101ku invalidit\u0101ti k\u0101 man, bet k\u0101 vi\u0146i dz\u012bvoja un ko vi\u0146i dar\u012bja! T\u0101da stipra p\u0101rliec\u012bba,  gribassp\u0113ks un gara sp\u0113ks. Redz\u0113ju, ka vi\u0146i var b\u016bt laim\u012bgi, veidot \u0123imeni, dzemd\u0113t b\u0113rnus. Un, skatoties uz t\u0101diem cilv\u0113kiem, pa\u0161ai  bija ne\u0113rti \u017e\u0113loties vai \u010d\u012bkst\u0113t. Man vienk\u0101r\u0161i ar laiku palika kauns b\u016bt v\u0101j\u0101kai vai neapmierin\u0101tai. Man vienk\u0101r\u0161i vajadz\u0113ja p\u0101rvar\u0113t \u0161\u0137\u0113r\u0161\u013cus, kurus l\u012bdzi nes invalidit\u0101te. Jo ir labi aizmirst par to, ka tu esi inval\u012bds, jo, pirmk\u0101rt, tu esi cilv\u0113ks, invalidit\u0101te nav tava z\u012bme, viss ir cilv\u0113ka galv\u0101. Es esmu t\u0101da pati sieviete k\u0101 p\u0101r\u0113j\u0101s. Vien\u012bg\u0101 at\u0161\u0137ir\u012bba ir t\u0101, ka es p\u0101rvietojos rati\u0146kr\u0113sl\u0101, cits p\u0101rvietojas ar ma\u0161\u012bnu vai tramvaju! Viena mana draudzene saka \u2013 nevis inval\u012bdi, bet gan ievainotie. M\u0113s esam stipri, stiprs ir gars \u0161iem cilv\u0113kiem un ir j\u0101\u0146em piem\u0113rs no vi\u0146iem, jo dz\u012bv\u0113 past\u0101v diezgan daudz \u0161\u0137\u0113r\u0161\u013cu - sakot no dz\u012bvesvietas piel\u0101go\u0161anas, lai vismaz m\u0101j\u0101s var norm\u0101li dz\u012bvot un funkcion\u0113t, beidzot ar izgl\u012bt\u012bbas, nodarbin\u0101t\u012bbas, rehabilit\u0101cijas un citiem svar\u012bgiem jaut\u0101jumiem. Tas ietekm\u0113 dz\u012bvi pozit\u012bvi \u2013 ka tu nevari un negribi b\u016bt slikt\u0101ks, tu redzi, ka tas viss ir iesp\u0113jams, ir iesp\u0113jams dz\u012bvot lab\u0101k. Ir pat paradoks\u0101las situ\u0101cijas, kad invalidit\u0101te izmaina dz\u012bvi par 180 gr\u0101diem uz labo pusi. <\/p><br \/>\n<p>Run\u0101jot par \u0161\u0137\u0113r\u0161\u013ciem \u2013 galvenie \u0161\u0137\u0113r\u0161\u013ci un ienaidnieki cilv\u0113kiem ar kust\u012bbas trauc\u0113jumiem ir trepes, vides nepieejam\u012bba, br\u012b\u017ei, kad es nevaru kaut kur tikt, un tikai tad es atceros, k\u0101 esmu inval\u012bde. Bet tagad viss pamaz\u0101m uzlabojas, un Latvija k\u013c\u016bst vispieejam\u0101k\u0101 no Baltijas valst\u012bm.<\/p><\/div><div id=\"tabs-4\" class=\"ui-tabs-panel ui-widget-content ui-corner-bottom\"><p>Mazo projektu vad\u012bba, koordin\u0113\u0161ana, prezent\u0101cijas, atskai\u0161u sagatavo\u0161ana. Da\u017e\u0101das darba vid\u0113 apg\u016btas prasmes k\u0101, piem\u0113ram, valodu zin\u0101\u0161anas - fran\u010du, latvie\u0161u, ang\u013cu. Nodarbin\u0101t\u012bbas atbalsta pakalpojuma ietvaros sarunvalodas l\u012bmen\u012b m\u0101cu latvie\u0161u valodu krievu valod\u0101 run\u0101jo\u0161iem cilv\u0113kiem ar invalidit\u0101ti, t\u0101pat m\u0101c\u0101m lietot datoru cilv\u0113kiem, kuriem tr\u016bkst zin\u0101\u0161anu \u0161aj\u0101 jom\u0101. Esmu komunikabla un sp\u0113ju atrast kop\u012bgu valodu ar da\u017e\u0101da gada g\u0101juma cilv\u0113kiem.<\/p><br \/>\n<p>Piem\u012bt ar\u012b labas organizatorisk\u0101s prasmes - esmu sagatavojusi un novad\u012bjusi motiv\u0113jo\u0161u semin\u0101ru un nodarb\u012bbas par nodarbin\u0101t\u012bbu, organiz\u0113ju nodarbin\u0101t\u012bbas atbalsta pakalpojuma darbu, k\u0101 ar\u012b diskusijas klubi\u0146u. Es izj\u016btu lielu atbild\u012bbu un darbus veicu ar augstu precizit\u0101ti. Pat\u012bk un sp\u0113ju str\u0101d\u0101t komand\u0101, tom\u0113r vislab\u0101k savu darbu veicu patst\u0101v\u012bgi. Man piem\u012bt emp\u0101tija un sp\u0113ja uzklaus\u012bt cilv\u0113kus, vi\u0146u probl\u0113mas. Vienm\u0113r esmu atv\u0113rta jaun\u0101m idej\u0101m un pieredz\u0113m. <\/p><br \/>\n<p>Pateicoties manai darba specifikai, veiksm\u012bgi sp\u0113ju ar\u012b konsult\u0113t cilv\u0113kus par da\u017e\u0101diem ar nodarbin\u0101t\u012bbu saist\u012btiem jaut\u0101jumiem. Ir veiksm\u012bga pieredze, veidojot sadarb\u012bbas ar da\u017e\u0101dam instit\u016bcij\u0101m, uz\u0146\u0113mumiem un cilv\u0113kiem. Man piem\u012bt ar\u012b laba humora izj\u016bta, kas pal\u012bdz gan ikdienas profesion\u0101laj\u0101, gan person\u012bgaj\u0101 dz\u012bv\u0113!<\/p><\/div><div id=\"tabs-5\" class=\"ui-tabs-panel ui-widget-content ui-corner-bottom\"><p>Viss ir iesp\u0113jams, ja vien cilv\u0113kam ir v\u0113lme! Ir svar\u012bgi, lai b\u016btu k\u0101ds piem\u0113rs, kur\u0161 \u013cauj ieraudz\u012bt, ka ir v\u0113rts kaut ko uzs\u0101kt, m\u0113\u0123in\u0101t un sasniegt. Galvenais ir sev pateikt \u2013 j\u0101, es s\u0101k\u0161u! Ir j\u0101veic pirmais solis - kad tu izdar\u012bsi pirmo soli, tad jau j\u016bti, ka tev\u012b ir sp\u0113ks un v\u0113lme spert n\u0101ko\u0161o. Un t\u0101 neman\u0101mi tu s\u0101ksi iet savu ce\u013cu, un dz\u012bve piesp\u0113l\u0113s k\u0101du jaunu izaicin\u0101jumu. Un t\u0101 ir katra cilv\u0113ka pa\u0161a izv\u0113le, vai pie\u0146emt \u0161o izaicin\u0101jumu k\u0101 iesp\u0113ju augt. <\/p><br \/>\n<p>Galvenais ir nebaid\u012bties - nebaid\u012bties no nezin\u0101m\u0101, bet gan s\u0101kt kaut ko dar\u012bt, un tad pamaz\u0101m jau rodas tas kopskats, pieredze un sapra\u0161ana, un tu s\u0101c justies p\u0101rliecin\u0101ta par saviem sp\u0113kiem, un tava dom\u0101\u0161ana main\u0101s.<\/p><\/div><\/div><\/p>","protected":false},"excerpt":{"rendered":"","protected":false},"author":2,"featured_media":1793,"parent":0,"menu_order":0,"comment_status":"closed","ping_status":"closed","template":"","meta":{"footnotes":""},"categories":[4,8],"tags":[],"class_list":["post-466","page","type-page","status-publish","has-post-thumbnail","hentry","category-country","category-latvia"],"_links":{"self":[{"href":"https:\/\/100mirrors-inc.eu\/lv\/wp-json\/wp\/v2\/pages\/466","targetHints":{"allow":["GET"]}}],"collection":[{"href":"https:\/\/100mirrors-inc.eu\/lv\/wp-json\/wp\/v2\/pages"}],"about":[{"href":"https:\/\/100mirrors-inc.eu\/lv\/wp-json\/wp\/v2\/types\/page"}],"author":[{"embeddable":true,"href":"https:\/\/100mirrors-inc.eu\/lv\/wp-json\/wp\/v2\/users\/2"}],"replies":[{"embeddable":true,"href":"https:\/\/100mirrors-inc.eu\/lv\/wp-json\/wp\/v2\/comments?post=466"}],"version-history":[{"count":43,"href":"https:\/\/100mirrors-inc.eu\/lv\/wp-json\/wp\/v2\/pages\/466\/revisions"}],"predecessor-version":[{"id":2295,"href":"https:\/\/100mirrors-inc.eu\/lv\/wp-json\/wp\/v2\/pages\/466\/revisions\/2295"}],"wp:featuredmedia":[{"embeddable":true,"href":"https:\/\/100mirrors-inc.eu\/lv\/wp-json\/wp\/v2\/media\/1793"}],"wp:attachment":[{"href":"https:\/\/100mirrors-inc.eu\/lv\/wp-json\/wp\/v2\/media?parent=466"}],"wp:term":[{"taxonomy":"category","embeddable":true,"href":"https:\/\/100mirrors-inc.eu\/lv\/wp-json\/wp\/v2\/categories?post=466"},{"taxonomy":"post_tag","embeddable":true,"href":"https:\/\/100mirrors-inc.eu\/lv\/wp-json\/wp\/v2\/tags?post=466"}],"curies":[{"name":"wp","href":"https:\/\/api.w.org\/{rel}","templated":true}]}}