{"id":7,"date":"2017-02-02T13:34:17","date_gmt":"2017-02-02T13:34:17","guid":{"rendered":"http:\/\/100mirrors-inc.eu\/?page_id=7"},"modified":"2019-10-03T09:02:25","modified_gmt":"2019-10-03T09:02:25","slug":"aims-and-objectives","status":"publish","type":"page","link":"https:\/\/100mirrors-inc.eu\/lv\/aims-and-objectives\/","title":{"rendered":"M\u0112R\u0136I UN UZDEVUMI"},"content":{"rendered":"<p><\/p>\n<p style=\"text-align: justify;\">\u0160\u012b projekta partneri str\u0101d\u0101s ar soci\u0101li neaizsarg\u0101t\u0101m grup\u0101m, jo \u012bpa\u0161i ar sieviet\u0113m ar invalidit\u0101ti, lai pal\u012bdz\u0113tu \u0161iem cilv\u0113kiem atgriezties darba tirg\u016b, sniedzot apm\u0101c\u012bbu un konsult\u0101ciju pakalpojumus, k\u0101 ar\u012b, veicinot labo praksi vis\u0101 Eirop\u0101.<\/p>\n<p style=\"text-align: justify;\">Projekta galvenais m\u0113r\u0137is ir veicin\u0101t iek\u013caujo\u0161u uz\u0146\u0113m\u0113jdarb\u012bbu sieviet\u0113m ar \u012bpa\u0161\u0101m vajadz\u012bb\u0101m, izstr\u0101d\u0101jot metodolo\u0123iju, kas balst\u012bta uz cilv\u0113ku ar fizisk\u0101m nepiln\u012bb\u0101m apm\u0101c\u012bbu, kou\u010dingu un mentoringu, kuri v\u0113las k\u013c\u016bt par uz\u0146\u0113m\u0113jiem, izmantojot pied\u0101v\u0101t\u0101s darba &#8220;\u0113no\u0161anas&#8221; un kou\u010dinga iesp\u0113jas, ko pasniedz cilv\u0113ki ar invalidit\u0101ti, kas pa\u0161i ir veiksm\u012bgi uz\u0146\u0113m\u0113ji.<\/p>\n<p style=\"text-align: justify;\">Tiek apzin\u0101ts, ka katrai \u0161aj\u0101 projekt\u0101 iesaist\u012btajai sievietei ir savas vajadz\u012bbas un nepiecie\u0161am\u012bbas, tom\u0113r galvenais uzsvars tiks likts uz vi\u0146u \u012bpa\u0161aj\u0101m sp\u0113j\u0101m, sniedzot padomus attiec\u012bb\u0101 uz uz\u0146\u0113m\u0113jdarb\u012bbas un vad\u012bbas zin\u0101\u0161an\u0101m, tai skait\u0101 prasm\u0113m un cit\u0101m personiskaj\u0101m \u012bpa\u0161\u012bb\u0101m, kas ietekm\u0113s sp\u0113ju k\u013c\u016bt un b\u016bt par uz\u0146\u0113m\u0113ju.<\/p>\n<p style=\"text-align: justify;\">Iemesli, k\u0101d\u0113\u013c str\u0101d\u0101t ar \u0161o jaut\u0101jumu:<\/p>\n<p style=\"text-align: justify;\">Nabadz\u012bbas risks ES valst\u012bs cilv\u0113kiem ar invalidit\u0101ti ir iev\u0113rojami liel\u0101ks, nek\u0101 cilv\u0113kiem bez t\u0101s. Galvenais iemesls \u0161im var tikt skaidrots ar cilv\u0113ku ar invalidit\u0101ti zem\u0101s nodarbin\u0101t\u012bbas statistiku, kas ir iemesls un\/vai sekas vi\u0146u soci\u0101lajai atstumt\u012bbai. Aptuveni 16% str\u0101d\u0101jo\u0161o cilv\u0113ku darbsp\u0113j\u012bg\u0101 vecum\u0101 ES valst\u012bs tiek ietekm\u0113ti savas invalidit\u0101tes veida d\u0113\u013c, un \u0161ie r\u0101d\u012bt\u0101ji, visticam\u0101k, pieaugs, popul\u0101cijas noveco\u0161anas d\u0113\u013c. T\u0101d\u0113\u013c jaut\u0101jumi par cilv\u0113ku ar invalidit\u0101ti soci\u0101lo un ekonomisko l\u012bdzdal\u012bbu k\u013c\u016bs arvien svar\u012bg\u0101ki politikas izstr\u0101d\u0113, n\u0101kam\u0101s desmitgades laik\u0101. Un tie\u0161i t\u0101d\u0113\u013c uz\u0146\u0113m\u0113jdarb\u012bba var b\u016bt k\u0101 da\u013ca no \u0161\u012b risin\u0101juma da\u017eiem \u0161\u012bs grupas p\u0101rst\u0101vjiem.<\/p>\n<p style=\"text-align: justify;\">Eiropas Savien\u012bba ir ie\u0146\u0113musi stingru nost\u0101ju cilv\u0113ku ar invalidit\u0101ti akt\u012bvas l\u012bdzdal\u012bbas sabiedr\u012bb\u0101 un ekonomik\u0101 atbalst\u012b\u0161an\u0101. Tas ir j\u016btams izstr\u0101d\u0101taj\u0101 strat\u0113\u0123ij\u0101 &#8220;Eiropa 2020&#8221;, kuras m\u0113r\u0137is ir rad\u012bt gudru, ilgtsp\u0113j\u012bgu un integr\u0113jo\u0161u izaugsmi, lai veidotu sabiedr\u012bbu, kur\u0101 ikviens tiek iek\u013cauts. Turkl\u0101t ES ir izveidojusi strat\u0113\u0123iju invalidit\u0101tes jaut\u0101jumos, kas izce\u013c darb\u012bbas, lai risin\u0101tu \u012bpa\u0161os \u0161\u0137\u0113r\u0161\u013cus, kas kav\u0113 piln\u012bgu iesaisti un iek\u013cau\u0161anos cilv\u0113kiem ar invalidit\u0101ti.<\/p>\n<p style=\"text-align: justify;\">Daudz\u0101m sieviet\u0113m ar invalidit\u0101ti ir apgr\u016btin\u0101ta piek\u013cuve izgl\u012bt\u012bbai un darba tirgum, t\u0101d\u0113\u013c daudz\u0101m nav liela darba pieredze, un tikai da\u017e\u0101m ir pieredze uz\u0146\u0113m\u0113jdarb\u012bb\u0101. K\u0101 rezult\u0101t\u0101 tikai da\u017eiem cilv\u0113kiem ar invalidit\u0101ti ir bijusi iesp\u0113ja att\u012bst\u012bt prasmes, kas nepiecie\u0161amas veiksm\u012bg\u0101kai biznesa uzs\u0101k\u0161anai un vad\u012b\u0161anai. Jaun\u0101k\u0101m un vec\u0101k\u0101m sieviet\u0113m ar invalidit\u0101ti, k\u0101 ar\u012b t\u0101m, kuras dz\u012bvo ekonomiski nelabv\u0113l\u012bg\u0101s vid\u0113s ir gr\u016bt\u0101k uzs\u0101kt un veiksm\u012bgi vad\u012bt savu biznesu. \u0160is rosina politik\u0101 veikt atbilsto\u0161as darb\u012bbas saist\u012bb\u0101 ar invalidit\u0101tes jaut\u0101jumiem, \u012bstenojot tos vienlaic\u012bgi ar papildus pas\u0101kumiem, lai izveidotu invalidit\u0101tes sasaisti ar citiem soci\u0101li-ekonomiskajiem statusiem.<\/p>\n<p><a href=\"http:\/\/100mirrors-inc.eu\/wp-content\/uploads\/2019\/10\/100MIRRORS-INCLUSIVE-REPORT-.pdf\">State of the art report<\/a><\/p>\n<p style=\"text-align: justify;\">V\u0113lamie ieguvumi iesaist\u012btajiem cilv\u0113kiem no \u0161\u012b projekta:<\/p>\n<p style=\"text-align: justify;\">Uz\u0146\u0113m\u0113jdarb\u012bbas prasmju palielin\u0101\u0161ana sieviet\u0113m ar invalidit\u0101ti, k\u0101 ar\u012b vi\u0146u poz\u012bciju un intereses no darba dev\u0113ju puses paaugstin\u0101\u0161ana, pa\u0161nodarbin\u0101to skaita palielin\u0101\u0161ana.<\/p>\n<p style=\"text-align: justify;\">Uz\u0146\u0113m\u0113ju ar invalidit\u0101ti kou\u010dinga prasmju uzlabo\u0161ana, k\u0101 ar\u012b nodarbin\u0101t\u012bbas skaita sieviet\u0113m ar invalidit\u0101ti palielin\u0101\u0161ana.<\/p>\n<p style=\"text-align: justify;\">Sievie\u0161u ar invalidit\u0101ti apm\u0101c\u012bbu efektivit\u0101tes uzlabo\u0161ana, att\u012bstot vi\u0146u uz\u0146\u0113m\u0113jsp\u0113jas &#8211; apm\u0101cot savas organiz\u0101cijas un trenerus.<\/p>\n<p style=\"text-align: justify;\">Sabiedr\u012bbas intereses palielin\u0101\u0161ana par sieviet\u0113m ar invalidit\u0101ti un ar to saist\u012btos uz\u0146\u0113m\u0113jdarb\u012bbas jaut\u0101jumus<\/p>\n<p><\/p>","protected":false},"excerpt":{"rendered":"<p>\u0160\u012b projekta partneri str\u0101d\u0101s ar soci\u0101li neaizsarg\u0101t\u0101m grup\u0101m, jo \u012bpa\u0161i ar sieviet\u0113m ar invalidit\u0101ti, lai pal\u012bdz\u0113tu \u0161iem cilv\u0113kiem atgriezties darba tirg\u016b, sniedzot apm\u0101c\u012bbu un konsult\u0101ciju pakalpojumus, k\u0101 ar\u012b, veicinot labo praksi vis\u0101 Eirop\u0101. Projekta galvenais m\u0113r\u0137is ir veicin\u0101t iek\u013caujo\u0161u uz\u0146\u0113m\u0113jdarb\u012bbu sieviet\u0113m ar \u012bpa\u0161\u0101m vajadz\u012bb\u0101m, izstr\u0101d\u0101jot metodolo\u0123iju, kas balst\u012bta uz cilv\u0113ku ar fizisk\u0101m nepiln\u012bb\u0101m apm\u0101c\u012bbu, kou\u010dingu<span class=\"read-more-wrap\"><a class=\"moretag\" href=\"https:\/\/100mirrors-inc.eu\/lv\/aims-and-objectives\/\">Continue Reading <span class=\"screen-reader-text\">M\u0112R\u0136I UN UZDEVUMI<\/span><\/a><\/span><\/p>\n","protected":false},"author":1,"featured_media":0,"parent":0,"menu_order":0,"comment_status":"closed","ping_status":"closed","template":"","meta":{"footnotes":""},"categories":[],"tags":[],"class_list":["post-7","page","type-page","status-publish","hentry"],"_links":{"self":[{"href":"https:\/\/100mirrors-inc.eu\/lv\/wp-json\/wp\/v2\/pages\/7","targetHints":{"allow":["GET"]}}],"collection":[{"href":"https:\/\/100mirrors-inc.eu\/lv\/wp-json\/wp\/v2\/pages"}],"about":[{"href":"https:\/\/100mirrors-inc.eu\/lv\/wp-json\/wp\/v2\/types\/page"}],"author":[{"embeddable":true,"href":"https:\/\/100mirrors-inc.eu\/lv\/wp-json\/wp\/v2\/users\/1"}],"replies":[{"embeddable":true,"href":"https:\/\/100mirrors-inc.eu\/lv\/wp-json\/wp\/v2\/comments?post=7"}],"version-history":[{"count":22,"href":"https:\/\/100mirrors-inc.eu\/lv\/wp-json\/wp\/v2\/pages\/7\/revisions"}],"predecessor-version":[{"id":2995,"href":"https:\/\/100mirrors-inc.eu\/lv\/wp-json\/wp\/v2\/pages\/7\/revisions\/2995"}],"wp:attachment":[{"href":"https:\/\/100mirrors-inc.eu\/lv\/wp-json\/wp\/v2\/media?parent=7"}],"wp:term":[{"taxonomy":"category","embeddable":true,"href":"https:\/\/100mirrors-inc.eu\/lv\/wp-json\/wp\/v2\/categories?post=7"},{"taxonomy":"post_tag","embeddable":true,"href":"https:\/\/100mirrors-inc.eu\/lv\/wp-json\/wp\/v2\/tags?post=7"}],"curies":[{"name":"wp","href":"https:\/\/api.w.org\/{rel}","templated":true}]}}