{"id":822,"date":"2017-11-20T15:20:46","date_gmt":"2017-11-20T15:20:46","guid":{"rendered":"http:\/\/100mirrors-inc.eu\/?page_id=822"},"modified":"2018-04-02T09:56:21","modified_gmt":"2018-04-02T09:56:21","slug":"annija-krumina","status":"publish","type":"page","link":"https:\/\/100mirrors-inc.eu\/lv\/annija-krumina\/","title":{"rendered":"Annija Kr\u016bmi\u0146a"},"content":{"rendered":"<p><img loading=\"lazy\" decoding=\"async\" class=\"wp-image-1192 size-thumbnail alignleft\" src=\"http:\/\/100mirrors-inc.eu\/wp-content\/uploads\/2017\/11\/Annija-Kr\u016bmi\u0146a2-150x150.jpg\" alt=\"\" width=\"150\" height=\"150\" \/><img loading=\"lazy\" decoding=\"async\" class=\"alignleft wp-image-1762 size-thumbnail\" src=\"http:\/\/100mirrors-inc.eu\/wp-content\/uploads\/2018\/02\/Annija-Kr\u016bmi\u0146a_300-150x150.jpg\" alt=\"\" width=\"150\" height=\"150\" srcset=\"https:\/\/100mirrors-inc.eu\/wp-content\/uploads\/2018\/02\/Annija-Kr\u016bmi\u0146a_300-150x150.jpg 150w, https:\/\/100mirrors-inc.eu\/wp-content\/uploads\/2018\/02\/Annija-Kr\u016bmi\u0146a_300-24x24.jpg 24w, https:\/\/100mirrors-inc.eu\/wp-content\/uploads\/2018\/02\/Annija-Kr\u016bmi\u0146a_300-36x36.jpg 36w, https:\/\/100mirrors-inc.eu\/wp-content\/uploads\/2018\/02\/Annija-Kr\u016bmi\u0146a_300-48x48.jpg 48w, https:\/\/100mirrors-inc.eu\/wp-content\/uploads\/2018\/02\/Annija-Kr\u016bmi\u0146a_300.jpg 300w\" sizes=\"auto, (max-width: 150px) 100vw, 150px\" \/><div class=\"otw-sc-tabs ui-tabs ui-widget ui-widget-content ui-corner-all\"><ul class=\"ui-tabs-nav ui-helper-reset ui-helper-clearfix ui-widget-header ui-corner-all\"><li><span class=\"tab-title\">Annija Kr\u016bmi\u0146a<\/span><\/li><li class=\"ui-state-default ui-corner-top\"><a href=\"#tabs-1\"><i class=\"general foundicon-smiley\"> <\/i>PAR MANI<\/a><\/li><li class=\"ui-state-default ui-corner-top\"><a href=\"#tabs-2\"><i class=\"general foundicon-star\"> <\/i>PAMATINFORM\u0100CIJA<\/a><\/li><li class=\"ui-state-default ui-corner-top\"><a href=\"#tabs-3\"><i class=\"general foundicon-plus\"> <\/i>MANA PIEREDZE<\/a><\/li><li class=\"ui-state-default ui-corner-top\"><a href=\"#tabs-4\"><i class=\"general foundicon-tools\"> <\/i>MANAS PRASMES<\/a><\/li><li class=\"ui-state-default ui-corner-top\"><a href=\"#tabs-5\"><i class=\"general foundicon-star\"> <\/i>MANS PADOMS<\/a><\/li><\/ul><div id=\"tabs-1\" class=\"ui-tabs-panel ui-widget-content ui-corner-bottom\"><p><b>V\u0101rds, uzv\u0101rds: <\/b>Annija Kr\u016bmi\u0146a<br \/><br \/>\n<b>Valsts:<\/b> Latvija<br \/><br \/>\n<b>Pils\u0113ta:<\/b> Talsi<br \/><br \/>\n<b>Taut\u012bba:<\/b> Latviete<br \/><br \/>\n<b>Pamatinform\u0101cija:<\/b> Nodarbojas ar parabobsleju, k\u0101 ar\u012b - rokdarbiem un m\u016bziku!<br \/><br \/>\n<b>Nozare:<\/b> Kult\u016bra un sports<br \/><br \/>\n<b>Amats: <\/b>Parabobslejiste<br \/><br \/>\n<b>Uz\u0146\u0113muma nosaukums un m\u0101jaslapa:<\/b> Annijas Facebook lapa, kur jaun\u0101 sieviete public\u0113 gan savas ikdienas, gan profesion\u0101l\u0101s gaitas: https:\/\/www.facebook.com\/annija.krumina.7<\/p><br \/>\n<p>Neskatoties uz nopietni g\u016btaj\u0101m traum\u0101m av\u0101rij\u0101, kas Annijai liek p\u0101rvietoties rati\u0146kr\u0113sl\u0101, vi\u0146a ir  pozit\u012bva, iedvesmojo\u0161a, un m\u0113r\u0137tiec\u012bga jauna sieviete, kas ir uz\u0146\u0113m\u012bbas un sp\u0113ka pilna. Annija ir ar\u012b jaun\u0101k\u0101 sportiste no Latvijas, kura p\u0101rst\u0101v parabobsleju - sporta discipl\u012bnu, kas nereti tiek uzskat\u012bts par v\u012brie\u0161a sporta veidu. \u0160ogad jaun\u0101 sieviete izc\u012bn\u012bjusi zeltu Pasaules kausa 2. posma sacens\u012bb\u0101s parabobslej\u0101, t\u0101d\u0113j\u0101di k\u013c\u016bstot par pirmo sievieti, kas uzvar\u0113jusi \u0161aj\u0101 sporta veid\u0101 vienot\u0101 konkurenc\u0113, sacen\u0161oties abu dzimumu p\u0101rst\u0101vjiem. Viens no Annijas m\u0113r\u0137iem ir piedal\u012bties paralimpiskaj\u0101s sporta sp\u0113l\u0113s Pekin\u0101, \u0136\u012bn\u0101 kas norisin\u0101sies 2022. gad\u0101.<\/p><br \/>\n<p><iframe src='https:\/\/www.youtube.com\/embed\/jJ0VFpKIla0' width='560' height='315' frameborder='0' allowfullscreen='allowfullscreen'><\/iframe><\/p><br \/>\n<p><\/p><\/div><div id=\"tabs-2\" class=\"ui-tabs-panel ui-widget-content ui-corner-bottom\"><p>Es esmu Annija Kr\u016bmi\u0146a. Esmu 22 gadus jauna un esmu no Talsiem. Nelaimes gad\u012bjums noteikti \u013coti krasi izmain\u012bja manu dz\u012bvi, pirmk\u0101rt, liekot pieaugt, jo \u0161\u012b  trauma, ko es guvu 18 gadu vecum\u0101, kad lik\u0101s, ka s\u0101ksies visa dz\u012bve un jaun\u012bba, lika apzin\u0101ties, ka viss notiks nedaudz sav\u0101d\u0101k. Paties\u012bb\u0101 bija diezgan smagi, bet tas viss tikai un vien\u012bgi lika man augt un pieaugt, t\u0101p\u0113c ar\u012b br\u012b\u017eiem man liekas, ka es esmu krietni vec\u0101ka nek\u0101 es paties\u012bb\u0101, jo tik daudz liet\u0101m ir n\u0101cies iet cauri un tas, protams, ir dar\u012bjis mani tikai stipr\u0101ku.<\/p><br \/>\n<p><\/p><\/div><div id=\"tabs-3\" class=\"ui-tabs-panel ui-widget-content ui-corner-bottom\"><p>Svar\u012bg\u0101kais, protams, ir \u0123imene un \u0123imenes atbalsts, kas man\u0101 dz\u012bv\u0113 ir pal\u012bdz\u0113jis \u013coti daudz. To \u0161\u0137\u0113r\u0161\u013cu jau paties\u012bb\u0101 ir diezgan daudz, bet, manupr\u0101t, es ne ar ko neat\u0161\u0137iros no parasta cilv\u0113ka. Ne katrs no mums dz\u012bv\u0113 jau s\u0101kotn\u0113ji ir sasniedzis to, ko vi\u0146\u0161 v\u0113las. <\/p><br \/>\n<p>Tie \u0161\u0137\u0113r\u0161\u013ci jau ir tik daudz, ka vi\u0146us nekad nesalas\u012bt un nesaskait\u012bt. Pirmk\u0101rt, tu tos nevari p\u0101rvar\u0113t, ja tev nav atbalsts un man tas atbalsts ir \u013coti liels. Rakstur\u0101 es esmu diezgan neatlaid\u012bga, sp\u012bt\u012bga un st\u016brgalv\u012bga, un tas ar\u012b noteikti ir viens no tiem iemesliem, kas man licis \u0161os \u0161\u0137\u0113r\u0161\u013cus p\u0101rvar\u0113t.<\/p><\/div><div id=\"tabs-4\" class=\"ui-tabs-panel ui-widget-content ui-corner-bottom\"><p>Spilgt\u0101k\u0101s \u012bpa\u0161\u012bbas, kas man piem\u012bt ir labest\u012bba, pozit\u012bvisms, m\u012blest\u012bba un, protams, ar\u012b neatlaid\u012bba, sp\u012bt\u012bba un st\u016brgalv\u012bba, jo t\u0101s ir lietas un \u012bpa\u0161\u012bbas, kas mani dzen uz priek\u0161u. Viens no spilgt\u0101kajiem piem\u0113riem \u0161eit ir parabobslejs. <\/p><br \/>\n<p>Protams, n\u0101c\u0101s str\u0101d\u0101t gan fiziski, gan gar\u012bgi un n\u0101c\u0101s \u013coti tie\u0161i c\u012bn\u012bties ar bail\u0113m, kas man bija. Es katru dienu sevi m\u0113\u0123inu pilnveidot, es katru dienu m\u0113\u0123inu dar\u012bt kaut ko jaunu, vai ar\u012b dar\u012bt lietas, kuras man \u013coti labi san\u0101k un kas man vienk\u0101r\u0161i rada prieku. Br\u012bvaj\u0101 laik\u0101 es ar\u012b dziedu, nodarbojos ar m\u016bziku. <\/p><br \/>\n<p>\u013boti liela da\u013ca manas ikdienas aiz\u0146em da\u017e\u0101das aktivit\u0101tes, kas saist\u012btas ar manu vesel\u012bbu -  fizioterapija, nodarb\u012bbas basein\u0101, reitterapijas nodarb\u012bbas un ar\u012b, protams, parabobsleja treni\u0146i. Rokdarbi ir v\u0113l viena lieta, kas mani aizrauj un \u013cauj man savest k\u0101rt\u012bb\u0101 domas.<br \/><br \/>\n<\/p><\/div><div id=\"tabs-5\" class=\"ui-tabs-panel ui-widget-content ui-corner-bottom\"><p>Liel\u0101kais padoms, ko es, iesp\u0113jams, var\u0113tu dot, ir tic\u012bba, jo bez tic\u012bbas nekas nenotiek. Ja tu tici sev, tu j\u016bties p\u0101rliecin\u0101ts par to, ko dari un tev \u0161ie darbi ar\u012b veicas. M\u0113s - sievietes - sp\u0113jam \u013coti daudz un to es sev pier\u0101du katru dienu!<\/p><\/div><\/div><\/p>","protected":false},"excerpt":{"rendered":"","protected":false},"author":2,"featured_media":1762,"parent":0,"menu_order":0,"comment_status":"closed","ping_status":"closed","template":"","meta":{"footnotes":""},"categories":[4,8],"tags":[],"class_list":["post-822","page","type-page","status-publish","has-post-thumbnail","hentry","category-country","category-latvia"],"_links":{"self":[{"href":"https:\/\/100mirrors-inc.eu\/lv\/wp-json\/wp\/v2\/pages\/822","targetHints":{"allow":["GET"]}}],"collection":[{"href":"https:\/\/100mirrors-inc.eu\/lv\/wp-json\/wp\/v2\/pages"}],"about":[{"href":"https:\/\/100mirrors-inc.eu\/lv\/wp-json\/wp\/v2\/types\/page"}],"author":[{"embeddable":true,"href":"https:\/\/100mirrors-inc.eu\/lv\/wp-json\/wp\/v2\/users\/2"}],"replies":[{"embeddable":true,"href":"https:\/\/100mirrors-inc.eu\/lv\/wp-json\/wp\/v2\/comments?post=822"}],"version-history":[{"count":65,"href":"https:\/\/100mirrors-inc.eu\/lv\/wp-json\/wp\/v2\/pages\/822\/revisions"}],"predecessor-version":[{"id":2293,"href":"https:\/\/100mirrors-inc.eu\/lv\/wp-json\/wp\/v2\/pages\/822\/revisions\/2293"}],"wp:featuredmedia":[{"embeddable":true,"href":"https:\/\/100mirrors-inc.eu\/lv\/wp-json\/wp\/v2\/media\/1762"}],"wp:attachment":[{"href":"https:\/\/100mirrors-inc.eu\/lv\/wp-json\/wp\/v2\/media?parent=822"}],"wp:term":[{"taxonomy":"category","embeddable":true,"href":"https:\/\/100mirrors-inc.eu\/lv\/wp-json\/wp\/v2\/categories?post=822"},{"taxonomy":"post_tag","embeddable":true,"href":"https:\/\/100mirrors-inc.eu\/lv\/wp-json\/wp\/v2\/tags?post=822"}],"curies":[{"name":"wp","href":"https:\/\/api.w.org\/{rel}","templated":true}]}}