{"id":1587,"date":"2018-01-31T12:58:34","date_gmt":"2018-01-31T12:58:34","guid":{"rendered":"http:\/\/100mirrors-inc.eu\/?page_id=1587"},"modified":"2018-08-29T11:15:43","modified_gmt":"2018-08-29T11:15:43","slug":"polski-ewa-grad","status":"publish","type":"page","link":"https:\/\/100mirrors-inc.eu\/pl\/polski-ewa-grad\/","title":{"rendered":"Ewa Grad"},"content":{"rendered":"<p><img loading=\"lazy\" decoding=\"async\" class=\"alignleft size-thumbnail wp-image-2541\" src=\"http:\/\/100mirrors-inc.eu\/wp-content\/uploads\/2018\/08\/Ewa-Grad_-150x150.png\" alt=\"\" width=\"150\" height=\"150\" srcset=\"https:\/\/100mirrors-inc.eu\/wp-content\/uploads\/2018\/08\/Ewa-Grad_-150x150.png 150w, https:\/\/100mirrors-inc.eu\/wp-content\/uploads\/2018\/08\/Ewa-Grad_-24x24.png 24w, https:\/\/100mirrors-inc.eu\/wp-content\/uploads\/2018\/08\/Ewa-Grad_-36x36.png 36w, https:\/\/100mirrors-inc.eu\/wp-content\/uploads\/2018\/08\/Ewa-Grad_-48x48.png 48w, https:\/\/100mirrors-inc.eu\/wp-content\/uploads\/2018\/08\/Ewa-Grad_.png 300w\" sizes=\"auto, (max-width: 150px) 100vw, 150px\" \/><div class=\"otw-sc-tabs ui-tabs ui-widget ui-widget-content ui-corner-all\"><ul class=\"ui-tabs-nav ui-helper-reset ui-helper-clearfix ui-widget-header ui-corner-all\"><li><span class=\"tab-title\">Ewa Grad<\/span><\/li><li class=\"ui-state-default ui-corner-top\"><a href=\"#tabs-1\"><i class=\"general foundicon-smiley\"> <\/i>O MNIE<\/a><\/li><li class=\"ui-state-default ui-corner-top\"><a href=\"#tabs-2\"><i class=\"general foundicon-star\"> <\/i>MOJA HISTORIA <\/a><\/li><li class=\"ui-state-default ui-corner-top\"><a href=\"#tabs-3\"><i class=\"social foundicon-thumb-up\"> <\/i>MOJA MOTYWACJA<\/a><\/li><li class=\"ui-state-default ui-corner-top\"><a href=\"#tabs-4\"><i class=\"general foundicon-idea\"> <\/i>M\u00d3J POMYS\u0141<\/a><\/li><li class=\"ui-state-default ui-corner-top\"><a href=\"#tabs-5\"><i class=\"general foundicon-plus\"> <\/i>MOJE DO\u015aWIADCZENIE<\/a><\/li><li class=\"ui-state-default ui-corner-top\"><a href=\"#tabs-6\"><i class=\"general foundicon-tools\"> <\/i>MOJE UMIEJ\u0118TNO\u015aCI<\/a><\/li><li class=\"ui-state-default ui-corner-top\"><a href=\"#tabs-7\"><i class=\"general foundicon-star\"> <\/i>RADY I WSKAZ\u00d3WKI<\/a><\/li><\/ul><div id=\"tabs-1\" class=\"ui-tabs-panel ui-widget-content ui-corner-bottom\"><p><strong>imi\u0119 i nazwisko:<\/strong> Ewa Grad<br \/><br \/>\n<strong>Kraj:<\/strong> Polska<br \/><br \/>\n<strong>Miasto:<\/strong> \u0141a\u0144cut<br \/><br \/>\n<strong>Narodowo\u015b\u0107:<\/strong> Polskie<br \/><br \/>\n<strong>wykszta\u0142cenie:<\/strong> \u015arednie<br \/><br \/>\n<strong>Sektor:<\/strong> Us\u0142ugi<br \/><br \/>\n<strong>Stanowisko w firmie i strona internetowa:<\/strong> Manager in catering company<\/p><\/div><div id=\"tabs-2\" class=\"ui-tabs-panel ui-widget-content ui-corner-bottom\"><p>Nazywam si\u0119 Ewa Grad i jestem osob\u0105 niepe\u0142nosprawn\u0105. Pracuj\u0119 w firmie kobiecej, w kt\u00f3rej jestem managerem. Jest to firma handlowo-us\u0142ugowa. W 2004 roku zachorowa\u0142am na nowotw\u00f3r piersi. Diagnoza by\u0142a jak wyrok. Podda\u0142am si\u0119 chemioterapii, radioterapii i usuni\u0119ciu piersi i walczy\u0142am do ko\u0144ca. Niestety izolacja i brak pracy by\u0142y dla mnie i dla mojej rodziny du\u017cym obci\u0105\u017ceniem. Mam m\u0119\u017ca i dwie c\u00f3rki, kt\u00f3re wtedy chodzi\u0142y do gimnazjum. <\/p><\/div><div id=\"tabs-3\" class=\"ui-tabs-panel ui-widget-content ui-corner-bottom\"><p>Ewa Grad jest sob\u0105 niepe\u0142nosprawn\u0105. Pracuje firmie kobiecej w kt\u00f3rej jest menad\u017cerem. Jest to firma handlowo-us\u0142ugowa. Razem z innymi kobietami z niepe\u0142nosprawno\u015bciami prowadzi 4 punkty gastronomiczne. W 2004 roku zachorowa\u0142a na raka piersi. Diagnoza by\u0142a dla niej jak wyrok, ale si\u0119 nie podda\u0142a. Rozpocz\u0119\u0142a prace w Zak\u0142adzie Aktywno\u015bci Zawodowej, gdzie wiele si\u0119 nauczy\u0142a i przesz\u0142a szereg kurs\u00f3w, takich jak kelnerski, gastronomiczny, kurs obs\u0142ugi klienta. Pozna\u0142a kobiety z r\u00f3\u017cnymi schorzeniami, z kt\u00f3rymi si\u0119 zaprzyja\u017ani\u0142a. Obecnie, z grup\u0105 kobiet - r\u00f3wnie\u017c niepe\u0142nosprawnych - za\u0142o\u017cy\u0142y w\u0142asn\u0105 firm\u0119 i prowadz\u0105 4 punkty gastronomiczne. <\/p><\/div><div id=\"tabs-4\" class=\"ui-tabs-panel ui-widget-content ui-corner-bottom\"><p>Po kilku latach sytuacja w firmie zacz\u0119\u0142a si\u0119 zmienia\u0107, wi\u0119c z grup\u0105 kobiet - r\u00f3wnie\u017c niepe\u0142nosprawnych - postanowi\u0142y\u015bmy za\u0142o\u017cy\u0107 w\u0142asn\u0105 firm\u0119. Jest to firma handlowo-us\u0142ugowa. Jak na wst\u0119pie wspomnia\u0142am prowadzimy 4 punkty sprzeda\u017cy, w kt\u00f3rych urz\u0105dzenie w\u0142o\u017cy\u0142y\u015bmy bardzo du\u017co pracy i serca, aby by\u0142o mi\u0142o i estetycznie, a przede wszystkim \u017ceby\u015bmy by\u0142y niezale\u017cne. Praca ta daje nam du\u017co satysfakcji, du\u017co spokoju i to \u017ce jeste\u015bmy niezale\u017cne. Ciesz\u0119 si\u0119 z pracy z kole\u017cankami, poniewa\u017c bardzo si\u0119 zaprzyja\u017ani\u0142y\u015bmy, bardzo dobrze si\u0119 rozumiemy i nawzajem si\u0119 zast\u0119pujemy a przede wszystkim jeste\u015bmy niezale\u017cne. <\/p><\/div><div id=\"tabs-5\" class=\"ui-tabs-panel ui-widget-content ui-corner-bottom\"><p>W pobli\u017cu mojego miejsca zamieszkania jest Zak\u0142ad Aktywno\u015bci Zawodowej, gdzie pracuj\u0105 osoby niepe\u0142nosprawne. Podj\u0119\u0142am tam prac\u0119. Praca tam by\u0142a 5-godzinowa. Jest to firma gastronomiczno-cateringowa. W zak\u0142adzie tym wiele si\u0119 nauczy\u0142am, przesz\u0142am szereg kurs\u00f3w, takich jak kelnerski, gastronomiczny, kurs obs\u0142ugi klienta, HACCAP. Pozna\u0142am kobiety z r\u00f3\u017cnymi schorzeniami, z kt\u00f3rymi si\u0119 bardzo zaprzyja\u017ani\u0142am. <\/p><\/div><div id=\"tabs-6\" class=\"ui-tabs-panel ui-widget-content ui-corner-bottom\"><p>Jestem osob\u0105 bardzo dobrze zorganizowan\u0105, \u0142atwo nawi\u0105zuj\u0119 kontakty z innymi, jestem otwarta na r\u00f3\u017cne propozycje.<\/p><\/div><div id=\"tabs-7\" class=\"ui-tabs-panel ui-widget-content ui-corner-bottom\"><p>Je\u015bli chodzi o prowadzenie przedsi\u0119biorczo\u015bci, to wymaga to du\u017cej odpowiedzialno\u015bci, koncentracji oraz du\u017cego zaanga\u017cowania. W Polsce jest to chyba jedyny spos\u00f3b, \u017ceby kobieta niepe\u0142nosprawna mog\u0142a realizowa\u0107 si\u0119 zawodowo i by\u0107 jednocze\u015bnie niezale\u017cna. Nie powinno si\u0119 poddawa\u0107 tylko koniecznie nale\u017cy i\u015b\u0107 do przodu i walczy\u0107 o swoje do ko\u0144ca.<\/p><\/div><\/div><\/p>","protected":false},"excerpt":{"rendered":"","protected":false},"author":2,"featured_media":2541,"parent":0,"menu_order":0,"comment_status":"closed","ping_status":"closed","template":"","meta":{"footnotes":""},"categories":[4,6],"tags":[],"class_list":["post-1587","page","type-page","status-publish","has-post-thumbnail","hentry","category-country","category-poland"],"_links":{"self":[{"href":"https:\/\/100mirrors-inc.eu\/pl\/wp-json\/wp\/v2\/pages\/1587","targetHints":{"allow":["GET"]}}],"collection":[{"href":"https:\/\/100mirrors-inc.eu\/pl\/wp-json\/wp\/v2\/pages"}],"about":[{"href":"https:\/\/100mirrors-inc.eu\/pl\/wp-json\/wp\/v2\/types\/page"}],"author":[{"embeddable":true,"href":"https:\/\/100mirrors-inc.eu\/pl\/wp-json\/wp\/v2\/users\/2"}],"replies":[{"embeddable":true,"href":"https:\/\/100mirrors-inc.eu\/pl\/wp-json\/wp\/v2\/comments?post=1587"}],"version-history":[{"count":15,"href":"https:\/\/100mirrors-inc.eu\/pl\/wp-json\/wp\/v2\/pages\/1587\/revisions"}],"predecessor-version":[{"id":2675,"href":"https:\/\/100mirrors-inc.eu\/pl\/wp-json\/wp\/v2\/pages\/1587\/revisions\/2675"}],"wp:featuredmedia":[{"embeddable":true,"href":"https:\/\/100mirrors-inc.eu\/pl\/wp-json\/wp\/v2\/media\/2541"}],"wp:attachment":[{"href":"https:\/\/100mirrors-inc.eu\/pl\/wp-json\/wp\/v2\/media?parent=1587"}],"wp:term":[{"taxonomy":"category","embeddable":true,"href":"https:\/\/100mirrors-inc.eu\/pl\/wp-json\/wp\/v2\/categories?post=1587"},{"taxonomy":"post_tag","embeddable":true,"href":"https:\/\/100mirrors-inc.eu\/pl\/wp-json\/wp\/v2\/tags?post=1587"}],"curies":[{"name":"wp","href":"https:\/\/api.w.org\/{rel}","templated":true}]}}