{"id":1599,"date":"2018-01-31T13:18:33","date_gmt":"2018-01-31T13:18:33","guid":{"rendered":"http:\/\/100mirrors-inc.eu\/?page_id=1599"},"modified":"2018-08-29T11:15:18","modified_gmt":"2018-08-29T11:15:18","slug":"alicja-magierska","status":"publish","type":"page","link":"https:\/\/100mirrors-inc.eu\/pl\/alicja-magierska\/","title":{"rendered":"Alicja Magierska"},"content":{"rendered":"<p><img loading=\"lazy\" decoding=\"async\" class=\"alignleft size-thumbnail wp-image-2551\" src=\"http:\/\/100mirrors-inc.eu\/wp-content\/uploads\/2018\/08\/Alicja-Magierska_-150x150.png\" alt=\"\" width=\"150\" height=\"150\" srcset=\"https:\/\/100mirrors-inc.eu\/wp-content\/uploads\/2018\/08\/Alicja-Magierska_-150x150.png 150w, https:\/\/100mirrors-inc.eu\/wp-content\/uploads\/2018\/08\/Alicja-Magierska_-24x24.png 24w, https:\/\/100mirrors-inc.eu\/wp-content\/uploads\/2018\/08\/Alicja-Magierska_-36x36.png 36w, https:\/\/100mirrors-inc.eu\/wp-content\/uploads\/2018\/08\/Alicja-Magierska_-48x48.png 48w, https:\/\/100mirrors-inc.eu\/wp-content\/uploads\/2018\/08\/Alicja-Magierska_.png 300w\" sizes=\"auto, (max-width: 150px) 100vw, 150px\" \/><div class=\"otw-sc-tabs ui-tabs ui-widget ui-widget-content ui-corner-all\"><ul class=\"ui-tabs-nav ui-helper-reset ui-helper-clearfix ui-widget-header ui-corner-all\"><li><span class=\"tab-title\">Alicja Magierska<\/span><\/li><li class=\"ui-state-default ui-corner-top\"><a href=\"#tabs-1\"><i class=\"general foundicon-smiley\"> <\/i>O MNIE<\/a><\/li><li class=\"ui-state-default ui-corner-top\"><a href=\"#tabs-2\"><i class=\"general foundicon-star\"> <\/i>MOJA HISTORIA <\/a><\/li><li class=\"ui-state-default ui-corner-top\"><a href=\"#tabs-3\"><i class=\"social foundicon-thumb-up\"> <\/i>MOJA MOTYWACJA<\/a><\/li><li class=\"ui-state-default ui-corner-top\"><a href=\"#tabs-4\"><i class=\"general foundicon-idea\"> <\/i>M\u00d3J POMYS\u0141<\/a><\/li><li class=\"ui-state-default ui-corner-top\"><a href=\"#tabs-5\"><i class=\"general foundicon-plus\"> <\/i>MOJE DO\u015aWIADCZENIE<\/a><\/li><li class=\"ui-state-default ui-corner-top\"><a href=\"#tabs-6\"><i class=\"general foundicon-tools\"> <\/i>MOJE UMIEJ\u0118TNO\u015aCI<\/a><\/li><li class=\"ui-state-default ui-corner-top\"><a href=\"#tabs-7\"><i class=\"general foundicon-star\"> <\/i>RADY I WSKAZ\u00d3WKI<\/a><\/li><\/ul><div id=\"tabs-1\" class=\"ui-tabs-panel ui-widget-content ui-corner-bottom\"><p><strong>imi\u0119 i nazwisko:<\/strong> Alicja Magierska<br \/><br \/>\n<strong>Kraj:<\/strong> Polska<br \/><br \/>\n<strong>Miasto:<\/strong> Rzesz\u00f3w<br \/><br \/>\n<strong>Narodowo\u015b\u0107:<\/strong> Polskie<br \/><br \/>\n<strong>wykszta\u0142cenie:<\/strong> \u015arednie<br \/><br \/>\n<strong>Sektor:<\/strong> Us\u0142ugi i edukacja <strong>Stanowisko w firmie i strona internetowa:<\/strong> Dyrektor sprzeda\u017cy w Mary Key<\/p><\/div><div id=\"tabs-2\" class=\"ui-tabs-panel ui-widget-content ui-corner-bottom\"><p>Nazywam si\u0119 Alicja Magierska. Prywatnie jestem \u017con\u0105, matk\u0105 i babci\u0105, z zawodu wyuczonego jestem piel\u0119gniark\u0105. W moim \u017cyciu Mary Kay zmieni\u0142o du\u017co. Zmieni\u0142o przede wszystkim na p\u0142aszczy\u017anie relacji. Tak jak wspomnia\u0142am na pocz\u0105tku potrzebowa\u0142am zmiany bo dosz\u0142am do takiego momentu, mog\u0119 powiedzie\u0107 wypalenia zawodowego. Dla mnie pacjent by\u0142 zawsze najwa\u017cniejszy w pracy zawodowej a nasta\u0142 taki moment, kiedy zacz\u0119\u0142am dostrzega\u0107 to \u017ce zacz\u0119\u0142am ludzi traktowa\u0107 przedmiotowo. Po tym zdarzeniu zapali\u0142a si\u0119 mi czerwona lampka, \u017ce musz\u0119 co\u015b w swoim \u017cyciu zmieni\u0107, bo tak dalej by\u0107 nie mo\u017ce. Bardzo wiele w moim \u017cyciu da\u0142y mi szkolenia z rozwoju osobistego, to \u017ce pozna\u0142am siebie jak\u0105 jestem osob\u0105 i praca ze sob\u0105 daje mi ogromn\u0105 satysfakcj\u0119 bo ka\u017cdego dnia mam okazj\u0119 stawa\u0107 si\u0119 lepsz\u0105 wersj\u0105 siebie a robi\u0105 to i wychodz\u0105c do innych kobiet mog\u0119 by\u0107 nadziej\u0105 dla ka\u017cdej kobiety dziel\u0105c si\u0119 mo\u017cliwo\u015bciami jakie daje Mary Kay i sprawi\u0107 aby poczu\u0142y si\u0119 pi\u0119kne i wyj\u0105tkowe, \u017ceby by\u0142y dla siebie wa\u017cne. To czego si\u0119 jeszcze nauczy\u0142am to to, \u017ce zdecydowanie wa\u017cniejsze s\u0105 osoby dla mnie, Ci kt\u00f3rych spotykam na mojej drodze. \u017be mog\u0119 im pom\u00f3c i da\u0107 szans\u0119 na lepsze jutro. <\/p><\/div><div id=\"tabs-3\" class=\"ui-tabs-panel ui-widget-content ui-corner-bottom\"><p>Mary Kay jest wyj\u0105tkowym miejscem dla ka\u017cdej kobiety, nie tylko zbudowanie siebie jako kobiety, swojej kobieco\u015bci , poczucia warto\u015bci bo cz\u0119sto nam tego brakuje, to r\u00f3wnie\u017c patrz\u0105c przez pryzmat innych, tak postrzegamy siebie i innych ludzi. Je\u015bli chodzi o biznes, jest on bardzo prosty, ale jednocze\u015bnie nie jest \u0142atwy jak ka\u017cdy biznes, musimy zacz\u0105\u0107 od stawania si\u0119 lepsz\u0105 wersj\u0105 siebie, ogrywania strach\u00f3w, budowania siebie i tak\u017ce dostrzegania innych kobiet. Id\u0105c na spotkanie kosmetyczne id\u0119 z za\u0142o\u017ceniem, \u017ce sprawi\u0119, aby kobieta poczu\u0142a si\u0119 wyj\u0105tkowa, nauczy\u0107 j\u0105 jak piel\u0119gnowa\u0107 swoj\u0105 sk\u00f3r\u0119, jak podnie\u015b\u0107 swoj\u0105 warto\u015b\u0107 i atrakcyjno\u015b\u0107, r\u00f3wnie\u017c na rynku pracy, ale tak\u017ce w \u017cyciu osobistym bo wiadomo, \u017ce je\u015bli fajnie wygl\u0105damy, fajnie si\u0119 czujemy to jeste\u015bmy lepszymi mamami, lepszymi \u017conami i kobietami, cz\u0119\u015bciej si\u0119 u\u015bmiechamy a \u015bwiat staje si\u0119 rado\u015bniejszy i weselszy. <\/p><\/div><div id=\"tabs-4\" class=\"ui-tabs-panel ui-widget-content ui-corner-bottom\"><p>Wiele lat pracowa\u0142am w swoim zawodzie, ale w pewnym momencie mojego \u017cycia stan\u0119\u0142a na mojej drodze Mary Kay, by\u0142o to prawie 7 lat temu, kiedy to moja s\u0105siadka zaprosi\u0142a mnie na warsztaty piel\u0119gnacyjne, wtedy pozna\u0142am po raz pierwszy mark\u0119 Mary Kay i jej luksusowe produkty. Na warsztatach piel\u0119gnacyjnych nie czu\u0142am si\u0119 dobrze jako kobieta poniewa\u017c mia\u0142am zaniedban\u0105 sk\u00f3r\u0119 i ogromne potrzeby piel\u0119gnacyjne, ale z kobietami, kt\u00f3re tam spotka\u0142am czu\u0142am si\u0119 wyj\u0105tkowo dobrze, prawie jak w domu rodzinnym. Aczkolwiek produkt by\u0142 moja mi\u0142o\u015bci\u0105 od pierwszego dotyku i z tego powodu rozpocz\u0119\u0142am wsp\u00f3\u0142prac\u0119 z Mary Kay i wychodzi\u0107 z ich ofert\u0105 do innych kobiet. W tym momencie bardziej chcia\u0142am poprawi\u0107 wygl\u0105d mojej sk\u00f3ry i zaspokoi\u0107 jej potrzeby . Po pewnym czasie posz\u0142am na warsztaty i tam zosta\u0142y zaspokojone potrzeby mojego serca. Poczu\u0142am wtedy, \u017ce chc\u0119 z nimi wsp\u00f3\u0142pracowa\u0107, bo warto\u015bci firmy s\u0105 zgodne z moimi warto\u015bciami czyli wiara, rodzina, kariera. Poniewa\u017c by\u0142am na takim etapie w \u017cyciu gdy potrzebowa\u0142am zmiany i postanowi\u0142am, \u017ce aby si\u0119 dokona\u0142a jakakolwiek zmiana we mnie to musz\u0119 zmieni\u0107 otoczenie. I tak rozpocz\u0119\u0142am przygod\u0119 z produktem, czu\u0142am \u017ce potrzebuj\u0119 zmiany dla siebie i swojego rozwoju. Warto\u015bci\u0105 dodan\u0105, poza luksusowym produktem, jest to \u017ce mamy nieograniczone mo\u017cliwo\u015bci rozwoju i pomagania innym. Jako \u017ce zaw\u00f3d piel\u0119gniarki wykonywa\u0142am z mi\u0142o\u015bci i powo\u0142ania bo zawsze chcia\u0142am pomaga\u0107 innym. Po wielu latach pracy zawodowej dosz\u0142am do momentu gdy postanowi\u0142am zrezygnowa\u0107 z etatu i zaj\u0105\u0107 si\u0119 profesjonalnie rozwojem swojego biznesu. Wiedza, kt\u00f3r\u0105 zdoby\u0142am w trakcie szkole\u0144 oferowanych przez firm\u0119 Mary Kay z rozwoju osobistego, korzysta\u0142am te\u017c z do\u015bwiadczenia zawodowego innych aby osi\u0105gn\u0105\u0107 wynik o jakim marzy\u0142am. <\/p><\/div><div id=\"tabs-5\" class=\"ui-tabs-panel ui-widget-content ui-corner-bottom\"><p>Jak najbardziej biznes jest odpowiedni dla kobiet niepe\u0142nosprawnych. Mamy w swoich szeregach kobiety z niepe\u0142nosprawno\u015bci\u0105 na w\u00f3zkach inwalidzkich i to jest zawsze najbardziej poruszaj\u0105ce nasze serca kobiet, kt\u00f3re maj\u0105 sprawne dwie r\u0119ce i nogi to skoro kobiety niepe\u0142nosprawne potrafi\u0105 osi\u0105gn\u0105\u0107 sukces, to my uwa\u017camy, \u017ce jeste\u015bmy leniwe i czasami grzeszymy bo ten biznes jest naprawd\u0119 dla ka\u017cdej kobiety, kt\u00f3ra chce czego\u015b wi\u0119cej w swoim \u017cyciu. Mary Kay jest dos\u0142ownie inkubatorem dla ka\u017cdej kobiety, dla rozwoju, wzrostu i to my same decydujemy w jakim czasie , w jakim tempie rozwijamy sw\u00f3j biznes. Nikt tu nam nie m\u00f3wi jak szybko mamy robi\u0107 programy rozpoczynaj\u0105c wsp\u00f3\u0142prac\u0119 z Mary Kay jeste\u015bmy niezale\u017cnymi konsultantkami kosmetycznymi. Ka\u017cda kobieta rozpoczyna z tego samego poziomu, nie ma inaczej. A to jak kroczymy po \u015bcie\u017cce kariery to nasza osobista sprawa bo ka\u017cdy potrzebuje czego\u015b innego, ka\u017cda przychodzi z innego powodu, bo miejsce jest dla ka\u017cdej kobiety niezale\u017cnie od wieku, pochodzenia, wykszta\u0142cenia, wygl\u0105du. Wa\u017cne jest to czego my chcemy w \u017cyciu i czy tego chcemy. Tak naprawd\u0119 mo\u017cemy osi\u0105gn\u0105\u0107 sukcesy w szybkim tempie bo mamy tzw. Programy firmowe i podejmujemy wyzwania, same wyznaczamy sobie cele, co chcemy i w jakim czasie osi\u0105gn\u0105\u0107. Programy te tworzymy po to aby by\u0142y \u015bcie\u017ck\u0105 kariery, drogowskazem. Je\u017celi wyznaczamy sobie cele i je realizujemy, wtedy zobowi\u0105zujemy si\u0119 przed samym sob\u0105 i to jest najwa\u017cniejsze w karierze, \u017ceby\u015bmy by\u0142y uczciwe bo jak sobie co\u015b obiecamy to je\u015bli mamy pewne warto\u015bci to wtedy staramy si\u0119 by\u0107 sp\u00f3jne, uczciwe i szczere same ze sob\u0105. Dlatego ka\u017cda kobieta, tak jak powiedzia\u0142am, niezale\u017cnie od wieku, pochodzenia mo\u017ce znale\u017a\u0107 tu swoje miejsce, przestrze\u0144. Jedne przychodz\u0105 dla brylant\u00f3w, tak jak moja starsza dyrektor, kt\u00f3ra zaprosi\u0142a mnie do biznesu, j\u0105 inspirowa\u0142y brylanty. Inne przychodz\u0105 dla relacji, fajnej energii, rozwoju, szkole\u0144, dla wygl\u0105du i wyj\u015bcia, jak my to nazywamy do \u201er\u00f3\u017cowego \u015bwiata''.<\/p><\/div><div id=\"tabs-6\" class=\"ui-tabs-panel ui-widget-content ui-corner-bottom\"><p>Bardzo wiele w moim \u017cyciu da\u0142y mi szkolenia z rozwoju osobistego, to \u017ce pozna\u0142am siebie jak\u0105 jestem osob\u0105 i praca ze sob\u0105 daje mi ogromn\u0105 satysfakcj\u0119 bo ka\u017cdego dnia mam okazj\u0119 stawa\u0107 si\u0119 lepsz\u0105 wersj\u0105 siebie a robi\u0105 to i wychodz\u0105c do innych kobiet mog\u0119 by\u0107 nadziej\u0105 dla ka\u017cdej kobiety dziel\u0105c si\u0119 mo\u017cliwo\u015bciami jakie daje Mary Kay i sprawi\u0107 aby poczu\u0142y si\u0119 pi\u0119kne i wyj\u0105tkowe, \u017ceby by\u0142y dla siebie wa\u017cne. To czego si\u0119 jeszcze nauczy\u0142am to to, \u017ce zdecydowanie wa\u017cniejsze s\u0105 osoby dla mnie, Ci kt\u00f3rych spotykam na mojej drodze. \u017be mog\u0119 im pom\u00f3c i da\u0107 szans\u0119 na lepsze jutro. <\/p><\/div><div id=\"tabs-7\" class=\"ui-tabs-panel ui-widget-content ui-corner-bottom\"><p>Wiadomo, \u017ce ka\u017cdy biznes jest nie\u0142atwy aczkolwiek bardzo prosty, bo ka\u017cda kobieta je\u015bli zainspiruje si\u0119 histori\u0105 innej kobiety, znajdzie si\u0119 w \u015brodowisku gdzie znajdzie wsparcie od innych , gdzie zainspiruje si\u0119 histori\u0105 innej kobiety, to my kobiety mamy nieograniczone mo\u017cliwo\u015bci, drzemie w nas ogromny potencja\u0142. Wa\u017cne jest aby\u015bmy chcia\u0142y dzia\u0142a\u0107, by\u0107 kobietami czynu, przyk\u0142adem dla naszych dzieci, bo wiadomo, \u017ce zawsze prowadzimy przyk\u0142adem i to najbardziej urzeka mnie w naszym biznesie, \u017ce prowadzimy ludzi przyk\u0142adem, \u017ce nie mamy tu menad\u017cer\u00f3w a mamy lider\u00f3w i oni nas prowadz\u0105, kobiety , kt\u00f3re osi\u0105gaj\u0105 sukcesy. Je\u017celi pozwolimy si\u0119 zainspirowa\u0107 i poprowadzi\u0107, p\u00f3j\u015b\u0107 za wskaz\u00f3wkami to mo\u017cemy osi\u0105ga\u0107 nieograniczone sukcesy. To jest najpi\u0119kniejsze, \u017ce nasza przygoda nigdy si\u0119 nie ko\u0144czy. <\/p><\/div><\/div><\/p>","protected":false},"excerpt":{"rendered":"","protected":false},"author":2,"featured_media":2551,"parent":0,"menu_order":0,"comment_status":"closed","ping_status":"closed","template":"","meta":{"footnotes":""},"categories":[4,6],"tags":[],"class_list":["post-1599","page","type-page","status-publish","has-post-thumbnail","hentry","category-country","category-poland"],"_links":{"self":[{"href":"https:\/\/100mirrors-inc.eu\/pl\/wp-json\/wp\/v2\/pages\/1599","targetHints":{"allow":["GET"]}}],"collection":[{"href":"https:\/\/100mirrors-inc.eu\/pl\/wp-json\/wp\/v2\/pages"}],"about":[{"href":"https:\/\/100mirrors-inc.eu\/pl\/wp-json\/wp\/v2\/types\/page"}],"author":[{"embeddable":true,"href":"https:\/\/100mirrors-inc.eu\/pl\/wp-json\/wp\/v2\/users\/2"}],"replies":[{"embeddable":true,"href":"https:\/\/100mirrors-inc.eu\/pl\/wp-json\/wp\/v2\/comments?post=1599"}],"version-history":[{"count":19,"href":"https:\/\/100mirrors-inc.eu\/pl\/wp-json\/wp\/v2\/pages\/1599\/revisions"}],"predecessor-version":[{"id":2673,"href":"https:\/\/100mirrors-inc.eu\/pl\/wp-json\/wp\/v2\/pages\/1599\/revisions\/2673"}],"wp:featuredmedia":[{"embeddable":true,"href":"https:\/\/100mirrors-inc.eu\/pl\/wp-json\/wp\/v2\/media\/2551"}],"wp:attachment":[{"href":"https:\/\/100mirrors-inc.eu\/pl\/wp-json\/wp\/v2\/media?parent=1599"}],"wp:term":[{"taxonomy":"category","embeddable":true,"href":"https:\/\/100mirrors-inc.eu\/pl\/wp-json\/wp\/v2\/categories?post=1599"},{"taxonomy":"post_tag","embeddable":true,"href":"https:\/\/100mirrors-inc.eu\/pl\/wp-json\/wp\/v2\/tags?post=1599"}],"curies":[{"name":"wp","href":"https:\/\/api.w.org\/{rel}","templated":true}]}}