{"id":2,"date":"2016-05-10T03:48:21","date_gmt":"2016-05-10T03:48:21","guid":{"rendered":"http:\/\/wp452m.a10-52-158-154.qa.plesk.ru\/wordpress\/?page_id=2"},"modified":"2019-06-12T09:23:44","modified_gmt":"2019-06-12T09:23:44","slug":"project","status":"publish","type":"page","link":"https:\/\/100mirrors-inc.eu\/pl\/project\/","title":{"rendered":"O PROJEKCIE"},"content":{"rendered":"<p><\/p>\n<p style=\"text-align: justify;\">Niniejszy projekt 100Mirrors Inclusive jest kontynuacj\u0105 dw\u00f3ch innych projekt\u00f3w UE: 100Mirrors i 100Mirrors Extended, w kt\u00f3rych uczestniczy\u0142o 10 kraj\u00f3w UE: Hiszpania, W\u0142ochy, Francja, Rep. Czech, Grecja, Holandia, Austria, UK, Polska i S\u0142owenia.\u00a0 G\u0142\u00f3wnym celem poprzednich projekt\u00f3w by\u0142o podkre\u015blenie i pokazanie modeli \/ przyk\u0142ad\u00f3w przedsi\u0119biorczych kobiet (lustra) w jakimkolwiek zakresie, ze szczeg\u00f3lnym uwzgl\u0119dnieniem nauczycieli szk\u00f3\u0142 wy\u017cszych i doradc\u00f3w zawodowych, w celu przedstawienia tre\u015bci projektu jako zasob\u00f3w edukacyjnych.<br \/>\nZgodnie z priorytetowymi celami Programu Erasmus + projekt 100Mirrors Inclusive zaprezentuje kobiety z niepe\u0142nosprawno\u015bciami z 5 kraj\u00f3w europejskich (Hiszpania, Polska, Grecja, \u0141otwa i Malta), w sumie w projekcie ponownie zaanga\u017cowanych zostanie 100 kobiet z niepe\u0142nosprawno\u015bciami, kt\u00f3re b\u0119d\u0105 modelami dla innych kobiet, kt\u00f3re pragn\u0105 rozpocz\u0105\u0107 w\u0142asn\u0105 dzia\u0142alno\u015b\u0107 gospodarcz\u0105 lub wzmocni\u0107 swoje umiej\u0119tno\u015bci tw\u00f3rcze i przedsi\u0119biorcze. Rezultaty projektu:<br \/>\n\u2022 Raport na temat przedsi\u0119biorczo\u015bci inkluzywnej, obecna sytuacja niepe\u0142nosprawnych kobiet w krajach partnerskich i w Europie, ich potrzeby szkoleniowe i doradcze w tym obszarze.<br \/>\n\u2022 100 Mirrors &#8211; portrety niepe\u0142nosprawnych kobiet<br \/>\n\u2022 Przewodnik jak doradza\u0107 niepe\u0142nosprawnym kobietom w rozwijaniu przedsi\u0119biorczo\u015bci inkluzywnej<br \/>\n\u2022 Szkolenie e-learningowe oparte na przewodniku<br \/>\n\u2022 Podr\u0119cznik Przedsi\u0119biorczo\u015bci Inkluzywnej<\/p>\n<p>Szkolenie e-learningowe na temat przedsi\u0119biorczo\u015bci inkluzywnej. Projekt jest interesuj\u0105cy dla nast\u0119puj\u0105cych grup docelowych:<\/p>\n<p style=\"text-align: justify;\">Kobiet z niepe\u0142nosprawno\u015bci\u0105 chc\u0105cych rozwija\u0107 swoje umiej\u0119tno\u015bci przedsi\u0119biorcze, rozpocz\u0105\u0107 dzia\u0142alno\u015b\u0107 gospodarcz\u0105 lub doradcz\u0105, i \/ lub wsp\u00f3\u0142pracowa\u0107 na stanowiskach kierowniczych w ju\u017c istniej\u0105cych firmach lub firmach doradczych;<br \/>\nNiepe\u0142nosprawnych przedsi\u0119biorczy\u0144, kt\u00f3re chc\u0105 pomaga\u0107 innym niepe\u0142nosprawnym kobietom rozwija\u0107 swoje umiej\u0119tno\u015bci przedsi\u0119biorcze lub szukaj\u0105 niepe\u0142nosprawnych kobiet do swojej firmy na stanowiska kierowniczych po okresie coachingu i job shadowingu;<br \/>\nOrganizacji szkol\u0105cych kobiety z niepe\u0142nosprawno\u015bci\u0105 i ich trener\u00f3w (w szerszym znaczeniu: doradc\u00f3w zawodowych, trener\u00f3w, pedagog\u00f3w)<br \/>\nInnych: stowarzysze\u0144 kobiet niepe\u0142nosprawnych, trener\u00f3w szkole\u0144 z przedsi\u0119biorczo\u015bci, stowarzysze\u0144 przedsi\u0119biorc\u00f3w, decydent\u00f3w.<\/p>\n<p><\/p>","protected":false},"excerpt":{"rendered":"<p>Niniejszy projekt 100Mirrors Inclusive jest kontynuacj\u0105 dw\u00f3ch innych projekt\u00f3w UE: 100Mirrors i 100Mirrors Extended, w kt\u00f3rych uczestniczy\u0142o 10 kraj\u00f3w UE: Hiszpania, W\u0142ochy, Francja, Rep. Czech, Grecja, Holandia, Austria, UK, Polska i S\u0142owenia.\u00a0 G\u0142\u00f3wnym celem poprzednich projekt\u00f3w by\u0142o podkre\u015blenie i pokazanie modeli \/ przyk\u0142ad\u00f3w przedsi\u0119biorczych kobiet (lustra) w jakimkolwiek zakresie, ze szczeg\u00f3lnym uwzgl\u0119dnieniem nauczycieli szk\u00f3\u0142 wy\u017cszych<span class=\"read-more-wrap\"><a class=\"moretag\" href=\"https:\/\/100mirrors-inc.eu\/pl\/project\/\">Continue Reading <span class=\"screen-reader-text\">O PROJEKCIE<\/span><\/a><\/span><\/p>\n","protected":false},"author":1,"featured_media":0,"parent":0,"menu_order":0,"comment_status":"closed","ping_status":"open","template":"template-fullwidth.php","meta":{"footnotes":""},"categories":[],"tags":[],"class_list":["post-2","page","type-page","status-publish","hentry"],"_links":{"self":[{"href":"https:\/\/100mirrors-inc.eu\/pl\/wp-json\/wp\/v2\/pages\/2","targetHints":{"allow":["GET"]}}],"collection":[{"href":"https:\/\/100mirrors-inc.eu\/pl\/wp-json\/wp\/v2\/pages"}],"about":[{"href":"https:\/\/100mirrors-inc.eu\/pl\/wp-json\/wp\/v2\/types\/page"}],"author":[{"embeddable":true,"href":"https:\/\/100mirrors-inc.eu\/pl\/wp-json\/wp\/v2\/users\/1"}],"replies":[{"embeddable":true,"href":"https:\/\/100mirrors-inc.eu\/pl\/wp-json\/wp\/v2\/comments?post=2"}],"version-history":[{"count":16,"href":"https:\/\/100mirrors-inc.eu\/pl\/wp-json\/wp\/v2\/pages\/2\/revisions"}],"predecessor-version":[{"id":2918,"href":"https:\/\/100mirrors-inc.eu\/pl\/wp-json\/wp\/v2\/pages\/2\/revisions\/2918"}],"wp:attachment":[{"href":"https:\/\/100mirrors-inc.eu\/pl\/wp-json\/wp\/v2\/media?parent=2"}],"wp:term":[{"taxonomy":"category","embeddable":true,"href":"https:\/\/100mirrors-inc.eu\/pl\/wp-json\/wp\/v2\/categories?post=2"},{"taxonomy":"post_tag","embeddable":true,"href":"https:\/\/100mirrors-inc.eu\/pl\/wp-json\/wp\/v2\/tags?post=2"}],"curies":[{"name":"wp","href":"https:\/\/api.w.org\/{rel}","templated":true}]}}