{"id":22,"date":"2017-02-02T14:13:55","date_gmt":"2017-02-02T14:13:55","guid":{"rendered":"http:\/\/100mirrors-inc.eu\/?page_id=22"},"modified":"2017-07-27T09:33:25","modified_gmt":"2017-07-27T09:33:25","slug":"home","status":"publish","type":"page","link":"https:\/\/100mirrors-inc.eu\/pl\/","title":{"rendered":"Home"},"content":{"rendered":"<p>100 Mirrors Inclusive: narz\u0119dzia do motywacji przedsi\u0119biorczych kobiet, promowany przez program Erasmus +, jest projektem koncentruj\u0105cym si\u0119 na promowaniu przedsi\u0119biorczo\u015bci inkluzywnej i spo\u0142ecznej dla kobiet z niepe\u0142nosprawno\u015bciami poprzez opracowanie i rozw\u00f3j metodologii opartej na coachingu i mentoringu oraz na job shadowing dla kobiet niepe\u0142nosprawnych pragn\u0105cych zosta\u0107 przedsi\u0119biorcami. Jednym z najwa\u017cniejszych punkt\u00f3w tego projektu jest fakt i\u017c coaching i mentoring b\u0119dzie przeprowadzony przez inne kobiety niepe\u0142nosprawne kt\u00f3re odnios\u0142y sukces w biznesie wspierane przez trener\u00f3w.<\/p>","protected":false},"excerpt":{"rendered":"<p>100 Mirrors Inclusive: narz\u0119dzia do motywacji przedsi\u0119biorczych kobiet, promowany przez program Erasmus +, jest projektem koncentruj\u0105cym si\u0119 na promowaniu przedsi\u0119biorczo\u015bci inkluzywnej i spo\u0142ecznej dla kobiet z niepe\u0142nosprawno\u015bciami poprzez opracowanie i rozw\u00f3j metodologii opartej na coachingu i mentoringu oraz na job shadowing dla kobiet niepe\u0142nosprawnych pragn\u0105cych zosta\u0107 przedsi\u0119biorcami. Jednym z najwa\u017cniejszych punkt\u00f3w tego projektu jest fakt<span class=\"read-more-wrap\"><a class=\"moretag\" href=\"https:\/\/100mirrors-inc.eu\/pl\/\">Continue Reading <span class=\"screen-reader-text\">Home<\/span><\/a><\/span><\/p>\n","protected":false},"author":1,"featured_media":0,"parent":0,"menu_order":0,"comment_status":"closed","ping_status":"closed","template":"","meta":{"footnotes":""},"categories":[],"tags":[],"class_list":["post-22","page","type-page","status-publish","hentry"],"_links":{"self":[{"href":"https:\/\/100mirrors-inc.eu\/pl\/wp-json\/wp\/v2\/pages\/22","targetHints":{"allow":["GET"]}}],"collection":[{"href":"https:\/\/100mirrors-inc.eu\/pl\/wp-json\/wp\/v2\/pages"}],"about":[{"href":"https:\/\/100mirrors-inc.eu\/pl\/wp-json\/wp\/v2\/types\/page"}],"author":[{"embeddable":true,"href":"https:\/\/100mirrors-inc.eu\/pl\/wp-json\/wp\/v2\/users\/1"}],"replies":[{"embeddable":true,"href":"https:\/\/100mirrors-inc.eu\/pl\/wp-json\/wp\/v2\/comments?post=22"}],"version-history":[{"count":12,"href":"https:\/\/100mirrors-inc.eu\/pl\/wp-json\/wp\/v2\/pages\/22\/revisions"}],"predecessor-version":[{"id":264,"href":"https:\/\/100mirrors-inc.eu\/pl\/wp-json\/wp\/v2\/pages\/22\/revisions\/264"}],"wp:attachment":[{"href":"https:\/\/100mirrors-inc.eu\/pl\/wp-json\/wp\/v2\/media?parent=22"}],"wp:term":[{"taxonomy":"category","embeddable":true,"href":"https:\/\/100mirrors-inc.eu\/pl\/wp-json\/wp\/v2\/categories?post=22"},{"taxonomy":"post_tag","embeddable":true,"href":"https:\/\/100mirrors-inc.eu\/pl\/wp-json\/wp\/v2\/tags?post=22"}],"curies":[{"name":"wp","href":"https:\/\/api.w.org\/{rel}","templated":true}]}}