{"id":2217,"date":"2018-03-23T14:05:22","date_gmt":"2018-03-23T14:05:22","guid":{"rendered":"http:\/\/100mirrors-inc.eu\/?page_id=2217"},"modified":"2019-08-29T07:46:29","modified_gmt":"2019-08-29T07:46:29","slug":"training-platform","status":"publish","type":"page","link":"https:\/\/100mirrors-inc.eu\/pl\/training-platform\/","title":{"rendered":"Platformie e-learningowej"},"content":{"rendered":"<p><\/p>\n<h4>Witamy na Platformie e-learningowej projektu 100 Mirrors Inc.<\/h4>\n<p>Jako kobieta, kt\u00f3ra dostrzeg\u0142a szans\u0119 i pragnie rozpocz\u0105\u0107 w\u0142asna dzia\u0142alno\u015b\u0107 gospodarcz\u0105, sta\u0142a\u015b si\u0119 cz\u0142onkiem jednej z najwa\u017cniejszych grup ludzi w Europie &#8211; sta\u0142a\u015b si\u0119 jedn\u0105 z europejskich kobiet-przedsi\u0119biorc\u00f3w.<\/p>\n<p>Przedsi\u0119biorczy ludzie tacy jak Ty s\u0105 niezb\u0119dni dla europejskiego wzrostu gospodarczego i tworzenia miejsc pracy, a tak\u017ce dla utrzymania i poprawy dobrobytu obywateli Europy. Kobiety niepe\u0142nosprawne powinny otrzyma\u0107 w tej dziedzinie wsparcie i mie\u0107 r\u00f3wne szanse zostania przedsi\u0119biorcami, je\u015bli sobie tego \u017cycz\u0105.<\/p>\n<p>Szkolenie to jest nowym i energetycznym programem z innowacyjnym formatem programu nauczania, kt\u00f3ry pomo\u017ce naby\u0107 Ci umiej\u0119tno\u015bci wymagane do zostania przedsi\u0119biorc\u0105. Ma na celu przyczynienie si\u0119 do rozwoju Twoich umiej\u0119tno\u015bci i osobistych kompetencji.<\/p>\n<p>Na platformie e-learningowej znajdziesz m.in. takie materia\u0142y jak:<\/p>\n<ol>\n<li><a href=\"http:\/\/100mirrors-inc.eu\/wp-content\/uploads\/2019\/07\/100-mirrors-guide-polish.pdf\" target=\"_blank\" rel=\"noopener noreferrer\" onClick=\"ga('send', 'event', { eventCategory: 'Download', eventAction: 'pl', eventLabel: 'guide', eventValue: 1});\"><strong>Przewodnik dla coach\u00f3w <\/strong><\/a>jak doradza\u0107 kobietom z niepe\u0142nosprawno\u015bciami w rozwijaniu przedsi\u0119biorczo\u015bci.<\/li>\n<li><strong><a href=\"http:\/\/100mirrors-inc.eu\/wp-content\/uploads\/2019\/05\/100-mirrors-manual-polish.pdf\" target=\"_blank\" rel=\"noopener noreferrer\" onClick=\"ga('send', 'event', { eventCategory: 'Download', eventAction: 'pl', eventLabel: 'manual', eventValue: 1});\">Przewodnik Przedsi\u0119biorczo\u015bci Inkluzywnej<\/a>, <\/strong>kt\u00f3ry ma na celu pom\u00f3c kobiecie niepe\u0142nosprawnej oceni\u0107 i rozwin\u0105\u0107 cechy przedsi\u0119biorcze.<\/li>\n<\/ol>\n<p><a href=\"http:\/\/100mirrors.tucampusdeformacion.com\/login\/index.php\" target=\"_blank\" rel=\"noopener noreferrer\"><strong>Dost\u0119p do platformy szkoleniowej<\/strong><\/a><\/p>\n<p>Mamy nadziej\u0119, \u017ce spodoba Ci si\u0119 program szkoleniowy i \u017cyczymy Ci sukces\u00f3w na Twojej drodze do przedsi\u0119biorczo\u015bci.<\/p>","protected":false},"excerpt":{"rendered":"<p>Witamy na Platformie e-learningowej projektu 100 Mirrors Inc. Jako kobieta, kt\u00f3ra dostrzeg\u0142a szans\u0119 i pragnie rozpocz\u0105\u0107 w\u0142asna dzia\u0142alno\u015b\u0107 gospodarcz\u0105, sta\u0142a\u015b si\u0119 cz\u0142onkiem jednej z najwa\u017cniejszych grup ludzi w Europie &#8211; sta\u0142a\u015b si\u0119 jedn\u0105 z europejskich kobiet-przedsi\u0119biorc\u00f3w. Przedsi\u0119biorczy ludzie tacy jak Ty s\u0105 niezb\u0119dni dla europejskiego wzrostu gospodarczego i tworzenia miejsc pracy, a tak\u017ce dla utrzymania<span class=\"read-more-wrap\"><a class=\"moretag\" href=\"https:\/\/100mirrors-inc.eu\/pl\/training-platform\/\">Continue Reading <span class=\"screen-reader-text\">Platformie e-learningowej<\/span><\/a><\/span><\/p>\n","protected":false},"author":1,"featured_media":0,"parent":0,"menu_order":0,"comment_status":"closed","ping_status":"closed","template":"","meta":{"footnotes":""},"categories":[],"tags":[],"class_list":["post-2217","page","type-page","status-publish","hentry"],"_links":{"self":[{"href":"https:\/\/100mirrors-inc.eu\/pl\/wp-json\/wp\/v2\/pages\/2217","targetHints":{"allow":["GET"]}}],"collection":[{"href":"https:\/\/100mirrors-inc.eu\/pl\/wp-json\/wp\/v2\/pages"}],"about":[{"href":"https:\/\/100mirrors-inc.eu\/pl\/wp-json\/wp\/v2\/types\/page"}],"author":[{"embeddable":true,"href":"https:\/\/100mirrors-inc.eu\/pl\/wp-json\/wp\/v2\/users\/1"}],"replies":[{"embeddable":true,"href":"https:\/\/100mirrors-inc.eu\/pl\/wp-json\/wp\/v2\/comments?post=2217"}],"version-history":[{"count":30,"href":"https:\/\/100mirrors-inc.eu\/pl\/wp-json\/wp\/v2\/pages\/2217\/revisions"}],"predecessor-version":[{"id":2991,"href":"https:\/\/100mirrors-inc.eu\/pl\/wp-json\/wp\/v2\/pages\/2217\/revisions\/2991"}],"wp:attachment":[{"href":"https:\/\/100mirrors-inc.eu\/pl\/wp-json\/wp\/v2\/media?parent=2217"}],"wp:term":[{"taxonomy":"category","embeddable":true,"href":"https:\/\/100mirrors-inc.eu\/pl\/wp-json\/wp\/v2\/categories?post=2217"},{"taxonomy":"post_tag","embeddable":true,"href":"https:\/\/100mirrors-inc.eu\/pl\/wp-json\/wp\/v2\/tags?post=2217"}],"curies":[{"name":"wp","href":"https:\/\/api.w.org\/{rel}","templated":true}]}}