{"id":2390,"date":"2018-05-16T15:00:30","date_gmt":"2018-05-16T15:00:30","guid":{"rendered":"http:\/\/100mirrors-inc.eu\/?page_id=2390"},"modified":"2018-08-29T11:17:56","modified_gmt":"2018-08-29T11:17:56","slug":"sylwia-blach-2","status":"publish","type":"page","link":"https:\/\/100mirrors-inc.eu\/pl\/sylwia-blach-2\/","title":{"rendered":"Sylwia B\u0142ach"},"content":{"rendered":"<p><img loading=\"lazy\" decoding=\"async\" class=\"alignleft size-thumbnail wp-image-1949\" src=\"http:\/\/100mirrors-inc.eu\/wp-content\/uploads\/2018\/02\/Sylwia-Blach-150x150.jpg\" alt=\"\" width=\"150\" height=\"150\" srcset=\"https:\/\/100mirrors-inc.eu\/wp-content\/uploads\/2018\/02\/Sylwia-Blach-150x150.jpg 150w, https:\/\/100mirrors-inc.eu\/wp-content\/uploads\/2018\/02\/Sylwia-Blach-24x24.jpg 24w, https:\/\/100mirrors-inc.eu\/wp-content\/uploads\/2018\/02\/Sylwia-Blach-36x36.jpg 36w, https:\/\/100mirrors-inc.eu\/wp-content\/uploads\/2018\/02\/Sylwia-Blach-48x48.jpg 48w, https:\/\/100mirrors-inc.eu\/wp-content\/uploads\/2018\/02\/Sylwia-Blach.jpg 300w\" sizes=\"auto, (max-width: 150px) 100vw, 150px\" \/><div class=\"otw-sc-tabs ui-tabs ui-widget ui-widget-content ui-corner-all\"><ul class=\"ui-tabs-nav ui-helper-reset ui-helper-clearfix ui-widget-header ui-corner-all\"><li><span class=\"tab-title\">Sylwia B\u0142ach<\/span><\/li><li class=\"ui-state-default ui-corner-top\"><a href=\"#tabs-1\"><i class=\"general foundicon-smiley\"> <\/i>O MNIE<\/a><\/li><li class=\"ui-state-default ui-corner-top\"><a href=\"#tabs-2\"><i class=\"general foundicon-star\"> <\/i>MOJA HISTORIA <\/a><\/li><li class=\"ui-state-default ui-corner-top\"><a href=\"#tabs-3\"><i class=\"social foundicon-thumb-up\"> <\/i>MOJA MOTYWACJA<\/a><\/li><li class=\"ui-state-default ui-corner-top\"><a href=\"#tabs-4\"><i class=\"general foundicon-idea\"> <\/i>M\u00d3J POMYS\u0141<\/a><\/li><li class=\"ui-state-default ui-corner-top\"><a href=\"#tabs-5\"><i class=\"general foundicon-plus\"> <\/i>MOJE DO\u015aWIADCZENIE<\/a><\/li><li class=\"ui-state-default ui-corner-top\"><a href=\"#tabs-6\"><i class=\"general foundicon-tools\"> <\/i>MOJE UMIEJ\u0118TNO\u015aCI<\/a><\/li><li class=\"ui-state-default ui-corner-top\"><a href=\"#tabs-7\"><i class=\"general foundicon-star\"> <\/i>RADY I WSKAZ\u00d3WKI<\/a><\/li><\/ul><div id=\"tabs-1\" class=\"ui-tabs-panel ui-widget-content ui-corner-bottom\"><p><strong>imi\u0119 i nazwisko :<\/strong> Sylwia B\u0142ach<\/p><br \/>\n<p><strong> Kraj :<\/strong> Polska<\/p><br \/>\n<p><strong> Miasto :<\/strong> Pozna\u0144<\/p><br \/>\n<p><strong> Narodowo\u015b\u0107 :<\/strong> Polskie<\/p><br \/>\n<p><strong> wykszta\u0142cenie :<\/strong> Wy\u017csze<\/p><br \/>\n<p><strong> Sektor :<\/strong> Edukacja\/trzeci sektor<\/p><br \/>\n<p><strong> Stanowisko w firmie i strona internetowa :<\/strong> programistka niezale\u017cna, pisarka, blogerka http:\/\/www.sylwiablach.pl\/<\/p><\/div><div id=\"tabs-2\" class=\"ui-tabs-panel ui-widget-content ui-corner-bottom\"><p>Sylwia B\u0142ach \u2013 programistka, pisarka, blogerka, dzia\u0142aczka spo\u0142eczna\/motywatorka. Aktualnie studentka studi\u00f3w doktoranckich na Politechnice Pozna\u0144skiej. Swoj\u0105 \u015bcie\u017ck\u0119 zawodow\u0105 musz\u0119 opisa\u0107 na wielu p\u0142aszczyznach, z uwagi na to jak wieloma rzeczami si\u0119 zajmuj\u0119.<\/br> Programowaniem zaj\u0119\u0142am si\u0119, gdy posz\u0142am na studia informatyczne na Politechnik\u0119 Pozna\u0144sk\u0105 w 2010 roku. W 2014 roku obroni\u0142am tytu\u0142 in\u017cyniera prac\u0105 dotycz\u0105c\u0105 projektowania gier komputerowych. Od razu zacz\u0119\u0142am studia magisterskie na tej samej uczelni i kierunku i tytu\u0142 magistra obroni\u0142am w 2016 roku, tym razem podejmuj\u0105c si\u0119 bada\u0144 naukowych dotycz\u0105cych indeksu dla baz typu SOLAP. Nast\u0119pnie rozpocz\u0119\u0142am studia doktoranckie, na kt\u00f3rych aktualnie jestem. Zainteresowa\u0142a mnie tematyka badania sieci spo\u0142eczno\u015bciowych i tworzenia algorytm\u00f3w na ich potrzeby.<\/br> W 2013 roku odby\u0142am praktyki w Microsotf Polska. Nast\u0119pnie pracowa\u0142am jako tw\u00f3rca gier w studiach gier Holodek (01.2016-06.2016) jako Asystent Dyrektora Kreatywnego i w studiu Hypnotic Ants (10.2016-04.2017) jako Unreal Engine Junior Developer. Zajmowa\u0142am si\u0119 programowaniem gier komputerowych w silnikach Unity 3D i Unreal Engine. Aktualnie pracuj\u0119 w Pozna\u0144skim Centrum Superkomputerowo-Sieciowym jako programistka. Jest to jednostka naukowa afiliowana przy Instytucie Chemii Bioorganicznej Polskiej Akademii Nauk. Tak\u017ce w 2017 dwukrotnie by\u0142am mentork\u0105 dwumiesi\u0119cznego bootcampu programistycznego \u201eWordpress&Freelancing\u201d organizowanego przez Coderstrust Polska. W jego ramach uczy\u0142am kobiety chc\u0105ce si\u0119 przebran\u017cowi\u0107 robienia stron internetowych. Ponadto bra\u0142am udzia\u0142 w r\u00f3\u017cnych projektach pozazawodowych, jestem mi\u0119dzy innymi autork\u0105 wydanej na Androida gry \u201eSnowman: Revenge\u201d (we wsp\u00f3\u0142pracy ze studiem Absurdo Games), gry na Facebook'a \u201ePyrkon: The Game\u201d dla najwi\u0119kszego festiwalu fantastycznego w Polsce Pyrkon czy gry na wirtualn\u0105 rzeczywisto\u015b\u0107 pt. \u201eDungeon Escape\u201d tworzonej z okazji VR Game Jam.<\/br> Przez te wszystkie lata prowadzi\u0142am tak\u017ce prelekcje dotycz\u0105ce programowania i projektowania gier, w czerwcu bie\u017c\u0105cego roku poprowadzi\u0142am szkolenie z technologii frontendowych. Przez kilka lat by\u0142am te\u017c wolontariuszk\u0105 najwi\u0119kszej otwartej imprezy bran\u017cy gier komputerowych w centralnej Europie Game Industry Conference na stanowisku zwi\u0105zanym z Public Relations i Social Media, a tak\u017ce wielokrotnie otrzymywa\u0142am stypendium rektora dla najzdolniejszych i raz stypendium ministra Nauki i Szkolnictwa Wy\u017cszego dla najlepszych student\u00f3w. <\/br>Przez rok by\u0142am przewodnicz\u0105c\u0105 Ko\u0142a Naukowego Ruch Projektant\u00f3w Gier. W ramach ko\u0142a organizowalam prelekcje i spotkania z ciekawymi lud\u017ami z bran\u017cy gier komputerowych, a tak\u017ce udzielalam si\u0119 na innych wydarzeniach. W tym roku prowadzi\u0142am prelekcj\u0119 dla dzieci na finale konkursu matematycznego Kings maj\u0105c\u0105 zmotywowa\u0107 do wej\u015bcia w bran\u017c\u0119 gier.<\/br> Kolejn\u0105 moj\u0105 dzia\u0142alno\u015bci\u0105 jest dzia\u0142alno\u015b\u0107 na rzecz os\u00f3b z niepe\u0142nosprawno\u015bciami, w szczeg\u00f3lno\u015bci kobiet. W latach 2014-2016 pracowa\u0142am w Fundacji Jedyna Taka. Pracowa\u0142am mi\u0119dzy innymi przy wyborach Miss Polski na W\u00f3zku, Miss \u015awiata na W\u00f3zku. Koordynowa\u0142am agencj\u0119 modelek Butterfly Agency Models. Nasze modelki wyst\u0105pi\u0142y m.in. w pokazie w trakcie gali Lodo\u0142amacze w sukniach projektu Paprocki&Brzozowski czy w pokazie Agnieszki Jaworskiej. Pracowa\u0142am te\u017c przy projekcie Jedyna Taka Mama promuj\u0105cym rodzicielstwo w\u015br\u00f3d kobiet z niepe\u0142nosprawno\u015bci\u0105, zajmowa\u0142am si\u0119 kontaktami z mediami, copywritingiem, social media, nadzorowaniem projekt\u00f3w, grafik\u0105 komputerow\u0105, stronami internetowymi i tak dalej. W ramach pracy w Fundacji wzi\u0119\u0142am te\u017c udzia\u0142 w debacie doradczo-programowej dotycz\u0105cej Konwencji ONZ dot. os\u00f3b z niepe\u0142nosprawno\u015bciami oraz nadzorowa\u0142am projekt Aktywna Kobieta na Uniwersytecie Ekonomicznym. Aktualnie z Fundacj\u0105 wi\u0105\u017ce mnie wolontariat.<\/br> Pisarstwem zaj\u0119\u0142am si\u0119 w liceum, wtedy te\u017c wyda\u0142am swoj\u0105 pierwsz\u0105 ksi\u0105\u017ck\u0119 \u201eStrach \u2013 zbi\u00f3r opowiada\u0144 grozy\u201d (2010), nast\u0119pnie powie\u015b\u0107 \u201eBo \u015bmier\u0107 to dopiero pocz\u0105tek\u201d (2012), potem zbi\u00f3r opowiada\u0144 \u201eTrzy lata strachu\u201d (2015) oraz w tym roku dwie ksi\u0105\u017cki \u201eSyndrom Riddocha. Tom pierwszy. Lepszego \u015bwiata nie b\u0119dzie\u201d i leksykon potwor\u00f3w dla dzieci \u201eWampiry, potwory, upiory i inne nieziemskie stwory\u201d. W mi\u0119dzyczasie opublikowa\u0142am kilkana\u015bcie opowiada\u0144 w czasopismach i ksi\u0105\u017ckach oraz moje teksty zosta\u0142y przet\u0142umaczone na j\u0119zyk angielski i czeski. B\u0119d\u0105c pisark\u0105 regularnie je\u017cd\u017c\u0119 na konwenty fantastyczne, do bibliotek, na targi ksi\u0105\u017cek, bior\u0119 udzia\u0142 w spotkaniach autorskich. Spotkania cz\u0119sto dotycz\u0105 mojej ca\u0142ej dzia\u0142alno\u015bci, nie tylko literackiej, skupiam si\u0119 mocno na aspekcie motywacyjnym i przekazywaniu dobrej energii.<\/br> Kilka lat temu zacz\u0119\u0142am prowadzi\u0107 dwa blogi www.VamppiV.pl oraz www.SylwiaBlach.pl Nie s\u0105dzi\u0142am, \u017ce si\u0119 tak rozrosn\u0105, mia\u0142y by\u0107 tylko \u201emoim miejscem w sieci\u201d, a sta\u0142y si\u0119 kolejnymi biznesami. \u0141\u0105cz\u0119 dzi\u0119ki nim swoje pasje i opowiadam o tym co mnie zachwyca. Na VamppiV prezentuj\u0119 swoje stylizacje, zaj\u0119\u0142am si\u0119 hobbystycznie modelingiem. W zesz\u0142ym roku zosta\u0142am wybrana jedn\u0105 z sze\u015bciu najbardziej inspiruj\u0105cych kobiet na ca\u0142ym \u015bwiecie przez firm\u0119 Panache w konkursie Modelled by Role Models i wzi\u0119\u0142am udzia\u0142 w sesji zdj\u0119ciowej w bieli\u017anie promuj\u0105cej zdrowe postrzeganie siebie<\/br> #BodyPositive. Na blogu SylwiaBlach.pl opowiadam o swoich sukcesach, niepe\u0142nosprawno\u015bci, rado\u015bciach i dziel\u0119 si\u0119 radami motywacyjnymi. Blog spotyka si\u0119 z bardzo du\u017cym zainteresowaniem. Jestem laureatk\u0105 lokaln\u0105 w konkursie Studencki Nobel, otrzyma\u0142am nominacj\u0119 do konkursu Cz\u0142owiek bez Barier, jestem finalistk\u0105 konkursu Cosmopolitan Mocne Strony Kobiety.<\/p><\/div><div id=\"tabs-3\" class=\"ui-tabs-panel ui-widget-content ui-corner-bottom\"><p> Lubi\u0119 dzia\u0142a\u0107 spontanicznie, a najwi\u0119ksz\u0105 motywacj\u0105 jest zawsze ch\u0119\u0107 spr\u00f3bowania czego\u015b nowego i \u015bwiadomo\u015b\u0107, \u017ce wszystko jest mo\u017cliwe, je\u015bli si\u0119 b\u0119dzie o to walczy\u0107. Bloga za\u0142o\u017cy\u0142am pod wp\u0142ywem impulsu, programowaniem zainteresowa\u0142am si\u0119 dopiero na studiach, a pisanie by\u0142o dla mnie tak naturaln\u0105 form\u0105 wyrazu, \u017ce towarzyszy\u0142o mi od dziecka.<\/p><\/div><div id=\"tabs-4\" class=\"ui-tabs-panel ui-widget-content ui-corner-bottom\"><p>Pisarstwem zaj\u0119\u0142am si\u0119 w liceum, wtedy te\u017c wyda\u0142am swoj\u0105 pierwsz\u0105 ksi\u0105\u017ck\u0119 \u201eStrach \u2013 zbi\u00f3r opowiada\u0144 grozy\u201d (2010), nast\u0119pnie powie\u015b\u0107 \u201eBo \u015bmier\u0107 to dopiero pocz\u0105tek\u201d (2012), potem zbi\u00f3r opowiada\u0144 \u201eTrzy lata strachu\u201d (2015) oraz w tym roku dwie ksi\u0105\u017cki \u201eSyndrom Riddocha. Tom pierwszy. Lepszego \u015bwiata nie b\u0119dzie\u201d i leksykon potwor\u00f3w dla dzieci \u201eWampiry, potwory, upiory i inne nieziemskie stwory\u201d. W mi\u0119dzyczasie opublikowa\u0142am kilkana\u015bcie opowiada\u0144 w czasopismach i ksi\u0105\u017ckach oraz moje teksty zosta\u0142y przet\u0142umaczone na j\u0119zyk angielski i czeski. B\u0119d\u0105c pisark\u0105 regularnie je\u017cd\u017c\u0119 na konwenty fantastyczne, do bibliotek, na targi ksi\u0105\u017cek, bior\u0119 udzia\u0142 w spotkaniach autorskich. Spotkania cz\u0119sto dotycz\u0105 mojej ca\u0142ej dzia\u0142alno\u015bci, nie tylko literackiej, skupiam si\u0119 mocno na aspekcie motywacyjnym i przekazywaniu dobrej energii.<\/br> Kilka lat temu zacz\u0119\u0142am prowadzi\u0107 dwa blogi www.VamppiV.pl oraz www.SylwiaBlach.pl Nie s\u0105dzi\u0142am, \u017ce si\u0119 tak rozrosn\u0105, mia\u0142y by\u0107 tylko \u201emoim miejscem w sieci\u201d, a sta\u0142y si\u0119 kolejnymi biznesami. \u0141\u0105cz\u0119 dzi\u0119ki nim swoje pasje i opowiadam o tym co mnie zachwyca. Na VamppiV prezentuj\u0119 swoje stylizacje, zaj\u0119\u0142am si\u0119 hobbystycznie modelingiem. W zesz\u0142ym roku zosta\u0142am wybrana jedn\u0105 z sze\u015bciu najbardziej inspiruj\u0105cych kobiet na ca\u0142ym \u015bwiecie przez firm\u0119 Panache w konkursie Modelled by Role Models i wzi\u0119\u0142am udzia\u0142 w sesji zdj\u0119ciowej w bieli\u017anie promuj\u0105cej zdrowe postrzeganie siebie #BodyPositive.<\/br><\/br> Na blogu SylwiaBlach.pl opowiadam o swoich sukcesach, niepe\u0142nosprawno\u015bci, rado\u015bciach i dziel\u0119 si\u0119 radami motywacyjnymi. Blog spotyka si\u0119 z bardzo du\u017cym zainteresowaniem.<\/br><\/br> Jestem laureatk\u0105 lokaln\u0105 w konkursie Studencki Nobel, otrzyma\u0142am nominacj\u0119 do konkursu Cz\u0142owiek bez Barier, jestem finalistk\u0105 konkursu Cosmopolitan Mocne Strony Kobiety.<\/p><\/div><div id=\"tabs-5\" class=\"ui-tabs-panel ui-widget-content ui-corner-bottom\"><p>G\u0142\u00f3wnym problemem by\u0142y bariery architektoniczne, zwi\u0105zane z tym, \u017ce wiele wydarze\u0144 bran\u017cowych, miejsc, w kt\u00f3rych odbywaj\u0105 si\u0119 szkolenia czy w ko\u0144cu firm, w kt\u00f3rych chcia\u0142am pracowa\u0107, jest nieprzystosowane dla osoby na w\u00f3zku. Ponadto du\u017c\u0105 barier\u0105 jest fakt, \u017ce jestem nie-samoobs\u0142ugowa i potrzebuj\u0119 pomocy w wielu sytuacjach, a to wi\u0105\u017ce si\u0119 albo z barier\u0105 ekonomiczn\u0105 (zatrudnienie kogo\u015b), albo z korzystaniem z pomocy bliskich, a zawsze staram si\u0119 by\u0107 maksymalnie samodzielna. Pracuj\u0105c w Fundacji spotyka\u0142am si\u0119 z barierami mentalnymi. Odkry\u0142am, \u017ce problem wyst\u0119puje na dw\u00f3ch p\u0142aszczyznach: zar\u00f3wno osoby sprawne cz\u0119sto nie wiedz\u0105 jak si\u0119 zachowa\u0107, jak i osoby niepe\u0142nosprawne maj\u0105 problem z zaakceptowaniem siebie. Jestem przeciwniczk\u0105 specjalnego traktowania, postawy roszczeniowej czy uwa\u017cania, \u017ce jest si\u0119 \u201etym biednym niepe\u0142nosprawnym\u201d, a cz\u0119sto spotyka\u0142am osoby, kt\u00f3re mia\u0142y problem z pewno\u015bci\u0105 siebie w\u0142a\u015bnie z powodu niepe\u0142nosprawno\u015bci.<\/br><\/br> Przede wszystkim rodzice, kt\u00f3rzy wychowali mnie na pewn\u0105 siebie osob\u0119, dbali o to, bym mia\u0142a w domu obowi\u0105zki, nie dawali taryfy ulgowej i uczyli jak walczy\u0107 o to, czego pragn\u0119. Nie bez znaczenia jest te\u017c m\u00f3j silny charakter, ale wierz\u0119, \u017ce jego ukszta\u0142towa\u0142o to, jak by\u0142am wychowywana. W sukcesie podstaw\u0105 jest ci\u0119\u017cka praca, wi\u0119c m\u00f3j up\u00f3r i ch\u0119ci do dzia\u0142ania du\u017co da\u0142y, ale tak\u017ce moja potrzeba bycia wsz\u0119dzie tam, gdzie co\u015b si\u0119 dzieje, umo\u017cliwi\u0142a z\u0142apanie ciekawych kontakt\u00f3w, kt\u00f3re nast\u0119pnie prowadzi\u0142y do interesuj\u0105cych i ambitnych projekt\u00f3w. <\/br><\/br>Nie mam do\u015bwiadczenia w coachingu, ale wkr\u00f3tce jestem mentork\u0105 w trakcie kursu WordPress & Freelancing. Bootcamp skierowany jest do kobiet chc\u0105cych si\u0119 przebran\u017cowi\u0107, a ja w jego trakcie nie tylko pokazuj\u0119 jak si\u0119 tworzy strony internetowe, ale te\u017c motywuj\u0119, pomagam, daj\u0119 ch\u0119ci do dzia\u0142ania! Prowadzi\u0142am wielokrotnie prelekcje o mnie, moich sukcesach i planach, kt\u00f3re mia\u0142y coachingowy wyd\u017awi\u0119k.<\/p><\/div><div id=\"tabs-6\" class=\"ui-tabs-panel ui-widget-content ui-corner-bottom\"><p>Jestem dobrze zorganizowana, umiem zarz\u0105dza\u0107 czasem i uk\u0142ada\u0107 wszystkie obowi\u0105zki tak, by si\u0119 wyrabia\u0107. Jestem te\u017c kreatywna i pewna siebie w biznesie, gdy do czego\u015b d\u0105\u017c\u0119, to umiem okre\u015bli\u0107 jasno \u015bcie\u017ck\u0119 i ni\u0105 pod\u0105\u017ca\u0107 mimo przeciwno\u015bci, nie boj\u0119 si\u0119 trudno\u015bci i wyzwa\u0144.<\/br> W zwi\u0105zku z moj\u0105 prac\u0105 najwa\u017cniejsza jest umiej\u0119tno\u015b\u0107 gospodarowania czasem, dzielenia go mi\u0119dzy wszystkie obowi\u0105zki.<\/p><\/div><div id=\"tabs-7\" class=\"ui-tabs-panel ui-widget-content ui-corner-bottom\"><p>Inspiracje s\u0105 wsz\u0119dzie! Do opowiada\u0144 i powie\u015bci inspiruj\u0105 mnie ludzie, rzeczy, wydarzenia, to co siedzi w mojej g\u0142owie. Natomiast inspiracji do blogowania szukam na innych blogach o podobnej tematyce. Aktywnie korzystam z social media, podgl\u0105dam co dodaj\u0105 osoby, kt\u00f3re z jakiego\u015b powodu podziwiam i one tak\u017ce mnie inspiruj\u0105 do poszczeg\u00f3lnych projekt\u00f3w.<\/br> 1. B\u0105d\u017a pewna siebie. Masz jedno \u017cycie i nawet je\u015bli wydaje Ci si\u0119, \u017ce nie jest idealne \u2013 drugiej okazji na spr\u00f3bowanie tego wszystkiego, na co masz ochot\u0119, nie dostaniesz. Miej z ty\u0142u g\u0142owy t\u0119 \u015bwiadomo\u015b\u0107, \u017ce to Twoja jedyna szansa.<\/br> 2. Nie b\u00f3j si\u0119 prosi\u0107 o pomoc tam, gdzie faktycznie sobie nie radzisz, ale nie daj si\u0119 wepchn\u0105\u0107 w szufladk\u0119 biedactwa, kt\u00f3remu trzeba we wszystkim pomaga\u0107. Ludzie s\u0105 sk\u0142onni do pomocy i to jest fajne! Jednak korzystanie z tej pomocy w momencie, gdy mo\u017cesz zrobi\u0107 co\u015b sama, jest zwyczajnie nie fair. <\/br>3. Nie pozwalaj na specjalne traktowanie, na pob\u0142a\u017cliwo\u015b\u0107, na ni\u017csze wymagania, je\u015bli nie maj\u0105 zwi\u0105zku z Twoj\u0105 niepe\u0142nosprawno\u015bci\u0105. Przyk\u0142ad? Dziewczyna, kt\u00f3ra ma niesprawne mi\u0119\u015bnie, ma zani\u017con\u0105 skal\u0119 ocen \u201ebo jest niepe\u0142nosprawna\u201d, cho\u0107 jej choroba nie wp\u0142ywa na zdolno\u015bci umys\u0142owe. Pami\u0119taj, \u017ce do takiego wygodnictwa \u0142atwo si\u0119 przyzwyczai\u0107, ale w biznesie nikt Ci\u0119 nie b\u0119dzie potem traktowa\u0142 powa\u017cnie.<\/br> 4. M\u00f3w jasno o swoich potrzebach i ograniczeniach wynikaj\u0105cych z niepe\u0142nosprawno\u015bci, je\u015bli maj\u0105 wp\u0142yw na to, czego kto\u015b od Ciebie wymaga. To nie jest Twoja s\u0142abo\u015b\u0107, \u017ce czego\u015b nie jeste\u015b w stanie zrobi\u0107. Lepiej jasno doprecyzowywa\u0107 swoje ograniczenia, ni\u017c potem by\u0107 winnym nieudanego projektu, bo si\u0119 nie mia\u0142o odwagi przyzna\u0107, \u017ce si\u0119 z czym\u015b sobie nie radzi.<\/br> 5. \u017byj i b\u0105d\u017a szcz\u0119\u015bliwa \u2013 bez tego nigdzie nie zajdziesz! Kochaj, bo to dodaje skrzyde\u0142. Pomagaj innym, bo wolontariat jest \u015bwietnym sposobem na ustawianie priorytet\u00f3w, spojrzenie na \u015bwiat z innej strony i wystartowanie kariery. Otaczaj si\u0119 lud\u017ami, bo wi\u0119kszo\u015b\u0107 projekt\u00f3w powstaje dzi\u0119ki burzom m\u00f3zg\u00f3w i nag\u0142ym inspiracjom. Warto\u015bci do osi\u0105gni\u0119cia: Samozadowolenie, satysfakcja, pieni\u0105dze, szcz\u0119\u015bcie. S\u0142abo\u015bci do przezwyci\u0119\u017cenia: Brak pewno\u015bci siebie, strach przed dzia\u0142aniem.<\/p><\/div><\/div><\/p>","protected":false},"excerpt":{"rendered":"","protected":false},"author":1,"featured_media":1949,"parent":0,"menu_order":0,"comment_status":"closed","ping_status":"closed","template":"","meta":{"footnotes":""},"categories":[4,6],"tags":[],"class_list":["post-2390","page","type-page","status-publish","has-post-thumbnail","hentry","category-country","category-poland"],"_links":{"self":[{"href":"https:\/\/100mirrors-inc.eu\/pl\/wp-json\/wp\/v2\/pages\/2390","targetHints":{"allow":["GET"]}}],"collection":[{"href":"https:\/\/100mirrors-inc.eu\/pl\/wp-json\/wp\/v2\/pages"}],"about":[{"href":"https:\/\/100mirrors-inc.eu\/pl\/wp-json\/wp\/v2\/types\/page"}],"author":[{"embeddable":true,"href":"https:\/\/100mirrors-inc.eu\/pl\/wp-json\/wp\/v2\/users\/1"}],"replies":[{"embeddable":true,"href":"https:\/\/100mirrors-inc.eu\/pl\/wp-json\/wp\/v2\/comments?post=2390"}],"version-history":[{"count":26,"href":"https:\/\/100mirrors-inc.eu\/pl\/wp-json\/wp\/v2\/pages\/2390\/revisions"}],"predecessor-version":[{"id":2680,"href":"https:\/\/100mirrors-inc.eu\/pl\/wp-json\/wp\/v2\/pages\/2390\/revisions\/2680"}],"wp:featuredmedia":[{"embeddable":true,"href":"https:\/\/100mirrors-inc.eu\/pl\/wp-json\/wp\/v2\/media\/1949"}],"wp:attachment":[{"href":"https:\/\/100mirrors-inc.eu\/pl\/wp-json\/wp\/v2\/media?parent=2390"}],"wp:term":[{"taxonomy":"category","embeddable":true,"href":"https:\/\/100mirrors-inc.eu\/pl\/wp-json\/wp\/v2\/categories?post=2390"},{"taxonomy":"post_tag","embeddable":true,"href":"https:\/\/100mirrors-inc.eu\/pl\/wp-json\/wp\/v2\/tags?post=2390"}],"curies":[{"name":"wp","href":"https:\/\/api.w.org\/{rel}","templated":true}]}}