{"id":2411,"date":"2018-05-16T15:47:45","date_gmt":"2018-05-16T15:47:45","guid":{"rendered":"http:\/\/100mirrors-inc.eu\/?page_id=2411"},"modified":"2018-08-29T11:17:40","modified_gmt":"2018-08-29T11:17:40","slug":"malgorzata-tomaka","status":"publish","type":"page","link":"https:\/\/100mirrors-inc.eu\/pl\/malgorzata-tomaka\/","title":{"rendered":"Ma\u0142gorzata Tomaka"},"content":{"rendered":"<p><img loading=\"lazy\" decoding=\"async\" class=\"alignleft size-thumbnail wp-image-2543\" src=\"http:\/\/100mirrors-inc.eu\/wp-content\/uploads\/2018\/08\/M.-TOMAKA_-150x150.png\" alt=\"\" width=\"150\" height=\"150\" srcset=\"https:\/\/100mirrors-inc.eu\/wp-content\/uploads\/2018\/08\/M.-TOMAKA_-150x150.png 150w, https:\/\/100mirrors-inc.eu\/wp-content\/uploads\/2018\/08\/M.-TOMAKA_-24x24.png 24w, https:\/\/100mirrors-inc.eu\/wp-content\/uploads\/2018\/08\/M.-TOMAKA_-36x36.png 36w, https:\/\/100mirrors-inc.eu\/wp-content\/uploads\/2018\/08\/M.-TOMAKA_-48x48.png 48w, https:\/\/100mirrors-inc.eu\/wp-content\/uploads\/2018\/08\/M.-TOMAKA_.png 300w\" sizes=\"auto, (max-width: 150px) 100vw, 150px\" \/><div class=\"otw-sc-tabs ui-tabs ui-widget ui-widget-content ui-corner-all\"><ul class=\"ui-tabs-nav ui-helper-reset ui-helper-clearfix ui-widget-header ui-corner-all\"><li><span class=\"tab-title\">Ma\u0142gorzata Tomaka<\/span><\/li><li class=\"ui-state-default ui-corner-top\"><a href=\"#tabs-1\"><i class=\"general foundicon-smiley\"> <\/i>O MNIE<\/a><\/li><li class=\"ui-state-default ui-corner-top\"><a href=\"#tabs-2\"><i class=\"general foundicon-star\"> <\/i>MOJA HISTORIA <\/a><\/li><li class=\"ui-state-default ui-corner-top\"><a href=\"#tabs-3\"><i class=\"social foundicon-thumb-up\"> <\/i>MOJA MOTYWACJA<\/a><\/li><li class=\"ui-state-default ui-corner-top\"><a href=\"#tabs-4\"><i class=\"general foundicon-idea\"> <\/i>M\u00d3J POMYS\u0141<\/a><\/li><li class=\"ui-state-default ui-corner-top\"><a href=\"#tabs-5\"><i class=\"general foundicon-plus\"> <\/i>MOJE DO\u015aWIADCZENIE<\/a><\/li><li class=\"ui-state-default ui-corner-top\"><a href=\"#tabs-6\"><i class=\"general foundicon-tools\"> <\/i>MOJE UMIEJ\u0118TNO\u015aCI<\/a><\/li><li class=\"ui-state-default ui-corner-top\"><a href=\"#tabs-7\"><i class=\"general foundicon-star\"> <\/i>RADY I WSKAZ\u00d3WKI<\/a><\/li><\/ul><div id=\"tabs-1\" class=\"ui-tabs-panel ui-widget-content ui-corner-bottom\"><p><strong>imi\u0119 i nazwisko :<\/strong> Ma\u0142gorzata Tomaka<\/p><br \/>\n<p><strong> Kraj :<\/strong> Polska<\/p><br \/>\n<p><strong>Miasto :<\/strong> Rzesz\u00f3w<\/p><br \/>\n<p><strong>Narodowo\u015b\u0107 :<\/strong> Polskie<\/p><br \/>\n<p><strong>wykszta\u0142cenie :<\/strong> wy\u017csze<\/p><br \/>\n<p><strong> Sektor :<\/strong> Us\u0142ugi<\/p><br \/>\n<p><strong>Stanowisko w firmie i strona internetowa :<\/strong> Kierownik sprzeda\u017cy w sklepie medycznym Pro-Familia, Rzesz\u00f3w <\/br>Strona internetowa: http:\/\/www.sklep.pro-familia.pl\/<\/p><\/div><div id=\"tabs-2\" class=\"ui-tabs-panel ui-widget-content ui-corner-bottom\"><p>Uko\u0144czy\u0142am studium informatyczne na prywatnym uniwersytecie w Rzeszowie \u2013 Wy\u017cszej Szkole Informatyki i Zarz\u0105dzania a nast\u0119pnie na tej samej uczelni zdoby\u0142am w 1998 magisterium z ekonomii. Po uko\u0144czeniu studi\u00f3w rozpocz\u0119\u0142am prac\u0119 w banku, poniewa\u017c by\u0142o to zawsze moim marzeniem. Przepracowa\u0142am w dw\u00f3ch bankach: BPH i Alior Bank ponad 17 lat jako doradca klienta. Z biegiem lat praca w banku bardzo mnie rozczarowa\u0142a a szczeg\u00f3lnie nieetyczne podej\u015bcie do pracownik\u00f3w i klient\u00f3w. Przez rok zajmowa\u0142am si\u0119 domem i rodzin\u0105 a nast\u0119pnie rozpocz\u0119\u0142am prac\u0119 w sklepie medycznym Pro-Familia.<\/br> Sklep medyczny Pro-Familia zapewnia mi rozw\u00f3j zawodowy i osobisty, poniewa\u017c opr\u00f3cz dw\u00f3ch sklep\u00f3w stacjonarnych posiada r\u00f3wnie\u017c sklep internetowy i moje umiej\u0119tno\u015bci informatyczne bardzo mi si\u0119 przydaj\u0105 w codziennej pracy. Do\u015bwiadczenie, kt\u00f3re wynios\u0142am z pracy w bankach, czyli kontakt z klientami r\u00f3wnie\u017c wykorzystuj\u0119 na obecnym stanowisku pracy. Z t\u0105 r\u00f3\u017cnic\u0105, \u017ce obecnie zamiast produkt\u00f3w finansowych sprzedaj\u0119 produkty dla dzieci i niemowl\u0105t. Pro-Familia oferuje wyj\u0105tkowe produkty pochodz\u0105ce z asortymentu najlepszych marek. Nasza oferta obejmuje wszystko dla dziecka i mamy \u2013 akcesoria, zabawki, tekstylia, artyku\u0142y zwi\u0105zane ze zdrowiem i higien\u0105 maluch\u00f3w oraz ich karmieniem, meble, a tak\u017ce specjalne produkty dla mam takie jak bielizna czy kosmetyki. Ponadto umo\u017cliwiamy naszym Klientom skompletowanie wyprawki dla noworodka w naszym sklepie internetowym. Nasz sklep \u015bci\u015ble wsp\u00f3\u0142pracuje ze specjalistami pracuj\u0105cymi w Pro-Familii, najlepszym szpitalu na Podkarpaciu, przez co nasza oferta jest dostosowana do nowinek technicznych polecanych przez wybitnych lekarzy. Dzi\u0119ki tej wiedzy mo\u017cemy doradza\u0107 rodzicom w wyborze produkt\u00f3w, kt\u00f3re pomog\u0105 im najlepiej zatroszczy\u0107 si\u0119 o zdrowie i komfort maluszka ju\u017c w pierwszych dniach opieki.<\/p><\/div><div id=\"tabs-3\" class=\"ui-tabs-panel ui-widget-content ui-corner-bottom\"><p>Moj\u0105 motywacj\u0105 do zmiany w \u017cyciu zawodowym by\u0142o wypalenie zawodowe i rozczarowanie prac\u0105 w finansach. Po 17 latach odesz\u0142am z pracy w banku i podj\u0119\u0142am wyzwanie zmiany pracy. Bardzo lubi\u0119 pracowa\u0107 z lud\u017ami i nadal to robi\u0119 tylko w innej bran\u017cy<\/br><\/br>. Szanse i zagro\u017cenia, kt\u00f3re mia\u0142y du\u017cy wp\u0142yw na Twoj\u0105 karier\u0119<\/br><\/br> Szanse: zmiana pracy szans\u0105 na lepsze \u017cycie i lepsze poznanie siebie i swoich talent\u00f3w.<\/br><\/br> Zagro\u017cenia: wypalenie zawodowe w pracy w finansach, mimo, \u017ce ta pracy by\u0142a spe\u0142nieniem moich marze\u0144.<\/p><\/div><div id=\"tabs-4\" class=\"ui-tabs-panel ui-widget-content ui-corner-bottom\"><p>W obecnej pracy odkry\u0142am sw\u00f3j talent do szycia pluszowych zabawek dla dzieci. Na razie nie mam odwagi ich sprzedawa\u0107, rozdaj\u0119 je klientom oraz ich dzieciom, kt\u00f3re z rodzicami przychodz\u0105 do szpitala odwiedza\u0107 swoje nowonarodzone rodze\u0144stwo. <\/p><\/div><div id=\"tabs-5\" class=\"ui-tabs-panel ui-widget-content ui-corner-bottom\"><p>Uwa\u017cam, \u017ce warto powalczy\u0107 ze sob\u0105, czasami wyj\u015b\u0107 ze strefy komfortu. Dla mnie, osoby lubi\u0105cej stabilizacj\u0105, zmiana pracy by\u0142a wyzwaniem. Pieni\u0105dze nie s\u0105 dla mnie priorytetem, rodzina i ja sama to najwa\u017cniejsze co mam. Jako osoba niepe\u0142nosprawna musz\u0119 zadba\u0107 przede wszystkim o swoje dobre samopoczucie, poniewa\u017c stres prowadzi do ci\u0119\u017ckich chor\u00f3b.<\/br><\/br><\/br> Co pomog\u0142o Ci najbardziej w drodze do miejsca w kt\u00f3rym jeste\u015b dzisiaj?<\/br> Odwaga i kreatywno\u015b\u0107. Nauczenie si\u0119 asertywno\u015bci w stosunku do ludzi, z kt\u00f3rymi pracuj\u0119. <\/br><\/br><\/br> Decyduj\u0105ce czynniki sukcesu.<\/br> Co da\u0142o Ci inspiracj\u0119 do Twojego dzia\u0142ania? Prosimy opisa\u0107 przyk\u0142ady ?<\/br><\/br> Nowa praca, wspaniale relacje z szefow\u0105 i jej zaufanie, mo\u017cliwo\u015bci rozwoju, da\u0142y mi inspiracj\u0119 do nowego dzia\u0142ania, odkrywania swoich talent\u00f3w<\/p><\/div><div id=\"tabs-6\" class=\"ui-tabs-panel ui-widget-content ui-corner-bottom\"><p>Moje umiej\u0119tno\u015bci to:<\/br> \u2022 Szybko si\u0119 ucz\u0119 i wdra\u017cam nowe informacje podczas pracy;<\/br> \u2022 \u0141atwo adoptuj\u0119 si\u0119 do zmian;<\/br> \u2022 Znam i stosuj\u0119 wymagane techniki by wykonywa\u0107 dobrze swoj\u0105 prac\u0119;<\/br> \u2022 S\u0142ucham i zwracam uwag\u0119 na problemy innych ludzi;<\/br> \u2022 Moja praca rozwija mnie osobi\u015bcie;<\/br> \u2022 Lubi\u0119 pracowa\u0107 w zespole;<\/br> \u2022 Nie mam problem\u00f3w z planowaniem i organizowaniem w\u0142asnych dzia\u0142a\u0144;<\/br> \u2022 Lubi\u0119 mie\u0107 cele i je osi\u0105ga\u0107;<\/br> \u2022 \u0141atwo nawi\u0105zuj\u0119 kontakty;<\/br> \u2022 Jestem osob\u0105 empatyczn\u0105.<\/br> Ponadto, bardzo lubi\u0119 si\u0119 rozwija\u0107 zawodowo i opr\u00f3cz studi\u00f3w sko\u0144czy\u0142am te\u017c szkolenie z asertywno\u015bci, technik sprzeda\u017cy i oddzia\u0142ywania na ludzi. Uko\u0144czy\u0142am te\u017c kurs j\u0119zyka migowego, poniewa\u017c pracuj\u0105c w banku mia\u0142am g\u0142uchoniemego klienta. Ta umiej\u0119tno\u015b\u0107 bardzo mi si\u0119 przyda\u0142a w banku jak i obecnie, poniewa\u017c takich klient\u00f3w te\u017c mamy. <\/p><\/div><div id=\"tabs-7\" class=\"ui-tabs-panel ui-widget-content ui-corner-bottom\"><p>Jeste\u015b najwa\u017cniejsz\u0105 osob\u0105 w swoim \u017cyciu!<\/br> B\u0105d\u017a kreatywna, ka\u017cdy ma jaki\u015b talent.<\/br><\/br> Co my\u015blisz o przedsi\u0119biorczo\u015bci w og\u00f3le? <\/br> Uwa\u017cam, \u017ce przedsi\u0119biorczo\u015b\u0107 i udane \u017cycie zawodowe jest bardzo istotne dla kobiet z niepe\u0142nosprawno\u015bci\u0105. Ka\u017cdy posiada swoje talenty i musi je odkry\u0107.<\/br><\/br> Warto\u015bci do osi\u0105gni\u0119cia:<\/br> Ci\u0105g\u0142e doskonalenie zawodowe i rozwijanie mojego talentu szycia pluszowych maskotek..<\/br><\/br> S\u0142abo\u015bci do przezwyci\u0119\u017cenia:<\/br> \u017baden rodzaj niepe\u0142nosprawno\u015bci nie mo\u017ce mie\u0107 wp\u0142ywu na brak pracy. Trzeba si\u0119 odwa\u017cy\u0107 i by\u0107 otwart\u0105 na zmiany w \u017cyciu.<\/br><\/br> Czy masz do\u015bwiadczenie w mentoringu, coaching i\/lub job shadowing? Je\u015bli tak, prosimy o opisanie swojego do\u015bwiadczenia. Tak, mam wieloletnie do\u015bwiadczenie w mentoringu w pracy. Przez 6 lat by\u0142am mentorem w banku dla nowych pracownik\u00f3w przez pierwsze trzy miesi\u0105ce ich nowej pracy. I chyba bardzo dobrze sobie radzi\u0142am jako mentor, poniewa\u017c moi podopieczni byli zawsze \u015bwietnie przygotowani i radzili sobie w pracy. W obecnej pracy r\u00f3wnie\u017c jestem mentorem dla nowych pracownic, a nasz zesp\u00f3\u0142 to same kobiety.<\/p><\/div><\/div><\/p>","protected":false},"excerpt":{"rendered":"","protected":false},"author":1,"featured_media":2543,"parent":0,"menu_order":0,"comment_status":"closed","ping_status":"closed","template":"","meta":{"footnotes":""},"categories":[4,6],"tags":[],"class_list":["post-2411","page","type-page","status-publish","has-post-thumbnail","hentry","category-country","category-poland"],"_links":{"self":[{"href":"https:\/\/100mirrors-inc.eu\/pl\/wp-json\/wp\/v2\/pages\/2411","targetHints":{"allow":["GET"]}}],"collection":[{"href":"https:\/\/100mirrors-inc.eu\/pl\/wp-json\/wp\/v2\/pages"}],"about":[{"href":"https:\/\/100mirrors-inc.eu\/pl\/wp-json\/wp\/v2\/types\/page"}],"author":[{"embeddable":true,"href":"https:\/\/100mirrors-inc.eu\/pl\/wp-json\/wp\/v2\/users\/1"}],"replies":[{"embeddable":true,"href":"https:\/\/100mirrors-inc.eu\/pl\/wp-json\/wp\/v2\/comments?post=2411"}],"version-history":[{"count":10,"href":"https:\/\/100mirrors-inc.eu\/pl\/wp-json\/wp\/v2\/pages\/2411\/revisions"}],"predecessor-version":[{"id":2679,"href":"https:\/\/100mirrors-inc.eu\/pl\/wp-json\/wp\/v2\/pages\/2411\/revisions\/2679"}],"wp:featuredmedia":[{"embeddable":true,"href":"https:\/\/100mirrors-inc.eu\/pl\/wp-json\/wp\/v2\/media\/2543"}],"wp:attachment":[{"href":"https:\/\/100mirrors-inc.eu\/pl\/wp-json\/wp\/v2\/media?parent=2411"}],"wp:term":[{"taxonomy":"category","embeddable":true,"href":"https:\/\/100mirrors-inc.eu\/pl\/wp-json\/wp\/v2\/categories?post=2411"},{"taxonomy":"post_tag","embeddable":true,"href":"https:\/\/100mirrors-inc.eu\/pl\/wp-json\/wp\/v2\/tags?post=2411"}],"curies":[{"name":"wp","href":"https:\/\/api.w.org\/{rel}","templated":true}]}}