{"id":2422,"date":"2018-05-16T17:31:16","date_gmt":"2018-05-16T17:31:16","guid":{"rendered":"http:\/\/100mirrors-inc.eu\/?page_id=2422"},"modified":"2018-08-29T11:17:30","modified_gmt":"2018-08-29T11:17:30","slug":"malgorzata-tokarska-2","status":"publish","type":"page","link":"https:\/\/100mirrors-inc.eu\/pl\/malgorzata-tokarska-2\/","title":{"rendered":"Ma\u0142gorzata Tokarska"},"content":{"rendered":"<p><img loading=\"lazy\" decoding=\"async\" class=\"alignleft size-thumbnail wp-image-2544\" src=\"http:\/\/100mirrors-inc.eu\/wp-content\/uploads\/2018\/08\/Ma\u0142gorzata-Tokarska-New_Ziland_2013_-150x150.png\" alt=\"\" width=\"150\" height=\"150\" srcset=\"https:\/\/100mirrors-inc.eu\/wp-content\/uploads\/2018\/08\/Ma\u0142gorzata-Tokarska-New_Ziland_2013_-150x150.png 150w, https:\/\/100mirrors-inc.eu\/wp-content\/uploads\/2018\/08\/Ma\u0142gorzata-Tokarska-New_Ziland_2013_-24x24.png 24w, https:\/\/100mirrors-inc.eu\/wp-content\/uploads\/2018\/08\/Ma\u0142gorzata-Tokarska-New_Ziland_2013_-36x36.png 36w, https:\/\/100mirrors-inc.eu\/wp-content\/uploads\/2018\/08\/Ma\u0142gorzata-Tokarska-New_Ziland_2013_-48x48.png 48w, https:\/\/100mirrors-inc.eu\/wp-content\/uploads\/2018\/08\/Ma\u0142gorzata-Tokarska-New_Ziland_2013_.png 300w\" sizes=\"auto, (max-width: 150px) 100vw, 150px\" \/><div class=\"otw-sc-tabs ui-tabs ui-widget ui-widget-content ui-corner-all\"><ul class=\"ui-tabs-nav ui-helper-reset ui-helper-clearfix ui-widget-header ui-corner-all\"><li><span class=\"tab-title\">Ma\u0142gorzata Tokarska<\/span><\/li><li class=\"ui-state-default ui-corner-top\"><a href=\"#tabs-1\"><i class=\"general foundicon-smiley\"> <\/i>O MNIE<\/a><\/li><li class=\"ui-state-default ui-corner-top\"><a href=\"#tabs-2\"><i class=\"general foundicon-star\"> <\/i>MOJA HISTORIA <\/a><\/li><li class=\"ui-state-default ui-corner-top\"><a href=\"#tabs-3\"><i class=\"social foundicon-thumb-up\"> <\/i>MOJA MOTYWACJA<\/a><\/li><li class=\"ui-state-default ui-corner-top\"><a href=\"#tabs-4\"><i class=\"general foundicon-idea\"> <\/i>M\u00d3J POMYS\u0141<\/a><\/li><li class=\"ui-state-default ui-corner-top\"><a href=\"#tabs-5\"><i class=\"general foundicon-plus\"> <\/i>MOJE DO\u015aWIADCZENIE<\/a><\/li><li class=\"ui-state-default ui-corner-top\"><a href=\"#tabs-6\"><i class=\"general foundicon-tools\"> <\/i>MOJE UMIEJ\u0118TNO\u015aCI<\/a><\/li><li class=\"ui-state-default ui-corner-top\"><a href=\"#tabs-7\"><i class=\"general foundicon-star\"> <\/i>RADY I WSKAZ\u00d3WKI<\/a><\/li><\/ul><div id=\"tabs-1\" class=\"ui-tabs-panel ui-widget-content ui-corner-bottom\"><p><strong>imi\u0119 i nazwisko :<\/strong> Ma\u0142gorzata Tokarska<\/p><br \/>\n<p><strong>Kraj :<\/strong> Polska<\/p><br \/>\n<p><strong>Miasto :<\/strong> Warszawa<\/p><br \/>\n<p><strong>Narodowo\u015b\u0107 :<\/strong> Polskie<\/p><br \/>\n<p><strong>wykszta\u0142cenie :<\/strong> \u015arednie<\/p><br \/>\n<p><strong>Sektor :<\/strong> Us\u0142ugi i edukacja\/kultura i sport<\/p><br \/>\n<p><strong>Stanowisko w firmie i strona internetowa :<\/strong> w\u0142a\u015bcicielka firmy: Accessible Poland Tour \u2013 biuro podr\u00f3\u017cy dla os\u00f3b niepe\u0142nosprawnych i starszych.<\/p><br \/>\n<p><strong>Strona internetowa:<\/strong> http:\/\/www.accessibletour.pl\/pl\/<\/p><br \/>\n<p><strong>Blog:<\/strong> http:\/\/swiatwedlugkulawejblondynki.blogspot.com\/<\/p><\/div><div id=\"tabs-2\" class=\"ui-tabs-panel ui-widget-content ui-corner-bottom\"><p>Jestem osob\u0105 niepe\u0142nosprawn\u0105 od urodzenia, obecnie poruszam si\u0119 o kuli specjalnej, z podparciem \u0142okcia. <\/br> W 1975 r. uko\u0144czy\u0142am szko\u0142\u0119 podstaw\u0105. Nauk\u0119 kontynuowa\u0142am w Liceum Og\u00f3lnokszta\u0142c\u0105cym im. J. D\u0105browskiego - matura 1979 r.<\/br> W 1979 r. podj\u0119\u0142am studia w 2-letnim Pomaturalnym Studium Ekonomicznym - specjalno\u015b\u0107: dokumentacja i informacja naukowa, techniczna i ekonomiczna.<\/br> Dwa lata p\u00f3\u017aniej wyjecha\u0142am do W. Brytanii do College\u2019u, by uczy\u0107 si\u0119 j\u0119zyka angielskiego \u2013 by\u0142 to m\u00f3j pierwszy samodzielny wyjazd. Musia\u0142am jednak przerwa\u0107 nauk\u0119, by podda\u0107 si\u0119 operacji biodra. Wtedy zetkn\u0119\u0142am si\u0119 z brytyjskim \u015brodowiskiem os\u00f3b niepe\u0142nosprawnych. <\/br> Po powrocie do kraju w 1984 r. rozpocz\u0119\u0142am prac\u0119 lektora j\u0119zyka angielskiego w Sp\u00f3\u0142dzielni Pracy \u201eLingwista\u201d w Warszawie, jednym z nielicznych o\u015brodk\u00f3w nauczania j\u0119zyk\u00f3w w kraju. Uczy\u0142am dzieci i m\u0142odzie\u017c w szko\u0142ach i klubach. W mi\u0119dzyczasie wychowa\u0142am samotnie syna Piotra.<\/br> W 1991 r. podj\u0119\u0142am prac\u0119 w szkole podstawowej im. G. Narutowicza w Warszawie jako nauczyciel j\u0119zyka angielskiego. <\/br> W 1998 r. z uwagi na pogarszaj\u0105cy si\u0119 stan zdrowia przesz\u0142am na rent\u0119 inwalidzk\u0105 . Nadal jednak pozostaj\u0119 aktywna spo\u0142ecznie i zawodowo.<\/br> W latach 2000-2003 by\u0142am zwi\u0105zana m.in. z Fundacj\u0105 Pomocy Matematykom i Informatykom Niesprawnym Ruchowo, w 2007 r. - zatrudniona w FMiINR na umow\u0119 zlecenie jako lektor j\u0119zyka angielskiego. <\/br> Od 2009 r. realizuj\u0119 zawodowo pasj\u0119 swojego \u017cycia: za\u0142o\u017cy\u0142am wtedy i prowadz\u0119 do dzi\u015b pierwsze licencjonowane Internetowe Biuro Podr\u00f3\u017cy dla Os\u00f3b Niepe\u0142nosprawnych i Starszych Accessible Poland Tour. Dzi\u0119ki tej dzia\u0142alno\u015bci kilkaset os\u00f3b niepe\u0142nosprawnych w stopniu umiarkowanym i znacznym mia\u0142o mo\u017cliwo\u015b\u0107 wyjecha\u0107 na kilkudniowe wycieczki do wielu kraj\u00f3w europejskich. Od kilku lat przybli\u017cam Polsk\u0119 niepe\u0142nosprawnym z zagranicy. <\/br> Od 2012 r. jestem przedstawicielem organizacji ENAT\/Europejska Sie\u0107 w zakresie Dost\u0119pnej Turystyki ( The European Network for Accessible Tourism) na Polsk\u0119. Od 2012 r. posiadam licencj\u0119 pilota wycieczek.<\/br> W 2014 -2016 r. partner w mi\u0119dzynarodowym projekcie turystyczno-podr\u00f3\u017cniczy pod nazw\u0105 \u201eEurope without Barriers\u201d\/ Europa bez barier\/ oraz \u201eDesign, Implementation, Promotion and Marketing of Accessible Tourism Itineraries\u201d finansowany ze \u015brodk\u00f3w UE. <\/br> Jestem zapraszana jest jako ekspert na krajowe i mi\u0119dzynarodowe konferencje. Odwiedzi\u0142am ponad 55 kraj\u00f3w, m.in. Australi\u0119, Indie, Madagaskar, Tajlandi\u0119, Now\u0105 Zelandi\u0119, Japoni\u0119, a z bli\u017cszych kraje Europy Wschodniej i Zachodniej.<\/br> Czasem pisz\u0119 relacje z swoich podr\u00f3\u017cy. W \u201eIntegracji\u201d opublikowano dwa moje wspomnienia (z W\u0119gier i z Tajlandii). <\/br> Prowadz\u0119 bloga: \u015awiat wed\u0142ug kulawej blondynki:<\/br> http:\/\/swiatwedlugkulawejblondynki.blogspot.com\/<\/br><\/br> Jestem cz\u0119stym go\u015bciem medi\u00f3w: prasy, radia i telewizji. Opowiadam o swojej pasji zara\u017caj\u0105c ni\u0105 czytelnik\u00f3w, s\u0142uchaczy i widz\u00f3w.<\/p><\/div><div id=\"tabs-3\" class=\"ui-tabs-panel ui-widget-content ui-corner-bottom\"><p>Podr\u00f3\u017cowanie to moja pasja. W 2003 roku uda\u0142am si\u0119 prywatnie do Australii. Wyjazd organizowa\u0142am drog\u0105 internetow\u0105 korzystaj\u0105c z po\u015brednictwa Biura Podr\u00f3\u017cy Dla Os\u00f3b Niepe\u0142nosprawnych w Melbourne. Po przyje\u017adzie do Australii, kiedy dosz\u0142o do spotkania z przedstawicielem biura, okaza\u0142o si\u0119, \u017ce jest on bardziej \u201ekulawy\u201d ni\u017c ja. Wtedy sobie pomy\u015bla\u0142am: \u201ca mo\u017ce ja mog\u0142abym zacz\u0105\u0107 robi\u0107 to co kocham najbardziej i za\u0142o\u017cy\u0107 takie biuro w Polsce?\u201d Pokaza\u0107 niepe\u0142nosprawnym, \u017ce jak si\u0119 chce, da si\u0119 dotrze\u0107 wsz\u0119dzie. Biura tego typu istniej\u0105 na ca\u0142ym \u015bwiecie \u2013 osoby niepe\u0142nosprawne s\u0105 takimi samymi turystami jak osoby zdrowe, wymagaj\u0105 jedynie pewnych udogodnie\u0144 i logistyki w planowaniu dla nich wyjazdu. Od pomys\u0142u do realizacji musia\u0142o jednak up\u0142yn\u0105\u0107 kilka lat. Prowadzenie biura r\u00f3wnie\u017c ma dla mnie walory terapeutyczne \u2013 pozwalaj\u0105 mi nie my\u015ble\u0107 o chorobie. Praca daje mi \u201c power\u201d, nakr\u0119ca mnie pozytywnie, pozwala mi przezwyci\u0119\u017cy\u0107 chorob\u0119.<\/br><\/br> Szanse i zagro\u017cenia, kt\u00f3re mia\u0142y du\u017cy wp\u0142yw na Twoj\u0105 karier\u0119 lub firm\u0119<\/br><\/br> Szanse: By\u0142o to jedyne biuro podr\u00f3\u017cy prowadzone dla os\u00f3b niepe\u0142nosprawnych z naciskiem na osoby poruszaj\u0105ce si\u0119 na w\u00f3zku inwalidzkimi i osoby s\u0142abo chodz\u0105ce. B\u0119d\u0105c sama osob\u0105 niepe\u0142nosprawn\u0105 rozumiem potrzeby tej grupy os\u00f3b. Liczy\u0142am na du\u017ce zainteresowanie ze strony tej grupy os\u00f3b praz klient\u00f3w zagranicznych. Mo\u017cliwo\u015b\u0107 wykonywania pracy w domu oraz po\u0142\u0105czenia pracy z pasj\u0105 podr\u00f3\u017cowania.<\/br><\/br> Zagro\u017cenia: Du\u017ce koszty prowadzenia biura typu op\u0142aty ZUS oraz ma\u0142a ilo\u015b\u0107 organizowanych wycieczek w ci\u0105gu roku. Wi\u0119kszo\u015b\u0107 os\u00f3b niepe\u0142nosprawnych nie mo\u017ce pozwoli\u0107 sobie na wyjazdy krajowe i zagraniczne ze wzgl\u0119du na brak pracy lub niskie \u015bwiadczenia rentowe. Ponadto organizacje pozarz\u0105dowe typu fundacje lub stowarzyszenia nie s\u0105 ch\u0119tne do wsp\u00f3\u0142pracy z biurem, poniewa\u017c w wi\u0119kszo\u015bci wyjazdy organizuj\u0105 sami dla swoich podopiecznych. Wycieczki organizowane s\u0105 od kwietnia do pa\u017adziernika. Osoby niepe\u0142nosprawne niech\u0119tnie podr\u00f3\u017cuj\u0105 w okresie zimowym.<\/p><\/div><div id=\"tabs-4\" class=\"ui-tabs-panel ui-widget-content ui-corner-bottom\"><p>Prowadz\u0119 pierwsze licencjonowane Biuro Podr\u00f3\u017cy DLA OS\u00d3B NIEPE\u0141NOSPRAWNYCH I STARSZYCH w Polsce. Nie wynajmuj\u0119 lokalu \u2013 dzia\u0142alno\u015b\u0107 prowadz\u0119 droga internetow\u0105 w domu. Jest to firma jednoosobowa. Wszystkim zajmuj\u0119 si\u0119 sama.<\/p><\/div><div id=\"tabs-5\" class=\"ui-tabs-panel ui-widget-content ui-corner-bottom\"><p>Do wszystkiego dochodzi\u0142am sama metoda pr\u00f3b i b\u0142\u0119d\u00f3w. Na pocz\u0105tku moja znajomo\u015b\u0107 zagadnie\u0144 z turystyki by\u0142a z punktu widzenia osoby podr\u00f3\u017cuj\u0105cej. Zaj\u0119\u0142o mi kilka lat, aby zdoby\u0107 klient\u00f3w oraz ich zaufanie, tak, aby wracali na kolejne wyjazdy z biurem. Rodzina pocz\u0105tkowo r\u00f3wnie\u017c podchodzi\u0142a sceptycznie do mojej dzia\u0142alno\u015bci i nie wierzy\u0142a, \u017ce potrafi\u0119 sama prowadzi\u0107 takie przedsi\u0119wzi\u0119cie b\u0119d\u0105c sama osob\u0105 niepe\u0142nosprawn\u0105. Na pocz\u0105tku trudno by\u0142o przekona\u0107 samych niepe\u0142nosprawnych do podr\u00f3\u017cowania.<\/br> Co pomog\u0142o Ci najbardziej w drodze do miejsca w kt\u00f3rym jeste\u015b dzisiaj? Decyduj\u0105ce czynniki sukcesu. <\/br> Przede wszystkim wytrwa\u0142o\u015b\u0107 w tym co robi\u0119. Zawsze by\u0142am i jestem otwarta do ludzi. \u0141atwo nawi\u0105zuj\u0119 kontakty. Budz\u0119 zaufanie u innych os\u00f3b. Jestem wiarygodna w tym co robi\u0119. Nie tylko organizuje wycieczki, ale r\u00f3wnie\u017c je pilotuj\u0119. W ten spos\u00f3b klienci czuj\u0105 si\u0119 bardziej bezpieczni i ufaj\u0105 mi, \u017ce wszystko b\u0119dzie dobrze zorganizowane. Dzi\u0119ki znajomo\u015bci j\u0119zyka angielskiego zosta\u0142am zauwa\u017cana przez inne zagraniczne organizacje zajmuj\u0105ce si\u0119 turystyk\u0105 os\u00f3b niepe\u0142nosprawnych. Jestem zapraszana do projekt\u00f3w unijnych, uczestnicz\u0119 jako m\u00f3wca w mi\u0119dzynarodowych konferencjach.<\/br> Co da\u0142o Ci inspiracj\u0119 do Twojego projektu\/dzia\u0142ania\/biznesu? Prosimy opisa\u0107 przyk\u0142ady ?<\/br> Sama du\u017co podr\u00f3\u017cuj\u0119. By\u0142am w ponad 53 krajach w Europie i na \u015bwiecie. Podczas prywatnej wizyty w Australii w 2003 roku pozna\u0142am Ediego przedstawiciela biura podr\u00f3\u017cy dla Os\u00f3b Niepe\u0142nosprawnych, okaza\u0142o si\u0119, \u017ce jest on bardziej \u201ekulawy\u201d ni\u017c ja. Wtedy sobie pomy\u015bla\u0142am: \u201e je\u017celi on potrafi prowadzi\u0107 takie biuro to mo\u017ce ja mog\u0142abym podobn\u0105 dzia\u0142alno\u015b\u0107 rozpocz\u0105\u0107 w Polsce. Od pomys\u0142u do realizacji musia\u0142o jednak up\u0142yn\u0105\u0107 kilka lat.<\/p><\/div><div id=\"tabs-6\" class=\"ui-tabs-panel ui-widget-content ui-corner-bottom\"><p>zarz\u0105dzanie grup\u0105, prowadzenie prac biurowych, znajomo\u015b\u0107 Worda i Excel, pisanie artyku\u0142\u00f3w, znajomo\u015b\u0107 j\u0119zyka angielskiego, wytrwa\u0142a w celu, odpowiedzialna, stanowcza, kontaktowa, oszcz\u0119dna.<\/br> Potrafi\u0119 wyszuka\u0107 szybko oferty, hotele i inne us\u0142ugi, kt\u00f3re sk\u0142adaj\u0105 si\u0119 na imprez\u0119 turystyczn\u0105. Dzi\u0119ki temu, \u017ce znam potrzeby os\u00f3b z r\u00f3\u017cn\u0105 niepe\u0142nosprawno\u015bci\u0105 potrafi\u0119 wybra\u0107 w\u0142a\u015bciwy hotel i serwis. Wiem na co zwraca\u0107 uwag\u0119 i czego wymaga\u0107 przy rezerwacjach. Dzi\u0119ki uko\u0144czeniu kursu dla pilota wycieczek mog\u0119 sama pilotowa\u0107 grupy. Jest to wa\u017cne poniewa\u017c wyjazdy s\u0105 wtedy ta\u0144sze dla tej grupy. Zajmuj\u0119 si\u0119 r\u00f3wnie\u017c sama prac\u0105 w biurze, kontaktuj\u0119 si\u0119 z klientami i innymi us\u0142ugami, pisz\u0119 programy wycieczek, wystawiam faktury. Znaj\u0105c j\u0119zyk angielski potrafi\u0119 porozumie\u0107 prawie wsz\u0119dzie.<\/p><\/div><div id=\"tabs-7\" class=\"ui-tabs-panel ui-widget-content ui-corner-bottom\"><p>D\u0105\u017cenie do cel\u00f3w metoda ma\u0142ych krok\u00f3w, zanim rozpocznie si\u0119 dzia\u0142alno\u015b\u0107 zbadanie rynku oraz stworzenie biznes planu oraz bycie konsekwentnym w jego realizacji, dobra organizacja, nie za\u0142amywanie si\u0119 \u2013 pocz\u0105tki zawsze bywaj\u0105 trudne. Robienie rzeczy, kt\u00f3re r\u00f3wnie\u017c stan\u0105 si\u0119 pasj\u0105, a nie tylko prac\u0105 zarobkow\u0105. Szukanie rozwi\u0105za\u0144, kt\u00f3re pozwoli\u0142y zmniejszy\u0107 koszty prowadzenia biura, korzystanie z r\u00f3\u017cnych form szkole\u0144, rozw\u00f3j osobisty, nawi\u0105zywanie kontakt\u00f3w, reklama Co my\u015blisz o przedsi\u0119biorczo\u015bci w og\u00f3le? <\/br> Ka\u017cdy pomys\u0142, biznes zaczyna si\u0119 w naszym g\u0142owach. Pocz\u0105tkowo my\u015blimy, \u017ce nasz pomys\u0142 nam si\u0119 nie uda i napotkamy na r\u00f3\u017cne bariery: brak finans\u00f3w, du\u017ce koszty, nasi najbli\u017csi nam b\u0119d\u0105 nam odradzali. Dop\u00f3ki nie spr\u00f3bujemy nie b\u0119dziemy wiedzieli czym naprawd\u0119 przedsi\u0119biorczo\u015b\u0107 jest. W Polskich realiach niestety s\u0105 du\u017ce koszty zwi\u0105zane z op\u0142atami ZUS, kt\u00f3re najcz\u0119\u015bciej zniech\u0119caj\u0105 osoby niepe\u0142nosprawne do za\u0142o\u017cenia w\u0142asnej dzia\u0142alno\u015bci. Pomoc Pa\u0144stwa jest naprawd\u0119 znikoma.<\/br><\/br> Warto\u015bci do osi\u0105gni\u0119cia:<\/br> Wypracowanie zdolno\u015bci do adaptacji i akceptowania zmian, zdobycie dalszej pozycji i zaufania u nowych klient\u00f3w, wi\u0119ksza liczba klient\u00f3w korzystaj\u0105cych z us\u0142ug biura. Posiadanie transportu dostosowanego dla 20-25 os\u00f3b \u2013 dzi\u0119ki takiemu pojazdowi mog\u0142abym r\u00f3wnie\u017c organizowa\u0107 wycieczki w kraju. Chcia\u0142abym, aby wyjazdy dla os\u00f3b niepe\u0142nosprawnych by\u0142y dofinasowane tak jak turnusy rehabilitacyjne. R\u00f3wnie\u017c, aby osoby zdrowe nie ba\u0142y si\u0119 podr\u00f3\u017cowa\u0107 z osobami niepe\u0142nosprawnymi.<\/br><\/br> S\u0142abo\u015bci do przezwyci\u0119\u017cenia: <\/br> Nie zniech\u0119canie si\u0119 przy pocz\u0105tkowych niepowodzeniach. Systematyczno\u015b\u0107 w pracach biurowych. <\/br><\/br> Czy masz do\u015bwiadczenie w mentoringu, coaching i\/lub job shadowing? Je\u015bli tak, prosimy o opisanie swojego do\u015bwiadczenia. NIE<\/p><\/div><\/div><\/p>","protected":false},"excerpt":{"rendered":"","protected":false},"author":1,"featured_media":2544,"parent":0,"menu_order":0,"comment_status":"closed","ping_status":"closed","template":"","meta":{"footnotes":""},"categories":[4,6],"tags":[],"class_list":["post-2422","page","type-page","status-publish","has-post-thumbnail","hentry","category-country","category-poland"],"_links":{"self":[{"href":"https:\/\/100mirrors-inc.eu\/pl\/wp-json\/wp\/v2\/pages\/2422","targetHints":{"allow":["GET"]}}],"collection":[{"href":"https:\/\/100mirrors-inc.eu\/pl\/wp-json\/wp\/v2\/pages"}],"about":[{"href":"https:\/\/100mirrors-inc.eu\/pl\/wp-json\/wp\/v2\/types\/page"}],"author":[{"embeddable":true,"href":"https:\/\/100mirrors-inc.eu\/pl\/wp-json\/wp\/v2\/users\/1"}],"replies":[{"embeddable":true,"href":"https:\/\/100mirrors-inc.eu\/pl\/wp-json\/wp\/v2\/comments?post=2422"}],"version-history":[{"count":8,"href":"https:\/\/100mirrors-inc.eu\/pl\/wp-json\/wp\/v2\/pages\/2422\/revisions"}],"predecessor-version":[{"id":2678,"href":"https:\/\/100mirrors-inc.eu\/pl\/wp-json\/wp\/v2\/pages\/2422\/revisions\/2678"}],"wp:featuredmedia":[{"embeddable":true,"href":"https:\/\/100mirrors-inc.eu\/pl\/wp-json\/wp\/v2\/media\/2544"}],"wp:attachment":[{"href":"https:\/\/100mirrors-inc.eu\/pl\/wp-json\/wp\/v2\/media?parent=2422"}],"wp:term":[{"taxonomy":"category","embeddable":true,"href":"https:\/\/100mirrors-inc.eu\/pl\/wp-json\/wp\/v2\/categories?post=2422"},{"taxonomy":"post_tag","embeddable":true,"href":"https:\/\/100mirrors-inc.eu\/pl\/wp-json\/wp\/v2\/tags?post=2422"}],"curies":[{"name":"wp","href":"https:\/\/api.w.org\/{rel}","templated":true}]}}