{"id":2575,"date":"2018-08-09T11:01:54","date_gmt":"2018-08-09T11:01:54","guid":{"rendered":"http:\/\/100mirrors-inc.eu\/?page_id=2575"},"modified":"2018-08-29T11:16:44","modified_gmt":"2018-08-29T11:16:44","slug":"helena-buszta","status":"publish","type":"page","link":"https:\/\/100mirrors-inc.eu\/pl\/helena-buszta\/","title":{"rendered":"Helena Buszta"},"content":{"rendered":"<p><img loading=\"lazy\" decoding=\"async\" class=\"alignleft size-thumbnail wp-image-2576\" src=\"http:\/\/100mirrors-inc.eu\/wp-content\/uploads\/2018\/08\/Helena-Buszta_-150x150.png\" alt=\"\" width=\"150\" height=\"150\" srcset=\"https:\/\/100mirrors-inc.eu\/wp-content\/uploads\/2018\/08\/Helena-Buszta_-150x150.png 150w, https:\/\/100mirrors-inc.eu\/wp-content\/uploads\/2018\/08\/Helena-Buszta_-24x24.png 24w, https:\/\/100mirrors-inc.eu\/wp-content\/uploads\/2018\/08\/Helena-Buszta_-36x36.png 36w, https:\/\/100mirrors-inc.eu\/wp-content\/uploads\/2018\/08\/Helena-Buszta_-48x48.png 48w, https:\/\/100mirrors-inc.eu\/wp-content\/uploads\/2018\/08\/Helena-Buszta_.png 300w\" sizes=\"auto, (max-width: 150px) 100vw, 150px\" \/><div class=\"otw-sc-tabs ui-tabs ui-widget ui-widget-content ui-corner-all\"><ul class=\"ui-tabs-nav ui-helper-reset ui-helper-clearfix ui-widget-header ui-corner-all\"><li><span class=\"tab-title\">Helena Buszta<\/span><\/li><li class=\"ui-state-default ui-corner-top\"><a href=\"#tabs-1\"><i class=\"general foundicon-smiley\"> <\/i>O MNIE<\/a><\/li><li class=\"ui-state-default ui-corner-top\"><a href=\"#tabs-2\"><i class=\"general foundicon-star\"> <\/i>MOJA HISTORIA <\/a><\/li><li class=\"ui-state-default ui-corner-top\"><a href=\"#tabs-3\"><i class=\"social foundicon-thumb-up\"> <\/i>MOJA MOTYWACJA<\/a><\/li><li class=\"ui-state-default ui-corner-top\"><a href=\"#tabs-4\"><i class=\"general foundicon-idea\"> <\/i>M\u00d3J POMYS\u0141<\/a><\/li><li class=\"ui-state-default ui-corner-top\"><a href=\"#tabs-5\"><i class=\"general foundicon-plus\"> <\/i>MOJE DO\u015aWIADCZENIE<\/a><\/li><li class=\"ui-state-default ui-corner-top\"><a href=\"#tabs-6\"><i class=\"general foundicon-tools\"> <\/i>MOJE UMIEJ\u0118TNO\u015aCI<\/a><\/li><li class=\"ui-state-default ui-corner-top\"><a href=\"#tabs-7\"><i class=\"general foundicon-star\"> <\/i>RADY I WSKAZ\u00d3WKI<\/a><\/li><\/ul><div id=\"tabs-1\" class=\"ui-tabs-panel ui-widget-content ui-corner-bottom\"><p><strong>imi\u0119 i nazwisko:<\/strong> Helena Buszta<br \/><br \/>\n<strong>Kraj:<\/strong> Polska<br \/><br \/>\n<strong>Miasto:<\/strong> \u0141a\u0144cut<br \/><br \/>\n<strong>Narodowo\u015b\u0107:<\/strong> Polskie<br \/><br \/>\n<strong>wykszta\u0142cenie:<\/strong> \u015arednie<br \/><br \/>\n<strong>Sektor:<\/strong> Us\u0142ugi<br \/><br \/>\n<strong>Stanowisko w firmie i strona internetowa:<\/strong> Sprzedawca w sklepie<\/p><\/div><div id=\"tabs-2\" class=\"ui-tabs-panel ui-widget-content ui-corner-bottom\"><p>Uko\u0144czy\u0142am Technikum Rolnicze w 1983 roku i zajmowa\u0142am si\u0119 dzia\u0142alno\u015bci\u0105 rolnicz\u0105 przez wiele lat.<\/p><\/div><div id=\"tabs-3\" class=\"ui-tabs-panel ui-widget-content ui-corner-bottom\"><p>Po tym jak zosta\u0142am osob\u0105 z niepe\u0142nosprawno\u015bciami, uko\u0144czy\u0142am kurs gastronomiczny, poniewa\u017c praca na roli nie jest ju\u017c dla mnie mo\u017cliwa. Przez kilka lat pracowa\u0142am w Zak\u0142adzie Aktywno\u015bci Zawodowej, ucz\u0105c si\u0119 gotowania, obs\u0142ugi klienta, obs\u0142ugi hotelu. Firm\u0119, w kt\u00f3rej obecnie pracuj\u0119, za\u0142o\u017cy\u0142y\u015bmy z innymi kobietami niepe\u0142nosprawnymi w 2016 roku. <\/p><\/div><div id=\"tabs-4\" class=\"ui-tabs-panel ui-widget-content ui-corner-bottom\"><p>Przez rok w 1990 roku prowadzi\u0142\u0105m dzia\u0142alno\u015b\u0107 transportow\u0105, ale zrezygowa\u0142am, gdy\u017c ta praca by\u0142a dla mnie zbyt ci\u0119\u017cka. <\/p><\/div><div id=\"tabs-5\" class=\"ui-tabs-panel ui-widget-content ui-corner-bottom\"><p>Dzieki obecnej pracy jestem niezale\u017cna finansowo i dok\u0142adam si\u0119 do bud\u017cetu domowego. Bardzo odpowiada mi obecna praca, poniewa\u017c mam du\u017ce mo\u017cliwo\u015bci kontakt\u00f3w z lud\u017ami, dobrze si\u0119 rozumiemy z innymi pracownicami. <\/p><\/div><div id=\"tabs-6\" class=\"ui-tabs-panel ui-widget-content ui-corner-bottom\"><p>Potrafi\u0119 si\u0119 uczy\u0107 i wdra\u017ca\u0107 nowe informacje podczas pracy, znam i stosuj\u0119 wymagane techniki by wykona\u0107 dobrze swoja prace, S\u0142ucham i zwracam uwage na problemy innych ludzi, lubi\u0119 budowa\u0107 partnerstwa. Rozw\u00f3j osobisty poprzez prace jest dla mnie wa\u017cny. W przypadku spor\u00f3w szukam spokoju, umiem negocjowa\u0107, koordynuje i motywuj\u0119 moich pracownik\u00f3w. Lubi\u0119 pracowac w zespole, mie\u0107 cele i je osi\u0105ga\u0107. Nie waham sie prosi\u0107 o rady. jestem osob\u0105 pracowit\u0105,<\/p><\/div><div id=\"tabs-7\" class=\"ui-tabs-panel ui-widget-content ui-corner-bottom\"><p>Kobiety napotykaj\u0105 z ka\u017cdej strony problemy, ale nie nale\u017cy si\u0119 poddawa\u0107 tylko walczy\u0107 o swoje. A praca pomaga nam przezwyci\u0119\u017cy\u0107 choroby, z kt\u00f3rymi si\u0119borykamy.<\/p><\/div><\/div><\/p>","protected":false},"excerpt":{"rendered":"","protected":false},"author":1,"featured_media":2576,"parent":0,"menu_order":0,"comment_status":"closed","ping_status":"closed","template":"","meta":{"footnotes":""},"categories":[4,6],"tags":[],"class_list":["post-2575","page","type-page","status-publish","has-post-thumbnail","hentry","category-country","category-poland"],"_links":{"self":[{"href":"https:\/\/100mirrors-inc.eu\/pl\/wp-json\/wp\/v2\/pages\/2575","targetHints":{"allow":["GET"]}}],"collection":[{"href":"https:\/\/100mirrors-inc.eu\/pl\/wp-json\/wp\/v2\/pages"}],"about":[{"href":"https:\/\/100mirrors-inc.eu\/pl\/wp-json\/wp\/v2\/types\/page"}],"author":[{"embeddable":true,"href":"https:\/\/100mirrors-inc.eu\/pl\/wp-json\/wp\/v2\/users\/1"}],"replies":[{"embeddable":true,"href":"https:\/\/100mirrors-inc.eu\/pl\/wp-json\/wp\/v2\/comments?post=2575"}],"version-history":[{"count":4,"href":"https:\/\/100mirrors-inc.eu\/pl\/wp-json\/wp\/v2\/pages\/2575\/revisions"}],"predecessor-version":[{"id":2676,"href":"https:\/\/100mirrors-inc.eu\/pl\/wp-json\/wp\/v2\/pages\/2575\/revisions\/2676"}],"wp:featuredmedia":[{"embeddable":true,"href":"https:\/\/100mirrors-inc.eu\/pl\/wp-json\/wp\/v2\/media\/2576"}],"wp:attachment":[{"href":"https:\/\/100mirrors-inc.eu\/pl\/wp-json\/wp\/v2\/media?parent=2575"}],"wp:term":[{"taxonomy":"category","embeddable":true,"href":"https:\/\/100mirrors-inc.eu\/pl\/wp-json\/wp\/v2\/categories?post=2575"},{"taxonomy":"post_tag","embeddable":true,"href":"https:\/\/100mirrors-inc.eu\/pl\/wp-json\/wp\/v2\/tags?post=2575"}],"curies":[{"name":"wp","href":"https:\/\/api.w.org\/{rel}","templated":true}]}}